{"id":88,"date":"2026-02-24T07:25:13","date_gmt":"2026-02-24T06:25:13","guid":{"rendered":"https:\/\/hurtownia.okulary-hurt.pl\/sklep\/bez-kategorii\/kask-narciarski-dla-dzieci-crivit-s-m-48-51-cm-czarny\/"},"modified":"2026-02-24T07:37:47","modified_gmt":"2026-02-24T06:37:47","slug":"kask-narciarski-dla-dzieci-crivit-s-m-48-51-cm-czarny","status":"publish","type":"product","link":"https:\/\/okulary-hurt.pl\/en\/hurtownia\/narciarstwo\/kaski-narciarskie-dla-dzieci\/kask-narciarski-dla-dzieci-crivit-s-m-48-51-cm-czarny\/","title":{"rendered":"Kask narciarski dla dzieci Crivit S\/M 48-51 cm czarny"},"content":{"rendered":"<p><strong>Kask narciarski dla dzieci Crivit S\/M 48-51 cm czarny<\/strong> \u0142\u0105czy bezpiecze\u0144stwo z funkcjonalno\u015bci\u0105.<\/p>\n<p>Odpowiednio wyprofilowana konstrukcja dobrze le\u017cy na g\u0142owie dziecka, a zapi\u0119cie pozwala \u0142atwo dopasowa\u0107 kask. To model polecany zar\u00f3wno na nauk\u0119 jazdy, jak i dla dzieci, kt\u00f3re pewnie czuj\u0105 si\u0119 na stoku.<\/p>\n<p><strong>Dlaczego warto?<\/strong><br \/>\u2022 stabilne dopasowanie do g\u0142owy<br \/>\u2022 wygodna regulacja<br \/>\u2022 wysoki komfort u\u017cytkowania<br \/>\u2022 nowoczesny wygl\u0105d dla m\u0142odych narciarzy<\/p>","protected":false},"excerpt":{"rendered":"<p><strong>Kask narciarski dla dzieci Crivit S\/M 48-51 cm czarny<\/strong> \u2013 bezpieczny kask dla dzieci z wygodnym zapi\u0119ciem i mo\u017cliwo\u015bci\u0105 za\u0142o\u017cenia gogli.<\/p>","protected":false},"featured_media":87,"template":"","meta":[],"product_brand":[],"product_cat":[24,23],"product_tag":[],"class_list":{"0":"post-88","1":"product","2":"type-product","3":"status-publish","4":"has-post-thumbnail","6":"product_cat-kaski-narciarskie-dla-dzieci","7":"product_cat-narciarstwo","9":"first","10":"instock","11":"taxable","12":"shipping-taxable","13":"purchasable","14":"product-type-simple"},"yoast_head":"<!-- This site is optimized with the Yoast SEO plugin v27.3 - https:\/\/yoast.com\/product\/yoast-seo-wordpress\/ -->\n<title>Kask narciarski dla dzieci Crivit S\/M 48-51 cm czarny - Hurtownia okular\u00f3w<\/title>\n<meta name=\"robots\" content=\"index, follow, max-snippet:-1, max-image-preview:large, max-video-preview:-1\" \/>\n<link rel=\"canonical\" href=\"https:\/\/okulary-hurt.pl\/en\/hurtownia\/narciarstwo\/kaski-narciarskie-dla-dzieci\/kask-narciarski-dla-dzieci-crivit-s-m-48-51-cm-czarny\/\" \/>\n<meta property=\"og:locale\" content=\"en_US\" \/>\n<meta property=\"og:type\" content=\"article\" \/>\n<meta property=\"og:title\" content=\"Kask narciarski dla dzieci Crivit S\/M 48-51 cm czarny - Hurtownia okular\u00f3w\" \/>\n<meta property=\"og:description\" content=\"Kask narciarski dla dzieci Crivit S\/M 48-51 cm czarny \u2013 bezpieczny kask dla dzieci z wygodnym zapi\u0119ciem i mo\u017cliwo\u015bci\u0105 za\u0142o\u017cenia gogli.\" \/>\n<meta property=\"og:url\" content=\"https:\/\/okulary-hurt.pl\/en\/hurtownia\/narciarstwo\/kaski-narciarskie-dla-dzieci\/kask-narciarski-dla-dzieci-crivit-s-m-48-51-cm-czarny\/\" \/>\n<meta property=\"og:site_name\" content=\"Hurtownia okular\u00f3w\" \/>\n<meta property=\"article:publisher\" content=\"https:\/\/www.facebook.com\/HurtowniaMeridian\" \/>\n<meta property=\"article:modified_time\" content=\"2026-02-24T06:37:47+00:00\" \/>\n<meta property=\"og:image\" content=\"https:\/\/okulary-hurt.pl\/wp-content\/uploads\/2026\/02\/8c78da01dc4cf1bfa8f67aa8e928d758.jpg\" \/>\n\t<meta property=\"og:image:width\" content=\"1300\" \/>\n\t<meta property=\"og:image:height\" content=\"1100\" \/>\n\t<meta property=\"og:image:type\" content=\"image\/jpeg\" \/>\n<meta name=\"twitter:card\" content=\"summary_large_image\" \/>\n<script type=\"application\/ld+json\" class=\"yoast-schema-graph\">{\"@context\":\"https:\\\/\\\/schema.org\",\"@graph\":[{\"@type\":\"WebPage\",\"@id\":\"https:\\\/\\\/okulary-hurt.pl\\\/hurtownia\\\/narciarstwo\\\/kaski-narciarskie-dla-dzieci\\\/kask-narciarski-dla-dzieci-crivit-s-m-48-51-cm-czarny\\\/\",\"url\":\"https:\\\/\\\/okulary-hurt.pl\\\/hurtownia\\\/narciarstwo\\\/kaski-narciarskie-dla-dzieci\\\/kask-narciarski-dla-dzieci-crivit-s-m-48-51-cm-czarny\\\/\",\"name\":\"Kask narciarski dla dzieci Crivit S\\\/M 48-51 cm czarny - Hurtownia okular\u00f3w\",\"isPartOf\":{\"@id\":\"https:\\\/\\\/okulary-hurt.pl\\\/#website\"},\"primaryImageOfPage\":{\"@id\":\"https:\\\/\\\/okulary-hurt.pl\\\/hurtownia\\\/narciarstwo\\\/kaski-narciarskie-dla-dzieci\\\/kask-narciarski-dla-dzieci-crivit-s-m-48-51-cm-czarny\\\/#primaryimage\"},\"image\":{\"@id\":\"https:\\\/\\\/okulary-hurt.pl\\\/hurtownia\\\/narciarstwo\\\/kaski-narciarskie-dla-dzieci\\\/kask-narciarski-dla-dzieci-crivit-s-m-48-51-cm-czarny\\\/#primaryimage\"},\"thumbnailUrl\":\"https:\\\/\\\/okulary-hurt.pl\\\/wp-content\\\/uploads\\\/2026\\\/02\\\/8c78da01dc4cf1bfa8f67aa8e928d758.jpg\",\"datePublished\":\"2026-02-24T06:25:13+00:00\",\"dateModified\":\"2026-02-24T06:37:47+00:00\",\"breadcrumb\":{\"@id\":\"https:\\\/\\\/okulary-hurt.pl\\\/hurtownia\\\/narciarstwo\\\/kaski-narciarskie-dla-dzieci\\\/kask-narciarski-dla-dzieci-crivit-s-m-48-51-cm-czarny\\\/#breadcrumb\"},\"inLanguage\":\"en-US\",\"potentialAction\":[{\"@type\":\"ReadAction\",\"target\":[\"https:\\\/\\\/okulary-hurt.pl\\\/hurtownia\\\/narciarstwo\\\/kaski-narciarskie-dla-dzieci\\\/kask-narciarski-dla-dzieci-crivit-s-m-48-51-cm-czarny\\\/\"]}]},{\"@type\":\"ImageObject\",\"inLanguage\":\"en-US\",\"@id\":\"https:\\\/\\\/okulary-hurt.pl\\\/hurtownia\\\/narciarstwo\\\/kaski-narciarskie-dla-dzieci\\\/kask-narciarski-dla-dzieci-crivit-s-m-48-51-cm-czarny\\\/#primaryimage\",\"url\":\"https:\\\/\\\/okulary-hurt.pl\\\/wp-content\\\/uploads\\\/2026\\\/02\\\/8c78da01dc4cf1bfa8f67aa8e928d758.jpg\",\"contentUrl\":\"https:\\\/\\\/okulary-hurt.pl\\\/wp-content\\\/uploads\\\/2026\\\/02\\\/8c78da01dc4cf1bfa8f67aa8e928d758.jpg\",\"width\":1300,\"height\":1100},{\"@type\":\"BreadcrumbList\",\"@id\":\"https:\\\/\\\/okulary-hurt.pl\\\/hurtownia\\\/narciarstwo\\\/kaski-narciarskie-dla-dzieci\\\/kask-narciarski-dla-dzieci-crivit-s-m-48-51-cm-czarny\\\/#breadcrumb\",\"itemListElement\":[{\"@type\":\"ListItem\",\"position\":1,\"name\":\"Strona g\u0142\u00f3wna\",\"item\":\"https:\\\/\\\/okulary-hurt.pl\\\/\"},{\"@type\":\"ListItem\",\"position\":2,\"name\":\"Hurtownia\",\"item\":\"https:\\\/\\\/okulary-hurt.pl\\\/hurtownia\\\/\"},{\"@type\":\"ListItem\",\"position\":3,\"name\":\"Kask narciarski dla dzieci Crivit S\\\/M 48-51 cm czarny\"}]},{\"@type\":\"WebSite\",\"@id\":\"https:\\\/\\\/okulary-hurt.pl\\\/#website\",\"url\":\"https:\\\/\\\/okulary-hurt.pl\\\/\",\"name\":\"Hurtownia okular\u00f3w przeciws\u0142onecznych\",\"description\":\"Okulary przeciws\u0142oneczne najmodniejsze\",\"publisher\":{\"@id\":\"https:\\\/\\\/okulary-hurt.pl\\\/#organization\"},\"alternateName\":\"Hurtownia okular\u00f3w Rzesz\u00f3w\",\"potentialAction\":[{\"@type\":\"SearchAction\",\"target\":{\"@type\":\"EntryPoint\",\"urlTemplate\":\"https:\\\/\\\/okulary-hurt.pl\\\/?s={search_term_string}\"},\"query-input\":{\"@type\":\"PropertyValueSpecification\",\"valueRequired\":true,\"valueName\":\"search_term_string\"}}],\"inLanguage\":\"en-US\"},{\"@type\":\"Organization\",\"@id\":\"https:\\\/\\\/okulary-hurt.pl\\\/#organization\",\"name\":\"Hurtownia okular\u00f3w Meridian Jerzy Myszkal\",\"alternateName\":\"Meridian Jerzy Myszkal\",\"url\":\"https:\\\/\\\/okulary-hurt.pl\\\/\",\"logo\":{\"@type\":\"ImageObject\",\"inLanguage\":\"en-US\",\"@id\":\"https:\\\/\\\/okulary-hurt.pl\\\/#\\\/schema\\\/logo\\\/image\\\/\",\"url\":\"https:\\\/\\\/okulary-hurt.pl\\\/wp-content\\\/uploads\\\/2026\\\/02\\\/cropped-okulary-hurt-hurtownia-okularow-przeciwslonecznych-1.png\",\"contentUrl\":\"https:\\\/\\\/okulary-hurt.pl\\\/wp-content\\\/uploads\\\/2026\\\/02\\\/cropped-okulary-hurt-hurtownia-okularow-przeciwslonecznych-1.png\",\"width\":512,\"height\":512,\"caption\":\"Hurtownia okular\u00f3w Meridian Jerzy Myszkal\"},\"image\":{\"@id\":\"https:\\\/\\\/okulary-hurt.pl\\\/#\\\/schema\\\/logo\\\/image\\\/\"},\"sameAs\":[\"https:\\\/\\\/www.facebook.com\\\/HurtowniaMeridian\"]}]}<\/script>\n<!-- \/ Yoast SEO plugin. -->","yoast_head_json":{"title":"Kask narciarski dla dzieci Crivit S\/M 48-51 cm czarny - Hurtownia okular\u00f3w","robots":{"index":"index","follow":"follow","max-snippet":"max-snippet:-1","max-image-preview":"max-image-preview:large","max-video-preview":"max-video-preview:-1"},"canonical":"https:\/\/okulary-hurt.pl\/en\/hurtownia\/narciarstwo\/kaski-narciarskie-dla-dzieci\/kask-narciarski-dla-dzieci-crivit-s-m-48-51-cm-czarny\/","og_locale":"en_US","og_type":"article","og_title":"Kask narciarski dla dzieci Crivit S\/M 48-51 cm czarny - Hurtownia okular\u00f3w","og_description":"Kask narciarski dla dzieci Crivit S\/M 48-51 cm czarny \u2013 bezpieczny kask dla dzieci z wygodnym zapi\u0119ciem i mo\u017cliwo\u015bci\u0105 za\u0142o\u017cenia gogli.","og_url":"https:\/\/okulary-hurt.pl\/en\/hurtownia\/narciarstwo\/kaski-narciarskie-dla-dzieci\/kask-narciarski-dla-dzieci-crivit-s-m-48-51-cm-czarny\/","og_site_name":"Hurtownia okular\u00f3w","article_publisher":"https:\/\/www.facebook.com\/HurtowniaMeridian","article_modified_time":"2026-02-24T06:37:47+00:00","og_image":[{"width":1300,"height":1100,"url":"https:\/\/okulary-hurt.pl\/wp-content\/uploads\/2026\/02\/8c78da01dc4cf1bfa8f67aa8e928d758.jpg","type":"image\/jpeg"}],"twitter_card":"summary_large_image","schema":{"@context":"https:\/\/schema.org","@graph":[{"@type":"WebPage","@id":"https:\/\/okulary-hurt.pl\/hurtownia\/narciarstwo\/kaski-narciarskie-dla-dzieci\/kask-narciarski-dla-dzieci-crivit-s-m-48-51-cm-czarny\/","url":"https:\/\/okulary-hurt.pl\/hurtownia\/narciarstwo\/kaski-narciarskie-dla-dzieci\/kask-narciarski-dla-dzieci-crivit-s-m-48-51-cm-czarny\/","name":"Kask narciarski dla dzieci Crivit S\/M 48-51 cm czarny - Hurtownia okular\u00f3w","isPartOf":{"@id":"https:\/\/okulary-hurt.pl\/#website"},"primaryImageOfPage":{"@id":"https:\/\/okulary-hurt.pl\/hurtownia\/narciarstwo\/kaski-narciarskie-dla-dzieci\/kask-narciarski-dla-dzieci-crivit-s-m-48-51-cm-czarny\/#primaryimage"},"image":{"@id":"https:\/\/okulary-hurt.pl\/hurtownia\/narciarstwo\/kaski-narciarskie-dla-dzieci\/kask-narciarski-dla-dzieci-crivit-s-m-48-51-cm-czarny\/#primaryimage"},"thumbnailUrl":"https:\/\/okulary-hurt.pl\/wp-content\/uploads\/2026\/02\/8c78da01dc4cf1bfa8f67aa8e928d758.jpg","datePublished":"2026-02-24T06:25:13+00:00","dateModified":"2026-02-24T06:37:47+00:00","breadcrumb":{"@id":"https:\/\/okulary-hurt.pl\/hurtownia\/narciarstwo\/kaski-narciarskie-dla-dzieci\/kask-narciarski-dla-dzieci-crivit-s-m-48-51-cm-czarny\/#breadcrumb"},"inLanguage":"en-US","potentialAction":[{"@type":"ReadAction","target":["https:\/\/okulary-hurt.pl\/hurtownia\/narciarstwo\/kaski-narciarskie-dla-dzieci\/kask-narciarski-dla-dzieci-crivit-s-m-48-51-cm-czarny\/"]}]},{"@type":"ImageObject","inLanguage":"en-US","@id":"https:\/\/okulary-hurt.pl\/hurtownia\/narciarstwo\/kaski-narciarskie-dla-dzieci\/kask-narciarski-dla-dzieci-crivit-s-m-48-51-cm-czarny\/#primaryimage","url":"https:\/\/okulary-hurt.pl\/wp-content\/uploads\/2026\/02\/8c78da01dc4cf1bfa8f67aa8e928d758.jpg","contentUrl":"https:\/\/okulary-hurt.pl\/wp-content\/uploads\/2026\/02\/8c78da01dc4cf1bfa8f67aa8e928d758.jpg","width":1300,"height":1100},{"@type":"BreadcrumbList","@id":"https:\/\/okulary-hurt.pl\/hurtownia\/narciarstwo\/kaski-narciarskie-dla-dzieci\/kask-narciarski-dla-dzieci-crivit-s-m-48-51-cm-czarny\/#breadcrumb","itemListElement":[{"@type":"ListItem","position":1,"name":"Strona g\u0142\u00f3wna","item":"https:\/\/okulary-hurt.pl\/"},{"@type":"ListItem","position":2,"name":"Hurtownia","item":"https:\/\/okulary-hurt.pl\/hurtownia\/"},{"@type":"ListItem","position":3,"name":"Kask narciarski dla dzieci Crivit S\/M 48-51 cm czarny"}]},{"@type":"WebSite","@id":"https:\/\/okulary-hurt.pl\/#website","url":"https:\/\/okulary-hurt.pl\/","name":"Hurtownia okular\u00f3w przeciws\u0142onecznych","description":"Okulary przeciws\u0142oneczne najmodniejsze","publisher":{"@id":"https:\/\/okulary-hurt.pl\/#organization"},"alternateName":"Hurtownia okular\u00f3w Rzesz\u00f3w","potentialAction":[{"@type":"SearchAction","target":{"@type":"EntryPoint","urlTemplate":"https:\/\/okulary-hurt.pl\/?s={search_term_string}"},"query-input":{"@type":"PropertyValueSpecification","valueRequired":true,"valueName":"search_term_string"}}],"inLanguage":"en-US"},{"@type":"Organization","@id":"https:\/\/okulary-hurt.pl\/#organization","name":"Hurtownia okular\u00f3w Meridian Jerzy Myszkal","alternateName":"Meridian Jerzy Myszkal","url":"https:\/\/okulary-hurt.pl\/","logo":{"@type":"ImageObject","inLanguage":"en-US","@id":"https:\/\/okulary-hurt.pl\/#\/schema\/logo\/image\/","url":"https:\/\/okulary-hurt.pl\/wp-content\/uploads\/2026\/02\/cropped-okulary-hurt-hurtownia-okularow-przeciwslonecznych-1.png","contentUrl":"https:\/\/okulary-hurt.pl\/wp-content\/uploads\/2026\/02\/cropped-okulary-hurt-hurtownia-okularow-przeciwslonecznych-1.png","width":512,"height":512,"caption":"Hurtownia okular\u00f3w Meridian Jerzy Myszkal"},"image":{"@id":"https:\/\/okulary-hurt.pl\/#\/schema\/logo\/image\/"},"sameAs":["https:\/\/www.facebook.com\/HurtowniaMeridian"]}]}},"_links":{"self":[{"href":"https:\/\/okulary-hurt.pl\/en\/wp-json\/wp\/v2\/product\/88","targetHints":{"allow":["GET"]}}],"collection":[{"href":"https:\/\/okulary-hurt.pl\/en\/wp-json\/wp\/v2\/product"}],"about":[{"href":"https:\/\/okulary-hurt.pl\/en\/wp-json\/wp\/v2\/types\/product"}],"wp:featuredmedia":[{"embeddable":true,"href":"https:\/\/okulary-hurt.pl\/en\/wp-json\/wp\/v2\/media\/87"}],"wp:attachment":[{"href":"https:\/\/okulary-hurt.pl\/en\/wp-json\/wp\/v2\/media?parent=88"}],"wp:term":[{"taxonomy":"product_brand","embeddable":true,"href":"https:\/\/okulary-hurt.pl\/en\/wp-json\/wp\/v2\/product_brand?post=88"},{"taxonomy":"product_cat","embeddable":true,"href":"https:\/\/okulary-hurt.pl\/en\/wp-json\/wp\/v2\/product_cat?post=88"},{"taxonomy":"product_tag","embeddable":true,"href":"https:\/\/okulary-hurt.pl\/en\/wp-json\/wp\/v2\/product_tag?post=88"}],"curies":[{"name":"wp","href":"https:\/\/api.w.org\/{rel}","templated":true}]}}