{"id":687,"date":"2026-02-24T14:31:15","date_gmt":"2026-02-24T13:31:15","guid":{"rendered":"https:\/\/hurtownia.okulary-hurt.pl\/sklep\/bez-kategorii\/okulary-przeciwsloneczne-kids-okulary-dla-dzieci-k-117r\/"},"modified":"2026-03-10T09:23:31","modified_gmt":"2026-03-10T08:23:31","slug":"okulary-przeciwsloneczne-kids-okulary-dla-dzieci-k-117r","status":"publish","type":"product","link":"https:\/\/okulary-hurt.pl\/en\/hurtownia\/okulary-dla-dzieci\/kids-okulary-dla-dzieci\/okulary-przeciwsloneczne-kids-okulary-dla-dzieci-k-117r\/","title":{"rendered":"Okulary przeciws\u0142oneczne Kids &#8211; okulary dla dzieci K-117R"},"content":{"rendered":"<p><strong>Okulary przeciws\u0142oneczne Kids &#8211; okulary dla dzieci K-117R<\/strong> to bezpieczne i efektowne okulary dzieci\u0119ce na s\u0142oneczne dni.<\/p>\n<p>Radosne wzornictwo oraz intensywne kolory przyci\u0105gaj\u0105 uwag\u0119 i sprawiaj\u0105, \u017ce modele przypominaj\u0105 miniaturowe wersje najpopularniejszych okular\u00f3w dla doros\u0142ych.<\/p>\n<p>\u015awietnie sprawdz\u0105 si\u0119 na rowerze, hulajnodze oraz podczas zabaw na \u015bwie\u017cym powietrzu.<\/p>\n<p>Filtr UV400 blokuj\u0105cy wszystkie zakresy promieniowania ultrafioletowego (UVA, UVB, UVC) zapewnia 100% ochron\u0119, a zgodno\u015b\u0107 z normami CE potwierdza wysok\u0105 jako\u015b\u0107 wykonania.<\/p>","protected":false},"excerpt":{"rendered":"<p><strong>Okulary przeciws\u0142oneczne Kids &#8211; okulary dla dzieci K-117R<\/strong> to bezpieczne i modne okulary dzieci\u0119ce zgodne z norm\u0105 CE.<\/p>","protected":false},"featured_media":686,"template":"","meta":[],"product_brand":[],"product_cat":[31,30],"product_tag":[104],"class_list":{"0":"post-687","1":"product","2":"type-product","3":"status-publish","4":"has-post-thumbnail","6":"product_cat-kids-okulary-dla-dzieci","7":"product_cat-okulary-dla-dzieci","8":"product_tag-produkty-w-cenie-3-99","10":"first","11":"instock","12":"taxable","13":"shipping-taxable","14":"purchasable","15":"product-type-simple"},"yoast_head":"<!-- This site is optimized with the Yoast SEO plugin v27.3 - https:\/\/yoast.com\/product\/yoast-seo-wordpress\/ -->\n<title>Okulary przeciws\u0142oneczne Kids - okulary dla dzieci K-117R - Hurtownia okular\u00f3w<\/title>\n<meta name=\"robots\" content=\"index, follow, max-snippet:-1, max-image-preview:large, max-video-preview:-1\" \/>\n<link rel=\"canonical\" href=\"https:\/\/okulary-hurt.pl\/en\/hurtownia\/okulary-dla-dzieci\/kids-okulary-dla-dzieci\/okulary-przeciwsloneczne-kids-okulary-dla-dzieci-k-117r\/\" \/>\n<meta property=\"og:locale\" content=\"en_US\" \/>\n<meta property=\"og:type\" content=\"article\" \/>\n<meta property=\"og:title\" content=\"Okulary przeciws\u0142oneczne Kids - okulary dla dzieci K-117R - Hurtownia okular\u00f3w\" \/>\n<meta property=\"og:description\" content=\"Okulary przeciws\u0142oneczne Kids - okulary dla dzieci K-117R to bezpieczne i modne okulary dzieci\u0119ce zgodne z norm\u0105 CE.\" \/>\n<meta property=\"og:url\" content=\"https:\/\/okulary-hurt.pl\/en\/hurtownia\/okulary-dla-dzieci\/kids-okulary-dla-dzieci\/okulary-przeciwsloneczne-kids-okulary-dla-dzieci-k-117r\/\" \/>\n<meta property=\"og:site_name\" content=\"Hurtownia okular\u00f3w\" \/>\n<meta property=\"article:publisher\" content=\"https:\/\/www.facebook.com\/HurtowniaMeridian\" \/>\n<meta property=\"article:modified_time\" content=\"2026-03-10T08:23:31+00:00\" \/>\n<meta property=\"og:image\" content=\"https:\/\/okulary-hurt.pl\/wp-content\/uploads\/2026\/02\/K-117R-08022020.jpg\" \/>\n\t<meta property=\"og:image:width\" content=\"2364\" \/>\n\t<meta property=\"og:image:height\" content=\"1461\" \/>\n\t<meta property=\"og:image:type\" content=\"image\/jpeg\" \/>\n<meta name=\"twitter:card\" content=\"summary_large_image\" \/>\n<script type=\"application\/ld+json\" class=\"yoast-schema-graph\">{\"@context\":\"https:\\\/\\\/schema.org\",\"@graph\":[{\"@type\":\"WebPage\",\"@id\":\"https:\\\/\\\/okulary-hurt.pl\\\/hurtownia\\\/okulary-dla-dzieci\\\/kids-okulary-dla-dzieci\\\/okulary-przeciwsloneczne-kids-okulary-dla-dzieci-k-117r\\\/\",\"url\":\"https:\\\/\\\/okulary-hurt.pl\\\/hurtownia\\\/okulary-dla-dzieci\\\/kids-okulary-dla-dzieci\\\/okulary-przeciwsloneczne-kids-okulary-dla-dzieci-k-117r\\\/\",\"name\":\"Okulary przeciws\u0142oneczne Kids - okulary dla dzieci K-117R - Hurtownia okular\u00f3w\",\"isPartOf\":{\"@id\":\"https:\\\/\\\/okulary-hurt.pl\\\/#website\"},\"primaryImageOfPage\":{\"@id\":\"https:\\\/\\\/okulary-hurt.pl\\\/hurtownia\\\/okulary-dla-dzieci\\\/kids-okulary-dla-dzieci\\\/okulary-przeciwsloneczne-kids-okulary-dla-dzieci-k-117r\\\/#primaryimage\"},\"image\":{\"@id\":\"https:\\\/\\\/okulary-hurt.pl\\\/hurtownia\\\/okulary-dla-dzieci\\\/kids-okulary-dla-dzieci\\\/okulary-przeciwsloneczne-kids-okulary-dla-dzieci-k-117r\\\/#primaryimage\"},\"thumbnailUrl\":\"https:\\\/\\\/okulary-hurt.pl\\\/wp-content\\\/uploads\\\/2026\\\/02\\\/K-117R-08022020.jpg\",\"datePublished\":\"2026-02-24T13:31:15+00:00\",\"dateModified\":\"2026-03-10T08:23:31+00:00\",\"breadcrumb\":{\"@id\":\"https:\\\/\\\/okulary-hurt.pl\\\/hurtownia\\\/okulary-dla-dzieci\\\/kids-okulary-dla-dzieci\\\/okulary-przeciwsloneczne-kids-okulary-dla-dzieci-k-117r\\\/#breadcrumb\"},\"inLanguage\":\"en-US\",\"potentialAction\":[{\"@type\":\"ReadAction\",\"target\":[\"https:\\\/\\\/okulary-hurt.pl\\\/hurtownia\\\/okulary-dla-dzieci\\\/kids-okulary-dla-dzieci\\\/okulary-przeciwsloneczne-kids-okulary-dla-dzieci-k-117r\\\/\"]}]},{\"@type\":\"ImageObject\",\"inLanguage\":\"en-US\",\"@id\":\"https:\\\/\\\/okulary-hurt.pl\\\/hurtownia\\\/okulary-dla-dzieci\\\/kids-okulary-dla-dzieci\\\/okulary-przeciwsloneczne-kids-okulary-dla-dzieci-k-117r\\\/#primaryimage\",\"url\":\"https:\\\/\\\/okulary-hurt.pl\\\/wp-content\\\/uploads\\\/2026\\\/02\\\/K-117R-08022020.jpg\",\"contentUrl\":\"https:\\\/\\\/okulary-hurt.pl\\\/wp-content\\\/uploads\\\/2026\\\/02\\\/K-117R-08022020.jpg\",\"width\":2364,\"height\":1461},{\"@type\":\"BreadcrumbList\",\"@id\":\"https:\\\/\\\/okulary-hurt.pl\\\/hurtownia\\\/okulary-dla-dzieci\\\/kids-okulary-dla-dzieci\\\/okulary-przeciwsloneczne-kids-okulary-dla-dzieci-k-117r\\\/#breadcrumb\",\"itemListElement\":[{\"@type\":\"ListItem\",\"position\":1,\"name\":\"Strona g\u0142\u00f3wna\",\"item\":\"https:\\\/\\\/okulary-hurt.pl\\\/\"},{\"@type\":\"ListItem\",\"position\":2,\"name\":\"Hurtownia\",\"item\":\"https:\\\/\\\/okulary-hurt.pl\\\/hurtownia\\\/\"},{\"@type\":\"ListItem\",\"position\":3,\"name\":\"Okulary przeciws\u0142oneczne Kids &#8211; okulary dla dzieci K-117R\"}]},{\"@type\":\"WebSite\",\"@id\":\"https:\\\/\\\/okulary-hurt.pl\\\/#website\",\"url\":\"https:\\\/\\\/okulary-hurt.pl\\\/\",\"name\":\"Hurtownia okular\u00f3w przeciws\u0142onecznych\",\"description\":\"Okulary przeciws\u0142oneczne najmodniejsze\",\"publisher\":{\"@id\":\"https:\\\/\\\/okulary-hurt.pl\\\/#organization\"},\"alternateName\":\"Hurtownia okular\u00f3w Rzesz\u00f3w\",\"potentialAction\":[{\"@type\":\"SearchAction\",\"target\":{\"@type\":\"EntryPoint\",\"urlTemplate\":\"https:\\\/\\\/okulary-hurt.pl\\\/?s={search_term_string}\"},\"query-input\":{\"@type\":\"PropertyValueSpecification\",\"valueRequired\":true,\"valueName\":\"search_term_string\"}}],\"inLanguage\":\"en-US\"},{\"@type\":\"Organization\",\"@id\":\"https:\\\/\\\/okulary-hurt.pl\\\/#organization\",\"name\":\"Hurtownia okular\u00f3w Meridian Jerzy Myszkal\",\"alternateName\":\"Meridian Jerzy Myszkal\",\"url\":\"https:\\\/\\\/okulary-hurt.pl\\\/\",\"logo\":{\"@type\":\"ImageObject\",\"inLanguage\":\"en-US\",\"@id\":\"https:\\\/\\\/okulary-hurt.pl\\\/#\\\/schema\\\/logo\\\/image\\\/\",\"url\":\"https:\\\/\\\/okulary-hurt.pl\\\/wp-content\\\/uploads\\\/2026\\\/02\\\/cropped-okulary-hurt-hurtownia-okularow-przeciwslonecznych-1.png\",\"contentUrl\":\"https:\\\/\\\/okulary-hurt.pl\\\/wp-content\\\/uploads\\\/2026\\\/02\\\/cropped-okulary-hurt-hurtownia-okularow-przeciwslonecznych-1.png\",\"width\":512,\"height\":512,\"caption\":\"Hurtownia okular\u00f3w Meridian Jerzy Myszkal\"},\"image\":{\"@id\":\"https:\\\/\\\/okulary-hurt.pl\\\/#\\\/schema\\\/logo\\\/image\\\/\"},\"sameAs\":[\"https:\\\/\\\/www.facebook.com\\\/HurtowniaMeridian\"]}]}<\/script>\n<!-- \/ Yoast SEO plugin. -->","yoast_head_json":{"title":"Okulary przeciws\u0142oneczne Kids - okulary dla dzieci K-117R - Hurtownia okular\u00f3w","robots":{"index":"index","follow":"follow","max-snippet":"max-snippet:-1","max-image-preview":"max-image-preview:large","max-video-preview":"max-video-preview:-1"},"canonical":"https:\/\/okulary-hurt.pl\/en\/hurtownia\/okulary-dla-dzieci\/kids-okulary-dla-dzieci\/okulary-przeciwsloneczne-kids-okulary-dla-dzieci-k-117r\/","og_locale":"en_US","og_type":"article","og_title":"Okulary przeciws\u0142oneczne Kids - okulary dla dzieci K-117R - Hurtownia okular\u00f3w","og_description":"Okulary przeciws\u0142oneczne Kids - okulary dla dzieci K-117R to bezpieczne i modne okulary dzieci\u0119ce zgodne z norm\u0105 CE.","og_url":"https:\/\/okulary-hurt.pl\/en\/hurtownia\/okulary-dla-dzieci\/kids-okulary-dla-dzieci\/okulary-przeciwsloneczne-kids-okulary-dla-dzieci-k-117r\/","og_site_name":"Hurtownia okular\u00f3w","article_publisher":"https:\/\/www.facebook.com\/HurtowniaMeridian","article_modified_time":"2026-03-10T08:23:31+00:00","og_image":[{"width":2364,"height":1461,"url":"https:\/\/okulary-hurt.pl\/wp-content\/uploads\/2026\/02\/K-117R-08022020.jpg","type":"image\/jpeg"}],"twitter_card":"summary_large_image","schema":{"@context":"https:\/\/schema.org","@graph":[{"@type":"WebPage","@id":"https:\/\/okulary-hurt.pl\/hurtownia\/okulary-dla-dzieci\/kids-okulary-dla-dzieci\/okulary-przeciwsloneczne-kids-okulary-dla-dzieci-k-117r\/","url":"https:\/\/okulary-hurt.pl\/hurtownia\/okulary-dla-dzieci\/kids-okulary-dla-dzieci\/okulary-przeciwsloneczne-kids-okulary-dla-dzieci-k-117r\/","name":"Okulary przeciws\u0142oneczne Kids - okulary dla dzieci K-117R - Hurtownia okular\u00f3w","isPartOf":{"@id":"https:\/\/okulary-hurt.pl\/#website"},"primaryImageOfPage":{"@id":"https:\/\/okulary-hurt.pl\/hurtownia\/okulary-dla-dzieci\/kids-okulary-dla-dzieci\/okulary-przeciwsloneczne-kids-okulary-dla-dzieci-k-117r\/#primaryimage"},"image":{"@id":"https:\/\/okulary-hurt.pl\/hurtownia\/okulary-dla-dzieci\/kids-okulary-dla-dzieci\/okulary-przeciwsloneczne-kids-okulary-dla-dzieci-k-117r\/#primaryimage"},"thumbnailUrl":"https:\/\/okulary-hurt.pl\/wp-content\/uploads\/2026\/02\/K-117R-08022020.jpg","datePublished":"2026-02-24T13:31:15+00:00","dateModified":"2026-03-10T08:23:31+00:00","breadcrumb":{"@id":"https:\/\/okulary-hurt.pl\/hurtownia\/okulary-dla-dzieci\/kids-okulary-dla-dzieci\/okulary-przeciwsloneczne-kids-okulary-dla-dzieci-k-117r\/#breadcrumb"},"inLanguage":"en-US","potentialAction":[{"@type":"ReadAction","target":["https:\/\/okulary-hurt.pl\/hurtownia\/okulary-dla-dzieci\/kids-okulary-dla-dzieci\/okulary-przeciwsloneczne-kids-okulary-dla-dzieci-k-117r\/"]}]},{"@type":"ImageObject","inLanguage":"en-US","@id":"https:\/\/okulary-hurt.pl\/hurtownia\/okulary-dla-dzieci\/kids-okulary-dla-dzieci\/okulary-przeciwsloneczne-kids-okulary-dla-dzieci-k-117r\/#primaryimage","url":"https:\/\/okulary-hurt.pl\/wp-content\/uploads\/2026\/02\/K-117R-08022020.jpg","contentUrl":"https:\/\/okulary-hurt.pl\/wp-content\/uploads\/2026\/02\/K-117R-08022020.jpg","width":2364,"height":1461},{"@type":"BreadcrumbList","@id":"https:\/\/okulary-hurt.pl\/hurtownia\/okulary-dla-dzieci\/kids-okulary-dla-dzieci\/okulary-przeciwsloneczne-kids-okulary-dla-dzieci-k-117r\/#breadcrumb","itemListElement":[{"@type":"ListItem","position":1,"name":"Strona g\u0142\u00f3wna","item":"https:\/\/okulary-hurt.pl\/"},{"@type":"ListItem","position":2,"name":"Hurtownia","item":"https:\/\/okulary-hurt.pl\/hurtownia\/"},{"@type":"ListItem","position":3,"name":"Okulary przeciws\u0142oneczne Kids &#8211; okulary dla dzieci K-117R"}]},{"@type":"WebSite","@id":"https:\/\/okulary-hurt.pl\/#website","url":"https:\/\/okulary-hurt.pl\/","name":"Hurtownia okular\u00f3w przeciws\u0142onecznych","description":"Okulary przeciws\u0142oneczne najmodniejsze","publisher":{"@id":"https:\/\/okulary-hurt.pl\/#organization"},"alternateName":"Hurtownia okular\u00f3w Rzesz\u00f3w","potentialAction":[{"@type":"SearchAction","target":{"@type":"EntryPoint","urlTemplate":"https:\/\/okulary-hurt.pl\/?s={search_term_string}"},"query-input":{"@type":"PropertyValueSpecification","valueRequired":true,"valueName":"search_term_string"}}],"inLanguage":"en-US"},{"@type":"Organization","@id":"https:\/\/okulary-hurt.pl\/#organization","name":"Hurtownia okular\u00f3w Meridian Jerzy Myszkal","alternateName":"Meridian Jerzy Myszkal","url":"https:\/\/okulary-hurt.pl\/","logo":{"@type":"ImageObject","inLanguage":"en-US","@id":"https:\/\/okulary-hurt.pl\/#\/schema\/logo\/image\/","url":"https:\/\/okulary-hurt.pl\/wp-content\/uploads\/2026\/02\/cropped-okulary-hurt-hurtownia-okularow-przeciwslonecznych-1.png","contentUrl":"https:\/\/okulary-hurt.pl\/wp-content\/uploads\/2026\/02\/cropped-okulary-hurt-hurtownia-okularow-przeciwslonecznych-1.png","width":512,"height":512,"caption":"Hurtownia okular\u00f3w Meridian Jerzy Myszkal"},"image":{"@id":"https:\/\/okulary-hurt.pl\/#\/schema\/logo\/image\/"},"sameAs":["https:\/\/www.facebook.com\/HurtowniaMeridian"]}]}},"_links":{"self":[{"href":"https:\/\/okulary-hurt.pl\/en\/wp-json\/wp\/v2\/product\/687","targetHints":{"allow":["GET"]}}],"collection":[{"href":"https:\/\/okulary-hurt.pl\/en\/wp-json\/wp\/v2\/product"}],"about":[{"href":"https:\/\/okulary-hurt.pl\/en\/wp-json\/wp\/v2\/types\/product"}],"wp:featuredmedia":[{"embeddable":true,"href":"https:\/\/okulary-hurt.pl\/en\/wp-json\/wp\/v2\/media\/686"}],"wp:attachment":[{"href":"https:\/\/okulary-hurt.pl\/en\/wp-json\/wp\/v2\/media?parent=687"}],"wp:term":[{"taxonomy":"product_brand","embeddable":true,"href":"https:\/\/okulary-hurt.pl\/en\/wp-json\/wp\/v2\/product_brand?post=687"},{"taxonomy":"product_cat","embeddable":true,"href":"https:\/\/okulary-hurt.pl\/en\/wp-json\/wp\/v2\/product_cat?post=687"},{"taxonomy":"product_tag","embeddable":true,"href":"https:\/\/okulary-hurt.pl\/en\/wp-json\/wp\/v2\/product_tag?post=687"}],"curies":[{"name":"wp","href":"https:\/\/api.w.org\/{rel}","templated":true}]}}