{"id":685,"date":"2026-02-24T14:30:43","date_gmt":"2026-02-24T13:30:43","guid":{"rendered":"https:\/\/hurtownia.okulary-hurt.pl\/sklep\/bez-kategorii\/okulary-przeciwsloneczne-kids-okulary-dla-dzieci-k-117n\/"},"modified":"2026-03-10T09:23:28","modified_gmt":"2026-03-10T08:23:28","slug":"okulary-przeciwsloneczne-kids-okulary-dla-dzieci-k-117n","status":"publish","type":"product","link":"https:\/\/okulary-hurt.pl\/en\/hurtownia\/okulary-dla-dzieci\/kids-okulary-dla-dzieci\/okulary-przeciwsloneczne-kids-okulary-dla-dzieci-k-117n\/","title":{"rendered":"Okulary przeciws\u0142oneczne Kids &#8211; okulary dla dzieci K-117N"},"content":{"rendered":"<p><strong>Okulary przeciws\u0142oneczne Kids &#8211; okulary dla dzieci K-117N<\/strong> \u0142\u0105cz\u0105 weso\u0142y, dzieci\u0119cy charakter z profesjonaln\u0105 ochron\u0105 przeciws\u0142oneczn\u0105.<\/p>\n<p>Kolorowe oprawki i modne kszta\u0142ty inspirowane znanymi fasonami sprawiaj\u0105, \u017ce modele s\u0105 ch\u0119tnie noszone przez najm\u0142odszych.<\/p>\n<p>Idealne na rower, hulajnog\u0119 i codzienne zabawy na \u015bwie\u017cym powietrzu.<\/p>\n<p>Wyposa\u017cone w filtr UV400 blokuj\u0105cy UVA, UVB i UVC zapewniaj\u0105 pe\u0142n\u0105, 100% ochron\u0119 oczu. Spe\u0142niaj\u0105 normy europejskie CE.<\/p>","protected":false},"excerpt":{"rendered":"<p><strong>Okulary przeciws\u0142oneczne Kids &#8211; okulary dla dzieci K-117N<\/strong> \u2013 radosne wzornictwo, intensywna kolorystyka i 100% ochrona UVA, UVB, UVC.<\/p>","protected":false},"featured_media":684,"template":"","meta":[],"product_brand":[],"product_cat":[31,30],"product_tag":[104],"class_list":{"0":"post-685","1":"product","2":"type-product","3":"status-publish","4":"has-post-thumbnail","6":"product_cat-kids-okulary-dla-dzieci","7":"product_cat-okulary-dla-dzieci","8":"product_tag-produkty-w-cenie-3-99","10":"first","11":"instock","12":"taxable","13":"shipping-taxable","14":"purchasable","15":"product-type-simple"},"yoast_head":"<!-- This site is optimized with the Yoast SEO plugin v27.3 - https:\/\/yoast.com\/product\/yoast-seo-wordpress\/ -->\n<title>Okulary przeciws\u0142oneczne Kids - okulary dla dzieci K-117N - Hurtownia okular\u00f3w<\/title>\n<meta name=\"robots\" content=\"index, follow, max-snippet:-1, max-image-preview:large, max-video-preview:-1\" \/>\n<link rel=\"canonical\" href=\"https:\/\/okulary-hurt.pl\/en\/hurtownia\/okulary-dla-dzieci\/kids-okulary-dla-dzieci\/okulary-przeciwsloneczne-kids-okulary-dla-dzieci-k-117n\/\" \/>\n<meta property=\"og:locale\" content=\"en_US\" \/>\n<meta property=\"og:type\" content=\"article\" \/>\n<meta property=\"og:title\" content=\"Okulary przeciws\u0142oneczne Kids - okulary dla dzieci K-117N - Hurtownia okular\u00f3w\" \/>\n<meta property=\"og:description\" content=\"Okulary przeciws\u0142oneczne Kids - okulary dla dzieci K-117N \u2013 radosne wzornictwo, intensywna kolorystyka i 100% ochrona UVA, UVB, UVC.\" \/>\n<meta property=\"og:url\" content=\"https:\/\/okulary-hurt.pl\/en\/hurtownia\/okulary-dla-dzieci\/kids-okulary-dla-dzieci\/okulary-przeciwsloneczne-kids-okulary-dla-dzieci-k-117n\/\" \/>\n<meta property=\"og:site_name\" content=\"Hurtownia okular\u00f3w\" \/>\n<meta property=\"article:publisher\" content=\"https:\/\/www.facebook.com\/HurtowniaMeridian\" \/>\n<meta property=\"article:modified_time\" content=\"2026-03-10T08:23:28+00:00\" \/>\n<meta property=\"og:image\" content=\"https:\/\/okulary-hurt.pl\/wp-content\/uploads\/2026\/02\/K-117N-08022020.jpg\" \/>\n\t<meta property=\"og:image:width\" content=\"2364\" \/>\n\t<meta property=\"og:image:height\" content=\"1461\" \/>\n\t<meta property=\"og:image:type\" content=\"image\/jpeg\" \/>\n<meta name=\"twitter:card\" content=\"summary_large_image\" \/>\n<script type=\"application\/ld+json\" class=\"yoast-schema-graph\">{\"@context\":\"https:\\\/\\\/schema.org\",\"@graph\":[{\"@type\":\"WebPage\",\"@id\":\"https:\\\/\\\/okulary-hurt.pl\\\/hurtownia\\\/okulary-dla-dzieci\\\/kids-okulary-dla-dzieci\\\/okulary-przeciwsloneczne-kids-okulary-dla-dzieci-k-117n\\\/\",\"url\":\"https:\\\/\\\/okulary-hurt.pl\\\/hurtownia\\\/okulary-dla-dzieci\\\/kids-okulary-dla-dzieci\\\/okulary-przeciwsloneczne-kids-okulary-dla-dzieci-k-117n\\\/\",\"name\":\"Okulary przeciws\u0142oneczne Kids - okulary dla dzieci K-117N - Hurtownia okular\u00f3w\",\"isPartOf\":{\"@id\":\"https:\\\/\\\/okulary-hurt.pl\\\/#website\"},\"primaryImageOfPage\":{\"@id\":\"https:\\\/\\\/okulary-hurt.pl\\\/hurtownia\\\/okulary-dla-dzieci\\\/kids-okulary-dla-dzieci\\\/okulary-przeciwsloneczne-kids-okulary-dla-dzieci-k-117n\\\/#primaryimage\"},\"image\":{\"@id\":\"https:\\\/\\\/okulary-hurt.pl\\\/hurtownia\\\/okulary-dla-dzieci\\\/kids-okulary-dla-dzieci\\\/okulary-przeciwsloneczne-kids-okulary-dla-dzieci-k-117n\\\/#primaryimage\"},\"thumbnailUrl\":\"https:\\\/\\\/okulary-hurt.pl\\\/wp-content\\\/uploads\\\/2026\\\/02\\\/K-117N-08022020.jpg\",\"datePublished\":\"2026-02-24T13:30:43+00:00\",\"dateModified\":\"2026-03-10T08:23:28+00:00\",\"breadcrumb\":{\"@id\":\"https:\\\/\\\/okulary-hurt.pl\\\/hurtownia\\\/okulary-dla-dzieci\\\/kids-okulary-dla-dzieci\\\/okulary-przeciwsloneczne-kids-okulary-dla-dzieci-k-117n\\\/#breadcrumb\"},\"inLanguage\":\"en-US\",\"potentialAction\":[{\"@type\":\"ReadAction\",\"target\":[\"https:\\\/\\\/okulary-hurt.pl\\\/hurtownia\\\/okulary-dla-dzieci\\\/kids-okulary-dla-dzieci\\\/okulary-przeciwsloneczne-kids-okulary-dla-dzieci-k-117n\\\/\"]}]},{\"@type\":\"ImageObject\",\"inLanguage\":\"en-US\",\"@id\":\"https:\\\/\\\/okulary-hurt.pl\\\/hurtownia\\\/okulary-dla-dzieci\\\/kids-okulary-dla-dzieci\\\/okulary-przeciwsloneczne-kids-okulary-dla-dzieci-k-117n\\\/#primaryimage\",\"url\":\"https:\\\/\\\/okulary-hurt.pl\\\/wp-content\\\/uploads\\\/2026\\\/02\\\/K-117N-08022020.jpg\",\"contentUrl\":\"https:\\\/\\\/okulary-hurt.pl\\\/wp-content\\\/uploads\\\/2026\\\/02\\\/K-117N-08022020.jpg\",\"width\":2364,\"height\":1461},{\"@type\":\"BreadcrumbList\",\"@id\":\"https:\\\/\\\/okulary-hurt.pl\\\/hurtownia\\\/okulary-dla-dzieci\\\/kids-okulary-dla-dzieci\\\/okulary-przeciwsloneczne-kids-okulary-dla-dzieci-k-117n\\\/#breadcrumb\",\"itemListElement\":[{\"@type\":\"ListItem\",\"position\":1,\"name\":\"Strona g\u0142\u00f3wna\",\"item\":\"https:\\\/\\\/okulary-hurt.pl\\\/\"},{\"@type\":\"ListItem\",\"position\":2,\"name\":\"Hurtownia\",\"item\":\"https:\\\/\\\/okulary-hurt.pl\\\/hurtownia\\\/\"},{\"@type\":\"ListItem\",\"position\":3,\"name\":\"Okulary przeciws\u0142oneczne Kids &#8211; okulary dla dzieci K-117N\"}]},{\"@type\":\"WebSite\",\"@id\":\"https:\\\/\\\/okulary-hurt.pl\\\/#website\",\"url\":\"https:\\\/\\\/okulary-hurt.pl\\\/\",\"name\":\"Hurtownia okular\u00f3w przeciws\u0142onecznych\",\"description\":\"Okulary przeciws\u0142oneczne najmodniejsze\",\"publisher\":{\"@id\":\"https:\\\/\\\/okulary-hurt.pl\\\/#organization\"},\"alternateName\":\"Hurtownia okular\u00f3w Rzesz\u00f3w\",\"potentialAction\":[{\"@type\":\"SearchAction\",\"target\":{\"@type\":\"EntryPoint\",\"urlTemplate\":\"https:\\\/\\\/okulary-hurt.pl\\\/?s={search_term_string}\"},\"query-input\":{\"@type\":\"PropertyValueSpecification\",\"valueRequired\":true,\"valueName\":\"search_term_string\"}}],\"inLanguage\":\"en-US\"},{\"@type\":\"Organization\",\"@id\":\"https:\\\/\\\/okulary-hurt.pl\\\/#organization\",\"name\":\"Hurtownia okular\u00f3w Meridian Jerzy Myszkal\",\"alternateName\":\"Meridian Jerzy Myszkal\",\"url\":\"https:\\\/\\\/okulary-hurt.pl\\\/\",\"logo\":{\"@type\":\"ImageObject\",\"inLanguage\":\"en-US\",\"@id\":\"https:\\\/\\\/okulary-hurt.pl\\\/#\\\/schema\\\/logo\\\/image\\\/\",\"url\":\"https:\\\/\\\/okulary-hurt.pl\\\/wp-content\\\/uploads\\\/2026\\\/02\\\/cropped-okulary-hurt-hurtownia-okularow-przeciwslonecznych-1.png\",\"contentUrl\":\"https:\\\/\\\/okulary-hurt.pl\\\/wp-content\\\/uploads\\\/2026\\\/02\\\/cropped-okulary-hurt-hurtownia-okularow-przeciwslonecznych-1.png\",\"width\":512,\"height\":512,\"caption\":\"Hurtownia okular\u00f3w Meridian Jerzy Myszkal\"},\"image\":{\"@id\":\"https:\\\/\\\/okulary-hurt.pl\\\/#\\\/schema\\\/logo\\\/image\\\/\"},\"sameAs\":[\"https:\\\/\\\/www.facebook.com\\\/HurtowniaMeridian\"]}]}<\/script>\n<!-- \/ Yoast SEO plugin. -->","yoast_head_json":{"title":"Okulary przeciws\u0142oneczne Kids - okulary dla dzieci K-117N - Hurtownia okular\u00f3w","robots":{"index":"index","follow":"follow","max-snippet":"max-snippet:-1","max-image-preview":"max-image-preview:large","max-video-preview":"max-video-preview:-1"},"canonical":"https:\/\/okulary-hurt.pl\/en\/hurtownia\/okulary-dla-dzieci\/kids-okulary-dla-dzieci\/okulary-przeciwsloneczne-kids-okulary-dla-dzieci-k-117n\/","og_locale":"en_US","og_type":"article","og_title":"Okulary przeciws\u0142oneczne Kids - okulary dla dzieci K-117N - Hurtownia okular\u00f3w","og_description":"Okulary przeciws\u0142oneczne Kids - okulary dla dzieci K-117N \u2013 radosne wzornictwo, intensywna kolorystyka i 100% ochrona UVA, UVB, UVC.","og_url":"https:\/\/okulary-hurt.pl\/en\/hurtownia\/okulary-dla-dzieci\/kids-okulary-dla-dzieci\/okulary-przeciwsloneczne-kids-okulary-dla-dzieci-k-117n\/","og_site_name":"Hurtownia okular\u00f3w","article_publisher":"https:\/\/www.facebook.com\/HurtowniaMeridian","article_modified_time":"2026-03-10T08:23:28+00:00","og_image":[{"width":2364,"height":1461,"url":"https:\/\/okulary-hurt.pl\/wp-content\/uploads\/2026\/02\/K-117N-08022020.jpg","type":"image\/jpeg"}],"twitter_card":"summary_large_image","schema":{"@context":"https:\/\/schema.org","@graph":[{"@type":"WebPage","@id":"https:\/\/okulary-hurt.pl\/hurtownia\/okulary-dla-dzieci\/kids-okulary-dla-dzieci\/okulary-przeciwsloneczne-kids-okulary-dla-dzieci-k-117n\/","url":"https:\/\/okulary-hurt.pl\/hurtownia\/okulary-dla-dzieci\/kids-okulary-dla-dzieci\/okulary-przeciwsloneczne-kids-okulary-dla-dzieci-k-117n\/","name":"Okulary przeciws\u0142oneczne Kids - okulary dla dzieci K-117N - Hurtownia okular\u00f3w","isPartOf":{"@id":"https:\/\/okulary-hurt.pl\/#website"},"primaryImageOfPage":{"@id":"https:\/\/okulary-hurt.pl\/hurtownia\/okulary-dla-dzieci\/kids-okulary-dla-dzieci\/okulary-przeciwsloneczne-kids-okulary-dla-dzieci-k-117n\/#primaryimage"},"image":{"@id":"https:\/\/okulary-hurt.pl\/hurtownia\/okulary-dla-dzieci\/kids-okulary-dla-dzieci\/okulary-przeciwsloneczne-kids-okulary-dla-dzieci-k-117n\/#primaryimage"},"thumbnailUrl":"https:\/\/okulary-hurt.pl\/wp-content\/uploads\/2026\/02\/K-117N-08022020.jpg","datePublished":"2026-02-24T13:30:43+00:00","dateModified":"2026-03-10T08:23:28+00:00","breadcrumb":{"@id":"https:\/\/okulary-hurt.pl\/hurtownia\/okulary-dla-dzieci\/kids-okulary-dla-dzieci\/okulary-przeciwsloneczne-kids-okulary-dla-dzieci-k-117n\/#breadcrumb"},"inLanguage":"en-US","potentialAction":[{"@type":"ReadAction","target":["https:\/\/okulary-hurt.pl\/hurtownia\/okulary-dla-dzieci\/kids-okulary-dla-dzieci\/okulary-przeciwsloneczne-kids-okulary-dla-dzieci-k-117n\/"]}]},{"@type":"ImageObject","inLanguage":"en-US","@id":"https:\/\/okulary-hurt.pl\/hurtownia\/okulary-dla-dzieci\/kids-okulary-dla-dzieci\/okulary-przeciwsloneczne-kids-okulary-dla-dzieci-k-117n\/#primaryimage","url":"https:\/\/okulary-hurt.pl\/wp-content\/uploads\/2026\/02\/K-117N-08022020.jpg","contentUrl":"https:\/\/okulary-hurt.pl\/wp-content\/uploads\/2026\/02\/K-117N-08022020.jpg","width":2364,"height":1461},{"@type":"BreadcrumbList","@id":"https:\/\/okulary-hurt.pl\/hurtownia\/okulary-dla-dzieci\/kids-okulary-dla-dzieci\/okulary-przeciwsloneczne-kids-okulary-dla-dzieci-k-117n\/#breadcrumb","itemListElement":[{"@type":"ListItem","position":1,"name":"Strona g\u0142\u00f3wna","item":"https:\/\/okulary-hurt.pl\/"},{"@type":"ListItem","position":2,"name":"Hurtownia","item":"https:\/\/okulary-hurt.pl\/hurtownia\/"},{"@type":"ListItem","position":3,"name":"Okulary przeciws\u0142oneczne Kids &#8211; okulary dla dzieci K-117N"}]},{"@type":"WebSite","@id":"https:\/\/okulary-hurt.pl\/#website","url":"https:\/\/okulary-hurt.pl\/","name":"Hurtownia okular\u00f3w przeciws\u0142onecznych","description":"Okulary przeciws\u0142oneczne najmodniejsze","publisher":{"@id":"https:\/\/okulary-hurt.pl\/#organization"},"alternateName":"Hurtownia okular\u00f3w Rzesz\u00f3w","potentialAction":[{"@type":"SearchAction","target":{"@type":"EntryPoint","urlTemplate":"https:\/\/okulary-hurt.pl\/?s={search_term_string}"},"query-input":{"@type":"PropertyValueSpecification","valueRequired":true,"valueName":"search_term_string"}}],"inLanguage":"en-US"},{"@type":"Organization","@id":"https:\/\/okulary-hurt.pl\/#organization","name":"Hurtownia okular\u00f3w Meridian Jerzy Myszkal","alternateName":"Meridian Jerzy Myszkal","url":"https:\/\/okulary-hurt.pl\/","logo":{"@type":"ImageObject","inLanguage":"en-US","@id":"https:\/\/okulary-hurt.pl\/#\/schema\/logo\/image\/","url":"https:\/\/okulary-hurt.pl\/wp-content\/uploads\/2026\/02\/cropped-okulary-hurt-hurtownia-okularow-przeciwslonecznych-1.png","contentUrl":"https:\/\/okulary-hurt.pl\/wp-content\/uploads\/2026\/02\/cropped-okulary-hurt-hurtownia-okularow-przeciwslonecznych-1.png","width":512,"height":512,"caption":"Hurtownia okular\u00f3w Meridian Jerzy Myszkal"},"image":{"@id":"https:\/\/okulary-hurt.pl\/#\/schema\/logo\/image\/"},"sameAs":["https:\/\/www.facebook.com\/HurtowniaMeridian"]}]}},"_links":{"self":[{"href":"https:\/\/okulary-hurt.pl\/en\/wp-json\/wp\/v2\/product\/685","targetHints":{"allow":["GET"]}}],"collection":[{"href":"https:\/\/okulary-hurt.pl\/en\/wp-json\/wp\/v2\/product"}],"about":[{"href":"https:\/\/okulary-hurt.pl\/en\/wp-json\/wp\/v2\/types\/product"}],"wp:featuredmedia":[{"embeddable":true,"href":"https:\/\/okulary-hurt.pl\/en\/wp-json\/wp\/v2\/media\/684"}],"wp:attachment":[{"href":"https:\/\/okulary-hurt.pl\/en\/wp-json\/wp\/v2\/media?parent=685"}],"wp:term":[{"taxonomy":"product_brand","embeddable":true,"href":"https:\/\/okulary-hurt.pl\/en\/wp-json\/wp\/v2\/product_brand?post=685"},{"taxonomy":"product_cat","embeddable":true,"href":"https:\/\/okulary-hurt.pl\/en\/wp-json\/wp\/v2\/product_cat?post=685"},{"taxonomy":"product_tag","embeddable":true,"href":"https:\/\/okulary-hurt.pl\/en\/wp-json\/wp\/v2\/product_tag?post=685"}],"curies":[{"name":"wp","href":"https:\/\/api.w.org\/{rel}","templated":true}]}}