{"id":487,"date":"2026-02-24T10:31:17","date_gmt":"2026-02-24T09:31:17","guid":{"rendered":"https:\/\/hurtownia.okulary-hurt.pl\/sklep\/bez-kategorii\/okulary-przeciwsloneczne-mosquito-mq-158b\/"},"modified":"2026-02-24T11:05:20","modified_gmt":"2026-02-24T10:05:20","slug":"okulary-przeciwsloneczne-mosquito-mq-158b","status":"publish","type":"product","link":"https:\/\/okulary-hurt.pl\/en\/hurtownia\/okulary-przeciwsloneczne\/mosquito\/okulary-przeciwsloneczne-mosquito-mq-158b\/","title":{"rendered":"Okulary przeciws\u0142oneczne Mosquito MQ-158B"},"content":{"rendered":"<p><strong>Okulary przeciws\u0142oneczne Mosquito MQ-158B<\/strong> z kolekcji Mosquito to idealny wyb\u00f3r dla os\u00f3b, kt\u00f3re oczekuj\u0105 sportowego wygl\u0105du w eleganckiej kolorystyce.<\/p>\n<p>Op\u0142ywowe oprawki podkre\u015blaj\u0105 dynamiczny charakter okular\u00f3w, a czarno-szara i grafitowa baza kolorystyczna z jednym wyrazistym akcentem sprawia, \u017ce modele pasuj\u0105 zar\u00f3wno do aktywnych, jak i miejskich stylizacji.<\/p>\n<p>Okulary \u015bwietnie sprawdz\u0105 si\u0119 na rowerze, hulajnodze, podczas le\u015bnych spacer\u00f3w, jak i podczas spotka\u0144 z przyjaci\u00f3\u0142mi.<\/p>\n<p>Filtr UV400 oraz spe\u0142nienie europejskich norm CE gwarantuj\u0105 wysoki poziom ochrony wzroku.<\/p>\n<p><strong>Cechy produktu:<\/strong><br \/>\u2022 op\u0142ywowy sportowy fason<br \/>\u2022 czarno-grafitowa baza z jednym kontrastuj\u0105cym kolorem<br \/>\u2022 filtr UV400<br \/>\u2022 zgodno\u015b\u0107 z normami CE<\/p>","protected":false},"excerpt":{"rendered":"<p><strong>Okulary przeciws\u0142oneczne Mosquito MQ-158B<\/strong> to stylowe okulary Mosquito \u0142\u0105cz\u0105ce czarno-grafitow\u0105 elegancj\u0119 z wyrazistym kolorem i sportowym charakterem.<\/p>","protected":false},"featured_media":486,"template":"","meta":[],"product_brand":[],"product_cat":[28,25],"product_tag":[],"class_list":{"0":"post-487","1":"product","2":"type-product","3":"status-publish","4":"has-post-thumbnail","6":"product_cat-mosquito","7":"product_cat-okulary-przeciwsloneczne","9":"first","10":"instock","11":"taxable","12":"shipping-taxable","13":"purchasable","14":"product-type-simple"},"yoast_head":"<!-- This site is optimized with the Yoast SEO plugin v27.3 - https:\/\/yoast.com\/product\/yoast-seo-wordpress\/ -->\n<title>Okulary przeciws\u0142oneczne Mosquito MQ-158B - Hurtownia okular\u00f3w<\/title>\n<meta name=\"robots\" content=\"index, follow, max-snippet:-1, max-image-preview:large, max-video-preview:-1\" \/>\n<link rel=\"canonical\" href=\"https:\/\/okulary-hurt.pl\/en\/hurtownia\/okulary-przeciwsloneczne\/mosquito\/okulary-przeciwsloneczne-mosquito-mq-158b\/\" \/>\n<meta property=\"og:locale\" content=\"en_US\" \/>\n<meta property=\"og:type\" content=\"article\" \/>\n<meta property=\"og:title\" content=\"Okulary przeciws\u0142oneczne Mosquito MQ-158B - Hurtownia okular\u00f3w\" \/>\n<meta property=\"og:description\" content=\"Okulary przeciws\u0142oneczne Mosquito MQ-158B to stylowe okulary Mosquito \u0142\u0105cz\u0105ce czarno-grafitow\u0105 elegancj\u0119 z wyrazistym kolorem i sportowym charakterem.\" \/>\n<meta property=\"og:url\" content=\"https:\/\/okulary-hurt.pl\/en\/hurtownia\/okulary-przeciwsloneczne\/mosquito\/okulary-przeciwsloneczne-mosquito-mq-158b\/\" \/>\n<meta property=\"og:site_name\" content=\"Hurtownia okular\u00f3w\" \/>\n<meta property=\"article:publisher\" content=\"https:\/\/www.facebook.com\/HurtowniaMeridian\" \/>\n<meta property=\"article:modified_time\" content=\"2026-02-24T10:05:20+00:00\" \/>\n<meta property=\"og:image\" content=\"https:\/\/okulary-hurt.pl\/wp-content\/uploads\/2026\/02\/MQ-158B-1676653747.jpg\" \/>\n\t<meta property=\"og:image:width\" content=\"2400\" \/>\n\t<meta property=\"og:image:height\" content=\"1800\" \/>\n\t<meta property=\"og:image:type\" content=\"image\/jpeg\" \/>\n<meta name=\"twitter:card\" content=\"summary_large_image\" \/>\n<meta name=\"twitter:label1\" content=\"Est. reading time\" \/>\n\t<meta name=\"twitter:data1\" content=\"1 minute\" \/>\n<script type=\"application\/ld+json\" class=\"yoast-schema-graph\">{\"@context\":\"https:\\\/\\\/schema.org\",\"@graph\":[{\"@type\":\"WebPage\",\"@id\":\"https:\\\/\\\/okulary-hurt.pl\\\/hurtownia\\\/okulary-przeciwsloneczne\\\/mosquito\\\/okulary-przeciwsloneczne-mosquito-mq-158b\\\/\",\"url\":\"https:\\\/\\\/okulary-hurt.pl\\\/hurtownia\\\/okulary-przeciwsloneczne\\\/mosquito\\\/okulary-przeciwsloneczne-mosquito-mq-158b\\\/\",\"name\":\"Okulary przeciws\u0142oneczne Mosquito MQ-158B - Hurtownia okular\u00f3w\",\"isPartOf\":{\"@id\":\"https:\\\/\\\/okulary-hurt.pl\\\/#website\"},\"primaryImageOfPage\":{\"@id\":\"https:\\\/\\\/okulary-hurt.pl\\\/hurtownia\\\/okulary-przeciwsloneczne\\\/mosquito\\\/okulary-przeciwsloneczne-mosquito-mq-158b\\\/#primaryimage\"},\"image\":{\"@id\":\"https:\\\/\\\/okulary-hurt.pl\\\/hurtownia\\\/okulary-przeciwsloneczne\\\/mosquito\\\/okulary-przeciwsloneczne-mosquito-mq-158b\\\/#primaryimage\"},\"thumbnailUrl\":\"https:\\\/\\\/okulary-hurt.pl\\\/wp-content\\\/uploads\\\/2026\\\/02\\\/MQ-158B-1676653747.jpg\",\"datePublished\":\"2026-02-24T09:31:17+00:00\",\"dateModified\":\"2026-02-24T10:05:20+00:00\",\"breadcrumb\":{\"@id\":\"https:\\\/\\\/okulary-hurt.pl\\\/hurtownia\\\/okulary-przeciwsloneczne\\\/mosquito\\\/okulary-przeciwsloneczne-mosquito-mq-158b\\\/#breadcrumb\"},\"inLanguage\":\"en-US\",\"potentialAction\":[{\"@type\":\"ReadAction\",\"target\":[\"https:\\\/\\\/okulary-hurt.pl\\\/hurtownia\\\/okulary-przeciwsloneczne\\\/mosquito\\\/okulary-przeciwsloneczne-mosquito-mq-158b\\\/\"]}]},{\"@type\":\"ImageObject\",\"inLanguage\":\"en-US\",\"@id\":\"https:\\\/\\\/okulary-hurt.pl\\\/hurtownia\\\/okulary-przeciwsloneczne\\\/mosquito\\\/okulary-przeciwsloneczne-mosquito-mq-158b\\\/#primaryimage\",\"url\":\"https:\\\/\\\/okulary-hurt.pl\\\/wp-content\\\/uploads\\\/2026\\\/02\\\/MQ-158B-1676653747.jpg\",\"contentUrl\":\"https:\\\/\\\/okulary-hurt.pl\\\/wp-content\\\/uploads\\\/2026\\\/02\\\/MQ-158B-1676653747.jpg\",\"width\":2400,\"height\":1800},{\"@type\":\"BreadcrumbList\",\"@id\":\"https:\\\/\\\/okulary-hurt.pl\\\/hurtownia\\\/okulary-przeciwsloneczne\\\/mosquito\\\/okulary-przeciwsloneczne-mosquito-mq-158b\\\/#breadcrumb\",\"itemListElement\":[{\"@type\":\"ListItem\",\"position\":1,\"name\":\"Strona g\u0142\u00f3wna\",\"item\":\"https:\\\/\\\/okulary-hurt.pl\\\/\"},{\"@type\":\"ListItem\",\"position\":2,\"name\":\"Hurtownia\",\"item\":\"https:\\\/\\\/okulary-hurt.pl\\\/hurtownia\\\/\"},{\"@type\":\"ListItem\",\"position\":3,\"name\":\"Okulary przeciws\u0142oneczne Mosquito MQ-158B\"}]},{\"@type\":\"WebSite\",\"@id\":\"https:\\\/\\\/okulary-hurt.pl\\\/#website\",\"url\":\"https:\\\/\\\/okulary-hurt.pl\\\/\",\"name\":\"Hurtownia okular\u00f3w przeciws\u0142onecznych\",\"description\":\"Okulary przeciws\u0142oneczne najmodniejsze\",\"publisher\":{\"@id\":\"https:\\\/\\\/okulary-hurt.pl\\\/#organization\"},\"alternateName\":\"Hurtownia okular\u00f3w Rzesz\u00f3w\",\"potentialAction\":[{\"@type\":\"SearchAction\",\"target\":{\"@type\":\"EntryPoint\",\"urlTemplate\":\"https:\\\/\\\/okulary-hurt.pl\\\/?s={search_term_string}\"},\"query-input\":{\"@type\":\"PropertyValueSpecification\",\"valueRequired\":true,\"valueName\":\"search_term_string\"}}],\"inLanguage\":\"en-US\"},{\"@type\":\"Organization\",\"@id\":\"https:\\\/\\\/okulary-hurt.pl\\\/#organization\",\"name\":\"Hurtownia okular\u00f3w Meridian Jerzy Myszkal\",\"alternateName\":\"Meridian Jerzy Myszkal\",\"url\":\"https:\\\/\\\/okulary-hurt.pl\\\/\",\"logo\":{\"@type\":\"ImageObject\",\"inLanguage\":\"en-US\",\"@id\":\"https:\\\/\\\/okulary-hurt.pl\\\/#\\\/schema\\\/logo\\\/image\\\/\",\"url\":\"https:\\\/\\\/okulary-hurt.pl\\\/wp-content\\\/uploads\\\/2026\\\/02\\\/cropped-okulary-hurt-hurtownia-okularow-przeciwslonecznych-1.png\",\"contentUrl\":\"https:\\\/\\\/okulary-hurt.pl\\\/wp-content\\\/uploads\\\/2026\\\/02\\\/cropped-okulary-hurt-hurtownia-okularow-przeciwslonecznych-1.png\",\"width\":512,\"height\":512,\"caption\":\"Hurtownia okular\u00f3w Meridian Jerzy Myszkal\"},\"image\":{\"@id\":\"https:\\\/\\\/okulary-hurt.pl\\\/#\\\/schema\\\/logo\\\/image\\\/\"},\"sameAs\":[\"https:\\\/\\\/www.facebook.com\\\/HurtowniaMeridian\"]}]}<\/script>\n<!-- \/ Yoast SEO plugin. -->","yoast_head_json":{"title":"Okulary przeciws\u0142oneczne Mosquito MQ-158B - Hurtownia okular\u00f3w","robots":{"index":"index","follow":"follow","max-snippet":"max-snippet:-1","max-image-preview":"max-image-preview:large","max-video-preview":"max-video-preview:-1"},"canonical":"https:\/\/okulary-hurt.pl\/en\/hurtownia\/okulary-przeciwsloneczne\/mosquito\/okulary-przeciwsloneczne-mosquito-mq-158b\/","og_locale":"en_US","og_type":"article","og_title":"Okulary przeciws\u0142oneczne Mosquito MQ-158B - Hurtownia okular\u00f3w","og_description":"Okulary przeciws\u0142oneczne Mosquito MQ-158B to stylowe okulary Mosquito \u0142\u0105cz\u0105ce czarno-grafitow\u0105 elegancj\u0119 z wyrazistym kolorem i sportowym charakterem.","og_url":"https:\/\/okulary-hurt.pl\/en\/hurtownia\/okulary-przeciwsloneczne\/mosquito\/okulary-przeciwsloneczne-mosquito-mq-158b\/","og_site_name":"Hurtownia okular\u00f3w","article_publisher":"https:\/\/www.facebook.com\/HurtowniaMeridian","article_modified_time":"2026-02-24T10:05:20+00:00","og_image":[{"width":2400,"height":1800,"url":"https:\/\/okulary-hurt.pl\/wp-content\/uploads\/2026\/02\/MQ-158B-1676653747.jpg","type":"image\/jpeg"}],"twitter_card":"summary_large_image","twitter_misc":{"Est. reading time":"1 minute"},"schema":{"@context":"https:\/\/schema.org","@graph":[{"@type":"WebPage","@id":"https:\/\/okulary-hurt.pl\/hurtownia\/okulary-przeciwsloneczne\/mosquito\/okulary-przeciwsloneczne-mosquito-mq-158b\/","url":"https:\/\/okulary-hurt.pl\/hurtownia\/okulary-przeciwsloneczne\/mosquito\/okulary-przeciwsloneczne-mosquito-mq-158b\/","name":"Okulary przeciws\u0142oneczne Mosquito MQ-158B - Hurtownia okular\u00f3w","isPartOf":{"@id":"https:\/\/okulary-hurt.pl\/#website"},"primaryImageOfPage":{"@id":"https:\/\/okulary-hurt.pl\/hurtownia\/okulary-przeciwsloneczne\/mosquito\/okulary-przeciwsloneczne-mosquito-mq-158b\/#primaryimage"},"image":{"@id":"https:\/\/okulary-hurt.pl\/hurtownia\/okulary-przeciwsloneczne\/mosquito\/okulary-przeciwsloneczne-mosquito-mq-158b\/#primaryimage"},"thumbnailUrl":"https:\/\/okulary-hurt.pl\/wp-content\/uploads\/2026\/02\/MQ-158B-1676653747.jpg","datePublished":"2026-02-24T09:31:17+00:00","dateModified":"2026-02-24T10:05:20+00:00","breadcrumb":{"@id":"https:\/\/okulary-hurt.pl\/hurtownia\/okulary-przeciwsloneczne\/mosquito\/okulary-przeciwsloneczne-mosquito-mq-158b\/#breadcrumb"},"inLanguage":"en-US","potentialAction":[{"@type":"ReadAction","target":["https:\/\/okulary-hurt.pl\/hurtownia\/okulary-przeciwsloneczne\/mosquito\/okulary-przeciwsloneczne-mosquito-mq-158b\/"]}]},{"@type":"ImageObject","inLanguage":"en-US","@id":"https:\/\/okulary-hurt.pl\/hurtownia\/okulary-przeciwsloneczne\/mosquito\/okulary-przeciwsloneczne-mosquito-mq-158b\/#primaryimage","url":"https:\/\/okulary-hurt.pl\/wp-content\/uploads\/2026\/02\/MQ-158B-1676653747.jpg","contentUrl":"https:\/\/okulary-hurt.pl\/wp-content\/uploads\/2026\/02\/MQ-158B-1676653747.jpg","width":2400,"height":1800},{"@type":"BreadcrumbList","@id":"https:\/\/okulary-hurt.pl\/hurtownia\/okulary-przeciwsloneczne\/mosquito\/okulary-przeciwsloneczne-mosquito-mq-158b\/#breadcrumb","itemListElement":[{"@type":"ListItem","position":1,"name":"Strona g\u0142\u00f3wna","item":"https:\/\/okulary-hurt.pl\/"},{"@type":"ListItem","position":2,"name":"Hurtownia","item":"https:\/\/okulary-hurt.pl\/hurtownia\/"},{"@type":"ListItem","position":3,"name":"Okulary przeciws\u0142oneczne Mosquito MQ-158B"}]},{"@type":"WebSite","@id":"https:\/\/okulary-hurt.pl\/#website","url":"https:\/\/okulary-hurt.pl\/","name":"Hurtownia okular\u00f3w przeciws\u0142onecznych","description":"Okulary przeciws\u0142oneczne najmodniejsze","publisher":{"@id":"https:\/\/okulary-hurt.pl\/#organization"},"alternateName":"Hurtownia okular\u00f3w Rzesz\u00f3w","potentialAction":[{"@type":"SearchAction","target":{"@type":"EntryPoint","urlTemplate":"https:\/\/okulary-hurt.pl\/?s={search_term_string}"},"query-input":{"@type":"PropertyValueSpecification","valueRequired":true,"valueName":"search_term_string"}}],"inLanguage":"en-US"},{"@type":"Organization","@id":"https:\/\/okulary-hurt.pl\/#organization","name":"Hurtownia okular\u00f3w Meridian Jerzy Myszkal","alternateName":"Meridian Jerzy Myszkal","url":"https:\/\/okulary-hurt.pl\/","logo":{"@type":"ImageObject","inLanguage":"en-US","@id":"https:\/\/okulary-hurt.pl\/#\/schema\/logo\/image\/","url":"https:\/\/okulary-hurt.pl\/wp-content\/uploads\/2026\/02\/cropped-okulary-hurt-hurtownia-okularow-przeciwslonecznych-1.png","contentUrl":"https:\/\/okulary-hurt.pl\/wp-content\/uploads\/2026\/02\/cropped-okulary-hurt-hurtownia-okularow-przeciwslonecznych-1.png","width":512,"height":512,"caption":"Hurtownia okular\u00f3w Meridian Jerzy Myszkal"},"image":{"@id":"https:\/\/okulary-hurt.pl\/#\/schema\/logo\/image\/"},"sameAs":["https:\/\/www.facebook.com\/HurtowniaMeridian"]}]}},"_links":{"self":[{"href":"https:\/\/okulary-hurt.pl\/en\/wp-json\/wp\/v2\/product\/487","targetHints":{"allow":["GET"]}}],"collection":[{"href":"https:\/\/okulary-hurt.pl\/en\/wp-json\/wp\/v2\/product"}],"about":[{"href":"https:\/\/okulary-hurt.pl\/en\/wp-json\/wp\/v2\/types\/product"}],"wp:featuredmedia":[{"embeddable":true,"href":"https:\/\/okulary-hurt.pl\/en\/wp-json\/wp\/v2\/media\/486"}],"wp:attachment":[{"href":"https:\/\/okulary-hurt.pl\/en\/wp-json\/wp\/v2\/media?parent=487"}],"wp:term":[{"taxonomy":"product_brand","embeddable":true,"href":"https:\/\/okulary-hurt.pl\/en\/wp-json\/wp\/v2\/product_brand?post=487"},{"taxonomy":"product_cat","embeddable":true,"href":"https:\/\/okulary-hurt.pl\/en\/wp-json\/wp\/v2\/product_cat?post=487"},{"taxonomy":"product_tag","embeddable":true,"href":"https:\/\/okulary-hurt.pl\/en\/wp-json\/wp\/v2\/product_tag?post=487"}],"curies":[{"name":"wp","href":"https:\/\/api.w.org\/{rel}","templated":true}]}}