{"id":2034,"date":"2026-02-27T11:01:30","date_gmt":"2026-02-27T10:01:30","guid":{"rendered":"https:\/\/hurtownia.okulary-hurt.pl\/?post_type=product&#038;p=2034"},"modified":"2026-02-27T11:03:53","modified_gmt":"2026-02-27T10:03:53","slug":"torba-plazowa-i-miejska-xxl-2","status":"publish","type":"product","link":"https:\/\/okulary-hurt.pl\/en\/hurtownia\/plywanie\/torby-plazowe-i-miejskie\/torba-plazowa-i-miejska-xxl-2\/","title":{"rendered":"TORBA PLA\u017bOWA I MIEJSKA  XXL"},"content":{"rendered":"<p>torebka pla\u017cowa &#8211; idealna stylizacja na pla\u017c\u0119 letnia marynarska torba koszyk b\u0119dzie pasowa\u0142a do ka\u017cdej letniej stylizacji. idealna na pla\u017c\u0119 jak i do miasta, torba jest bardzo lekka, zapinana na zamek, wewn\u0105trz znajduje si\u0119 ma\u0142a kieszonka zapinana na zamek na drobiazgi.<\/p>","protected":false},"excerpt":{"rendered":"<p>torebka pla\u017cowa &#8211; idealna stylizacja na pla\u017c\u0119 letnia marynarska torba koszyk b\u0119dzie pasowa\u0142a do ka\u017cdej letniej stylizacji. idealna na pla\u017c\u0119 jak i do miasta, torba jest bardzo lekka, zapinana na zamek, wewn\u0105trz znajduje si\u0119 ma\u0142a kieszonka zapinana na zamek na drobiazgi.<\/p>","protected":false},"featured_media":2035,"template":"","meta":[],"product_brand":[],"product_cat":[51,52],"product_tag":[],"class_list":{"0":"post-2034","1":"product","2":"type-product","3":"status-publish","4":"has-post-thumbnail","6":"product_cat-plywanie","7":"product_cat-torby-plazowe-i-miejskie","9":"first","10":"instock","11":"taxable","12":"shipping-taxable","13":"purchasable","14":"product-type-simple"},"yoast_head":"<!-- This site is optimized with the Yoast SEO plugin v27.3 - https:\/\/yoast.com\/product\/yoast-seo-wordpress\/ -->\n<title>TORBA PLA\u017bOWA I MIEJSKA XXL - Hurtownia okular\u00f3w<\/title>\n<meta name=\"robots\" content=\"index, follow, max-snippet:-1, max-image-preview:large, max-video-preview:-1\" \/>\n<link rel=\"canonical\" href=\"https:\/\/okulary-hurt.pl\/en\/hurtownia\/plywanie\/torby-plazowe-i-miejskie\/torba-plazowa-i-miejska-xxl-2\/\" \/>\n<meta property=\"og:locale\" content=\"en_US\" \/>\n<meta property=\"og:type\" content=\"article\" \/>\n<meta property=\"og:title\" content=\"TORBA PLA\u017bOWA I MIEJSKA XXL - Hurtownia okular\u00f3w\" \/>\n<meta property=\"og:description\" content=\"torebka pla\u017cowa &#8211; idealna stylizacja na pla\u017c\u0119 letnia marynarska torba koszyk b\u0119dzie pasowa\u0142a do ka\u017cdej letniej stylizacji. idealna na pla\u017c\u0119 jak i do miasta, torba jest bardzo lekka, zapinana na zamek, wewn\u0105trz znajduje si\u0119 ma\u0142a kieszonka zapinana na zamek na drobiazgi.\" \/>\n<meta property=\"og:url\" content=\"https:\/\/okulary-hurt.pl\/en\/hurtownia\/plywanie\/torby-plazowe-i-miejskie\/torba-plazowa-i-miejska-xxl-2\/\" \/>\n<meta property=\"og:site_name\" content=\"Hurtownia okular\u00f3w\" \/>\n<meta property=\"article:publisher\" content=\"https:\/\/www.facebook.com\/HurtowniaMeridian\" \/>\n<meta property=\"article:modified_time\" content=\"2026-02-27T10:03:53+00:00\" \/>\n<meta property=\"og:image\" content=\"https:\/\/okulary-hurt.pl\/wp-content\/uploads\/2026\/02\/Torba-plazowa.jpg\" \/>\n\t<meta property=\"og:image:width\" content=\"1993\" \/>\n\t<meta property=\"og:image:height\" content=\"2172\" \/>\n\t<meta property=\"og:image:type\" content=\"image\/jpeg\" \/>\n<meta name=\"twitter:card\" content=\"summary_large_image\" \/>\n<script type=\"application\/ld+json\" class=\"yoast-schema-graph\">{\"@context\":\"https:\\\/\\\/schema.org\",\"@graph\":[{\"@type\":\"WebPage\",\"@id\":\"https:\\\/\\\/okulary-hurt.pl\\\/hurtownia\\\/plywanie\\\/torby-plazowe-i-miejskie\\\/torba-plazowa-i-miejska-xxl-2\\\/\",\"url\":\"https:\\\/\\\/okulary-hurt.pl\\\/hurtownia\\\/plywanie\\\/torby-plazowe-i-miejskie\\\/torba-plazowa-i-miejska-xxl-2\\\/\",\"name\":\"TORBA PLA\u017bOWA I MIEJSKA XXL - Hurtownia okular\u00f3w\",\"isPartOf\":{\"@id\":\"https:\\\/\\\/okulary-hurt.pl\\\/#website\"},\"primaryImageOfPage\":{\"@id\":\"https:\\\/\\\/okulary-hurt.pl\\\/hurtownia\\\/plywanie\\\/torby-plazowe-i-miejskie\\\/torba-plazowa-i-miejska-xxl-2\\\/#primaryimage\"},\"image\":{\"@id\":\"https:\\\/\\\/okulary-hurt.pl\\\/hurtownia\\\/plywanie\\\/torby-plazowe-i-miejskie\\\/torba-plazowa-i-miejska-xxl-2\\\/#primaryimage\"},\"thumbnailUrl\":\"https:\\\/\\\/okulary-hurt.pl\\\/wp-content\\\/uploads\\\/2026\\\/02\\\/Torba-plazowa.jpg\",\"datePublished\":\"2026-02-27T10:01:30+00:00\",\"dateModified\":\"2026-02-27T10:03:53+00:00\",\"breadcrumb\":{\"@id\":\"https:\\\/\\\/okulary-hurt.pl\\\/hurtownia\\\/plywanie\\\/torby-plazowe-i-miejskie\\\/torba-plazowa-i-miejska-xxl-2\\\/#breadcrumb\"},\"inLanguage\":\"en-US\",\"potentialAction\":[{\"@type\":\"ReadAction\",\"target\":[\"https:\\\/\\\/okulary-hurt.pl\\\/hurtownia\\\/plywanie\\\/torby-plazowe-i-miejskie\\\/torba-plazowa-i-miejska-xxl-2\\\/\"]}]},{\"@type\":\"ImageObject\",\"inLanguage\":\"en-US\",\"@id\":\"https:\\\/\\\/okulary-hurt.pl\\\/hurtownia\\\/plywanie\\\/torby-plazowe-i-miejskie\\\/torba-plazowa-i-miejska-xxl-2\\\/#primaryimage\",\"url\":\"https:\\\/\\\/okulary-hurt.pl\\\/wp-content\\\/uploads\\\/2026\\\/02\\\/Torba-plazowa.jpg\",\"contentUrl\":\"https:\\\/\\\/okulary-hurt.pl\\\/wp-content\\\/uploads\\\/2026\\\/02\\\/Torba-plazowa.jpg\",\"width\":1993,\"height\":2172,\"caption\":\"2ffa1d824716b4fee5b39b785489cec6650f50c4bf5a52d04b2092349cb8412734f356e3d91f6d4e28c7a0bee21fca9b00bdbd556a8b2134a6d26f451b1ee2ef62287314e5de1bd083906dca3e1153d3\"},{\"@type\":\"BreadcrumbList\",\"@id\":\"https:\\\/\\\/okulary-hurt.pl\\\/hurtownia\\\/plywanie\\\/torby-plazowe-i-miejskie\\\/torba-plazowa-i-miejska-xxl-2\\\/#breadcrumb\",\"itemListElement\":[{\"@type\":\"ListItem\",\"position\":1,\"name\":\"Strona g\u0142\u00f3wna\",\"item\":\"https:\\\/\\\/okulary-hurt.pl\\\/\"},{\"@type\":\"ListItem\",\"position\":2,\"name\":\"Hurtownia\",\"item\":\"https:\\\/\\\/okulary-hurt.pl\\\/hurtownia\\\/\"},{\"@type\":\"ListItem\",\"position\":3,\"name\":\"TORBA PLA\u017bOWA I MIEJSKA XXL\"}]},{\"@type\":\"WebSite\",\"@id\":\"https:\\\/\\\/okulary-hurt.pl\\\/#website\",\"url\":\"https:\\\/\\\/okulary-hurt.pl\\\/\",\"name\":\"Hurtownia okular\u00f3w przeciws\u0142onecznych\",\"description\":\"Okulary przeciws\u0142oneczne najmodniejsze\",\"publisher\":{\"@id\":\"https:\\\/\\\/okulary-hurt.pl\\\/#organization\"},\"alternateName\":\"Hurtownia okular\u00f3w Rzesz\u00f3w\",\"potentialAction\":[{\"@type\":\"SearchAction\",\"target\":{\"@type\":\"EntryPoint\",\"urlTemplate\":\"https:\\\/\\\/okulary-hurt.pl\\\/?s={search_term_string}\"},\"query-input\":{\"@type\":\"PropertyValueSpecification\",\"valueRequired\":true,\"valueName\":\"search_term_string\"}}],\"inLanguage\":\"en-US\"},{\"@type\":\"Organization\",\"@id\":\"https:\\\/\\\/okulary-hurt.pl\\\/#organization\",\"name\":\"Hurtownia okular\u00f3w Meridian Jerzy Myszkal\",\"alternateName\":\"Meridian Jerzy Myszkal\",\"url\":\"https:\\\/\\\/okulary-hurt.pl\\\/\",\"logo\":{\"@type\":\"ImageObject\",\"inLanguage\":\"en-US\",\"@id\":\"https:\\\/\\\/okulary-hurt.pl\\\/#\\\/schema\\\/logo\\\/image\\\/\",\"url\":\"https:\\\/\\\/okulary-hurt.pl\\\/wp-content\\\/uploads\\\/2026\\\/02\\\/cropped-okulary-hurt-hurtownia-okularow-przeciwslonecznych-1.png\",\"contentUrl\":\"https:\\\/\\\/okulary-hurt.pl\\\/wp-content\\\/uploads\\\/2026\\\/02\\\/cropped-okulary-hurt-hurtownia-okularow-przeciwslonecznych-1.png\",\"width\":512,\"height\":512,\"caption\":\"Hurtownia okular\u00f3w Meridian Jerzy Myszkal\"},\"image\":{\"@id\":\"https:\\\/\\\/okulary-hurt.pl\\\/#\\\/schema\\\/logo\\\/image\\\/\"},\"sameAs\":[\"https:\\\/\\\/www.facebook.com\\\/HurtowniaMeridian\"]}]}<\/script>\n<!-- \/ Yoast SEO plugin. -->","yoast_head_json":{"title":"TORBA PLA\u017bOWA I MIEJSKA XXL - Hurtownia okular\u00f3w","robots":{"index":"index","follow":"follow","max-snippet":"max-snippet:-1","max-image-preview":"max-image-preview:large","max-video-preview":"max-video-preview:-1"},"canonical":"https:\/\/okulary-hurt.pl\/en\/hurtownia\/plywanie\/torby-plazowe-i-miejskie\/torba-plazowa-i-miejska-xxl-2\/","og_locale":"en_US","og_type":"article","og_title":"TORBA PLA\u017bOWA I MIEJSKA XXL - Hurtownia okular\u00f3w","og_description":"torebka pla\u017cowa &#8211; idealna stylizacja na pla\u017c\u0119 letnia marynarska torba koszyk b\u0119dzie pasowa\u0142a do ka\u017cdej letniej stylizacji. idealna na pla\u017c\u0119 jak i do miasta, torba jest bardzo lekka, zapinana na zamek, wewn\u0105trz znajduje si\u0119 ma\u0142a kieszonka zapinana na zamek na drobiazgi.","og_url":"https:\/\/okulary-hurt.pl\/en\/hurtownia\/plywanie\/torby-plazowe-i-miejskie\/torba-plazowa-i-miejska-xxl-2\/","og_site_name":"Hurtownia okular\u00f3w","article_publisher":"https:\/\/www.facebook.com\/HurtowniaMeridian","article_modified_time":"2026-02-27T10:03:53+00:00","og_image":[{"width":1993,"height":2172,"url":"https:\/\/okulary-hurt.pl\/wp-content\/uploads\/2026\/02\/Torba-plazowa.jpg","type":"image\/jpeg"}],"twitter_card":"summary_large_image","schema":{"@context":"https:\/\/schema.org","@graph":[{"@type":"WebPage","@id":"https:\/\/okulary-hurt.pl\/hurtownia\/plywanie\/torby-plazowe-i-miejskie\/torba-plazowa-i-miejska-xxl-2\/","url":"https:\/\/okulary-hurt.pl\/hurtownia\/plywanie\/torby-plazowe-i-miejskie\/torba-plazowa-i-miejska-xxl-2\/","name":"TORBA PLA\u017bOWA I MIEJSKA XXL - Hurtownia okular\u00f3w","isPartOf":{"@id":"https:\/\/okulary-hurt.pl\/#website"},"primaryImageOfPage":{"@id":"https:\/\/okulary-hurt.pl\/hurtownia\/plywanie\/torby-plazowe-i-miejskie\/torba-plazowa-i-miejska-xxl-2\/#primaryimage"},"image":{"@id":"https:\/\/okulary-hurt.pl\/hurtownia\/plywanie\/torby-plazowe-i-miejskie\/torba-plazowa-i-miejska-xxl-2\/#primaryimage"},"thumbnailUrl":"https:\/\/okulary-hurt.pl\/wp-content\/uploads\/2026\/02\/Torba-plazowa.jpg","datePublished":"2026-02-27T10:01:30+00:00","dateModified":"2026-02-27T10:03:53+00:00","breadcrumb":{"@id":"https:\/\/okulary-hurt.pl\/hurtownia\/plywanie\/torby-plazowe-i-miejskie\/torba-plazowa-i-miejska-xxl-2\/#breadcrumb"},"inLanguage":"en-US","potentialAction":[{"@type":"ReadAction","target":["https:\/\/okulary-hurt.pl\/hurtownia\/plywanie\/torby-plazowe-i-miejskie\/torba-plazowa-i-miejska-xxl-2\/"]}]},{"@type":"ImageObject","inLanguage":"en-US","@id":"https:\/\/okulary-hurt.pl\/hurtownia\/plywanie\/torby-plazowe-i-miejskie\/torba-plazowa-i-miejska-xxl-2\/#primaryimage","url":"https:\/\/okulary-hurt.pl\/wp-content\/uploads\/2026\/02\/Torba-plazowa.jpg","contentUrl":"https:\/\/okulary-hurt.pl\/wp-content\/uploads\/2026\/02\/Torba-plazowa.jpg","width":1993,"height":2172,"caption":"2ffa1d824716b4fee5b39b785489cec6650f50c4bf5a52d04b2092349cb8412734f356e3d91f6d4e28c7a0bee21fca9b00bdbd556a8b2134a6d26f451b1ee2ef62287314e5de1bd083906dca3e1153d3"},{"@type":"BreadcrumbList","@id":"https:\/\/okulary-hurt.pl\/hurtownia\/plywanie\/torby-plazowe-i-miejskie\/torba-plazowa-i-miejska-xxl-2\/#breadcrumb","itemListElement":[{"@type":"ListItem","position":1,"name":"Strona g\u0142\u00f3wna","item":"https:\/\/okulary-hurt.pl\/"},{"@type":"ListItem","position":2,"name":"Hurtownia","item":"https:\/\/okulary-hurt.pl\/hurtownia\/"},{"@type":"ListItem","position":3,"name":"TORBA PLA\u017bOWA I MIEJSKA XXL"}]},{"@type":"WebSite","@id":"https:\/\/okulary-hurt.pl\/#website","url":"https:\/\/okulary-hurt.pl\/","name":"Hurtownia okular\u00f3w przeciws\u0142onecznych","description":"Okulary przeciws\u0142oneczne najmodniejsze","publisher":{"@id":"https:\/\/okulary-hurt.pl\/#organization"},"alternateName":"Hurtownia okular\u00f3w Rzesz\u00f3w","potentialAction":[{"@type":"SearchAction","target":{"@type":"EntryPoint","urlTemplate":"https:\/\/okulary-hurt.pl\/?s={search_term_string}"},"query-input":{"@type":"PropertyValueSpecification","valueRequired":true,"valueName":"search_term_string"}}],"inLanguage":"en-US"},{"@type":"Organization","@id":"https:\/\/okulary-hurt.pl\/#organization","name":"Hurtownia okular\u00f3w Meridian Jerzy Myszkal","alternateName":"Meridian Jerzy Myszkal","url":"https:\/\/okulary-hurt.pl\/","logo":{"@type":"ImageObject","inLanguage":"en-US","@id":"https:\/\/okulary-hurt.pl\/#\/schema\/logo\/image\/","url":"https:\/\/okulary-hurt.pl\/wp-content\/uploads\/2026\/02\/cropped-okulary-hurt-hurtownia-okularow-przeciwslonecznych-1.png","contentUrl":"https:\/\/okulary-hurt.pl\/wp-content\/uploads\/2026\/02\/cropped-okulary-hurt-hurtownia-okularow-przeciwslonecznych-1.png","width":512,"height":512,"caption":"Hurtownia okular\u00f3w Meridian Jerzy Myszkal"},"image":{"@id":"https:\/\/okulary-hurt.pl\/#\/schema\/logo\/image\/"},"sameAs":["https:\/\/www.facebook.com\/HurtowniaMeridian"]}]}},"_links":{"self":[{"href":"https:\/\/okulary-hurt.pl\/en\/wp-json\/wp\/v2\/product\/2034","targetHints":{"allow":["GET"]}}],"collection":[{"href":"https:\/\/okulary-hurt.pl\/en\/wp-json\/wp\/v2\/product"}],"about":[{"href":"https:\/\/okulary-hurt.pl\/en\/wp-json\/wp\/v2\/types\/product"}],"wp:featuredmedia":[{"embeddable":true,"href":"https:\/\/okulary-hurt.pl\/en\/wp-json\/wp\/v2\/media\/2035"}],"wp:attachment":[{"href":"https:\/\/okulary-hurt.pl\/en\/wp-json\/wp\/v2\/media?parent=2034"}],"wp:term":[{"taxonomy":"product_brand","embeddable":true,"href":"https:\/\/okulary-hurt.pl\/en\/wp-json\/wp\/v2\/product_brand?post=2034"},{"taxonomy":"product_cat","embeddable":true,"href":"https:\/\/okulary-hurt.pl\/en\/wp-json\/wp\/v2\/product_cat?post=2034"},{"taxonomy":"product_tag","embeddable":true,"href":"https:\/\/okulary-hurt.pl\/en\/wp-json\/wp\/v2\/product_tag?post=2034"}],"curies":[{"name":"wp","href":"https:\/\/api.w.org\/{rel}","templated":true}]}}