{"id":2027,"date":"2026-02-27T10:25:56","date_gmt":"2026-02-27T09:25:56","guid":{"rendered":"https:\/\/hurtownia.okulary-hurt.pl\/sklep\/bez-kategorii\/zabawka-gra-zrecznosciowa-miekkie-pileczki-rodzinna-boccia\/"},"modified":"2026-02-27T10:25:56","modified_gmt":"2026-02-27T09:25:56","slug":"zabawka-gra-zrecznosciowa-miekkie-pileczki-rodzinna-boccia","status":"publish","type":"product","link":"https:\/\/okulary-hurt.pl\/en\/hurtownia\/zabawki\/zabawka-gra-zrecznosciowa-miekkie-pileczki-rodzinna-boccia\/","title":{"rendered":"Zabawka gra zr\u0119czno\u015bciowa (mi\u0119kkie pi\u0142eczki rodzinna boccia)"},"content":{"rendered":"<p>zestaw 7-cz\u0119\u015bciowy. gra zr\u0119czno\u015bciowa z kulkami materia\u0142owymi boccia mo\u017ce odby\u0107 si\u0119 wsz\u0119dzie. na dywanie, w przedpokoju, w ogrodzie. licz\u0105 si\u0119 zwinno\u015b\u0107 i dobry nastr\u00f3j. gra wykonana z poliestru jest \u0142atwa w czyszczeniu. pi\u0142eczki mo\u017cna delikatnie wypra\u0107. dzi\u0119ki temu, gdy twoja rodzina pokocha bocci\u0119, b\u0119dziecie do niej wraca\u0107 wielokrotnie.<\/p>","protected":false},"excerpt":{"rendered":"<p>zestaw 7-cz\u0119\u015bciowy. gra zr\u0119czno\u015bciowa z kulkami materia\u0142owymi boccia mo\u017ce odby\u0107 si\u0119 wsz\u0119dzie. na dywanie, w przedpokoju, w ogrodzie. licz\u0105 si\u0119 zwinno\u015b\u0107 i dobry nastr\u00f3j. gra wykonana z poliestru jest \u0142atwa w czyszczeniu. pi\u0142eczki mo\u017cna delikatnie wypra\u0107. dzi\u0119ki temu, gdy twoja rodzina pokocha bocci\u0119, b\u0119dziecie do niej wraca\u0107 wielokrotnie.<\/p>","protected":false},"featured_media":2026,"template":"","meta":[],"product_brand":[],"product_cat":[61],"product_tag":[],"class_list":{"0":"post-2027","1":"product","2":"type-product","3":"status-publish","4":"has-post-thumbnail","6":"product_cat-zabawki","8":"first","9":"instock","10":"taxable","11":"shipping-taxable","12":"purchasable","13":"product-type-simple"},"yoast_head":"<!-- This site is optimized with the Yoast SEO plugin v27.3 - https:\/\/yoast.com\/product\/yoast-seo-wordpress\/ -->\n<title>Zabawka gra zr\u0119czno\u015bciowa (mi\u0119kkie pi\u0142eczki rodzinna boccia) - Hurtownia okular\u00f3w<\/title>\n<meta name=\"robots\" content=\"index, follow, max-snippet:-1, max-image-preview:large, max-video-preview:-1\" \/>\n<link rel=\"canonical\" href=\"https:\/\/okulary-hurt.pl\/en\/hurtownia\/zabawki\/zabawka-gra-zrecznosciowa-miekkie-pileczki-rodzinna-boccia\/\" \/>\n<meta property=\"og:locale\" content=\"en_US\" \/>\n<meta property=\"og:type\" content=\"article\" \/>\n<meta property=\"og:title\" content=\"Zabawka gra zr\u0119czno\u015bciowa (mi\u0119kkie pi\u0142eczki rodzinna boccia) - Hurtownia okular\u00f3w\" \/>\n<meta property=\"og:description\" content=\"zestaw 7-cz\u0119\u015bciowy. gra zr\u0119czno\u015bciowa z kulkami materia\u0142owymi boccia mo\u017ce odby\u0107 si\u0119 wsz\u0119dzie. na dywanie, w przedpokoju, w ogrodzie. licz\u0105 si\u0119 zwinno\u015b\u0107 i dobry nastr\u00f3j. gra wykonana z poliestru jest \u0142atwa w czyszczeniu. pi\u0142eczki mo\u017cna delikatnie wypra\u0107. dzi\u0119ki temu, gdy twoja rodzina pokocha bocci\u0119, b\u0119dziecie do niej wraca\u0107 wielokrotnie.\" \/>\n<meta property=\"og:url\" content=\"https:\/\/okulary-hurt.pl\/en\/hurtownia\/zabawki\/zabawka-gra-zrecznosciowa-miekkie-pileczki-rodzinna-boccia\/\" \/>\n<meta property=\"og:site_name\" content=\"Hurtownia okular\u00f3w\" \/>\n<meta property=\"article:publisher\" content=\"https:\/\/www.facebook.com\/HurtowniaMeridian\" \/>\n<meta property=\"og:image\" content=\"https:\/\/okulary-hurt.pl\/wp-content\/uploads\/2026\/02\/d26a718f51b1df901299ac0272562312.jpg\" \/>\n\t<meta property=\"og:image:width\" content=\"747\" \/>\n\t<meta property=\"og:image:height\" content=\"600\" \/>\n\t<meta property=\"og:image:type\" content=\"image\/jpeg\" \/>\n<meta name=\"twitter:card\" content=\"summary_large_image\" \/>\n<script type=\"application\/ld+json\" class=\"yoast-schema-graph\">{\"@context\":\"https:\\\/\\\/schema.org\",\"@graph\":[{\"@type\":\"WebPage\",\"@id\":\"https:\\\/\\\/okulary-hurt.pl\\\/hurtownia\\\/zabawki\\\/zabawka-gra-zrecznosciowa-miekkie-pileczki-rodzinna-boccia\\\/\",\"url\":\"https:\\\/\\\/okulary-hurt.pl\\\/hurtownia\\\/zabawki\\\/zabawka-gra-zrecznosciowa-miekkie-pileczki-rodzinna-boccia\\\/\",\"name\":\"Zabawka gra zr\u0119czno\u015bciowa (mi\u0119kkie pi\u0142eczki rodzinna boccia) - Hurtownia okular\u00f3w\",\"isPartOf\":{\"@id\":\"https:\\\/\\\/okulary-hurt.pl\\\/#website\"},\"primaryImageOfPage\":{\"@id\":\"https:\\\/\\\/okulary-hurt.pl\\\/hurtownia\\\/zabawki\\\/zabawka-gra-zrecznosciowa-miekkie-pileczki-rodzinna-boccia\\\/#primaryimage\"},\"image\":{\"@id\":\"https:\\\/\\\/okulary-hurt.pl\\\/hurtownia\\\/zabawki\\\/zabawka-gra-zrecznosciowa-miekkie-pileczki-rodzinna-boccia\\\/#primaryimage\"},\"thumbnailUrl\":\"https:\\\/\\\/okulary-hurt.pl\\\/wp-content\\\/uploads\\\/2026\\\/02\\\/d26a718f51b1df901299ac0272562312.jpg\",\"datePublished\":\"2026-02-27T09:25:56+00:00\",\"breadcrumb\":{\"@id\":\"https:\\\/\\\/okulary-hurt.pl\\\/hurtownia\\\/zabawki\\\/zabawka-gra-zrecznosciowa-miekkie-pileczki-rodzinna-boccia\\\/#breadcrumb\"},\"inLanguage\":\"en-US\",\"potentialAction\":[{\"@type\":\"ReadAction\",\"target\":[\"https:\\\/\\\/okulary-hurt.pl\\\/hurtownia\\\/zabawki\\\/zabawka-gra-zrecznosciowa-miekkie-pileczki-rodzinna-boccia\\\/\"]}]},{\"@type\":\"ImageObject\",\"inLanguage\":\"en-US\",\"@id\":\"https:\\\/\\\/okulary-hurt.pl\\\/hurtownia\\\/zabawki\\\/zabawka-gra-zrecznosciowa-miekkie-pileczki-rodzinna-boccia\\\/#primaryimage\",\"url\":\"https:\\\/\\\/okulary-hurt.pl\\\/wp-content\\\/uploads\\\/2026\\\/02\\\/d26a718f51b1df901299ac0272562312.jpg\",\"contentUrl\":\"https:\\\/\\\/okulary-hurt.pl\\\/wp-content\\\/uploads\\\/2026\\\/02\\\/d26a718f51b1df901299ac0272562312.jpg\",\"width\":747,\"height\":600},{\"@type\":\"BreadcrumbList\",\"@id\":\"https:\\\/\\\/okulary-hurt.pl\\\/hurtownia\\\/zabawki\\\/zabawka-gra-zrecznosciowa-miekkie-pileczki-rodzinna-boccia\\\/#breadcrumb\",\"itemListElement\":[{\"@type\":\"ListItem\",\"position\":1,\"name\":\"Strona g\u0142\u00f3wna\",\"item\":\"https:\\\/\\\/okulary-hurt.pl\\\/\"},{\"@type\":\"ListItem\",\"position\":2,\"name\":\"Hurtownia\",\"item\":\"https:\\\/\\\/okulary-hurt.pl\\\/hurtownia\\\/\"},{\"@type\":\"ListItem\",\"position\":3,\"name\":\"Zabawka gra zr\u0119czno\u015bciowa (mi\u0119kkie pi\u0142eczki rodzinna boccia)\"}]},{\"@type\":\"WebSite\",\"@id\":\"https:\\\/\\\/okulary-hurt.pl\\\/#website\",\"url\":\"https:\\\/\\\/okulary-hurt.pl\\\/\",\"name\":\"Hurtownia okular\u00f3w przeciws\u0142onecznych\",\"description\":\"Okulary przeciws\u0142oneczne najmodniejsze\",\"publisher\":{\"@id\":\"https:\\\/\\\/okulary-hurt.pl\\\/#organization\"},\"alternateName\":\"Hurtownia okular\u00f3w Rzesz\u00f3w\",\"potentialAction\":[{\"@type\":\"SearchAction\",\"target\":{\"@type\":\"EntryPoint\",\"urlTemplate\":\"https:\\\/\\\/okulary-hurt.pl\\\/?s={search_term_string}\"},\"query-input\":{\"@type\":\"PropertyValueSpecification\",\"valueRequired\":true,\"valueName\":\"search_term_string\"}}],\"inLanguage\":\"en-US\"},{\"@type\":\"Organization\",\"@id\":\"https:\\\/\\\/okulary-hurt.pl\\\/#organization\",\"name\":\"Hurtownia okular\u00f3w Meridian Jerzy Myszkal\",\"alternateName\":\"Meridian Jerzy Myszkal\",\"url\":\"https:\\\/\\\/okulary-hurt.pl\\\/\",\"logo\":{\"@type\":\"ImageObject\",\"inLanguage\":\"en-US\",\"@id\":\"https:\\\/\\\/okulary-hurt.pl\\\/#\\\/schema\\\/logo\\\/image\\\/\",\"url\":\"https:\\\/\\\/okulary-hurt.pl\\\/wp-content\\\/uploads\\\/2026\\\/02\\\/cropped-okulary-hurt-hurtownia-okularow-przeciwslonecznych-1.png\",\"contentUrl\":\"https:\\\/\\\/okulary-hurt.pl\\\/wp-content\\\/uploads\\\/2026\\\/02\\\/cropped-okulary-hurt-hurtownia-okularow-przeciwslonecznych-1.png\",\"width\":512,\"height\":512,\"caption\":\"Hurtownia okular\u00f3w Meridian Jerzy Myszkal\"},\"image\":{\"@id\":\"https:\\\/\\\/okulary-hurt.pl\\\/#\\\/schema\\\/logo\\\/image\\\/\"},\"sameAs\":[\"https:\\\/\\\/www.facebook.com\\\/HurtowniaMeridian\"]}]}<\/script>\n<!-- \/ Yoast SEO plugin. -->","yoast_head_json":{"title":"Zabawka gra zr\u0119czno\u015bciowa (mi\u0119kkie pi\u0142eczki rodzinna boccia) - Hurtownia okular\u00f3w","robots":{"index":"index","follow":"follow","max-snippet":"max-snippet:-1","max-image-preview":"max-image-preview:large","max-video-preview":"max-video-preview:-1"},"canonical":"https:\/\/okulary-hurt.pl\/en\/hurtownia\/zabawki\/zabawka-gra-zrecznosciowa-miekkie-pileczki-rodzinna-boccia\/","og_locale":"en_US","og_type":"article","og_title":"Zabawka gra zr\u0119czno\u015bciowa (mi\u0119kkie pi\u0142eczki rodzinna boccia) - Hurtownia okular\u00f3w","og_description":"zestaw 7-cz\u0119\u015bciowy. gra zr\u0119czno\u015bciowa z kulkami materia\u0142owymi boccia mo\u017ce odby\u0107 si\u0119 wsz\u0119dzie. na dywanie, w przedpokoju, w ogrodzie. licz\u0105 si\u0119 zwinno\u015b\u0107 i dobry nastr\u00f3j. gra wykonana z poliestru jest \u0142atwa w czyszczeniu. pi\u0142eczki mo\u017cna delikatnie wypra\u0107. dzi\u0119ki temu, gdy twoja rodzina pokocha bocci\u0119, b\u0119dziecie do niej wraca\u0107 wielokrotnie.","og_url":"https:\/\/okulary-hurt.pl\/en\/hurtownia\/zabawki\/zabawka-gra-zrecznosciowa-miekkie-pileczki-rodzinna-boccia\/","og_site_name":"Hurtownia okular\u00f3w","article_publisher":"https:\/\/www.facebook.com\/HurtowniaMeridian","og_image":[{"width":747,"height":600,"url":"https:\/\/okulary-hurt.pl\/wp-content\/uploads\/2026\/02\/d26a718f51b1df901299ac0272562312.jpg","type":"image\/jpeg"}],"twitter_card":"summary_large_image","schema":{"@context":"https:\/\/schema.org","@graph":[{"@type":"WebPage","@id":"https:\/\/okulary-hurt.pl\/hurtownia\/zabawki\/zabawka-gra-zrecznosciowa-miekkie-pileczki-rodzinna-boccia\/","url":"https:\/\/okulary-hurt.pl\/hurtownia\/zabawki\/zabawka-gra-zrecznosciowa-miekkie-pileczki-rodzinna-boccia\/","name":"Zabawka gra zr\u0119czno\u015bciowa (mi\u0119kkie pi\u0142eczki rodzinna boccia) - Hurtownia okular\u00f3w","isPartOf":{"@id":"https:\/\/okulary-hurt.pl\/#website"},"primaryImageOfPage":{"@id":"https:\/\/okulary-hurt.pl\/hurtownia\/zabawki\/zabawka-gra-zrecznosciowa-miekkie-pileczki-rodzinna-boccia\/#primaryimage"},"image":{"@id":"https:\/\/okulary-hurt.pl\/hurtownia\/zabawki\/zabawka-gra-zrecznosciowa-miekkie-pileczki-rodzinna-boccia\/#primaryimage"},"thumbnailUrl":"https:\/\/okulary-hurt.pl\/wp-content\/uploads\/2026\/02\/d26a718f51b1df901299ac0272562312.jpg","datePublished":"2026-02-27T09:25:56+00:00","breadcrumb":{"@id":"https:\/\/okulary-hurt.pl\/hurtownia\/zabawki\/zabawka-gra-zrecznosciowa-miekkie-pileczki-rodzinna-boccia\/#breadcrumb"},"inLanguage":"en-US","potentialAction":[{"@type":"ReadAction","target":["https:\/\/okulary-hurt.pl\/hurtownia\/zabawki\/zabawka-gra-zrecznosciowa-miekkie-pileczki-rodzinna-boccia\/"]}]},{"@type":"ImageObject","inLanguage":"en-US","@id":"https:\/\/okulary-hurt.pl\/hurtownia\/zabawki\/zabawka-gra-zrecznosciowa-miekkie-pileczki-rodzinna-boccia\/#primaryimage","url":"https:\/\/okulary-hurt.pl\/wp-content\/uploads\/2026\/02\/d26a718f51b1df901299ac0272562312.jpg","contentUrl":"https:\/\/okulary-hurt.pl\/wp-content\/uploads\/2026\/02\/d26a718f51b1df901299ac0272562312.jpg","width":747,"height":600},{"@type":"BreadcrumbList","@id":"https:\/\/okulary-hurt.pl\/hurtownia\/zabawki\/zabawka-gra-zrecznosciowa-miekkie-pileczki-rodzinna-boccia\/#breadcrumb","itemListElement":[{"@type":"ListItem","position":1,"name":"Strona g\u0142\u00f3wna","item":"https:\/\/okulary-hurt.pl\/"},{"@type":"ListItem","position":2,"name":"Hurtownia","item":"https:\/\/okulary-hurt.pl\/hurtownia\/"},{"@type":"ListItem","position":3,"name":"Zabawka gra zr\u0119czno\u015bciowa (mi\u0119kkie pi\u0142eczki rodzinna boccia)"}]},{"@type":"WebSite","@id":"https:\/\/okulary-hurt.pl\/#website","url":"https:\/\/okulary-hurt.pl\/","name":"Hurtownia okular\u00f3w przeciws\u0142onecznych","description":"Okulary przeciws\u0142oneczne najmodniejsze","publisher":{"@id":"https:\/\/okulary-hurt.pl\/#organization"},"alternateName":"Hurtownia okular\u00f3w Rzesz\u00f3w","potentialAction":[{"@type":"SearchAction","target":{"@type":"EntryPoint","urlTemplate":"https:\/\/okulary-hurt.pl\/?s={search_term_string}"},"query-input":{"@type":"PropertyValueSpecification","valueRequired":true,"valueName":"search_term_string"}}],"inLanguage":"en-US"},{"@type":"Organization","@id":"https:\/\/okulary-hurt.pl\/#organization","name":"Hurtownia okular\u00f3w Meridian Jerzy Myszkal","alternateName":"Meridian Jerzy Myszkal","url":"https:\/\/okulary-hurt.pl\/","logo":{"@type":"ImageObject","inLanguage":"en-US","@id":"https:\/\/okulary-hurt.pl\/#\/schema\/logo\/image\/","url":"https:\/\/okulary-hurt.pl\/wp-content\/uploads\/2026\/02\/cropped-okulary-hurt-hurtownia-okularow-przeciwslonecznych-1.png","contentUrl":"https:\/\/okulary-hurt.pl\/wp-content\/uploads\/2026\/02\/cropped-okulary-hurt-hurtownia-okularow-przeciwslonecznych-1.png","width":512,"height":512,"caption":"Hurtownia okular\u00f3w Meridian Jerzy Myszkal"},"image":{"@id":"https:\/\/okulary-hurt.pl\/#\/schema\/logo\/image\/"},"sameAs":["https:\/\/www.facebook.com\/HurtowniaMeridian"]}]}},"_links":{"self":[{"href":"https:\/\/okulary-hurt.pl\/en\/wp-json\/wp\/v2\/product\/2027","targetHints":{"allow":["GET"]}}],"collection":[{"href":"https:\/\/okulary-hurt.pl\/en\/wp-json\/wp\/v2\/product"}],"about":[{"href":"https:\/\/okulary-hurt.pl\/en\/wp-json\/wp\/v2\/types\/product"}],"wp:featuredmedia":[{"embeddable":true,"href":"https:\/\/okulary-hurt.pl\/en\/wp-json\/wp\/v2\/media\/2026"}],"wp:attachment":[{"href":"https:\/\/okulary-hurt.pl\/en\/wp-json\/wp\/v2\/media?parent=2027"}],"wp:term":[{"taxonomy":"product_brand","embeddable":true,"href":"https:\/\/okulary-hurt.pl\/en\/wp-json\/wp\/v2\/product_brand?post=2027"},{"taxonomy":"product_cat","embeddable":true,"href":"https:\/\/okulary-hurt.pl\/en\/wp-json\/wp\/v2\/product_cat?post=2027"},{"taxonomy":"product_tag","embeddable":true,"href":"https:\/\/okulary-hurt.pl\/en\/wp-json\/wp\/v2\/product_tag?post=2027"}],"curies":[{"name":"wp","href":"https:\/\/api.w.org\/{rel}","templated":true}]}}