{"id":2025,"date":"2026-02-27T10:25:24","date_gmt":"2026-02-27T09:25:24","guid":{"rendered":"https:\/\/hurtownia.okulary-hurt.pl\/sklep\/bez-kategorii\/zabawka-dziecieca-torba-silikonowa-na-ramie-awokado\/"},"modified":"2026-02-27T10:25:24","modified_gmt":"2026-02-27T09:25:24","slug":"zabawka-dziecieca-torba-silikonowa-na-ramie-awokado","status":"publish","type":"product","link":"https:\/\/okulary-hurt.pl\/en\/hurtownia\/zabawki\/zabawka-dziecieca-torba-silikonowa-na-ramie-awokado\/","title":{"rendered":"Zabawka dzieci\u0119ca torba silikonowa na rami\u0119 awokado"},"content":{"rendered":"<p>urocza torba na rami\u0119, kszta\u0142t awokado i wz\u00f3r, wygl\u0105da czaruj\u0105co i \u0142adnie, pasuje na ka\u017cd\u0105 okazj\u0119. wysoko\u015b\u0107 ca\u0142kowita: 12,2 cm, wysoko\u015b\u0107: 11,5 cm, szeroko\u015b\u0107: 9,5 cm, g\u0142\u0119boko\u015b\u0107: 4 cm, d\u0142ugo\u015b\u0107 paska: ok 1,2m.<\/p>","protected":false},"excerpt":{"rendered":"<p>urocza torba na rami\u0119, kszta\u0142t awokado i wz\u00f3r, wygl\u0105da czaruj\u0105co i \u0142adnie, pasuje na ka\u017cd\u0105 okazj\u0119. wysoko\u015b\u0107 ca\u0142kowita: 12,2 cm, wysoko\u015b\u0107: 11,5 cm, szeroko\u015b\u0107: 9,5 cm, g\u0142\u0119boko\u015b\u0107: 4 cm, d\u0142ugo\u015b\u0107 paska: ok 1,2m.<\/p>","protected":false},"featured_media":2024,"template":"","meta":[],"product_brand":[],"product_cat":[61],"product_tag":[],"class_list":{"0":"post-2025","1":"product","2":"type-product","3":"status-publish","4":"has-post-thumbnail","6":"product_cat-zabawki","8":"first","9":"instock","10":"taxable","11":"shipping-taxable","12":"purchasable","13":"product-type-simple"},"yoast_head":"<!-- This site is optimized with the Yoast SEO plugin v27.3 - https:\/\/yoast.com\/product\/yoast-seo-wordpress\/ -->\n<title>Zabawka dzieci\u0119ca torba silikonowa na rami\u0119 awokado - Hurtownia okular\u00f3w<\/title>\n<meta name=\"robots\" content=\"index, follow, max-snippet:-1, max-image-preview:large, max-video-preview:-1\" \/>\n<link rel=\"canonical\" href=\"https:\/\/okulary-hurt.pl\/en\/hurtownia\/zabawki\/zabawka-dziecieca-torba-silikonowa-na-ramie-awokado\/\" \/>\n<meta property=\"og:locale\" content=\"en_US\" \/>\n<meta property=\"og:type\" content=\"article\" \/>\n<meta property=\"og:title\" content=\"Zabawka dzieci\u0119ca torba silikonowa na rami\u0119 awokado - Hurtownia okular\u00f3w\" \/>\n<meta property=\"og:description\" content=\"urocza torba na rami\u0119, kszta\u0142t awokado i wz\u00f3r, wygl\u0105da czaruj\u0105co i \u0142adnie, pasuje na ka\u017cd\u0105 okazj\u0119. wysoko\u015b\u0107 ca\u0142kowita: 12,2 cm, wysoko\u015b\u0107: 11,5 cm, szeroko\u015b\u0107: 9,5 cm, g\u0142\u0119boko\u015b\u0107: 4 cm, d\u0142ugo\u015b\u0107 paska: ok 1,2m.\" \/>\n<meta property=\"og:url\" content=\"https:\/\/okulary-hurt.pl\/en\/hurtownia\/zabawki\/zabawka-dziecieca-torba-silikonowa-na-ramie-awokado\/\" \/>\n<meta property=\"og:site_name\" content=\"Hurtownia okular\u00f3w\" \/>\n<meta property=\"article:publisher\" content=\"https:\/\/www.facebook.com\/HurtowniaMeridian\" \/>\n<meta property=\"og:image\" content=\"https:\/\/okulary-hurt.pl\/wp-content\/uploads\/2026\/02\/4aff2cc495b37bab474abcd6b01c7248.jpg\" \/>\n\t<meta property=\"og:image:width\" content=\"641\" \/>\n\t<meta property=\"og:image:height\" content=\"699\" \/>\n\t<meta property=\"og:image:type\" content=\"image\/jpeg\" \/>\n<meta name=\"twitter:card\" content=\"summary_large_image\" \/>\n<script type=\"application\/ld+json\" class=\"yoast-schema-graph\">{\"@context\":\"https:\\\/\\\/schema.org\",\"@graph\":[{\"@type\":\"WebPage\",\"@id\":\"https:\\\/\\\/okulary-hurt.pl\\\/hurtownia\\\/zabawki\\\/zabawka-dziecieca-torba-silikonowa-na-ramie-awokado\\\/\",\"url\":\"https:\\\/\\\/okulary-hurt.pl\\\/hurtownia\\\/zabawki\\\/zabawka-dziecieca-torba-silikonowa-na-ramie-awokado\\\/\",\"name\":\"Zabawka dzieci\u0119ca torba silikonowa na rami\u0119 awokado - Hurtownia okular\u00f3w\",\"isPartOf\":{\"@id\":\"https:\\\/\\\/okulary-hurt.pl\\\/#website\"},\"primaryImageOfPage\":{\"@id\":\"https:\\\/\\\/okulary-hurt.pl\\\/hurtownia\\\/zabawki\\\/zabawka-dziecieca-torba-silikonowa-na-ramie-awokado\\\/#primaryimage\"},\"image\":{\"@id\":\"https:\\\/\\\/okulary-hurt.pl\\\/hurtownia\\\/zabawki\\\/zabawka-dziecieca-torba-silikonowa-na-ramie-awokado\\\/#primaryimage\"},\"thumbnailUrl\":\"https:\\\/\\\/okulary-hurt.pl\\\/wp-content\\\/uploads\\\/2026\\\/02\\\/4aff2cc495b37bab474abcd6b01c7248.jpg\",\"datePublished\":\"2026-02-27T09:25:24+00:00\",\"breadcrumb\":{\"@id\":\"https:\\\/\\\/okulary-hurt.pl\\\/hurtownia\\\/zabawki\\\/zabawka-dziecieca-torba-silikonowa-na-ramie-awokado\\\/#breadcrumb\"},\"inLanguage\":\"en-US\",\"potentialAction\":[{\"@type\":\"ReadAction\",\"target\":[\"https:\\\/\\\/okulary-hurt.pl\\\/hurtownia\\\/zabawki\\\/zabawka-dziecieca-torba-silikonowa-na-ramie-awokado\\\/\"]}]},{\"@type\":\"ImageObject\",\"inLanguage\":\"en-US\",\"@id\":\"https:\\\/\\\/okulary-hurt.pl\\\/hurtownia\\\/zabawki\\\/zabawka-dziecieca-torba-silikonowa-na-ramie-awokado\\\/#primaryimage\",\"url\":\"https:\\\/\\\/okulary-hurt.pl\\\/wp-content\\\/uploads\\\/2026\\\/02\\\/4aff2cc495b37bab474abcd6b01c7248.jpg\",\"contentUrl\":\"https:\\\/\\\/okulary-hurt.pl\\\/wp-content\\\/uploads\\\/2026\\\/02\\\/4aff2cc495b37bab474abcd6b01c7248.jpg\",\"width\":641,\"height\":699},{\"@type\":\"BreadcrumbList\",\"@id\":\"https:\\\/\\\/okulary-hurt.pl\\\/hurtownia\\\/zabawki\\\/zabawka-dziecieca-torba-silikonowa-na-ramie-awokado\\\/#breadcrumb\",\"itemListElement\":[{\"@type\":\"ListItem\",\"position\":1,\"name\":\"Strona g\u0142\u00f3wna\",\"item\":\"https:\\\/\\\/okulary-hurt.pl\\\/\"},{\"@type\":\"ListItem\",\"position\":2,\"name\":\"Hurtownia\",\"item\":\"https:\\\/\\\/okulary-hurt.pl\\\/hurtownia\\\/\"},{\"@type\":\"ListItem\",\"position\":3,\"name\":\"Zabawka dzieci\u0119ca torba silikonowa na rami\u0119 awokado\"}]},{\"@type\":\"WebSite\",\"@id\":\"https:\\\/\\\/okulary-hurt.pl\\\/#website\",\"url\":\"https:\\\/\\\/okulary-hurt.pl\\\/\",\"name\":\"Hurtownia okular\u00f3w przeciws\u0142onecznych\",\"description\":\"Okulary przeciws\u0142oneczne najmodniejsze\",\"publisher\":{\"@id\":\"https:\\\/\\\/okulary-hurt.pl\\\/#organization\"},\"alternateName\":\"Hurtownia okular\u00f3w Rzesz\u00f3w\",\"potentialAction\":[{\"@type\":\"SearchAction\",\"target\":{\"@type\":\"EntryPoint\",\"urlTemplate\":\"https:\\\/\\\/okulary-hurt.pl\\\/?s={search_term_string}\"},\"query-input\":{\"@type\":\"PropertyValueSpecification\",\"valueRequired\":true,\"valueName\":\"search_term_string\"}}],\"inLanguage\":\"en-US\"},{\"@type\":\"Organization\",\"@id\":\"https:\\\/\\\/okulary-hurt.pl\\\/#organization\",\"name\":\"Hurtownia okular\u00f3w Meridian Jerzy Myszkal\",\"alternateName\":\"Meridian Jerzy Myszkal\",\"url\":\"https:\\\/\\\/okulary-hurt.pl\\\/\",\"logo\":{\"@type\":\"ImageObject\",\"inLanguage\":\"en-US\",\"@id\":\"https:\\\/\\\/okulary-hurt.pl\\\/#\\\/schema\\\/logo\\\/image\\\/\",\"url\":\"https:\\\/\\\/okulary-hurt.pl\\\/wp-content\\\/uploads\\\/2026\\\/02\\\/cropped-okulary-hurt-hurtownia-okularow-przeciwslonecznych-1.png\",\"contentUrl\":\"https:\\\/\\\/okulary-hurt.pl\\\/wp-content\\\/uploads\\\/2026\\\/02\\\/cropped-okulary-hurt-hurtownia-okularow-przeciwslonecznych-1.png\",\"width\":512,\"height\":512,\"caption\":\"Hurtownia okular\u00f3w Meridian Jerzy Myszkal\"},\"image\":{\"@id\":\"https:\\\/\\\/okulary-hurt.pl\\\/#\\\/schema\\\/logo\\\/image\\\/\"},\"sameAs\":[\"https:\\\/\\\/www.facebook.com\\\/HurtowniaMeridian\"]}]}<\/script>\n<!-- \/ Yoast SEO plugin. -->","yoast_head_json":{"title":"Zabawka dzieci\u0119ca torba silikonowa na rami\u0119 awokado - Hurtownia okular\u00f3w","robots":{"index":"index","follow":"follow","max-snippet":"max-snippet:-1","max-image-preview":"max-image-preview:large","max-video-preview":"max-video-preview:-1"},"canonical":"https:\/\/okulary-hurt.pl\/en\/hurtownia\/zabawki\/zabawka-dziecieca-torba-silikonowa-na-ramie-awokado\/","og_locale":"en_US","og_type":"article","og_title":"Zabawka dzieci\u0119ca torba silikonowa na rami\u0119 awokado - Hurtownia okular\u00f3w","og_description":"urocza torba na rami\u0119, kszta\u0142t awokado i wz\u00f3r, wygl\u0105da czaruj\u0105co i \u0142adnie, pasuje na ka\u017cd\u0105 okazj\u0119. wysoko\u015b\u0107 ca\u0142kowita: 12,2 cm, wysoko\u015b\u0107: 11,5 cm, szeroko\u015b\u0107: 9,5 cm, g\u0142\u0119boko\u015b\u0107: 4 cm, d\u0142ugo\u015b\u0107 paska: ok 1,2m.","og_url":"https:\/\/okulary-hurt.pl\/en\/hurtownia\/zabawki\/zabawka-dziecieca-torba-silikonowa-na-ramie-awokado\/","og_site_name":"Hurtownia okular\u00f3w","article_publisher":"https:\/\/www.facebook.com\/HurtowniaMeridian","og_image":[{"width":641,"height":699,"url":"https:\/\/okulary-hurt.pl\/wp-content\/uploads\/2026\/02\/4aff2cc495b37bab474abcd6b01c7248.jpg","type":"image\/jpeg"}],"twitter_card":"summary_large_image","schema":{"@context":"https:\/\/schema.org","@graph":[{"@type":"WebPage","@id":"https:\/\/okulary-hurt.pl\/hurtownia\/zabawki\/zabawka-dziecieca-torba-silikonowa-na-ramie-awokado\/","url":"https:\/\/okulary-hurt.pl\/hurtownia\/zabawki\/zabawka-dziecieca-torba-silikonowa-na-ramie-awokado\/","name":"Zabawka dzieci\u0119ca torba silikonowa na rami\u0119 awokado - Hurtownia okular\u00f3w","isPartOf":{"@id":"https:\/\/okulary-hurt.pl\/#website"},"primaryImageOfPage":{"@id":"https:\/\/okulary-hurt.pl\/hurtownia\/zabawki\/zabawka-dziecieca-torba-silikonowa-na-ramie-awokado\/#primaryimage"},"image":{"@id":"https:\/\/okulary-hurt.pl\/hurtownia\/zabawki\/zabawka-dziecieca-torba-silikonowa-na-ramie-awokado\/#primaryimage"},"thumbnailUrl":"https:\/\/okulary-hurt.pl\/wp-content\/uploads\/2026\/02\/4aff2cc495b37bab474abcd6b01c7248.jpg","datePublished":"2026-02-27T09:25:24+00:00","breadcrumb":{"@id":"https:\/\/okulary-hurt.pl\/hurtownia\/zabawki\/zabawka-dziecieca-torba-silikonowa-na-ramie-awokado\/#breadcrumb"},"inLanguage":"en-US","potentialAction":[{"@type":"ReadAction","target":["https:\/\/okulary-hurt.pl\/hurtownia\/zabawki\/zabawka-dziecieca-torba-silikonowa-na-ramie-awokado\/"]}]},{"@type":"ImageObject","inLanguage":"en-US","@id":"https:\/\/okulary-hurt.pl\/hurtownia\/zabawki\/zabawka-dziecieca-torba-silikonowa-na-ramie-awokado\/#primaryimage","url":"https:\/\/okulary-hurt.pl\/wp-content\/uploads\/2026\/02\/4aff2cc495b37bab474abcd6b01c7248.jpg","contentUrl":"https:\/\/okulary-hurt.pl\/wp-content\/uploads\/2026\/02\/4aff2cc495b37bab474abcd6b01c7248.jpg","width":641,"height":699},{"@type":"BreadcrumbList","@id":"https:\/\/okulary-hurt.pl\/hurtownia\/zabawki\/zabawka-dziecieca-torba-silikonowa-na-ramie-awokado\/#breadcrumb","itemListElement":[{"@type":"ListItem","position":1,"name":"Strona g\u0142\u00f3wna","item":"https:\/\/okulary-hurt.pl\/"},{"@type":"ListItem","position":2,"name":"Hurtownia","item":"https:\/\/okulary-hurt.pl\/hurtownia\/"},{"@type":"ListItem","position":3,"name":"Zabawka dzieci\u0119ca torba silikonowa na rami\u0119 awokado"}]},{"@type":"WebSite","@id":"https:\/\/okulary-hurt.pl\/#website","url":"https:\/\/okulary-hurt.pl\/","name":"Hurtownia okular\u00f3w przeciws\u0142onecznych","description":"Okulary przeciws\u0142oneczne najmodniejsze","publisher":{"@id":"https:\/\/okulary-hurt.pl\/#organization"},"alternateName":"Hurtownia okular\u00f3w Rzesz\u00f3w","potentialAction":[{"@type":"SearchAction","target":{"@type":"EntryPoint","urlTemplate":"https:\/\/okulary-hurt.pl\/?s={search_term_string}"},"query-input":{"@type":"PropertyValueSpecification","valueRequired":true,"valueName":"search_term_string"}}],"inLanguage":"en-US"},{"@type":"Organization","@id":"https:\/\/okulary-hurt.pl\/#organization","name":"Hurtownia okular\u00f3w Meridian Jerzy Myszkal","alternateName":"Meridian Jerzy Myszkal","url":"https:\/\/okulary-hurt.pl\/","logo":{"@type":"ImageObject","inLanguage":"en-US","@id":"https:\/\/okulary-hurt.pl\/#\/schema\/logo\/image\/","url":"https:\/\/okulary-hurt.pl\/wp-content\/uploads\/2026\/02\/cropped-okulary-hurt-hurtownia-okularow-przeciwslonecznych-1.png","contentUrl":"https:\/\/okulary-hurt.pl\/wp-content\/uploads\/2026\/02\/cropped-okulary-hurt-hurtownia-okularow-przeciwslonecznych-1.png","width":512,"height":512,"caption":"Hurtownia okular\u00f3w Meridian Jerzy Myszkal"},"image":{"@id":"https:\/\/okulary-hurt.pl\/#\/schema\/logo\/image\/"},"sameAs":["https:\/\/www.facebook.com\/HurtowniaMeridian"]}]}},"_links":{"self":[{"href":"https:\/\/okulary-hurt.pl\/en\/wp-json\/wp\/v2\/product\/2025","targetHints":{"allow":["GET"]}}],"collection":[{"href":"https:\/\/okulary-hurt.pl\/en\/wp-json\/wp\/v2\/product"}],"about":[{"href":"https:\/\/okulary-hurt.pl\/en\/wp-json\/wp\/v2\/types\/product"}],"wp:featuredmedia":[{"embeddable":true,"href":"https:\/\/okulary-hurt.pl\/en\/wp-json\/wp\/v2\/media\/2024"}],"wp:attachment":[{"href":"https:\/\/okulary-hurt.pl\/en\/wp-json\/wp\/v2\/media?parent=2025"}],"wp:term":[{"taxonomy":"product_brand","embeddable":true,"href":"https:\/\/okulary-hurt.pl\/en\/wp-json\/wp\/v2\/product_brand?post=2025"},{"taxonomy":"product_cat","embeddable":true,"href":"https:\/\/okulary-hurt.pl\/en\/wp-json\/wp\/v2\/product_cat?post=2025"},{"taxonomy":"product_tag","embeddable":true,"href":"https:\/\/okulary-hurt.pl\/en\/wp-json\/wp\/v2\/product_tag?post=2025"}],"curies":[{"name":"wp","href":"https:\/\/api.w.org\/{rel}","templated":true}]}}