{"id":2017,"date":"2026-02-27T10:23:10","date_gmt":"2026-02-27T09:23:10","guid":{"rendered":"https:\/\/hurtownia.okulary-hurt.pl\/sklep\/bez-kategorii\/zabawka-edukacyjny-drewniany-labirynt-liczydlo-ukladanka\/"},"modified":"2026-02-27T10:23:10","modified_gmt":"2026-02-27T09:23:10","slug":"zabawka-edukacyjny-drewniany-labirynt-liczydlo-ukladanka","status":"publish","type":"product","link":"https:\/\/okulary-hurt.pl\/en\/hurtownia\/zabawki\/zabawka-edukacyjny-drewniany-labirynt-liczydlo-ukladanka\/","title":{"rendered":"Zabawka Edukacyjny drewniany labirynt liczyd\u0142o uk\u0142adanka"},"content":{"rendered":"<p>rewelacyjna zabawka dla ma\u0142ychdzieci &#8211; rozwija ma\u0142\u0105 motoryk\u0119 i logiczne my\u015blenie oraz zapewnia dzieciom fascynuj\u0105c\u0105 wielogodzinn\u0105 zabaw\u0119 i pobudz\u0105 wyobra\u017anie. wykonana ca\u0142kowicie z drewna. zestaw sk\u0142ada si\u0119 z 10 klock\u00f3w   m\u0142otek   auto wymiary d\u0142ugo\u015b\u0107 25,5 cm, wysoko\u015b\u0107 15 cm, szeroko\u015b\u0107 9cm, d\u0142ugo\u015b\u0107 m\u0142oteczka 13 cm<\/p>","protected":false},"excerpt":{"rendered":"<p>rewelacyjna zabawka dla ma\u0142ychdzieci &#8211; rozwija ma\u0142\u0105 motoryk\u0119 i logiczne my\u015blenie oraz zapewnia dzieciom fascynuj\u0105c\u0105 wielogodzinn\u0105 zabaw\u0119 i pobudz\u0105 wyobra\u017anie. wykonana ca\u0142kowicie z drewna. zestaw sk\u0142ada si\u0119 z 10 klock\u00f3w m\u0142otek auto wymiary d\u0142ugo\u015b\u0107 25,5 cm, wysoko\u015b\u0107 15 cm, szeroko\u015b\u0107 9cm, d\u0142ugo\u015b\u0107 m\u0142oteczka 13 cm<\/p>","protected":false},"featured_media":2016,"template":"","meta":[],"product_brand":[],"product_cat":[61],"product_tag":[],"class_list":{"0":"post-2017","1":"product","2":"type-product","3":"status-publish","4":"has-post-thumbnail","6":"product_cat-zabawki","8":"first","9":"instock","10":"taxable","11":"shipping-taxable","12":"purchasable","13":"product-type-simple"},"yoast_head":"<!-- This site is optimized with the Yoast SEO plugin v27.3 - https:\/\/yoast.com\/product\/yoast-seo-wordpress\/ -->\n<title>Zabawka Edukacyjny drewniany labirynt liczyd\u0142o uk\u0142adanka - Hurtownia okular\u00f3w<\/title>\n<meta name=\"robots\" content=\"index, follow, max-snippet:-1, max-image-preview:large, max-video-preview:-1\" \/>\n<link rel=\"canonical\" href=\"https:\/\/okulary-hurt.pl\/en\/hurtownia\/zabawki\/zabawka-edukacyjny-drewniany-labirynt-liczydlo-ukladanka\/\" \/>\n<meta property=\"og:locale\" content=\"en_US\" \/>\n<meta property=\"og:type\" content=\"article\" \/>\n<meta property=\"og:title\" content=\"Zabawka Edukacyjny drewniany labirynt liczyd\u0142o uk\u0142adanka - Hurtownia okular\u00f3w\" \/>\n<meta property=\"og:description\" content=\"rewelacyjna zabawka dla ma\u0142ychdzieci &#8211; rozwija ma\u0142\u0105 motoryk\u0119 i logiczne my\u015blenie oraz zapewnia dzieciom fascynuj\u0105c\u0105 wielogodzinn\u0105 zabaw\u0119 i pobudz\u0105 wyobra\u017anie. wykonana ca\u0142kowicie z drewna. zestaw sk\u0142ada si\u0119 z 10 klock\u00f3w m\u0142otek auto wymiary d\u0142ugo\u015b\u0107 25,5 cm, wysoko\u015b\u0107 15 cm, szeroko\u015b\u0107 9cm, d\u0142ugo\u015b\u0107 m\u0142oteczka 13 cm\" \/>\n<meta property=\"og:url\" content=\"https:\/\/okulary-hurt.pl\/en\/hurtownia\/zabawki\/zabawka-edukacyjny-drewniany-labirynt-liczydlo-ukladanka\/\" \/>\n<meta property=\"og:site_name\" content=\"Hurtownia okular\u00f3w\" \/>\n<meta property=\"article:publisher\" content=\"https:\/\/www.facebook.com\/HurtowniaMeridian\" \/>\n<meta property=\"og:image\" content=\"https:\/\/okulary-hurt.pl\/wp-content\/uploads\/2026\/02\/cdb655870cf0a0bb47d94456ef234332.jpg\" \/>\n\t<meta property=\"og:image:width\" content=\"2400\" \/>\n\t<meta property=\"og:image:height\" content=\"1800\" \/>\n\t<meta property=\"og:image:type\" content=\"image\/jpeg\" \/>\n<meta name=\"twitter:card\" content=\"summary_large_image\" \/>\n<script type=\"application\/ld+json\" class=\"yoast-schema-graph\">{\"@context\":\"https:\\\/\\\/schema.org\",\"@graph\":[{\"@type\":\"WebPage\",\"@id\":\"https:\\\/\\\/okulary-hurt.pl\\\/hurtownia\\\/zabawki\\\/zabawka-edukacyjny-drewniany-labirynt-liczydlo-ukladanka\\\/\",\"url\":\"https:\\\/\\\/okulary-hurt.pl\\\/hurtownia\\\/zabawki\\\/zabawka-edukacyjny-drewniany-labirynt-liczydlo-ukladanka\\\/\",\"name\":\"Zabawka Edukacyjny drewniany labirynt liczyd\u0142o uk\u0142adanka - Hurtownia okular\u00f3w\",\"isPartOf\":{\"@id\":\"https:\\\/\\\/okulary-hurt.pl\\\/#website\"},\"primaryImageOfPage\":{\"@id\":\"https:\\\/\\\/okulary-hurt.pl\\\/hurtownia\\\/zabawki\\\/zabawka-edukacyjny-drewniany-labirynt-liczydlo-ukladanka\\\/#primaryimage\"},\"image\":{\"@id\":\"https:\\\/\\\/okulary-hurt.pl\\\/hurtownia\\\/zabawki\\\/zabawka-edukacyjny-drewniany-labirynt-liczydlo-ukladanka\\\/#primaryimage\"},\"thumbnailUrl\":\"https:\\\/\\\/okulary-hurt.pl\\\/wp-content\\\/uploads\\\/2026\\\/02\\\/cdb655870cf0a0bb47d94456ef234332.jpg\",\"datePublished\":\"2026-02-27T09:23:10+00:00\",\"breadcrumb\":{\"@id\":\"https:\\\/\\\/okulary-hurt.pl\\\/hurtownia\\\/zabawki\\\/zabawka-edukacyjny-drewniany-labirynt-liczydlo-ukladanka\\\/#breadcrumb\"},\"inLanguage\":\"en-US\",\"potentialAction\":[{\"@type\":\"ReadAction\",\"target\":[\"https:\\\/\\\/okulary-hurt.pl\\\/hurtownia\\\/zabawki\\\/zabawka-edukacyjny-drewniany-labirynt-liczydlo-ukladanka\\\/\"]}]},{\"@type\":\"ImageObject\",\"inLanguage\":\"en-US\",\"@id\":\"https:\\\/\\\/okulary-hurt.pl\\\/hurtownia\\\/zabawki\\\/zabawka-edukacyjny-drewniany-labirynt-liczydlo-ukladanka\\\/#primaryimage\",\"url\":\"https:\\\/\\\/okulary-hurt.pl\\\/wp-content\\\/uploads\\\/2026\\\/02\\\/cdb655870cf0a0bb47d94456ef234332.jpg\",\"contentUrl\":\"https:\\\/\\\/okulary-hurt.pl\\\/wp-content\\\/uploads\\\/2026\\\/02\\\/cdb655870cf0a0bb47d94456ef234332.jpg\",\"width\":2400,\"height\":1800},{\"@type\":\"BreadcrumbList\",\"@id\":\"https:\\\/\\\/okulary-hurt.pl\\\/hurtownia\\\/zabawki\\\/zabawka-edukacyjny-drewniany-labirynt-liczydlo-ukladanka\\\/#breadcrumb\",\"itemListElement\":[{\"@type\":\"ListItem\",\"position\":1,\"name\":\"Strona g\u0142\u00f3wna\",\"item\":\"https:\\\/\\\/okulary-hurt.pl\\\/\"},{\"@type\":\"ListItem\",\"position\":2,\"name\":\"Hurtownia\",\"item\":\"https:\\\/\\\/okulary-hurt.pl\\\/hurtownia\\\/\"},{\"@type\":\"ListItem\",\"position\":3,\"name\":\"Zabawka Edukacyjny drewniany labirynt liczyd\u0142o uk\u0142adanka\"}]},{\"@type\":\"WebSite\",\"@id\":\"https:\\\/\\\/okulary-hurt.pl\\\/#website\",\"url\":\"https:\\\/\\\/okulary-hurt.pl\\\/\",\"name\":\"Hurtownia okular\u00f3w przeciws\u0142onecznych\",\"description\":\"Okulary przeciws\u0142oneczne najmodniejsze\",\"publisher\":{\"@id\":\"https:\\\/\\\/okulary-hurt.pl\\\/#organization\"},\"alternateName\":\"Hurtownia okular\u00f3w Rzesz\u00f3w\",\"potentialAction\":[{\"@type\":\"SearchAction\",\"target\":{\"@type\":\"EntryPoint\",\"urlTemplate\":\"https:\\\/\\\/okulary-hurt.pl\\\/?s={search_term_string}\"},\"query-input\":{\"@type\":\"PropertyValueSpecification\",\"valueRequired\":true,\"valueName\":\"search_term_string\"}}],\"inLanguage\":\"en-US\"},{\"@type\":\"Organization\",\"@id\":\"https:\\\/\\\/okulary-hurt.pl\\\/#organization\",\"name\":\"Hurtownia okular\u00f3w Meridian Jerzy Myszkal\",\"alternateName\":\"Meridian Jerzy Myszkal\",\"url\":\"https:\\\/\\\/okulary-hurt.pl\\\/\",\"logo\":{\"@type\":\"ImageObject\",\"inLanguage\":\"en-US\",\"@id\":\"https:\\\/\\\/okulary-hurt.pl\\\/#\\\/schema\\\/logo\\\/image\\\/\",\"url\":\"https:\\\/\\\/okulary-hurt.pl\\\/wp-content\\\/uploads\\\/2026\\\/02\\\/cropped-okulary-hurt-hurtownia-okularow-przeciwslonecznych-1.png\",\"contentUrl\":\"https:\\\/\\\/okulary-hurt.pl\\\/wp-content\\\/uploads\\\/2026\\\/02\\\/cropped-okulary-hurt-hurtownia-okularow-przeciwslonecznych-1.png\",\"width\":512,\"height\":512,\"caption\":\"Hurtownia okular\u00f3w Meridian Jerzy Myszkal\"},\"image\":{\"@id\":\"https:\\\/\\\/okulary-hurt.pl\\\/#\\\/schema\\\/logo\\\/image\\\/\"},\"sameAs\":[\"https:\\\/\\\/www.facebook.com\\\/HurtowniaMeridian\"]}]}<\/script>\n<!-- \/ Yoast SEO plugin. -->","yoast_head_json":{"title":"Zabawka Edukacyjny drewniany labirynt liczyd\u0142o uk\u0142adanka - Hurtownia okular\u00f3w","robots":{"index":"index","follow":"follow","max-snippet":"max-snippet:-1","max-image-preview":"max-image-preview:large","max-video-preview":"max-video-preview:-1"},"canonical":"https:\/\/okulary-hurt.pl\/en\/hurtownia\/zabawki\/zabawka-edukacyjny-drewniany-labirynt-liczydlo-ukladanka\/","og_locale":"en_US","og_type":"article","og_title":"Zabawka Edukacyjny drewniany labirynt liczyd\u0142o uk\u0142adanka - Hurtownia okular\u00f3w","og_description":"rewelacyjna zabawka dla ma\u0142ychdzieci &#8211; rozwija ma\u0142\u0105 motoryk\u0119 i logiczne my\u015blenie oraz zapewnia dzieciom fascynuj\u0105c\u0105 wielogodzinn\u0105 zabaw\u0119 i pobudz\u0105 wyobra\u017anie. wykonana ca\u0142kowicie z drewna. zestaw sk\u0142ada si\u0119 z 10 klock\u00f3w m\u0142otek auto wymiary d\u0142ugo\u015b\u0107 25,5 cm, wysoko\u015b\u0107 15 cm, szeroko\u015b\u0107 9cm, d\u0142ugo\u015b\u0107 m\u0142oteczka 13 cm","og_url":"https:\/\/okulary-hurt.pl\/en\/hurtownia\/zabawki\/zabawka-edukacyjny-drewniany-labirynt-liczydlo-ukladanka\/","og_site_name":"Hurtownia okular\u00f3w","article_publisher":"https:\/\/www.facebook.com\/HurtowniaMeridian","og_image":[{"width":2400,"height":1800,"url":"https:\/\/okulary-hurt.pl\/wp-content\/uploads\/2026\/02\/cdb655870cf0a0bb47d94456ef234332.jpg","type":"image\/jpeg"}],"twitter_card":"summary_large_image","schema":{"@context":"https:\/\/schema.org","@graph":[{"@type":"WebPage","@id":"https:\/\/okulary-hurt.pl\/hurtownia\/zabawki\/zabawka-edukacyjny-drewniany-labirynt-liczydlo-ukladanka\/","url":"https:\/\/okulary-hurt.pl\/hurtownia\/zabawki\/zabawka-edukacyjny-drewniany-labirynt-liczydlo-ukladanka\/","name":"Zabawka Edukacyjny drewniany labirynt liczyd\u0142o uk\u0142adanka - Hurtownia okular\u00f3w","isPartOf":{"@id":"https:\/\/okulary-hurt.pl\/#website"},"primaryImageOfPage":{"@id":"https:\/\/okulary-hurt.pl\/hurtownia\/zabawki\/zabawka-edukacyjny-drewniany-labirynt-liczydlo-ukladanka\/#primaryimage"},"image":{"@id":"https:\/\/okulary-hurt.pl\/hurtownia\/zabawki\/zabawka-edukacyjny-drewniany-labirynt-liczydlo-ukladanka\/#primaryimage"},"thumbnailUrl":"https:\/\/okulary-hurt.pl\/wp-content\/uploads\/2026\/02\/cdb655870cf0a0bb47d94456ef234332.jpg","datePublished":"2026-02-27T09:23:10+00:00","breadcrumb":{"@id":"https:\/\/okulary-hurt.pl\/hurtownia\/zabawki\/zabawka-edukacyjny-drewniany-labirynt-liczydlo-ukladanka\/#breadcrumb"},"inLanguage":"en-US","potentialAction":[{"@type":"ReadAction","target":["https:\/\/okulary-hurt.pl\/hurtownia\/zabawki\/zabawka-edukacyjny-drewniany-labirynt-liczydlo-ukladanka\/"]}]},{"@type":"ImageObject","inLanguage":"en-US","@id":"https:\/\/okulary-hurt.pl\/hurtownia\/zabawki\/zabawka-edukacyjny-drewniany-labirynt-liczydlo-ukladanka\/#primaryimage","url":"https:\/\/okulary-hurt.pl\/wp-content\/uploads\/2026\/02\/cdb655870cf0a0bb47d94456ef234332.jpg","contentUrl":"https:\/\/okulary-hurt.pl\/wp-content\/uploads\/2026\/02\/cdb655870cf0a0bb47d94456ef234332.jpg","width":2400,"height":1800},{"@type":"BreadcrumbList","@id":"https:\/\/okulary-hurt.pl\/hurtownia\/zabawki\/zabawka-edukacyjny-drewniany-labirynt-liczydlo-ukladanka\/#breadcrumb","itemListElement":[{"@type":"ListItem","position":1,"name":"Strona g\u0142\u00f3wna","item":"https:\/\/okulary-hurt.pl\/"},{"@type":"ListItem","position":2,"name":"Hurtownia","item":"https:\/\/okulary-hurt.pl\/hurtownia\/"},{"@type":"ListItem","position":3,"name":"Zabawka Edukacyjny drewniany labirynt liczyd\u0142o uk\u0142adanka"}]},{"@type":"WebSite","@id":"https:\/\/okulary-hurt.pl\/#website","url":"https:\/\/okulary-hurt.pl\/","name":"Hurtownia okular\u00f3w przeciws\u0142onecznych","description":"Okulary przeciws\u0142oneczne najmodniejsze","publisher":{"@id":"https:\/\/okulary-hurt.pl\/#organization"},"alternateName":"Hurtownia okular\u00f3w Rzesz\u00f3w","potentialAction":[{"@type":"SearchAction","target":{"@type":"EntryPoint","urlTemplate":"https:\/\/okulary-hurt.pl\/?s={search_term_string}"},"query-input":{"@type":"PropertyValueSpecification","valueRequired":true,"valueName":"search_term_string"}}],"inLanguage":"en-US"},{"@type":"Organization","@id":"https:\/\/okulary-hurt.pl\/#organization","name":"Hurtownia okular\u00f3w Meridian Jerzy Myszkal","alternateName":"Meridian Jerzy Myszkal","url":"https:\/\/okulary-hurt.pl\/","logo":{"@type":"ImageObject","inLanguage":"en-US","@id":"https:\/\/okulary-hurt.pl\/#\/schema\/logo\/image\/","url":"https:\/\/okulary-hurt.pl\/wp-content\/uploads\/2026\/02\/cropped-okulary-hurt-hurtownia-okularow-przeciwslonecznych-1.png","contentUrl":"https:\/\/okulary-hurt.pl\/wp-content\/uploads\/2026\/02\/cropped-okulary-hurt-hurtownia-okularow-przeciwslonecznych-1.png","width":512,"height":512,"caption":"Hurtownia okular\u00f3w Meridian Jerzy Myszkal"},"image":{"@id":"https:\/\/okulary-hurt.pl\/#\/schema\/logo\/image\/"},"sameAs":["https:\/\/www.facebook.com\/HurtowniaMeridian"]}]}},"_links":{"self":[{"href":"https:\/\/okulary-hurt.pl\/en\/wp-json\/wp\/v2\/product\/2017","targetHints":{"allow":["GET"]}}],"collection":[{"href":"https:\/\/okulary-hurt.pl\/en\/wp-json\/wp\/v2\/product"}],"about":[{"href":"https:\/\/okulary-hurt.pl\/en\/wp-json\/wp\/v2\/types\/product"}],"wp:featuredmedia":[{"embeddable":true,"href":"https:\/\/okulary-hurt.pl\/en\/wp-json\/wp\/v2\/media\/2016"}],"wp:attachment":[{"href":"https:\/\/okulary-hurt.pl\/en\/wp-json\/wp\/v2\/media?parent=2017"}],"wp:term":[{"taxonomy":"product_brand","embeddable":true,"href":"https:\/\/okulary-hurt.pl\/en\/wp-json\/wp\/v2\/product_brand?post=2017"},{"taxonomy":"product_cat","embeddable":true,"href":"https:\/\/okulary-hurt.pl\/en\/wp-json\/wp\/v2\/product_cat?post=2017"},{"taxonomy":"product_tag","embeddable":true,"href":"https:\/\/okulary-hurt.pl\/en\/wp-json\/wp\/v2\/product_tag?post=2017"}],"curies":[{"name":"wp","href":"https:\/\/api.w.org\/{rel}","templated":true}]}}