{"id":2013,"date":"2026-02-27T10:22:03","date_gmt":"2026-02-27T09:22:03","guid":{"rendered":"https:\/\/hurtownia.okulary-hurt.pl\/sklep\/bez-kategorii\/zabawka-magiczna-poduszka-w-cekiny-dekoracyjna\/"},"modified":"2026-02-27T10:22:03","modified_gmt":"2026-02-27T09:22:03","slug":"zabawka-magiczna-poduszka-w-cekiny-dekoracyjna","status":"publish","type":"product","link":"https:\/\/okulary-hurt.pl\/en\/hurtownia\/zabawki\/zabawka-magiczna-poduszka-w-cekiny-dekoracyjna\/","title":{"rendered":"Zabawka magiczna poduszka w cekiny dekoracyjna"},"content":{"rendered":"<p>wysokiej jako\u015bci poduszki, wykonane z dba\u0142o\u015bci\u0105 o ka\u017cdy szczeg\u00f3\u0142. ozdobi\u0105 ka\u017cde wn\u0119trze. wymiary 40 x 40 cm. poduszki zmieniaj\u0105ce si\u0119 pod wp\u0142ywem przesuwania. mog\u0105 odgrywa\u0107 rol\u0119 antystresowej poduszki. wspania\u0142a, wci\u0105gaj\u0105ca zabawa.<\/p>","protected":false},"excerpt":{"rendered":"<p>wysokiej jako\u015bci poduszki, wykonane z dba\u0142o\u015bci\u0105 o ka\u017cdy szczeg\u00f3\u0142. ozdobi\u0105 ka\u017cde wn\u0119trze. wymiary 40 x 40 cm. poduszki zmieniaj\u0105ce si\u0119 pod wp\u0142ywem przesuwania. mog\u0105 odgrywa\u0107 rol\u0119 antystresowej poduszki. wspania\u0142a, wci\u0105gaj\u0105ca zabawa.<\/p>","protected":false},"featured_media":2012,"template":"","meta":[],"product_brand":[],"product_cat":[61],"product_tag":[],"class_list":{"0":"post-2013","1":"product","2":"type-product","3":"status-publish","4":"has-post-thumbnail","6":"product_cat-zabawki","8":"first","9":"instock","10":"taxable","11":"shipping-taxable","12":"purchasable","13":"product-type-simple"},"yoast_head":"<!-- This site is optimized with the Yoast SEO plugin v27.3 - https:\/\/yoast.com\/product\/yoast-seo-wordpress\/ -->\n<title>Zabawka magiczna poduszka w cekiny dekoracyjna - Hurtownia okular\u00f3w<\/title>\n<meta name=\"robots\" content=\"index, follow, max-snippet:-1, max-image-preview:large, max-video-preview:-1\" \/>\n<link rel=\"canonical\" href=\"https:\/\/okulary-hurt.pl\/en\/hurtownia\/zabawki\/zabawka-magiczna-poduszka-w-cekiny-dekoracyjna\/\" \/>\n<meta property=\"og:locale\" content=\"en_US\" \/>\n<meta property=\"og:type\" content=\"article\" \/>\n<meta property=\"og:title\" content=\"Zabawka magiczna poduszka w cekiny dekoracyjna - Hurtownia okular\u00f3w\" \/>\n<meta property=\"og:description\" content=\"wysokiej jako\u015bci poduszki, wykonane z dba\u0142o\u015bci\u0105 o ka\u017cdy szczeg\u00f3\u0142. ozdobi\u0105 ka\u017cde wn\u0119trze. wymiary 40 x 40 cm. poduszki zmieniaj\u0105ce si\u0119 pod wp\u0142ywem przesuwania. mog\u0105 odgrywa\u0107 rol\u0119 antystresowej poduszki. wspania\u0142a, wci\u0105gaj\u0105ca zabawa.\" \/>\n<meta property=\"og:url\" content=\"https:\/\/okulary-hurt.pl\/en\/hurtownia\/zabawki\/zabawka-magiczna-poduszka-w-cekiny-dekoracyjna\/\" \/>\n<meta property=\"og:site_name\" content=\"Hurtownia okular\u00f3w\" \/>\n<meta property=\"article:publisher\" content=\"https:\/\/www.facebook.com\/HurtowniaMeridian\" \/>\n<meta property=\"og:image\" content=\"https:\/\/okulary-hurt.pl\/wp-content\/uploads\/2026\/02\/b7154f450d6a0f29689d213d1b1b5d37.jpg\" \/>\n\t<meta property=\"og:image:width\" content=\"792\" \/>\n\t<meta property=\"og:image:height\" content=\"766\" \/>\n\t<meta property=\"og:image:type\" content=\"image\/jpeg\" \/>\n<meta name=\"twitter:card\" content=\"summary_large_image\" \/>\n<script type=\"application\/ld+json\" class=\"yoast-schema-graph\">{\"@context\":\"https:\\\/\\\/schema.org\",\"@graph\":[{\"@type\":\"WebPage\",\"@id\":\"https:\\\/\\\/okulary-hurt.pl\\\/hurtownia\\\/zabawki\\\/zabawka-magiczna-poduszka-w-cekiny-dekoracyjna\\\/\",\"url\":\"https:\\\/\\\/okulary-hurt.pl\\\/hurtownia\\\/zabawki\\\/zabawka-magiczna-poduszka-w-cekiny-dekoracyjna\\\/\",\"name\":\"Zabawka magiczna poduszka w cekiny dekoracyjna - Hurtownia okular\u00f3w\",\"isPartOf\":{\"@id\":\"https:\\\/\\\/okulary-hurt.pl\\\/#website\"},\"primaryImageOfPage\":{\"@id\":\"https:\\\/\\\/okulary-hurt.pl\\\/hurtownia\\\/zabawki\\\/zabawka-magiczna-poduszka-w-cekiny-dekoracyjna\\\/#primaryimage\"},\"image\":{\"@id\":\"https:\\\/\\\/okulary-hurt.pl\\\/hurtownia\\\/zabawki\\\/zabawka-magiczna-poduszka-w-cekiny-dekoracyjna\\\/#primaryimage\"},\"thumbnailUrl\":\"https:\\\/\\\/okulary-hurt.pl\\\/wp-content\\\/uploads\\\/2026\\\/02\\\/b7154f450d6a0f29689d213d1b1b5d37.jpg\",\"datePublished\":\"2026-02-27T09:22:03+00:00\",\"breadcrumb\":{\"@id\":\"https:\\\/\\\/okulary-hurt.pl\\\/hurtownia\\\/zabawki\\\/zabawka-magiczna-poduszka-w-cekiny-dekoracyjna\\\/#breadcrumb\"},\"inLanguage\":\"en-US\",\"potentialAction\":[{\"@type\":\"ReadAction\",\"target\":[\"https:\\\/\\\/okulary-hurt.pl\\\/hurtownia\\\/zabawki\\\/zabawka-magiczna-poduszka-w-cekiny-dekoracyjna\\\/\"]}]},{\"@type\":\"ImageObject\",\"inLanguage\":\"en-US\",\"@id\":\"https:\\\/\\\/okulary-hurt.pl\\\/hurtownia\\\/zabawki\\\/zabawka-magiczna-poduszka-w-cekiny-dekoracyjna\\\/#primaryimage\",\"url\":\"https:\\\/\\\/okulary-hurt.pl\\\/wp-content\\\/uploads\\\/2026\\\/02\\\/b7154f450d6a0f29689d213d1b1b5d37.jpg\",\"contentUrl\":\"https:\\\/\\\/okulary-hurt.pl\\\/wp-content\\\/uploads\\\/2026\\\/02\\\/b7154f450d6a0f29689d213d1b1b5d37.jpg\",\"width\":792,\"height\":766},{\"@type\":\"BreadcrumbList\",\"@id\":\"https:\\\/\\\/okulary-hurt.pl\\\/hurtownia\\\/zabawki\\\/zabawka-magiczna-poduszka-w-cekiny-dekoracyjna\\\/#breadcrumb\",\"itemListElement\":[{\"@type\":\"ListItem\",\"position\":1,\"name\":\"Strona g\u0142\u00f3wna\",\"item\":\"https:\\\/\\\/okulary-hurt.pl\\\/\"},{\"@type\":\"ListItem\",\"position\":2,\"name\":\"Hurtownia\",\"item\":\"https:\\\/\\\/okulary-hurt.pl\\\/hurtownia\\\/\"},{\"@type\":\"ListItem\",\"position\":3,\"name\":\"Zabawka magiczna poduszka w cekiny dekoracyjna\"}]},{\"@type\":\"WebSite\",\"@id\":\"https:\\\/\\\/okulary-hurt.pl\\\/#website\",\"url\":\"https:\\\/\\\/okulary-hurt.pl\\\/\",\"name\":\"Hurtownia okular\u00f3w przeciws\u0142onecznych\",\"description\":\"Okulary przeciws\u0142oneczne najmodniejsze\",\"publisher\":{\"@id\":\"https:\\\/\\\/okulary-hurt.pl\\\/#organization\"},\"alternateName\":\"Hurtownia okular\u00f3w Rzesz\u00f3w\",\"potentialAction\":[{\"@type\":\"SearchAction\",\"target\":{\"@type\":\"EntryPoint\",\"urlTemplate\":\"https:\\\/\\\/okulary-hurt.pl\\\/?s={search_term_string}\"},\"query-input\":{\"@type\":\"PropertyValueSpecification\",\"valueRequired\":true,\"valueName\":\"search_term_string\"}}],\"inLanguage\":\"en-US\"},{\"@type\":\"Organization\",\"@id\":\"https:\\\/\\\/okulary-hurt.pl\\\/#organization\",\"name\":\"Hurtownia okular\u00f3w Meridian Jerzy Myszkal\",\"alternateName\":\"Meridian Jerzy Myszkal\",\"url\":\"https:\\\/\\\/okulary-hurt.pl\\\/\",\"logo\":{\"@type\":\"ImageObject\",\"inLanguage\":\"en-US\",\"@id\":\"https:\\\/\\\/okulary-hurt.pl\\\/#\\\/schema\\\/logo\\\/image\\\/\",\"url\":\"https:\\\/\\\/okulary-hurt.pl\\\/wp-content\\\/uploads\\\/2026\\\/02\\\/cropped-okulary-hurt-hurtownia-okularow-przeciwslonecznych-1.png\",\"contentUrl\":\"https:\\\/\\\/okulary-hurt.pl\\\/wp-content\\\/uploads\\\/2026\\\/02\\\/cropped-okulary-hurt-hurtownia-okularow-przeciwslonecznych-1.png\",\"width\":512,\"height\":512,\"caption\":\"Hurtownia okular\u00f3w Meridian Jerzy Myszkal\"},\"image\":{\"@id\":\"https:\\\/\\\/okulary-hurt.pl\\\/#\\\/schema\\\/logo\\\/image\\\/\"},\"sameAs\":[\"https:\\\/\\\/www.facebook.com\\\/HurtowniaMeridian\"]}]}<\/script>\n<!-- \/ Yoast SEO plugin. -->","yoast_head_json":{"title":"Zabawka magiczna poduszka w cekiny dekoracyjna - Hurtownia okular\u00f3w","robots":{"index":"index","follow":"follow","max-snippet":"max-snippet:-1","max-image-preview":"max-image-preview:large","max-video-preview":"max-video-preview:-1"},"canonical":"https:\/\/okulary-hurt.pl\/en\/hurtownia\/zabawki\/zabawka-magiczna-poduszka-w-cekiny-dekoracyjna\/","og_locale":"en_US","og_type":"article","og_title":"Zabawka magiczna poduszka w cekiny dekoracyjna - Hurtownia okular\u00f3w","og_description":"wysokiej jako\u015bci poduszki, wykonane z dba\u0142o\u015bci\u0105 o ka\u017cdy szczeg\u00f3\u0142. ozdobi\u0105 ka\u017cde wn\u0119trze. wymiary 40 x 40 cm. poduszki zmieniaj\u0105ce si\u0119 pod wp\u0142ywem przesuwania. mog\u0105 odgrywa\u0107 rol\u0119 antystresowej poduszki. wspania\u0142a, wci\u0105gaj\u0105ca zabawa.","og_url":"https:\/\/okulary-hurt.pl\/en\/hurtownia\/zabawki\/zabawka-magiczna-poduszka-w-cekiny-dekoracyjna\/","og_site_name":"Hurtownia okular\u00f3w","article_publisher":"https:\/\/www.facebook.com\/HurtowniaMeridian","og_image":[{"width":792,"height":766,"url":"https:\/\/okulary-hurt.pl\/wp-content\/uploads\/2026\/02\/b7154f450d6a0f29689d213d1b1b5d37.jpg","type":"image\/jpeg"}],"twitter_card":"summary_large_image","schema":{"@context":"https:\/\/schema.org","@graph":[{"@type":"WebPage","@id":"https:\/\/okulary-hurt.pl\/hurtownia\/zabawki\/zabawka-magiczna-poduszka-w-cekiny-dekoracyjna\/","url":"https:\/\/okulary-hurt.pl\/hurtownia\/zabawki\/zabawka-magiczna-poduszka-w-cekiny-dekoracyjna\/","name":"Zabawka magiczna poduszka w cekiny dekoracyjna - Hurtownia okular\u00f3w","isPartOf":{"@id":"https:\/\/okulary-hurt.pl\/#website"},"primaryImageOfPage":{"@id":"https:\/\/okulary-hurt.pl\/hurtownia\/zabawki\/zabawka-magiczna-poduszka-w-cekiny-dekoracyjna\/#primaryimage"},"image":{"@id":"https:\/\/okulary-hurt.pl\/hurtownia\/zabawki\/zabawka-magiczna-poduszka-w-cekiny-dekoracyjna\/#primaryimage"},"thumbnailUrl":"https:\/\/okulary-hurt.pl\/wp-content\/uploads\/2026\/02\/b7154f450d6a0f29689d213d1b1b5d37.jpg","datePublished":"2026-02-27T09:22:03+00:00","breadcrumb":{"@id":"https:\/\/okulary-hurt.pl\/hurtownia\/zabawki\/zabawka-magiczna-poduszka-w-cekiny-dekoracyjna\/#breadcrumb"},"inLanguage":"en-US","potentialAction":[{"@type":"ReadAction","target":["https:\/\/okulary-hurt.pl\/hurtownia\/zabawki\/zabawka-magiczna-poduszka-w-cekiny-dekoracyjna\/"]}]},{"@type":"ImageObject","inLanguage":"en-US","@id":"https:\/\/okulary-hurt.pl\/hurtownia\/zabawki\/zabawka-magiczna-poduszka-w-cekiny-dekoracyjna\/#primaryimage","url":"https:\/\/okulary-hurt.pl\/wp-content\/uploads\/2026\/02\/b7154f450d6a0f29689d213d1b1b5d37.jpg","contentUrl":"https:\/\/okulary-hurt.pl\/wp-content\/uploads\/2026\/02\/b7154f450d6a0f29689d213d1b1b5d37.jpg","width":792,"height":766},{"@type":"BreadcrumbList","@id":"https:\/\/okulary-hurt.pl\/hurtownia\/zabawki\/zabawka-magiczna-poduszka-w-cekiny-dekoracyjna\/#breadcrumb","itemListElement":[{"@type":"ListItem","position":1,"name":"Strona g\u0142\u00f3wna","item":"https:\/\/okulary-hurt.pl\/"},{"@type":"ListItem","position":2,"name":"Hurtownia","item":"https:\/\/okulary-hurt.pl\/hurtownia\/"},{"@type":"ListItem","position":3,"name":"Zabawka magiczna poduszka w cekiny dekoracyjna"}]},{"@type":"WebSite","@id":"https:\/\/okulary-hurt.pl\/#website","url":"https:\/\/okulary-hurt.pl\/","name":"Hurtownia okular\u00f3w przeciws\u0142onecznych","description":"Okulary przeciws\u0142oneczne najmodniejsze","publisher":{"@id":"https:\/\/okulary-hurt.pl\/#organization"},"alternateName":"Hurtownia okular\u00f3w Rzesz\u00f3w","potentialAction":[{"@type":"SearchAction","target":{"@type":"EntryPoint","urlTemplate":"https:\/\/okulary-hurt.pl\/?s={search_term_string}"},"query-input":{"@type":"PropertyValueSpecification","valueRequired":true,"valueName":"search_term_string"}}],"inLanguage":"en-US"},{"@type":"Organization","@id":"https:\/\/okulary-hurt.pl\/#organization","name":"Hurtownia okular\u00f3w Meridian Jerzy Myszkal","alternateName":"Meridian Jerzy Myszkal","url":"https:\/\/okulary-hurt.pl\/","logo":{"@type":"ImageObject","inLanguage":"en-US","@id":"https:\/\/okulary-hurt.pl\/#\/schema\/logo\/image\/","url":"https:\/\/okulary-hurt.pl\/wp-content\/uploads\/2026\/02\/cropped-okulary-hurt-hurtownia-okularow-przeciwslonecznych-1.png","contentUrl":"https:\/\/okulary-hurt.pl\/wp-content\/uploads\/2026\/02\/cropped-okulary-hurt-hurtownia-okularow-przeciwslonecznych-1.png","width":512,"height":512,"caption":"Hurtownia okular\u00f3w Meridian Jerzy Myszkal"},"image":{"@id":"https:\/\/okulary-hurt.pl\/#\/schema\/logo\/image\/"},"sameAs":["https:\/\/www.facebook.com\/HurtowniaMeridian"]}]}},"_links":{"self":[{"href":"https:\/\/okulary-hurt.pl\/en\/wp-json\/wp\/v2\/product\/2013","targetHints":{"allow":["GET"]}}],"collection":[{"href":"https:\/\/okulary-hurt.pl\/en\/wp-json\/wp\/v2\/product"}],"about":[{"href":"https:\/\/okulary-hurt.pl\/en\/wp-json\/wp\/v2\/types\/product"}],"wp:featuredmedia":[{"embeddable":true,"href":"https:\/\/okulary-hurt.pl\/en\/wp-json\/wp\/v2\/media\/2012"}],"wp:attachment":[{"href":"https:\/\/okulary-hurt.pl\/en\/wp-json\/wp\/v2\/media?parent=2013"}],"wp:term":[{"taxonomy":"product_brand","embeddable":true,"href":"https:\/\/okulary-hurt.pl\/en\/wp-json\/wp\/v2\/product_brand?post=2013"},{"taxonomy":"product_cat","embeddable":true,"href":"https:\/\/okulary-hurt.pl\/en\/wp-json\/wp\/v2\/product_cat?post=2013"},{"taxonomy":"product_tag","embeddable":true,"href":"https:\/\/okulary-hurt.pl\/en\/wp-json\/wp\/v2\/product_tag?post=2013"}],"curies":[{"name":"wp","href":"https:\/\/api.w.org\/{rel}","templated":true}]}}