{"id":1995,"date":"2026-02-27T10:16:01","date_gmt":"2026-02-27T09:16:01","guid":{"rendered":"https:\/\/hurtownia.okulary-hurt.pl\/sklep\/bez-kategorii\/maska-higieniczna-maseczka-ochronna-na-twarz-dwuwarstwowa\/"},"modified":"2026-02-27T10:16:01","modified_gmt":"2026-02-27T09:16:01","slug":"maska-higieniczna-maseczka-ochronna-na-twarz-dwuwarstwowa","status":"publish","type":"product","link":"https:\/\/okulary-hurt.pl\/en\/hurtownia\/bez-kategorii\/maska-higieniczna-maseczka-ochronna-na-twarz-dwuwarstwowa\/","title":{"rendered":"Maska higieniczna Maseczka ochronna na twarz, dwuwarstwowa."},"content":{"rendered":"<p>Maska wielorazowa dwuwarstwowa bawe\u0142na<\/p>\n<p>bia\u0142a ma bardzo szerokie zastosowanie. chroni przed kurzem, py\u0142em, zmniejszaj\u0105 ryzyko przedostawania si\u0119 drobnoustroj\u00f3w oraz ich rozprzestrzeniania, a przede wszystkim s\u0105 wielokrotnego u\u017cytku, dzi\u0119ki czemu mog\u0105 s\u0142u\u017cy\u0107 nam przez d\u0142ugi czas.<\/p>\n<p>materia\u0142: bawe\u0142na<\/p>\n<p>sk\u0142ad: 100% bawe\u0142na<\/p>\n<p>gramatura: 115g\/m\u00b2( \/-5%)<\/p>\n<p>wyr\u00f3b antyalergiczny<\/p>\n<p>produkt polski<\/p>\n<p>maska wielorazowa bawe\u0142na 100% higieniczna \u2013 bia\u0142a<\/p>\n<p>maska ochronna wielorazowa bia\u0142a wykonana jest z 2-warstwowej tkaniny bawe\u0142nianej, kt\u00f3ra zapewnia lepsz\u0105 ochron\u0119 przed zanieczyszczeniami. bawe\u0142na jest materia\u0142em oddychaj\u0105cym dzi\u0119ki czemu jest bardziej przyjazny dla twarzy i sk\u00f3ry. maseczka zmniejsza ryzyko przedostania si\u0119 do organizmu kurzu, py\u0142u, drobnych substancji, zmniejsza ryzyko zara\u017cenia si\u0119 drobnoustrojami itp. opr\u00f3cz tego chroni przed zimnem, wiatrem, zmniejsza ilo\u015b\u0107 przedostaj\u0105cych si\u0119 py\u0142\u00f3w z powietrza. mo\u017cna j\u0105 pra\u0107 w pralce oraz prasowa\u0107 w wysokiej temperaturze, dzi\u0119ki czemu maseczka jest wielokrotnego u\u017cytku.<\/p>\n<p>maska zapobiega rozprzestrzenianiu si\u0119 bakterii i wirus\u00f3w.<\/p>\n<p>bawe\u0142na jest tkanin\u0105 bezpieczn\u0105 i antyalergiczn\u0105 dlatego maska jest bezpieczna<\/p>\n<p>umo\u017cliwia swobodne oddychanie, dzi\u0119ki wysokiej przepuszczalno\u015bci powietrza<\/p>\n<p>uwagi<\/p>\n<p>maseczki s\u0105 produktem higienicznym, nie podlegaj\u0105 zwrotowi.<\/p>\n<p>wysy\u0142ki 24 h od poniedzia\u0142ku do pi\u0105tku od 14 kwietnia<\/p>","protected":false},"excerpt":{"rendered":"<p>Maska wielorazowa dwuwarstwowa bawe\u0142na bia\u0142a ma bardzo szerokie zastosowanie. chroni przed kurzem, py\u0142em, zmniejszaj\u0105 ryzyko przedostawania si\u0119 drobnoustroj\u00f3w oraz ich rozprzestrzeniania, a przede wszystkim s\u0105 wielokrotnego u\u017cytku, dzi\u0119ki czemu mog\u0105 s\u0142u\u017cy\u0107 nam przez d\u0142ugi czas. materia\u0142: bawe\u0142na sk\u0142ad: 100% bawe\u0142na gramatura: 115g\/m\u00b2( \/-5%) wyr\u00f3b antyalergiczny produkt polski maska wielorazowa bawe\u0142na 100% higieniczna \u2013 bia\u0142a maska ochronna wielorazowa bia\u0142a wykonana jest [&hellip;]<\/p>\n","protected":false},"featured_media":1994,"template":"","meta":[],"product_brand":[],"product_cat":[15],"product_tag":[],"class_list":{"0":"post-1995","1":"product","2":"type-product","3":"status-publish","4":"has-post-thumbnail","6":"product_cat-bez-kategorii","8":"first","9":"instock","10":"taxable","11":"shipping-taxable","12":"purchasable","13":"product-type-simple"},"yoast_head":"<!-- This site is optimized with the Yoast SEO plugin v27.3 - https:\/\/yoast.com\/product\/yoast-seo-wordpress\/ -->\n<title>Maska higieniczna Maseczka ochronna na twarz, dwuwarstwowa. - Hurtownia okular\u00f3w<\/title>\n<meta name=\"robots\" content=\"index, follow, max-snippet:-1, max-image-preview:large, max-video-preview:-1\" \/>\n<link rel=\"canonical\" href=\"https:\/\/okulary-hurt.pl\/en\/hurtownia\/bez-kategorii\/maska-higieniczna-maseczka-ochronna-na-twarz-dwuwarstwowa\/\" \/>\n<meta property=\"og:locale\" content=\"en_US\" \/>\n<meta property=\"og:type\" content=\"article\" \/>\n<meta property=\"og:title\" content=\"Maska higieniczna Maseczka ochronna na twarz, dwuwarstwowa. - Hurtownia okular\u00f3w\" \/>\n<meta property=\"og:description\" content=\"Maska wielorazowa dwuwarstwowa bawe\u0142na bia\u0142a ma bardzo szerokie zastosowanie. chroni przed kurzem, py\u0142em, zmniejszaj\u0105 ryzyko przedostawania si\u0119 drobnoustroj\u00f3w oraz ich rozprzestrzeniania, a przede wszystkim s\u0105 wielokrotnego u\u017cytku, dzi\u0119ki czemu mog\u0105 s\u0142u\u017cy\u0107 nam przez d\u0142ugi czas. materia\u0142: bawe\u0142na sk\u0142ad: 100% bawe\u0142na gramatura: 115g\/m\u00b2( \/-5%) wyr\u00f3b antyalergiczny produkt polski maska wielorazowa bawe\u0142na 100% higieniczna \u2013 bia\u0142a maska ochronna wielorazowa bia\u0142a wykonana jest [&hellip;]\" \/>\n<meta property=\"og:url\" content=\"https:\/\/okulary-hurt.pl\/en\/hurtownia\/bez-kategorii\/maska-higieniczna-maseczka-ochronna-na-twarz-dwuwarstwowa\/\" \/>\n<meta property=\"og:site_name\" content=\"Hurtownia okular\u00f3w\" \/>\n<meta property=\"article:publisher\" content=\"https:\/\/www.facebook.com\/HurtowniaMeridian\" \/>\n<meta property=\"og:image\" content=\"https:\/\/okulary-hurt.pl\/wp-content\/uploads\/2026\/02\/b698aeb01e6bf37eee8014c27320bc72-scaled.jpg\" \/>\n\t<meta property=\"og:image:width\" content=\"1852\" \/>\n\t<meta property=\"og:image:height\" content=\"2560\" \/>\n\t<meta property=\"og:image:type\" content=\"image\/jpeg\" \/>\n<meta name=\"twitter:card\" content=\"summary_large_image\" \/>\n<meta name=\"twitter:label1\" content=\"Est. reading time\" \/>\n\t<meta name=\"twitter:data1\" content=\"1 minute\" \/>\n<script type=\"application\/ld+json\" class=\"yoast-schema-graph\">{\"@context\":\"https:\\\/\\\/schema.org\",\"@graph\":[{\"@type\":\"WebPage\",\"@id\":\"https:\\\/\\\/okulary-hurt.pl\\\/hurtownia\\\/bez-kategorii\\\/maska-higieniczna-maseczka-ochronna-na-twarz-dwuwarstwowa\\\/\",\"url\":\"https:\\\/\\\/okulary-hurt.pl\\\/hurtownia\\\/bez-kategorii\\\/maska-higieniczna-maseczka-ochronna-na-twarz-dwuwarstwowa\\\/\",\"name\":\"Maska higieniczna Maseczka ochronna na twarz, dwuwarstwowa. - Hurtownia okular\u00f3w\",\"isPartOf\":{\"@id\":\"https:\\\/\\\/okulary-hurt.pl\\\/#website\"},\"primaryImageOfPage\":{\"@id\":\"https:\\\/\\\/okulary-hurt.pl\\\/hurtownia\\\/bez-kategorii\\\/maska-higieniczna-maseczka-ochronna-na-twarz-dwuwarstwowa\\\/#primaryimage\"},\"image\":{\"@id\":\"https:\\\/\\\/okulary-hurt.pl\\\/hurtownia\\\/bez-kategorii\\\/maska-higieniczna-maseczka-ochronna-na-twarz-dwuwarstwowa\\\/#primaryimage\"},\"thumbnailUrl\":\"https:\\\/\\\/okulary-hurt.pl\\\/wp-content\\\/uploads\\\/2026\\\/02\\\/b698aeb01e6bf37eee8014c27320bc72-scaled.jpg\",\"datePublished\":\"2026-02-27T09:16:01+00:00\",\"breadcrumb\":{\"@id\":\"https:\\\/\\\/okulary-hurt.pl\\\/hurtownia\\\/bez-kategorii\\\/maska-higieniczna-maseczka-ochronna-na-twarz-dwuwarstwowa\\\/#breadcrumb\"},\"inLanguage\":\"en-US\",\"potentialAction\":[{\"@type\":\"ReadAction\",\"target\":[\"https:\\\/\\\/okulary-hurt.pl\\\/hurtownia\\\/bez-kategorii\\\/maska-higieniczna-maseczka-ochronna-na-twarz-dwuwarstwowa\\\/\"]}]},{\"@type\":\"ImageObject\",\"inLanguage\":\"en-US\",\"@id\":\"https:\\\/\\\/okulary-hurt.pl\\\/hurtownia\\\/bez-kategorii\\\/maska-higieniczna-maseczka-ochronna-na-twarz-dwuwarstwowa\\\/#primaryimage\",\"url\":\"https:\\\/\\\/okulary-hurt.pl\\\/wp-content\\\/uploads\\\/2026\\\/02\\\/b698aeb01e6bf37eee8014c27320bc72-scaled.jpg\",\"contentUrl\":\"https:\\\/\\\/okulary-hurt.pl\\\/wp-content\\\/uploads\\\/2026\\\/02\\\/b698aeb01e6bf37eee8014c27320bc72-scaled.jpg\",\"width\":1852,\"height\":2560},{\"@type\":\"BreadcrumbList\",\"@id\":\"https:\\\/\\\/okulary-hurt.pl\\\/hurtownia\\\/bez-kategorii\\\/maska-higieniczna-maseczka-ochronna-na-twarz-dwuwarstwowa\\\/#breadcrumb\",\"itemListElement\":[{\"@type\":\"ListItem\",\"position\":1,\"name\":\"Strona g\u0142\u00f3wna\",\"item\":\"https:\\\/\\\/okulary-hurt.pl\\\/\"},{\"@type\":\"ListItem\",\"position\":2,\"name\":\"Hurtownia\",\"item\":\"https:\\\/\\\/okulary-hurt.pl\\\/hurtownia\\\/\"},{\"@type\":\"ListItem\",\"position\":3,\"name\":\"Maska higieniczna Maseczka ochronna na twarz, dwuwarstwowa.\"}]},{\"@type\":\"WebSite\",\"@id\":\"https:\\\/\\\/okulary-hurt.pl\\\/#website\",\"url\":\"https:\\\/\\\/okulary-hurt.pl\\\/\",\"name\":\"Hurtownia okular\u00f3w przeciws\u0142onecznych\",\"description\":\"Okulary przeciws\u0142oneczne najmodniejsze\",\"publisher\":{\"@id\":\"https:\\\/\\\/okulary-hurt.pl\\\/#organization\"},\"alternateName\":\"Hurtownia okular\u00f3w Rzesz\u00f3w\",\"potentialAction\":[{\"@type\":\"SearchAction\",\"target\":{\"@type\":\"EntryPoint\",\"urlTemplate\":\"https:\\\/\\\/okulary-hurt.pl\\\/?s={search_term_string}\"},\"query-input\":{\"@type\":\"PropertyValueSpecification\",\"valueRequired\":true,\"valueName\":\"search_term_string\"}}],\"inLanguage\":\"en-US\"},{\"@type\":\"Organization\",\"@id\":\"https:\\\/\\\/okulary-hurt.pl\\\/#organization\",\"name\":\"Hurtownia okular\u00f3w Meridian Jerzy Myszkal\",\"alternateName\":\"Meridian Jerzy Myszkal\",\"url\":\"https:\\\/\\\/okulary-hurt.pl\\\/\",\"logo\":{\"@type\":\"ImageObject\",\"inLanguage\":\"en-US\",\"@id\":\"https:\\\/\\\/okulary-hurt.pl\\\/#\\\/schema\\\/logo\\\/image\\\/\",\"url\":\"https:\\\/\\\/okulary-hurt.pl\\\/wp-content\\\/uploads\\\/2026\\\/02\\\/cropped-okulary-hurt-hurtownia-okularow-przeciwslonecznych-1.png\",\"contentUrl\":\"https:\\\/\\\/okulary-hurt.pl\\\/wp-content\\\/uploads\\\/2026\\\/02\\\/cropped-okulary-hurt-hurtownia-okularow-przeciwslonecznych-1.png\",\"width\":512,\"height\":512,\"caption\":\"Hurtownia okular\u00f3w Meridian Jerzy Myszkal\"},\"image\":{\"@id\":\"https:\\\/\\\/okulary-hurt.pl\\\/#\\\/schema\\\/logo\\\/image\\\/\"},\"sameAs\":[\"https:\\\/\\\/www.facebook.com\\\/HurtowniaMeridian\"]}]}<\/script>\n<!-- \/ Yoast SEO plugin. -->","yoast_head_json":{"title":"Maska higieniczna Maseczka ochronna na twarz, dwuwarstwowa. - Hurtownia okular\u00f3w","robots":{"index":"index","follow":"follow","max-snippet":"max-snippet:-1","max-image-preview":"max-image-preview:large","max-video-preview":"max-video-preview:-1"},"canonical":"https:\/\/okulary-hurt.pl\/en\/hurtownia\/bez-kategorii\/maska-higieniczna-maseczka-ochronna-na-twarz-dwuwarstwowa\/","og_locale":"en_US","og_type":"article","og_title":"Maska higieniczna Maseczka ochronna na twarz, dwuwarstwowa. - Hurtownia okular\u00f3w","og_description":"Maska wielorazowa dwuwarstwowa bawe\u0142na bia\u0142a ma bardzo szerokie zastosowanie. chroni przed kurzem, py\u0142em, zmniejszaj\u0105 ryzyko przedostawania si\u0119 drobnoustroj\u00f3w oraz ich rozprzestrzeniania, a przede wszystkim s\u0105 wielokrotnego u\u017cytku, dzi\u0119ki czemu mog\u0105 s\u0142u\u017cy\u0107 nam przez d\u0142ugi czas. materia\u0142: bawe\u0142na sk\u0142ad: 100% bawe\u0142na gramatura: 115g\/m\u00b2( \/-5%) wyr\u00f3b antyalergiczny produkt polski maska wielorazowa bawe\u0142na 100% higieniczna \u2013 bia\u0142a maska ochronna wielorazowa bia\u0142a wykonana jest [&hellip;]","og_url":"https:\/\/okulary-hurt.pl\/en\/hurtownia\/bez-kategorii\/maska-higieniczna-maseczka-ochronna-na-twarz-dwuwarstwowa\/","og_site_name":"Hurtownia okular\u00f3w","article_publisher":"https:\/\/www.facebook.com\/HurtowniaMeridian","og_image":[{"width":1852,"height":2560,"url":"https:\/\/okulary-hurt.pl\/wp-content\/uploads\/2026\/02\/b698aeb01e6bf37eee8014c27320bc72-scaled.jpg","type":"image\/jpeg"}],"twitter_card":"summary_large_image","twitter_misc":{"Est. reading time":"1 minute"},"schema":{"@context":"https:\/\/schema.org","@graph":[{"@type":"WebPage","@id":"https:\/\/okulary-hurt.pl\/hurtownia\/bez-kategorii\/maska-higieniczna-maseczka-ochronna-na-twarz-dwuwarstwowa\/","url":"https:\/\/okulary-hurt.pl\/hurtownia\/bez-kategorii\/maska-higieniczna-maseczka-ochronna-na-twarz-dwuwarstwowa\/","name":"Maska higieniczna Maseczka ochronna na twarz, dwuwarstwowa. - Hurtownia okular\u00f3w","isPartOf":{"@id":"https:\/\/okulary-hurt.pl\/#website"},"primaryImageOfPage":{"@id":"https:\/\/okulary-hurt.pl\/hurtownia\/bez-kategorii\/maska-higieniczna-maseczka-ochronna-na-twarz-dwuwarstwowa\/#primaryimage"},"image":{"@id":"https:\/\/okulary-hurt.pl\/hurtownia\/bez-kategorii\/maska-higieniczna-maseczka-ochronna-na-twarz-dwuwarstwowa\/#primaryimage"},"thumbnailUrl":"https:\/\/okulary-hurt.pl\/wp-content\/uploads\/2026\/02\/b698aeb01e6bf37eee8014c27320bc72-scaled.jpg","datePublished":"2026-02-27T09:16:01+00:00","breadcrumb":{"@id":"https:\/\/okulary-hurt.pl\/hurtownia\/bez-kategorii\/maska-higieniczna-maseczka-ochronna-na-twarz-dwuwarstwowa\/#breadcrumb"},"inLanguage":"en-US","potentialAction":[{"@type":"ReadAction","target":["https:\/\/okulary-hurt.pl\/hurtownia\/bez-kategorii\/maska-higieniczna-maseczka-ochronna-na-twarz-dwuwarstwowa\/"]}]},{"@type":"ImageObject","inLanguage":"en-US","@id":"https:\/\/okulary-hurt.pl\/hurtownia\/bez-kategorii\/maska-higieniczna-maseczka-ochronna-na-twarz-dwuwarstwowa\/#primaryimage","url":"https:\/\/okulary-hurt.pl\/wp-content\/uploads\/2026\/02\/b698aeb01e6bf37eee8014c27320bc72-scaled.jpg","contentUrl":"https:\/\/okulary-hurt.pl\/wp-content\/uploads\/2026\/02\/b698aeb01e6bf37eee8014c27320bc72-scaled.jpg","width":1852,"height":2560},{"@type":"BreadcrumbList","@id":"https:\/\/okulary-hurt.pl\/hurtownia\/bez-kategorii\/maska-higieniczna-maseczka-ochronna-na-twarz-dwuwarstwowa\/#breadcrumb","itemListElement":[{"@type":"ListItem","position":1,"name":"Strona g\u0142\u00f3wna","item":"https:\/\/okulary-hurt.pl\/"},{"@type":"ListItem","position":2,"name":"Hurtownia","item":"https:\/\/okulary-hurt.pl\/hurtownia\/"},{"@type":"ListItem","position":3,"name":"Maska higieniczna Maseczka ochronna na twarz, dwuwarstwowa."}]},{"@type":"WebSite","@id":"https:\/\/okulary-hurt.pl\/#website","url":"https:\/\/okulary-hurt.pl\/","name":"Hurtownia okular\u00f3w przeciws\u0142onecznych","description":"Okulary przeciws\u0142oneczne najmodniejsze","publisher":{"@id":"https:\/\/okulary-hurt.pl\/#organization"},"alternateName":"Hurtownia okular\u00f3w Rzesz\u00f3w","potentialAction":[{"@type":"SearchAction","target":{"@type":"EntryPoint","urlTemplate":"https:\/\/okulary-hurt.pl\/?s={search_term_string}"},"query-input":{"@type":"PropertyValueSpecification","valueRequired":true,"valueName":"search_term_string"}}],"inLanguage":"en-US"},{"@type":"Organization","@id":"https:\/\/okulary-hurt.pl\/#organization","name":"Hurtownia okular\u00f3w Meridian Jerzy Myszkal","alternateName":"Meridian Jerzy Myszkal","url":"https:\/\/okulary-hurt.pl\/","logo":{"@type":"ImageObject","inLanguage":"en-US","@id":"https:\/\/okulary-hurt.pl\/#\/schema\/logo\/image\/","url":"https:\/\/okulary-hurt.pl\/wp-content\/uploads\/2026\/02\/cropped-okulary-hurt-hurtownia-okularow-przeciwslonecznych-1.png","contentUrl":"https:\/\/okulary-hurt.pl\/wp-content\/uploads\/2026\/02\/cropped-okulary-hurt-hurtownia-okularow-przeciwslonecznych-1.png","width":512,"height":512,"caption":"Hurtownia okular\u00f3w Meridian Jerzy Myszkal"},"image":{"@id":"https:\/\/okulary-hurt.pl\/#\/schema\/logo\/image\/"},"sameAs":["https:\/\/www.facebook.com\/HurtowniaMeridian"]}]}},"_links":{"self":[{"href":"https:\/\/okulary-hurt.pl\/en\/wp-json\/wp\/v2\/product\/1995","targetHints":{"allow":["GET"]}}],"collection":[{"href":"https:\/\/okulary-hurt.pl\/en\/wp-json\/wp\/v2\/product"}],"about":[{"href":"https:\/\/okulary-hurt.pl\/en\/wp-json\/wp\/v2\/types\/product"}],"wp:featuredmedia":[{"embeddable":true,"href":"https:\/\/okulary-hurt.pl\/en\/wp-json\/wp\/v2\/media\/1994"}],"wp:attachment":[{"href":"https:\/\/okulary-hurt.pl\/en\/wp-json\/wp\/v2\/media?parent=1995"}],"wp:term":[{"taxonomy":"product_brand","embeddable":true,"href":"https:\/\/okulary-hurt.pl\/en\/wp-json\/wp\/v2\/product_brand?post=1995"},{"taxonomy":"product_cat","embeddable":true,"href":"https:\/\/okulary-hurt.pl\/en\/wp-json\/wp\/v2\/product_cat?post=1995"},{"taxonomy":"product_tag","embeddable":true,"href":"https:\/\/okulary-hurt.pl\/en\/wp-json\/wp\/v2\/product_tag?post=1995"}],"curies":[{"name":"wp","href":"https:\/\/api.w.org\/{rel}","templated":true}]}}