{"id":1937,"date":"2026-02-27T09:55:25","date_gmt":"2026-02-27T08:55:25","guid":{"rendered":"https:\/\/hurtownia.okulary-hurt.pl\/sklep\/bez-kategorii\/koestler-snowboard\/"},"modified":"2026-02-27T09:55:25","modified_gmt":"2026-02-27T08:55:25","slug":"koestler-snowboard","status":"publish","type":"product","link":"https:\/\/okulary-hurt.pl\/en\/hurtownia\/bez-kategorii\/koestler-snowboard\/","title":{"rendered":"Koestler Snowboard"},"content":{"rendered":"<p>gogle koestler idealnie nadaj\u0105 si\u0119 do jazdy na nartach i snowboardzie.<\/p>\n<p>ramka gogli wykonana jest z termoplastycznego poliuretanu, jest to wyj\u0105tkowo wytrzyma\u0142e tworzywo, zachowuj\u0105ce elastyczno\u015b\u0107. gogle wykonane z tego materia\u0142u s\u0105 elastyczne, mi\u0119kkie, przyjemne w u\u017cytkowaniu, a jednocze\u015bnie niezwykle odporne na zarysowania i p\u0119kni\u0119cia.<\/p>\n<p>gogle posiadaj\u0105 elastyczny, regulowany pasek, zapewniaj\u0105cy komfort i pewne trzymanie gogli na g\u0142owie lub kasku. s\u0105 kompatybilne z wi\u0119kszo\u015bci\u0105 kask\u00f3w dost\u0119pnych na rynku. szeroka elastyczna guma: dobrze trzymaj\u0105ca gogle, kt\u00f3ra zapewni komfortowe i pewne trzymanie gogli na g\u0142owie (mo\u017cliwo\u015b\u0107 regulacji).<\/p>\n<p>g\u0105bka wewn\u0105trz gogli dopasowuje ich kszta\u0142t do ka\u017cdej twarzy, tak aby nie uciska\u0142y i odpowiednio le\u017ca\u0142y. gogle posiadaj\u0105 otwory wentylacyjne dzi\u0119ki czemu nie paruj\u0105.<\/p>\n<p>dodatkowe cechy:<\/p>\n<p>otwory wentylacyjne: zapobiegaj\u0105 parowaniu gogli.wewn\u0119trzna g\u0105bka antyalergiczna: dopasowuj\u0105ca kszta\u0142t gogli do ka\u017cdej twarzy, dzi\u0119ki czemu komfort noszenia gogli jest jeszcze wi\u0119kszy.szeroka elastyczna guma: dobrze trzymaj\u0105ca gogle, kt\u00f3ra zapewni komfortowe i pewne trzymanie gogli na g\u0142owie (mo\u017cliwo\u015b\u0107 regulacji).rozmiar uniwersalny:szeroko\u015b\u0107 mi\u0119dzy zawiasami: 17,5 cm,wysoko\u015b\u0107 szkie\u0142 z oprawk\u0105: 8,8 cm,wysoko\u015b\u0107 samych szkie\u0142: 7 cm,szeroko\u015b\u0107 szkie\u0142 z oprawk\u0105: 22,5 cm,szeroko\u015b\u0107 samych szkie\u0142: 18,2 cm,szeroko\u015b\u0107 cz\u0119\u015bci przylegaj\u0105cej do twarzy: 14 cm.oprawa: czarnaszyba: czarna<\/p>","protected":false},"excerpt":{"rendered":"<p>gogle koestler idealnie nadaj\u0105 si\u0119 do jazdy na nartach i snowboardzie. ramka gogli wykonana jest z termoplastycznego poliuretanu, jest to wyj\u0105tkowo wytrzyma\u0142e tworzywo, zachowuj\u0105ce elastyczno\u015b\u0107. gogle wykonane z tego materia\u0142u s\u0105 elastyczne, mi\u0119kkie, przyjemne w u\u017cytkowaniu, a jednocze\u015bnie niezwykle odporne na zarysowania i p\u0119kni\u0119cia. gogle posiadaj\u0105 elastyczny, regulowany pasek, zapewniaj\u0105cy komfort i pewne trzymanie gogli na g\u0142owie lub kasku. s\u0105 [&hellip;]<\/p>\n","protected":false},"featured_media":1936,"template":"","meta":[],"product_brand":[],"product_cat":[15],"product_tag":[],"class_list":{"0":"post-1937","1":"product","2":"type-product","3":"status-publish","4":"has-post-thumbnail","6":"product_cat-bez-kategorii","8":"first","9":"instock","10":"taxable","11":"shipping-taxable","12":"purchasable","13":"product-type-simple"},"yoast_head":"<!-- This site is optimized with the Yoast SEO plugin v27.3 - https:\/\/yoast.com\/product\/yoast-seo-wordpress\/ -->\n<title>Koestler Snowboard - Hurtownia okular\u00f3w<\/title>\n<meta name=\"robots\" content=\"index, follow, max-snippet:-1, max-image-preview:large, max-video-preview:-1\" \/>\n<link rel=\"canonical\" href=\"https:\/\/okulary-hurt.pl\/en\/hurtownia\/bez-kategorii\/koestler-snowboard\/\" \/>\n<meta property=\"og:locale\" content=\"en_US\" \/>\n<meta property=\"og:type\" content=\"article\" \/>\n<meta property=\"og:title\" content=\"Koestler Snowboard - Hurtownia okular\u00f3w\" \/>\n<meta property=\"og:description\" content=\"gogle koestler idealnie nadaj\u0105 si\u0119 do jazdy na nartach i snowboardzie. ramka gogli wykonana jest z termoplastycznego poliuretanu, jest to wyj\u0105tkowo wytrzyma\u0142e tworzywo, zachowuj\u0105ce elastyczno\u015b\u0107. gogle wykonane z tego materia\u0142u s\u0105 elastyczne, mi\u0119kkie, przyjemne w u\u017cytkowaniu, a jednocze\u015bnie niezwykle odporne na zarysowania i p\u0119kni\u0119cia. gogle posiadaj\u0105 elastyczny, regulowany pasek, zapewniaj\u0105cy komfort i pewne trzymanie gogli na g\u0142owie lub kasku. s\u0105 [&hellip;]\" \/>\n<meta property=\"og:url\" content=\"https:\/\/okulary-hurt.pl\/en\/hurtownia\/bez-kategorii\/koestler-snowboard\/\" \/>\n<meta property=\"og:site_name\" content=\"Hurtownia okular\u00f3w\" \/>\n<meta property=\"article:publisher\" content=\"https:\/\/www.facebook.com\/HurtowniaMeridian\" \/>\n<meta property=\"og:image\" content=\"https:\/\/okulary-hurt.pl\/wp-content\/uploads\/2026\/02\/6115_2f61fa842219359d3c5a03cf50f4101d.jpg\" \/>\n\t<meta property=\"og:image:width\" content=\"750\" \/>\n\t<meta property=\"og:image:height\" content=\"950\" \/>\n\t<meta property=\"og:image:type\" content=\"image\/jpeg\" \/>\n<meta name=\"twitter:card\" content=\"summary_large_image\" \/>\n<meta name=\"twitter:label1\" content=\"Est. reading time\" \/>\n\t<meta name=\"twitter:data1\" content=\"1 minute\" \/>\n<script type=\"application\/ld+json\" class=\"yoast-schema-graph\">{\"@context\":\"https:\\\/\\\/schema.org\",\"@graph\":[{\"@type\":\"WebPage\",\"@id\":\"https:\\\/\\\/okulary-hurt.pl\\\/hurtownia\\\/bez-kategorii\\\/koestler-snowboard\\\/\",\"url\":\"https:\\\/\\\/okulary-hurt.pl\\\/hurtownia\\\/bez-kategorii\\\/koestler-snowboard\\\/\",\"name\":\"Koestler Snowboard - Hurtownia okular\u00f3w\",\"isPartOf\":{\"@id\":\"https:\\\/\\\/okulary-hurt.pl\\\/#website\"},\"primaryImageOfPage\":{\"@id\":\"https:\\\/\\\/okulary-hurt.pl\\\/hurtownia\\\/bez-kategorii\\\/koestler-snowboard\\\/#primaryimage\"},\"image\":{\"@id\":\"https:\\\/\\\/okulary-hurt.pl\\\/hurtownia\\\/bez-kategorii\\\/koestler-snowboard\\\/#primaryimage\"},\"thumbnailUrl\":\"https:\\\/\\\/okulary-hurt.pl\\\/wp-content\\\/uploads\\\/2026\\\/02\\\/6115_2f61fa842219359d3c5a03cf50f4101d.jpg\",\"datePublished\":\"2026-02-27T08:55:25+00:00\",\"breadcrumb\":{\"@id\":\"https:\\\/\\\/okulary-hurt.pl\\\/hurtownia\\\/bez-kategorii\\\/koestler-snowboard\\\/#breadcrumb\"},\"inLanguage\":\"en-US\",\"potentialAction\":[{\"@type\":\"ReadAction\",\"target\":[\"https:\\\/\\\/okulary-hurt.pl\\\/hurtownia\\\/bez-kategorii\\\/koestler-snowboard\\\/\"]}]},{\"@type\":\"ImageObject\",\"inLanguage\":\"en-US\",\"@id\":\"https:\\\/\\\/okulary-hurt.pl\\\/hurtownia\\\/bez-kategorii\\\/koestler-snowboard\\\/#primaryimage\",\"url\":\"https:\\\/\\\/okulary-hurt.pl\\\/wp-content\\\/uploads\\\/2026\\\/02\\\/6115_2f61fa842219359d3c5a03cf50f4101d.jpg\",\"contentUrl\":\"https:\\\/\\\/okulary-hurt.pl\\\/wp-content\\\/uploads\\\/2026\\\/02\\\/6115_2f61fa842219359d3c5a03cf50f4101d.jpg\",\"width\":750,\"height\":950},{\"@type\":\"BreadcrumbList\",\"@id\":\"https:\\\/\\\/okulary-hurt.pl\\\/hurtownia\\\/bez-kategorii\\\/koestler-snowboard\\\/#breadcrumb\",\"itemListElement\":[{\"@type\":\"ListItem\",\"position\":1,\"name\":\"Strona g\u0142\u00f3wna\",\"item\":\"https:\\\/\\\/okulary-hurt.pl\\\/\"},{\"@type\":\"ListItem\",\"position\":2,\"name\":\"Hurtownia\",\"item\":\"https:\\\/\\\/okulary-hurt.pl\\\/hurtownia\\\/\"},{\"@type\":\"ListItem\",\"position\":3,\"name\":\"Koestler Snowboard\"}]},{\"@type\":\"WebSite\",\"@id\":\"https:\\\/\\\/okulary-hurt.pl\\\/#website\",\"url\":\"https:\\\/\\\/okulary-hurt.pl\\\/\",\"name\":\"Hurtownia okular\u00f3w przeciws\u0142onecznych\",\"description\":\"Okulary przeciws\u0142oneczne najmodniejsze\",\"publisher\":{\"@id\":\"https:\\\/\\\/okulary-hurt.pl\\\/#organization\"},\"alternateName\":\"Hurtownia okular\u00f3w Rzesz\u00f3w\",\"potentialAction\":[{\"@type\":\"SearchAction\",\"target\":{\"@type\":\"EntryPoint\",\"urlTemplate\":\"https:\\\/\\\/okulary-hurt.pl\\\/?s={search_term_string}\"},\"query-input\":{\"@type\":\"PropertyValueSpecification\",\"valueRequired\":true,\"valueName\":\"search_term_string\"}}],\"inLanguage\":\"en-US\"},{\"@type\":\"Organization\",\"@id\":\"https:\\\/\\\/okulary-hurt.pl\\\/#organization\",\"name\":\"Hurtownia okular\u00f3w Meridian Jerzy Myszkal\",\"alternateName\":\"Meridian Jerzy Myszkal\",\"url\":\"https:\\\/\\\/okulary-hurt.pl\\\/\",\"logo\":{\"@type\":\"ImageObject\",\"inLanguage\":\"en-US\",\"@id\":\"https:\\\/\\\/okulary-hurt.pl\\\/#\\\/schema\\\/logo\\\/image\\\/\",\"url\":\"https:\\\/\\\/okulary-hurt.pl\\\/wp-content\\\/uploads\\\/2026\\\/02\\\/cropped-okulary-hurt-hurtownia-okularow-przeciwslonecznych-1.png\",\"contentUrl\":\"https:\\\/\\\/okulary-hurt.pl\\\/wp-content\\\/uploads\\\/2026\\\/02\\\/cropped-okulary-hurt-hurtownia-okularow-przeciwslonecznych-1.png\",\"width\":512,\"height\":512,\"caption\":\"Hurtownia okular\u00f3w Meridian Jerzy Myszkal\"},\"image\":{\"@id\":\"https:\\\/\\\/okulary-hurt.pl\\\/#\\\/schema\\\/logo\\\/image\\\/\"},\"sameAs\":[\"https:\\\/\\\/www.facebook.com\\\/HurtowniaMeridian\"]}]}<\/script>\n<!-- \/ Yoast SEO plugin. -->","yoast_head_json":{"title":"Koestler Snowboard - Hurtownia okular\u00f3w","robots":{"index":"index","follow":"follow","max-snippet":"max-snippet:-1","max-image-preview":"max-image-preview:large","max-video-preview":"max-video-preview:-1"},"canonical":"https:\/\/okulary-hurt.pl\/en\/hurtownia\/bez-kategorii\/koestler-snowboard\/","og_locale":"en_US","og_type":"article","og_title":"Koestler Snowboard - Hurtownia okular\u00f3w","og_description":"gogle koestler idealnie nadaj\u0105 si\u0119 do jazdy na nartach i snowboardzie. ramka gogli wykonana jest z termoplastycznego poliuretanu, jest to wyj\u0105tkowo wytrzyma\u0142e tworzywo, zachowuj\u0105ce elastyczno\u015b\u0107. gogle wykonane z tego materia\u0142u s\u0105 elastyczne, mi\u0119kkie, przyjemne w u\u017cytkowaniu, a jednocze\u015bnie niezwykle odporne na zarysowania i p\u0119kni\u0119cia. gogle posiadaj\u0105 elastyczny, regulowany pasek, zapewniaj\u0105cy komfort i pewne trzymanie gogli na g\u0142owie lub kasku. s\u0105 [&hellip;]","og_url":"https:\/\/okulary-hurt.pl\/en\/hurtownia\/bez-kategorii\/koestler-snowboard\/","og_site_name":"Hurtownia okular\u00f3w","article_publisher":"https:\/\/www.facebook.com\/HurtowniaMeridian","og_image":[{"width":750,"height":950,"url":"https:\/\/okulary-hurt.pl\/wp-content\/uploads\/2026\/02\/6115_2f61fa842219359d3c5a03cf50f4101d.jpg","type":"image\/jpeg"}],"twitter_card":"summary_large_image","twitter_misc":{"Est. reading time":"1 minute"},"schema":{"@context":"https:\/\/schema.org","@graph":[{"@type":"WebPage","@id":"https:\/\/okulary-hurt.pl\/hurtownia\/bez-kategorii\/koestler-snowboard\/","url":"https:\/\/okulary-hurt.pl\/hurtownia\/bez-kategorii\/koestler-snowboard\/","name":"Koestler Snowboard - Hurtownia okular\u00f3w","isPartOf":{"@id":"https:\/\/okulary-hurt.pl\/#website"},"primaryImageOfPage":{"@id":"https:\/\/okulary-hurt.pl\/hurtownia\/bez-kategorii\/koestler-snowboard\/#primaryimage"},"image":{"@id":"https:\/\/okulary-hurt.pl\/hurtownia\/bez-kategorii\/koestler-snowboard\/#primaryimage"},"thumbnailUrl":"https:\/\/okulary-hurt.pl\/wp-content\/uploads\/2026\/02\/6115_2f61fa842219359d3c5a03cf50f4101d.jpg","datePublished":"2026-02-27T08:55:25+00:00","breadcrumb":{"@id":"https:\/\/okulary-hurt.pl\/hurtownia\/bez-kategorii\/koestler-snowboard\/#breadcrumb"},"inLanguage":"en-US","potentialAction":[{"@type":"ReadAction","target":["https:\/\/okulary-hurt.pl\/hurtownia\/bez-kategorii\/koestler-snowboard\/"]}]},{"@type":"ImageObject","inLanguage":"en-US","@id":"https:\/\/okulary-hurt.pl\/hurtownia\/bez-kategorii\/koestler-snowboard\/#primaryimage","url":"https:\/\/okulary-hurt.pl\/wp-content\/uploads\/2026\/02\/6115_2f61fa842219359d3c5a03cf50f4101d.jpg","contentUrl":"https:\/\/okulary-hurt.pl\/wp-content\/uploads\/2026\/02\/6115_2f61fa842219359d3c5a03cf50f4101d.jpg","width":750,"height":950},{"@type":"BreadcrumbList","@id":"https:\/\/okulary-hurt.pl\/hurtownia\/bez-kategorii\/koestler-snowboard\/#breadcrumb","itemListElement":[{"@type":"ListItem","position":1,"name":"Strona g\u0142\u00f3wna","item":"https:\/\/okulary-hurt.pl\/"},{"@type":"ListItem","position":2,"name":"Hurtownia","item":"https:\/\/okulary-hurt.pl\/hurtownia\/"},{"@type":"ListItem","position":3,"name":"Koestler Snowboard"}]},{"@type":"WebSite","@id":"https:\/\/okulary-hurt.pl\/#website","url":"https:\/\/okulary-hurt.pl\/","name":"Hurtownia okular\u00f3w przeciws\u0142onecznych","description":"Okulary przeciws\u0142oneczne najmodniejsze","publisher":{"@id":"https:\/\/okulary-hurt.pl\/#organization"},"alternateName":"Hurtownia okular\u00f3w Rzesz\u00f3w","potentialAction":[{"@type":"SearchAction","target":{"@type":"EntryPoint","urlTemplate":"https:\/\/okulary-hurt.pl\/?s={search_term_string}"},"query-input":{"@type":"PropertyValueSpecification","valueRequired":true,"valueName":"search_term_string"}}],"inLanguage":"en-US"},{"@type":"Organization","@id":"https:\/\/okulary-hurt.pl\/#organization","name":"Hurtownia okular\u00f3w Meridian Jerzy Myszkal","alternateName":"Meridian Jerzy Myszkal","url":"https:\/\/okulary-hurt.pl\/","logo":{"@type":"ImageObject","inLanguage":"en-US","@id":"https:\/\/okulary-hurt.pl\/#\/schema\/logo\/image\/","url":"https:\/\/okulary-hurt.pl\/wp-content\/uploads\/2026\/02\/cropped-okulary-hurt-hurtownia-okularow-przeciwslonecznych-1.png","contentUrl":"https:\/\/okulary-hurt.pl\/wp-content\/uploads\/2026\/02\/cropped-okulary-hurt-hurtownia-okularow-przeciwslonecznych-1.png","width":512,"height":512,"caption":"Hurtownia okular\u00f3w Meridian Jerzy Myszkal"},"image":{"@id":"https:\/\/okulary-hurt.pl\/#\/schema\/logo\/image\/"},"sameAs":["https:\/\/www.facebook.com\/HurtowniaMeridian"]}]}},"_links":{"self":[{"href":"https:\/\/okulary-hurt.pl\/en\/wp-json\/wp\/v2\/product\/1937","targetHints":{"allow":["GET"]}}],"collection":[{"href":"https:\/\/okulary-hurt.pl\/en\/wp-json\/wp\/v2\/product"}],"about":[{"href":"https:\/\/okulary-hurt.pl\/en\/wp-json\/wp\/v2\/types\/product"}],"wp:featuredmedia":[{"embeddable":true,"href":"https:\/\/okulary-hurt.pl\/en\/wp-json\/wp\/v2\/media\/1936"}],"wp:attachment":[{"href":"https:\/\/okulary-hurt.pl\/en\/wp-json\/wp\/v2\/media?parent=1937"}],"wp:term":[{"taxonomy":"product_brand","embeddable":true,"href":"https:\/\/okulary-hurt.pl\/en\/wp-json\/wp\/v2\/product_brand?post=1937"},{"taxonomy":"product_cat","embeddable":true,"href":"https:\/\/okulary-hurt.pl\/en\/wp-json\/wp\/v2\/product_cat?post=1937"},{"taxonomy":"product_tag","embeddable":true,"href":"https:\/\/okulary-hurt.pl\/en\/wp-json\/wp\/v2\/product_tag?post=1937"}],"curies":[{"name":"wp","href":"https:\/\/api.w.org\/{rel}","templated":true}]}}