{"id":1922,"date":"2026-02-27T08:43:40","date_gmt":"2026-02-27T07:43:40","guid":{"rendered":"https:\/\/hurtownia.okulary-hurt.pl\/sklep\/bez-kategorii\/kolo-do-plywania-80cm\/"},"modified":"2026-02-27T09:26:35","modified_gmt":"2026-02-27T08:26:35","slug":"kolo-do-plywania-80cm","status":"publish","type":"product","link":"https:\/\/okulary-hurt.pl\/en\/hurtownia\/plywanie\/akcesoria-do-plywania\/kolo-do-plywania-80cm\/","title":{"rendered":"Ko\u0142o do p\u0142ywania 80cm"},"content":{"rendered":"<p><strong>Ko\u0142o do p\u0142ywania 80cm<\/strong> to praktyczny element wyposa\u017cenia dla os\u00f3b regularnie korzystaj\u0105cych z basenu.<\/p>\n<p>Pomaga zwi\u0119kszy\u0107 komfort podczas p\u0142ywania oraz uporz\u0105dkowa\u0107 niezb\u0119dne rzeczy na trening.<\/p>\n<p>Sprawdzi si\u0119 zar\u00f3wno przy rekreacyjnych wizytach na basenie, jak i podczas zaj\u0119\u0107 sportowych.<\/p>\n<p>Uniwersalny charakter sprawia, \u017ce produkt mo\u017ce by\u0107 u\u017cywany przez dzieci, m\u0142odzie\u017c i doros\u0142ych.<\/p>\n<p><strong>Cechy:<\/strong><br \/>\u2022 wygodne u\u017cytkowanie<br \/>\u2022 praktyczne zastosowanie na basenie<br \/>\u2022 odpowiedni na trening i rekreacj\u0119<br \/>\u2022 uniwersalne przeznaczenie<\/p>","protected":false},"excerpt":{"rendered":"<p><strong>Ko\u0142o do p\u0142ywania 80cm<\/strong> \u2013 praktyczny dodatek zwi\u0119kszaj\u0105cy komfort na basenie.<\/p>","protected":false},"featured_media":1921,"template":"","meta":[],"product_brand":[],"product_cat":[54,51],"product_tag":[],"class_list":{"0":"post-1922","1":"product","2":"type-product","3":"status-publish","4":"has-post-thumbnail","6":"product_cat-akcesoria-do-plywania","7":"product_cat-plywanie","9":"first","10":"instock","11":"taxable","12":"shipping-taxable","13":"purchasable","14":"product-type-simple"},"yoast_head":"<!-- This site is optimized with the Yoast SEO plugin v27.3 - https:\/\/yoast.com\/product\/yoast-seo-wordpress\/ -->\n<title>Ko\u0142o do p\u0142ywania 80cm - Hurtownia okular\u00f3w<\/title>\n<meta name=\"robots\" content=\"index, follow, max-snippet:-1, max-image-preview:large, max-video-preview:-1\" \/>\n<link rel=\"canonical\" href=\"https:\/\/okulary-hurt.pl\/en\/hurtownia\/plywanie\/akcesoria-do-plywania\/kolo-do-plywania-80cm\/\" \/>\n<meta property=\"og:locale\" content=\"en_US\" \/>\n<meta property=\"og:type\" content=\"article\" \/>\n<meta property=\"og:title\" content=\"Ko\u0142o do p\u0142ywania 80cm - Hurtownia okular\u00f3w\" \/>\n<meta property=\"og:description\" content=\"Ko\u0142o do p\u0142ywania 80cm \u2013 praktyczny dodatek zwi\u0119kszaj\u0105cy komfort na basenie.\" \/>\n<meta property=\"og:url\" content=\"https:\/\/okulary-hurt.pl\/en\/hurtownia\/plywanie\/akcesoria-do-plywania\/kolo-do-plywania-80cm\/\" \/>\n<meta property=\"og:site_name\" content=\"Hurtownia okular\u00f3w\" \/>\n<meta property=\"article:publisher\" content=\"https:\/\/www.facebook.com\/HurtowniaMeridian\" \/>\n<meta property=\"article:modified_time\" content=\"2026-02-27T08:26:35+00:00\" \/>\n<meta property=\"og:image\" content=\"https:\/\/okulary-hurt.pl\/wp-content\/uploads\/2026\/02\/6ee894894e944914cf1e8d6dd1744b9b.png\" \/>\n\t<meta property=\"og:image:width\" content=\"191\" \/>\n\t<meta property=\"og:image:height\" content=\"144\" \/>\n\t<meta property=\"og:image:type\" content=\"image\/png\" \/>\n<meta name=\"twitter:card\" content=\"summary_large_image\" \/>\n<script type=\"application\/ld+json\" class=\"yoast-schema-graph\">{\"@context\":\"https:\\\/\\\/schema.org\",\"@graph\":[{\"@type\":\"WebPage\",\"@id\":\"https:\\\/\\\/okulary-hurt.pl\\\/hurtownia\\\/plywanie\\\/akcesoria-do-plywania\\\/kolo-do-plywania-80cm\\\/\",\"url\":\"https:\\\/\\\/okulary-hurt.pl\\\/hurtownia\\\/plywanie\\\/akcesoria-do-plywania\\\/kolo-do-plywania-80cm\\\/\",\"name\":\"Ko\u0142o do p\u0142ywania 80cm - Hurtownia okular\u00f3w\",\"isPartOf\":{\"@id\":\"https:\\\/\\\/okulary-hurt.pl\\\/#website\"},\"primaryImageOfPage\":{\"@id\":\"https:\\\/\\\/okulary-hurt.pl\\\/hurtownia\\\/plywanie\\\/akcesoria-do-plywania\\\/kolo-do-plywania-80cm\\\/#primaryimage\"},\"image\":{\"@id\":\"https:\\\/\\\/okulary-hurt.pl\\\/hurtownia\\\/plywanie\\\/akcesoria-do-plywania\\\/kolo-do-plywania-80cm\\\/#primaryimage\"},\"thumbnailUrl\":\"https:\\\/\\\/okulary-hurt.pl\\\/wp-content\\\/uploads\\\/2026\\\/02\\\/6ee894894e944914cf1e8d6dd1744b9b.png\",\"datePublished\":\"2026-02-27T07:43:40+00:00\",\"dateModified\":\"2026-02-27T08:26:35+00:00\",\"breadcrumb\":{\"@id\":\"https:\\\/\\\/okulary-hurt.pl\\\/hurtownia\\\/plywanie\\\/akcesoria-do-plywania\\\/kolo-do-plywania-80cm\\\/#breadcrumb\"},\"inLanguage\":\"en-US\",\"potentialAction\":[{\"@type\":\"ReadAction\",\"target\":[\"https:\\\/\\\/okulary-hurt.pl\\\/hurtownia\\\/plywanie\\\/akcesoria-do-plywania\\\/kolo-do-plywania-80cm\\\/\"]}]},{\"@type\":\"ImageObject\",\"inLanguage\":\"en-US\",\"@id\":\"https:\\\/\\\/okulary-hurt.pl\\\/hurtownia\\\/plywanie\\\/akcesoria-do-plywania\\\/kolo-do-plywania-80cm\\\/#primaryimage\",\"url\":\"https:\\\/\\\/okulary-hurt.pl\\\/wp-content\\\/uploads\\\/2026\\\/02\\\/6ee894894e944914cf1e8d6dd1744b9b.png\",\"contentUrl\":\"https:\\\/\\\/okulary-hurt.pl\\\/wp-content\\\/uploads\\\/2026\\\/02\\\/6ee894894e944914cf1e8d6dd1744b9b.png\",\"width\":191,\"height\":144},{\"@type\":\"BreadcrumbList\",\"@id\":\"https:\\\/\\\/okulary-hurt.pl\\\/hurtownia\\\/plywanie\\\/akcesoria-do-plywania\\\/kolo-do-plywania-80cm\\\/#breadcrumb\",\"itemListElement\":[{\"@type\":\"ListItem\",\"position\":1,\"name\":\"Strona g\u0142\u00f3wna\",\"item\":\"https:\\\/\\\/okulary-hurt.pl\\\/\"},{\"@type\":\"ListItem\",\"position\":2,\"name\":\"Hurtownia\",\"item\":\"https:\\\/\\\/okulary-hurt.pl\\\/hurtownia\\\/\"},{\"@type\":\"ListItem\",\"position\":3,\"name\":\"Ko\u0142o do p\u0142ywania 80cm\"}]},{\"@type\":\"WebSite\",\"@id\":\"https:\\\/\\\/okulary-hurt.pl\\\/#website\",\"url\":\"https:\\\/\\\/okulary-hurt.pl\\\/\",\"name\":\"Hurtownia okular\u00f3w przeciws\u0142onecznych\",\"description\":\"Okulary przeciws\u0142oneczne najmodniejsze\",\"publisher\":{\"@id\":\"https:\\\/\\\/okulary-hurt.pl\\\/#organization\"},\"alternateName\":\"Hurtownia okular\u00f3w Rzesz\u00f3w\",\"potentialAction\":[{\"@type\":\"SearchAction\",\"target\":{\"@type\":\"EntryPoint\",\"urlTemplate\":\"https:\\\/\\\/okulary-hurt.pl\\\/?s={search_term_string}\"},\"query-input\":{\"@type\":\"PropertyValueSpecification\",\"valueRequired\":true,\"valueName\":\"search_term_string\"}}],\"inLanguage\":\"en-US\"},{\"@type\":\"Organization\",\"@id\":\"https:\\\/\\\/okulary-hurt.pl\\\/#organization\",\"name\":\"Hurtownia okular\u00f3w Meridian Jerzy Myszkal\",\"alternateName\":\"Meridian Jerzy Myszkal\",\"url\":\"https:\\\/\\\/okulary-hurt.pl\\\/\",\"logo\":{\"@type\":\"ImageObject\",\"inLanguage\":\"en-US\",\"@id\":\"https:\\\/\\\/okulary-hurt.pl\\\/#\\\/schema\\\/logo\\\/image\\\/\",\"url\":\"https:\\\/\\\/okulary-hurt.pl\\\/wp-content\\\/uploads\\\/2026\\\/02\\\/cropped-okulary-hurt-hurtownia-okularow-przeciwslonecznych-1.png\",\"contentUrl\":\"https:\\\/\\\/okulary-hurt.pl\\\/wp-content\\\/uploads\\\/2026\\\/02\\\/cropped-okulary-hurt-hurtownia-okularow-przeciwslonecznych-1.png\",\"width\":512,\"height\":512,\"caption\":\"Hurtownia okular\u00f3w Meridian Jerzy Myszkal\"},\"image\":{\"@id\":\"https:\\\/\\\/okulary-hurt.pl\\\/#\\\/schema\\\/logo\\\/image\\\/\"},\"sameAs\":[\"https:\\\/\\\/www.facebook.com\\\/HurtowniaMeridian\"]}]}<\/script>\n<!-- \/ Yoast SEO plugin. -->","yoast_head_json":{"title":"Ko\u0142o do p\u0142ywania 80cm - Hurtownia okular\u00f3w","robots":{"index":"index","follow":"follow","max-snippet":"max-snippet:-1","max-image-preview":"max-image-preview:large","max-video-preview":"max-video-preview:-1"},"canonical":"https:\/\/okulary-hurt.pl\/en\/hurtownia\/plywanie\/akcesoria-do-plywania\/kolo-do-plywania-80cm\/","og_locale":"en_US","og_type":"article","og_title":"Ko\u0142o do p\u0142ywania 80cm - Hurtownia okular\u00f3w","og_description":"Ko\u0142o do p\u0142ywania 80cm \u2013 praktyczny dodatek zwi\u0119kszaj\u0105cy komfort na basenie.","og_url":"https:\/\/okulary-hurt.pl\/en\/hurtownia\/plywanie\/akcesoria-do-plywania\/kolo-do-plywania-80cm\/","og_site_name":"Hurtownia okular\u00f3w","article_publisher":"https:\/\/www.facebook.com\/HurtowniaMeridian","article_modified_time":"2026-02-27T08:26:35+00:00","og_image":[{"width":191,"height":144,"url":"https:\/\/okulary-hurt.pl\/wp-content\/uploads\/2026\/02\/6ee894894e944914cf1e8d6dd1744b9b.png","type":"image\/png"}],"twitter_card":"summary_large_image","schema":{"@context":"https:\/\/schema.org","@graph":[{"@type":"WebPage","@id":"https:\/\/okulary-hurt.pl\/hurtownia\/plywanie\/akcesoria-do-plywania\/kolo-do-plywania-80cm\/","url":"https:\/\/okulary-hurt.pl\/hurtownia\/plywanie\/akcesoria-do-plywania\/kolo-do-plywania-80cm\/","name":"Ko\u0142o do p\u0142ywania 80cm - Hurtownia okular\u00f3w","isPartOf":{"@id":"https:\/\/okulary-hurt.pl\/#website"},"primaryImageOfPage":{"@id":"https:\/\/okulary-hurt.pl\/hurtownia\/plywanie\/akcesoria-do-plywania\/kolo-do-plywania-80cm\/#primaryimage"},"image":{"@id":"https:\/\/okulary-hurt.pl\/hurtownia\/plywanie\/akcesoria-do-plywania\/kolo-do-plywania-80cm\/#primaryimage"},"thumbnailUrl":"https:\/\/okulary-hurt.pl\/wp-content\/uploads\/2026\/02\/6ee894894e944914cf1e8d6dd1744b9b.png","datePublished":"2026-02-27T07:43:40+00:00","dateModified":"2026-02-27T08:26:35+00:00","breadcrumb":{"@id":"https:\/\/okulary-hurt.pl\/hurtownia\/plywanie\/akcesoria-do-plywania\/kolo-do-plywania-80cm\/#breadcrumb"},"inLanguage":"en-US","potentialAction":[{"@type":"ReadAction","target":["https:\/\/okulary-hurt.pl\/hurtownia\/plywanie\/akcesoria-do-plywania\/kolo-do-plywania-80cm\/"]}]},{"@type":"ImageObject","inLanguage":"en-US","@id":"https:\/\/okulary-hurt.pl\/hurtownia\/plywanie\/akcesoria-do-plywania\/kolo-do-plywania-80cm\/#primaryimage","url":"https:\/\/okulary-hurt.pl\/wp-content\/uploads\/2026\/02\/6ee894894e944914cf1e8d6dd1744b9b.png","contentUrl":"https:\/\/okulary-hurt.pl\/wp-content\/uploads\/2026\/02\/6ee894894e944914cf1e8d6dd1744b9b.png","width":191,"height":144},{"@type":"BreadcrumbList","@id":"https:\/\/okulary-hurt.pl\/hurtownia\/plywanie\/akcesoria-do-plywania\/kolo-do-plywania-80cm\/#breadcrumb","itemListElement":[{"@type":"ListItem","position":1,"name":"Strona g\u0142\u00f3wna","item":"https:\/\/okulary-hurt.pl\/"},{"@type":"ListItem","position":2,"name":"Hurtownia","item":"https:\/\/okulary-hurt.pl\/hurtownia\/"},{"@type":"ListItem","position":3,"name":"Ko\u0142o do p\u0142ywania 80cm"}]},{"@type":"WebSite","@id":"https:\/\/okulary-hurt.pl\/#website","url":"https:\/\/okulary-hurt.pl\/","name":"Hurtownia okular\u00f3w przeciws\u0142onecznych","description":"Okulary przeciws\u0142oneczne najmodniejsze","publisher":{"@id":"https:\/\/okulary-hurt.pl\/#organization"},"alternateName":"Hurtownia okular\u00f3w Rzesz\u00f3w","potentialAction":[{"@type":"SearchAction","target":{"@type":"EntryPoint","urlTemplate":"https:\/\/okulary-hurt.pl\/?s={search_term_string}"},"query-input":{"@type":"PropertyValueSpecification","valueRequired":true,"valueName":"search_term_string"}}],"inLanguage":"en-US"},{"@type":"Organization","@id":"https:\/\/okulary-hurt.pl\/#organization","name":"Hurtownia okular\u00f3w Meridian Jerzy Myszkal","alternateName":"Meridian Jerzy Myszkal","url":"https:\/\/okulary-hurt.pl\/","logo":{"@type":"ImageObject","inLanguage":"en-US","@id":"https:\/\/okulary-hurt.pl\/#\/schema\/logo\/image\/","url":"https:\/\/okulary-hurt.pl\/wp-content\/uploads\/2026\/02\/cropped-okulary-hurt-hurtownia-okularow-przeciwslonecznych-1.png","contentUrl":"https:\/\/okulary-hurt.pl\/wp-content\/uploads\/2026\/02\/cropped-okulary-hurt-hurtownia-okularow-przeciwslonecznych-1.png","width":512,"height":512,"caption":"Hurtownia okular\u00f3w Meridian Jerzy Myszkal"},"image":{"@id":"https:\/\/okulary-hurt.pl\/#\/schema\/logo\/image\/"},"sameAs":["https:\/\/www.facebook.com\/HurtowniaMeridian"]}]}},"_links":{"self":[{"href":"https:\/\/okulary-hurt.pl\/en\/wp-json\/wp\/v2\/product\/1922","targetHints":{"allow":["GET"]}}],"collection":[{"href":"https:\/\/okulary-hurt.pl\/en\/wp-json\/wp\/v2\/product"}],"about":[{"href":"https:\/\/okulary-hurt.pl\/en\/wp-json\/wp\/v2\/types\/product"}],"wp:featuredmedia":[{"embeddable":true,"href":"https:\/\/okulary-hurt.pl\/en\/wp-json\/wp\/v2\/media\/1921"}],"wp:attachment":[{"href":"https:\/\/okulary-hurt.pl\/en\/wp-json\/wp\/v2\/media?parent=1922"}],"wp:term":[{"taxonomy":"product_brand","embeddable":true,"href":"https:\/\/okulary-hurt.pl\/en\/wp-json\/wp\/v2\/product_brand?post=1922"},{"taxonomy":"product_cat","embeddable":true,"href":"https:\/\/okulary-hurt.pl\/en\/wp-json\/wp\/v2\/product_cat?post=1922"},{"taxonomy":"product_tag","embeddable":true,"href":"https:\/\/okulary-hurt.pl\/en\/wp-json\/wp\/v2\/product_tag?post=1922"}],"curies":[{"name":"wp","href":"https:\/\/api.w.org\/{rel}","templated":true}]}}