{"id":1918,"date":"2026-02-27T08:41:19","date_gmt":"2026-02-27T07:41:19","guid":{"rendered":"https:\/\/hurtownia.okulary-hurt.pl\/sklep\/bez-kategorii\/fotelik-do-plywania\/"},"modified":"2026-02-27T09:26:34","modified_gmt":"2026-02-27T08:26:34","slug":"fotelik-do-plywania","status":"publish","type":"product","link":"https:\/\/okulary-hurt.pl\/en\/hurtownia\/plywanie\/akcesoria-do-plywania\/fotelik-do-plywania\/","title":{"rendered":"Fotelik do p\u0142ywania"},"content":{"rendered":"<p><strong>Fotelik do p\u0142ywania<\/strong> zosta\u0142o zaprojektowane z my\u015bl\u0105 o wygodzie i funkcjonalno\u015bci.<\/p>\n<p>Pomaga w pe\u0142ni wykorzysta\u0107 czas sp\u0119dzany w wodzie, dbaj\u0105c o komfort u\u017cytkownika.<\/p>\n<p>Produkt sprawdzi si\u0119 na basenie, w aquaparku oraz podczas wyjazd\u00f3w nad wod\u0119.<\/p>\n<p>Mo\u017ce stanowi\u0107 uzupe\u0142nienie podstawowego wyposa\u017cenia p\u0142ywackiego.<\/p>\n<p><strong>Atuty:<\/strong><br \/>\u2022 uniwersalne zastosowanie<br \/>\u2022 komfortowe u\u017cytkowanie<br \/>\u2022 \u0142atwo\u015b\u0107 przechowywania<br \/>\u2022 odpowiednie na r\u00f3\u017cne okazje wodne<\/p>","protected":false},"excerpt":{"rendered":"<p><strong>Fotelik do p\u0142ywania<\/strong> idealne na basen, aquapark i wakacje nad wod\u0105.<\/p>","protected":false},"featured_media":1917,"template":"","meta":[],"product_brand":[],"product_cat":[54,51],"product_tag":[],"class_list":{"0":"post-1918","1":"product","2":"type-product","3":"status-publish","4":"has-post-thumbnail","6":"product_cat-akcesoria-do-plywania","7":"product_cat-plywanie","9":"first","10":"instock","11":"taxable","12":"shipping-taxable","13":"purchasable","14":"product-type-simple"},"yoast_head":"<!-- This site is optimized with the Yoast SEO plugin v27.3 - https:\/\/yoast.com\/product\/yoast-seo-wordpress\/ -->\n<title>Fotelik do p\u0142ywania - Hurtownia okular\u00f3w<\/title>\n<meta name=\"robots\" content=\"index, follow, max-snippet:-1, max-image-preview:large, max-video-preview:-1\" \/>\n<link rel=\"canonical\" href=\"https:\/\/okulary-hurt.pl\/en\/hurtownia\/plywanie\/akcesoria-do-plywania\/fotelik-do-plywania\/\" \/>\n<meta property=\"og:locale\" content=\"en_US\" \/>\n<meta property=\"og:type\" content=\"article\" \/>\n<meta property=\"og:title\" content=\"Fotelik do p\u0142ywania - Hurtownia okular\u00f3w\" \/>\n<meta property=\"og:description\" content=\"Fotelik do p\u0142ywania idealne na basen, aquapark i wakacje nad wod\u0105.\" \/>\n<meta property=\"og:url\" content=\"https:\/\/okulary-hurt.pl\/en\/hurtownia\/plywanie\/akcesoria-do-plywania\/fotelik-do-plywania\/\" \/>\n<meta property=\"og:site_name\" content=\"Hurtownia okular\u00f3w\" \/>\n<meta property=\"article:publisher\" content=\"https:\/\/www.facebook.com\/HurtowniaMeridian\" \/>\n<meta property=\"article:modified_time\" content=\"2026-02-27T08:26:34+00:00\" \/>\n<meta property=\"og:image\" content=\"https:\/\/okulary-hurt.pl\/wp-content\/uploads\/2026\/02\/0d1c237a0d03654153b1e667b00bd051.jpg\" \/>\n\t<meta property=\"og:image:width\" content=\"1280\" \/>\n\t<meta property=\"og:image:height\" content=\"960\" \/>\n\t<meta property=\"og:image:type\" content=\"image\/jpeg\" \/>\n<meta name=\"twitter:card\" content=\"summary_large_image\" \/>\n<script type=\"application\/ld+json\" class=\"yoast-schema-graph\">{\"@context\":\"https:\\\/\\\/schema.org\",\"@graph\":[{\"@type\":\"WebPage\",\"@id\":\"https:\\\/\\\/okulary-hurt.pl\\\/hurtownia\\\/plywanie\\\/akcesoria-do-plywania\\\/fotelik-do-plywania\\\/\",\"url\":\"https:\\\/\\\/okulary-hurt.pl\\\/hurtownia\\\/plywanie\\\/akcesoria-do-plywania\\\/fotelik-do-plywania\\\/\",\"name\":\"Fotelik do p\u0142ywania - Hurtownia okular\u00f3w\",\"isPartOf\":{\"@id\":\"https:\\\/\\\/okulary-hurt.pl\\\/#website\"},\"primaryImageOfPage\":{\"@id\":\"https:\\\/\\\/okulary-hurt.pl\\\/hurtownia\\\/plywanie\\\/akcesoria-do-plywania\\\/fotelik-do-plywania\\\/#primaryimage\"},\"image\":{\"@id\":\"https:\\\/\\\/okulary-hurt.pl\\\/hurtownia\\\/plywanie\\\/akcesoria-do-plywania\\\/fotelik-do-plywania\\\/#primaryimage\"},\"thumbnailUrl\":\"https:\\\/\\\/okulary-hurt.pl\\\/wp-content\\\/uploads\\\/2026\\\/02\\\/0d1c237a0d03654153b1e667b00bd051.jpg\",\"datePublished\":\"2026-02-27T07:41:19+00:00\",\"dateModified\":\"2026-02-27T08:26:34+00:00\",\"breadcrumb\":{\"@id\":\"https:\\\/\\\/okulary-hurt.pl\\\/hurtownia\\\/plywanie\\\/akcesoria-do-plywania\\\/fotelik-do-plywania\\\/#breadcrumb\"},\"inLanguage\":\"en-US\",\"potentialAction\":[{\"@type\":\"ReadAction\",\"target\":[\"https:\\\/\\\/okulary-hurt.pl\\\/hurtownia\\\/plywanie\\\/akcesoria-do-plywania\\\/fotelik-do-plywania\\\/\"]}]},{\"@type\":\"ImageObject\",\"inLanguage\":\"en-US\",\"@id\":\"https:\\\/\\\/okulary-hurt.pl\\\/hurtownia\\\/plywanie\\\/akcesoria-do-plywania\\\/fotelik-do-plywania\\\/#primaryimage\",\"url\":\"https:\\\/\\\/okulary-hurt.pl\\\/wp-content\\\/uploads\\\/2026\\\/02\\\/0d1c237a0d03654153b1e667b00bd051.jpg\",\"contentUrl\":\"https:\\\/\\\/okulary-hurt.pl\\\/wp-content\\\/uploads\\\/2026\\\/02\\\/0d1c237a0d03654153b1e667b00bd051.jpg\",\"width\":1280,\"height\":960},{\"@type\":\"BreadcrumbList\",\"@id\":\"https:\\\/\\\/okulary-hurt.pl\\\/hurtownia\\\/plywanie\\\/akcesoria-do-plywania\\\/fotelik-do-plywania\\\/#breadcrumb\",\"itemListElement\":[{\"@type\":\"ListItem\",\"position\":1,\"name\":\"Strona g\u0142\u00f3wna\",\"item\":\"https:\\\/\\\/okulary-hurt.pl\\\/\"},{\"@type\":\"ListItem\",\"position\":2,\"name\":\"Hurtownia\",\"item\":\"https:\\\/\\\/okulary-hurt.pl\\\/hurtownia\\\/\"},{\"@type\":\"ListItem\",\"position\":3,\"name\":\"Fotelik do p\u0142ywania\"}]},{\"@type\":\"WebSite\",\"@id\":\"https:\\\/\\\/okulary-hurt.pl\\\/#website\",\"url\":\"https:\\\/\\\/okulary-hurt.pl\\\/\",\"name\":\"Hurtownia okular\u00f3w przeciws\u0142onecznych\",\"description\":\"Okulary przeciws\u0142oneczne najmodniejsze\",\"publisher\":{\"@id\":\"https:\\\/\\\/okulary-hurt.pl\\\/#organization\"},\"alternateName\":\"Hurtownia okular\u00f3w Rzesz\u00f3w\",\"potentialAction\":[{\"@type\":\"SearchAction\",\"target\":{\"@type\":\"EntryPoint\",\"urlTemplate\":\"https:\\\/\\\/okulary-hurt.pl\\\/?s={search_term_string}\"},\"query-input\":{\"@type\":\"PropertyValueSpecification\",\"valueRequired\":true,\"valueName\":\"search_term_string\"}}],\"inLanguage\":\"en-US\"},{\"@type\":\"Organization\",\"@id\":\"https:\\\/\\\/okulary-hurt.pl\\\/#organization\",\"name\":\"Hurtownia okular\u00f3w Meridian Jerzy Myszkal\",\"alternateName\":\"Meridian Jerzy Myszkal\",\"url\":\"https:\\\/\\\/okulary-hurt.pl\\\/\",\"logo\":{\"@type\":\"ImageObject\",\"inLanguage\":\"en-US\",\"@id\":\"https:\\\/\\\/okulary-hurt.pl\\\/#\\\/schema\\\/logo\\\/image\\\/\",\"url\":\"https:\\\/\\\/okulary-hurt.pl\\\/wp-content\\\/uploads\\\/2026\\\/02\\\/cropped-okulary-hurt-hurtownia-okularow-przeciwslonecznych-1.png\",\"contentUrl\":\"https:\\\/\\\/okulary-hurt.pl\\\/wp-content\\\/uploads\\\/2026\\\/02\\\/cropped-okulary-hurt-hurtownia-okularow-przeciwslonecznych-1.png\",\"width\":512,\"height\":512,\"caption\":\"Hurtownia okular\u00f3w Meridian Jerzy Myszkal\"},\"image\":{\"@id\":\"https:\\\/\\\/okulary-hurt.pl\\\/#\\\/schema\\\/logo\\\/image\\\/\"},\"sameAs\":[\"https:\\\/\\\/www.facebook.com\\\/HurtowniaMeridian\"]}]}<\/script>\n<!-- \/ Yoast SEO plugin. -->","yoast_head_json":{"title":"Fotelik do p\u0142ywania - Hurtownia okular\u00f3w","robots":{"index":"index","follow":"follow","max-snippet":"max-snippet:-1","max-image-preview":"max-image-preview:large","max-video-preview":"max-video-preview:-1"},"canonical":"https:\/\/okulary-hurt.pl\/en\/hurtownia\/plywanie\/akcesoria-do-plywania\/fotelik-do-plywania\/","og_locale":"en_US","og_type":"article","og_title":"Fotelik do p\u0142ywania - Hurtownia okular\u00f3w","og_description":"Fotelik do p\u0142ywania idealne na basen, aquapark i wakacje nad wod\u0105.","og_url":"https:\/\/okulary-hurt.pl\/en\/hurtownia\/plywanie\/akcesoria-do-plywania\/fotelik-do-plywania\/","og_site_name":"Hurtownia okular\u00f3w","article_publisher":"https:\/\/www.facebook.com\/HurtowniaMeridian","article_modified_time":"2026-02-27T08:26:34+00:00","og_image":[{"width":1280,"height":960,"url":"https:\/\/okulary-hurt.pl\/wp-content\/uploads\/2026\/02\/0d1c237a0d03654153b1e667b00bd051.jpg","type":"image\/jpeg"}],"twitter_card":"summary_large_image","schema":{"@context":"https:\/\/schema.org","@graph":[{"@type":"WebPage","@id":"https:\/\/okulary-hurt.pl\/hurtownia\/plywanie\/akcesoria-do-plywania\/fotelik-do-plywania\/","url":"https:\/\/okulary-hurt.pl\/hurtownia\/plywanie\/akcesoria-do-plywania\/fotelik-do-plywania\/","name":"Fotelik do p\u0142ywania - Hurtownia okular\u00f3w","isPartOf":{"@id":"https:\/\/okulary-hurt.pl\/#website"},"primaryImageOfPage":{"@id":"https:\/\/okulary-hurt.pl\/hurtownia\/plywanie\/akcesoria-do-plywania\/fotelik-do-plywania\/#primaryimage"},"image":{"@id":"https:\/\/okulary-hurt.pl\/hurtownia\/plywanie\/akcesoria-do-plywania\/fotelik-do-plywania\/#primaryimage"},"thumbnailUrl":"https:\/\/okulary-hurt.pl\/wp-content\/uploads\/2026\/02\/0d1c237a0d03654153b1e667b00bd051.jpg","datePublished":"2026-02-27T07:41:19+00:00","dateModified":"2026-02-27T08:26:34+00:00","breadcrumb":{"@id":"https:\/\/okulary-hurt.pl\/hurtownia\/plywanie\/akcesoria-do-plywania\/fotelik-do-plywania\/#breadcrumb"},"inLanguage":"en-US","potentialAction":[{"@type":"ReadAction","target":["https:\/\/okulary-hurt.pl\/hurtownia\/plywanie\/akcesoria-do-plywania\/fotelik-do-plywania\/"]}]},{"@type":"ImageObject","inLanguage":"en-US","@id":"https:\/\/okulary-hurt.pl\/hurtownia\/plywanie\/akcesoria-do-plywania\/fotelik-do-plywania\/#primaryimage","url":"https:\/\/okulary-hurt.pl\/wp-content\/uploads\/2026\/02\/0d1c237a0d03654153b1e667b00bd051.jpg","contentUrl":"https:\/\/okulary-hurt.pl\/wp-content\/uploads\/2026\/02\/0d1c237a0d03654153b1e667b00bd051.jpg","width":1280,"height":960},{"@type":"BreadcrumbList","@id":"https:\/\/okulary-hurt.pl\/hurtownia\/plywanie\/akcesoria-do-plywania\/fotelik-do-plywania\/#breadcrumb","itemListElement":[{"@type":"ListItem","position":1,"name":"Strona g\u0142\u00f3wna","item":"https:\/\/okulary-hurt.pl\/"},{"@type":"ListItem","position":2,"name":"Hurtownia","item":"https:\/\/okulary-hurt.pl\/hurtownia\/"},{"@type":"ListItem","position":3,"name":"Fotelik do p\u0142ywania"}]},{"@type":"WebSite","@id":"https:\/\/okulary-hurt.pl\/#website","url":"https:\/\/okulary-hurt.pl\/","name":"Hurtownia okular\u00f3w przeciws\u0142onecznych","description":"Okulary przeciws\u0142oneczne najmodniejsze","publisher":{"@id":"https:\/\/okulary-hurt.pl\/#organization"},"alternateName":"Hurtownia okular\u00f3w Rzesz\u00f3w","potentialAction":[{"@type":"SearchAction","target":{"@type":"EntryPoint","urlTemplate":"https:\/\/okulary-hurt.pl\/?s={search_term_string}"},"query-input":{"@type":"PropertyValueSpecification","valueRequired":true,"valueName":"search_term_string"}}],"inLanguage":"en-US"},{"@type":"Organization","@id":"https:\/\/okulary-hurt.pl\/#organization","name":"Hurtownia okular\u00f3w Meridian Jerzy Myszkal","alternateName":"Meridian Jerzy Myszkal","url":"https:\/\/okulary-hurt.pl\/","logo":{"@type":"ImageObject","inLanguage":"en-US","@id":"https:\/\/okulary-hurt.pl\/#\/schema\/logo\/image\/","url":"https:\/\/okulary-hurt.pl\/wp-content\/uploads\/2026\/02\/cropped-okulary-hurt-hurtownia-okularow-przeciwslonecznych-1.png","contentUrl":"https:\/\/okulary-hurt.pl\/wp-content\/uploads\/2026\/02\/cropped-okulary-hurt-hurtownia-okularow-przeciwslonecznych-1.png","width":512,"height":512,"caption":"Hurtownia okular\u00f3w Meridian Jerzy Myszkal"},"image":{"@id":"https:\/\/okulary-hurt.pl\/#\/schema\/logo\/image\/"},"sameAs":["https:\/\/www.facebook.com\/HurtowniaMeridian"]}]}},"_links":{"self":[{"href":"https:\/\/okulary-hurt.pl\/en\/wp-json\/wp\/v2\/product\/1918","targetHints":{"allow":["GET"]}}],"collection":[{"href":"https:\/\/okulary-hurt.pl\/en\/wp-json\/wp\/v2\/product"}],"about":[{"href":"https:\/\/okulary-hurt.pl\/en\/wp-json\/wp\/v2\/types\/product"}],"wp:featuredmedia":[{"embeddable":true,"href":"https:\/\/okulary-hurt.pl\/en\/wp-json\/wp\/v2\/media\/1917"}],"wp:attachment":[{"href":"https:\/\/okulary-hurt.pl\/en\/wp-json\/wp\/v2\/media?parent=1918"}],"wp:term":[{"taxonomy":"product_brand","embeddable":true,"href":"https:\/\/okulary-hurt.pl\/en\/wp-json\/wp\/v2\/product_brand?post=1918"},{"taxonomy":"product_cat","embeddable":true,"href":"https:\/\/okulary-hurt.pl\/en\/wp-json\/wp\/v2\/product_cat?post=1918"},{"taxonomy":"product_tag","embeddable":true,"href":"https:\/\/okulary-hurt.pl\/en\/wp-json\/wp\/v2\/product_tag?post=1918"}],"curies":[{"name":"wp","href":"https:\/\/api.w.org\/{rel}","templated":true}]}}