{"id":1874,"date":"2026-02-26T18:03:49","date_gmt":"2026-02-26T17:03:49","guid":{"rendered":"https:\/\/hurtownia.okulary-hurt.pl\/sklep\/bez-kategorii\/okulary-do-plywania-niebieskie-okulary-do-plywania-2309-02\/"},"modified":"2026-03-06T08:29:25","modified_gmt":"2026-03-06T07:29:25","slug":"okulary-do-plywania-niebieskie-okulary-do-plywania-2309-02","status":"publish","type":"product","link":"https:\/\/okulary-hurt.pl\/en\/hurtownia\/plywanie\/okulary-do-plywania\/okulary-do-plywania-niebieskie-okulary-do-plywania-2309-02\/","title":{"rendered":"Okulary do p\u0142ywania niebieskie okulary do p\u0142ywania 2309-02"},"content":{"rendered":"<p><strong>Okulary do p\u0142ywania niebieskie okulary do p\u0142ywania 2309-02<\/strong> zosta\u0142y zaprojektowane z my\u015bl\u0105 o wygodzie i dobrej widoczno\u015bci podczas p\u0142ywania.<\/p>\n<p>Mi\u0119kkie uszczelki pomagaj\u0105 ograniczy\u0107 przedostawanie si\u0119 wody, a regulowany pasek umo\u017cliwia \u0142atwe dopasowanie do g\u0142owy.<\/p>\n<p>Przejrzyste szk\u0142a zapewniaj\u0105 komfort widzenia zar\u00f3wno na basenie, jak i podczas rekreacyjnego p\u0142ywania.<\/p>\n<p>Model odpowiedni dla os\u00f3b rozpoczynaj\u0105cych nauk\u0119 p\u0142ywania oraz regularnie trenuj\u0105cych.<\/p>\n<p><strong>Cechy:<\/strong><br \/>\u2022 wygodne uszczelki<br \/>\u2022 regulowany pasek<br \/>\u2022 dobre pole widzenia<br \/>\u2022 idealne na basen<\/p>","protected":false},"excerpt":{"rendered":"<p><strong>Okulary do p\u0142ywania niebieskie okulary do p\u0142ywania 2309-02<\/strong> \u2013 komfortowe okulary p\u0142ywackie zapewniaj\u0105ce dobr\u0105 widoczno\u015b\u0107 pod wod\u0105.<\/p>","protected":false},"featured_media":1873,"template":"","meta":[],"product_brand":[],"product_cat":[53,51],"product_tag":[103],"class_list":{"0":"post-1874","1":"product","2":"type-product","3":"status-publish","4":"has-post-thumbnail","6":"product_cat-okulary-do-plywania","7":"product_cat-plywanie","8":"product_tag-produkty-w-cenie-24-99","10":"first","11":"instock","12":"taxable","13":"shipping-taxable","14":"purchasable","15":"product-type-simple"},"yoast_head":"<!-- This site is optimized with the Yoast SEO plugin v27.3 - https:\/\/yoast.com\/product\/yoast-seo-wordpress\/ -->\n<title>Okulary do p\u0142ywania niebieskie okulary do p\u0142ywania 2309-02 - Hurtownia okular\u00f3w<\/title>\n<meta name=\"robots\" content=\"index, follow, max-snippet:-1, max-image-preview:large, max-video-preview:-1\" \/>\n<link rel=\"canonical\" href=\"https:\/\/okulary-hurt.pl\/en\/hurtownia\/plywanie\/okulary-do-plywania\/okulary-do-plywania-niebieskie-okulary-do-plywania-2309-02\/\" \/>\n<meta property=\"og:locale\" content=\"en_US\" \/>\n<meta property=\"og:type\" content=\"article\" \/>\n<meta property=\"og:title\" content=\"Okulary do p\u0142ywania niebieskie okulary do p\u0142ywania 2309-02 - Hurtownia okular\u00f3w\" \/>\n<meta property=\"og:description\" content=\"Okulary do p\u0142ywania niebieskie okulary do p\u0142ywania 2309-02 \u2013 komfortowe okulary p\u0142ywackie zapewniaj\u0105ce dobr\u0105 widoczno\u015b\u0107 pod wod\u0105.\" \/>\n<meta property=\"og:url\" content=\"https:\/\/okulary-hurt.pl\/en\/hurtownia\/plywanie\/okulary-do-plywania\/okulary-do-plywania-niebieskie-okulary-do-plywania-2309-02\/\" \/>\n<meta property=\"og:site_name\" content=\"Hurtownia okular\u00f3w\" \/>\n<meta property=\"article:publisher\" content=\"https:\/\/www.facebook.com\/HurtowniaMeridian\" \/>\n<meta property=\"article:modified_time\" content=\"2026-03-06T07:29:25+00:00\" \/>\n<meta property=\"og:image\" content=\"https:\/\/okulary-hurt.pl\/wp-content\/uploads\/2026\/02\/3a02b760cae059215ee4b7e35a6a1701.png\" \/>\n\t<meta property=\"og:image:width\" content=\"800\" \/>\n\t<meta property=\"og:image:height\" content=\"800\" \/>\n\t<meta property=\"og:image:type\" content=\"image\/png\" \/>\n<meta name=\"twitter:card\" content=\"summary_large_image\" \/>\n<script type=\"application\/ld+json\" class=\"yoast-schema-graph\">{\"@context\":\"https:\\\/\\\/schema.org\",\"@graph\":[{\"@type\":\"WebPage\",\"@id\":\"https:\\\/\\\/okulary-hurt.pl\\\/hurtownia\\\/plywanie\\\/okulary-do-plywania\\\/okulary-do-plywania-niebieskie-okulary-do-plywania-2309-02\\\/\",\"url\":\"https:\\\/\\\/okulary-hurt.pl\\\/hurtownia\\\/plywanie\\\/okulary-do-plywania\\\/okulary-do-plywania-niebieskie-okulary-do-plywania-2309-02\\\/\",\"name\":\"Okulary do p\u0142ywania niebieskie okulary do p\u0142ywania 2309-02 - Hurtownia okular\u00f3w\",\"isPartOf\":{\"@id\":\"https:\\\/\\\/okulary-hurt.pl\\\/#website\"},\"primaryImageOfPage\":{\"@id\":\"https:\\\/\\\/okulary-hurt.pl\\\/hurtownia\\\/plywanie\\\/okulary-do-plywania\\\/okulary-do-plywania-niebieskie-okulary-do-plywania-2309-02\\\/#primaryimage\"},\"image\":{\"@id\":\"https:\\\/\\\/okulary-hurt.pl\\\/hurtownia\\\/plywanie\\\/okulary-do-plywania\\\/okulary-do-plywania-niebieskie-okulary-do-plywania-2309-02\\\/#primaryimage\"},\"thumbnailUrl\":\"https:\\\/\\\/okulary-hurt.pl\\\/wp-content\\\/uploads\\\/2026\\\/02\\\/3a02b760cae059215ee4b7e35a6a1701.png\",\"datePublished\":\"2026-02-26T17:03:49+00:00\",\"dateModified\":\"2026-03-06T07:29:25+00:00\",\"breadcrumb\":{\"@id\":\"https:\\\/\\\/okulary-hurt.pl\\\/hurtownia\\\/plywanie\\\/okulary-do-plywania\\\/okulary-do-plywania-niebieskie-okulary-do-plywania-2309-02\\\/#breadcrumb\"},\"inLanguage\":\"en-US\",\"potentialAction\":[{\"@type\":\"ReadAction\",\"target\":[\"https:\\\/\\\/okulary-hurt.pl\\\/hurtownia\\\/plywanie\\\/okulary-do-plywania\\\/okulary-do-plywania-niebieskie-okulary-do-plywania-2309-02\\\/\"]}]},{\"@type\":\"ImageObject\",\"inLanguage\":\"en-US\",\"@id\":\"https:\\\/\\\/okulary-hurt.pl\\\/hurtownia\\\/plywanie\\\/okulary-do-plywania\\\/okulary-do-plywania-niebieskie-okulary-do-plywania-2309-02\\\/#primaryimage\",\"url\":\"https:\\\/\\\/okulary-hurt.pl\\\/wp-content\\\/uploads\\\/2026\\\/02\\\/3a02b760cae059215ee4b7e35a6a1701.png\",\"contentUrl\":\"https:\\\/\\\/okulary-hurt.pl\\\/wp-content\\\/uploads\\\/2026\\\/02\\\/3a02b760cae059215ee4b7e35a6a1701.png\",\"width\":800,\"height\":800},{\"@type\":\"BreadcrumbList\",\"@id\":\"https:\\\/\\\/okulary-hurt.pl\\\/hurtownia\\\/plywanie\\\/okulary-do-plywania\\\/okulary-do-plywania-niebieskie-okulary-do-plywania-2309-02\\\/#breadcrumb\",\"itemListElement\":[{\"@type\":\"ListItem\",\"position\":1,\"name\":\"Strona g\u0142\u00f3wna\",\"item\":\"https:\\\/\\\/okulary-hurt.pl\\\/\"},{\"@type\":\"ListItem\",\"position\":2,\"name\":\"Hurtownia\",\"item\":\"https:\\\/\\\/okulary-hurt.pl\\\/hurtownia\\\/\"},{\"@type\":\"ListItem\",\"position\":3,\"name\":\"Okulary do p\u0142ywania niebieskie okulary do p\u0142ywania 2309-02\"}]},{\"@type\":\"WebSite\",\"@id\":\"https:\\\/\\\/okulary-hurt.pl\\\/#website\",\"url\":\"https:\\\/\\\/okulary-hurt.pl\\\/\",\"name\":\"Hurtownia okular\u00f3w przeciws\u0142onecznych\",\"description\":\"Okulary przeciws\u0142oneczne najmodniejsze\",\"publisher\":{\"@id\":\"https:\\\/\\\/okulary-hurt.pl\\\/#organization\"},\"alternateName\":\"Hurtownia okular\u00f3w Rzesz\u00f3w\",\"potentialAction\":[{\"@type\":\"SearchAction\",\"target\":{\"@type\":\"EntryPoint\",\"urlTemplate\":\"https:\\\/\\\/okulary-hurt.pl\\\/?s={search_term_string}\"},\"query-input\":{\"@type\":\"PropertyValueSpecification\",\"valueRequired\":true,\"valueName\":\"search_term_string\"}}],\"inLanguage\":\"en-US\"},{\"@type\":\"Organization\",\"@id\":\"https:\\\/\\\/okulary-hurt.pl\\\/#organization\",\"name\":\"Hurtownia okular\u00f3w Meridian Jerzy Myszkal\",\"alternateName\":\"Meridian Jerzy Myszkal\",\"url\":\"https:\\\/\\\/okulary-hurt.pl\\\/\",\"logo\":{\"@type\":\"ImageObject\",\"inLanguage\":\"en-US\",\"@id\":\"https:\\\/\\\/okulary-hurt.pl\\\/#\\\/schema\\\/logo\\\/image\\\/\",\"url\":\"https:\\\/\\\/okulary-hurt.pl\\\/wp-content\\\/uploads\\\/2026\\\/02\\\/cropped-okulary-hurt-hurtownia-okularow-przeciwslonecznych-1.png\",\"contentUrl\":\"https:\\\/\\\/okulary-hurt.pl\\\/wp-content\\\/uploads\\\/2026\\\/02\\\/cropped-okulary-hurt-hurtownia-okularow-przeciwslonecznych-1.png\",\"width\":512,\"height\":512,\"caption\":\"Hurtownia okular\u00f3w Meridian Jerzy Myszkal\"},\"image\":{\"@id\":\"https:\\\/\\\/okulary-hurt.pl\\\/#\\\/schema\\\/logo\\\/image\\\/\"},\"sameAs\":[\"https:\\\/\\\/www.facebook.com\\\/HurtowniaMeridian\"]}]}<\/script>\n<!-- \/ Yoast SEO plugin. -->","yoast_head_json":{"title":"Okulary do p\u0142ywania niebieskie okulary do p\u0142ywania 2309-02 - Hurtownia okular\u00f3w","robots":{"index":"index","follow":"follow","max-snippet":"max-snippet:-1","max-image-preview":"max-image-preview:large","max-video-preview":"max-video-preview:-1"},"canonical":"https:\/\/okulary-hurt.pl\/en\/hurtownia\/plywanie\/okulary-do-plywania\/okulary-do-plywania-niebieskie-okulary-do-plywania-2309-02\/","og_locale":"en_US","og_type":"article","og_title":"Okulary do p\u0142ywania niebieskie okulary do p\u0142ywania 2309-02 - Hurtownia okular\u00f3w","og_description":"Okulary do p\u0142ywania niebieskie okulary do p\u0142ywania 2309-02 \u2013 komfortowe okulary p\u0142ywackie zapewniaj\u0105ce dobr\u0105 widoczno\u015b\u0107 pod wod\u0105.","og_url":"https:\/\/okulary-hurt.pl\/en\/hurtownia\/plywanie\/okulary-do-plywania\/okulary-do-plywania-niebieskie-okulary-do-plywania-2309-02\/","og_site_name":"Hurtownia okular\u00f3w","article_publisher":"https:\/\/www.facebook.com\/HurtowniaMeridian","article_modified_time":"2026-03-06T07:29:25+00:00","og_image":[{"width":800,"height":800,"url":"https:\/\/okulary-hurt.pl\/wp-content\/uploads\/2026\/02\/3a02b760cae059215ee4b7e35a6a1701.png","type":"image\/png"}],"twitter_card":"summary_large_image","schema":{"@context":"https:\/\/schema.org","@graph":[{"@type":"WebPage","@id":"https:\/\/okulary-hurt.pl\/hurtownia\/plywanie\/okulary-do-plywania\/okulary-do-plywania-niebieskie-okulary-do-plywania-2309-02\/","url":"https:\/\/okulary-hurt.pl\/hurtownia\/plywanie\/okulary-do-plywania\/okulary-do-plywania-niebieskie-okulary-do-plywania-2309-02\/","name":"Okulary do p\u0142ywania niebieskie okulary do p\u0142ywania 2309-02 - Hurtownia okular\u00f3w","isPartOf":{"@id":"https:\/\/okulary-hurt.pl\/#website"},"primaryImageOfPage":{"@id":"https:\/\/okulary-hurt.pl\/hurtownia\/plywanie\/okulary-do-plywania\/okulary-do-plywania-niebieskie-okulary-do-plywania-2309-02\/#primaryimage"},"image":{"@id":"https:\/\/okulary-hurt.pl\/hurtownia\/plywanie\/okulary-do-plywania\/okulary-do-plywania-niebieskie-okulary-do-plywania-2309-02\/#primaryimage"},"thumbnailUrl":"https:\/\/okulary-hurt.pl\/wp-content\/uploads\/2026\/02\/3a02b760cae059215ee4b7e35a6a1701.png","datePublished":"2026-02-26T17:03:49+00:00","dateModified":"2026-03-06T07:29:25+00:00","breadcrumb":{"@id":"https:\/\/okulary-hurt.pl\/hurtownia\/plywanie\/okulary-do-plywania\/okulary-do-plywania-niebieskie-okulary-do-plywania-2309-02\/#breadcrumb"},"inLanguage":"en-US","potentialAction":[{"@type":"ReadAction","target":["https:\/\/okulary-hurt.pl\/hurtownia\/plywanie\/okulary-do-plywania\/okulary-do-plywania-niebieskie-okulary-do-plywania-2309-02\/"]}]},{"@type":"ImageObject","inLanguage":"en-US","@id":"https:\/\/okulary-hurt.pl\/hurtownia\/plywanie\/okulary-do-plywania\/okulary-do-plywania-niebieskie-okulary-do-plywania-2309-02\/#primaryimage","url":"https:\/\/okulary-hurt.pl\/wp-content\/uploads\/2026\/02\/3a02b760cae059215ee4b7e35a6a1701.png","contentUrl":"https:\/\/okulary-hurt.pl\/wp-content\/uploads\/2026\/02\/3a02b760cae059215ee4b7e35a6a1701.png","width":800,"height":800},{"@type":"BreadcrumbList","@id":"https:\/\/okulary-hurt.pl\/hurtownia\/plywanie\/okulary-do-plywania\/okulary-do-plywania-niebieskie-okulary-do-plywania-2309-02\/#breadcrumb","itemListElement":[{"@type":"ListItem","position":1,"name":"Strona g\u0142\u00f3wna","item":"https:\/\/okulary-hurt.pl\/"},{"@type":"ListItem","position":2,"name":"Hurtownia","item":"https:\/\/okulary-hurt.pl\/hurtownia\/"},{"@type":"ListItem","position":3,"name":"Okulary do p\u0142ywania niebieskie okulary do p\u0142ywania 2309-02"}]},{"@type":"WebSite","@id":"https:\/\/okulary-hurt.pl\/#website","url":"https:\/\/okulary-hurt.pl\/","name":"Hurtownia okular\u00f3w przeciws\u0142onecznych","description":"Okulary przeciws\u0142oneczne najmodniejsze","publisher":{"@id":"https:\/\/okulary-hurt.pl\/#organization"},"alternateName":"Hurtownia okular\u00f3w Rzesz\u00f3w","potentialAction":[{"@type":"SearchAction","target":{"@type":"EntryPoint","urlTemplate":"https:\/\/okulary-hurt.pl\/?s={search_term_string}"},"query-input":{"@type":"PropertyValueSpecification","valueRequired":true,"valueName":"search_term_string"}}],"inLanguage":"en-US"},{"@type":"Organization","@id":"https:\/\/okulary-hurt.pl\/#organization","name":"Hurtownia okular\u00f3w Meridian Jerzy Myszkal","alternateName":"Meridian Jerzy Myszkal","url":"https:\/\/okulary-hurt.pl\/","logo":{"@type":"ImageObject","inLanguage":"en-US","@id":"https:\/\/okulary-hurt.pl\/#\/schema\/logo\/image\/","url":"https:\/\/okulary-hurt.pl\/wp-content\/uploads\/2026\/02\/cropped-okulary-hurt-hurtownia-okularow-przeciwslonecznych-1.png","contentUrl":"https:\/\/okulary-hurt.pl\/wp-content\/uploads\/2026\/02\/cropped-okulary-hurt-hurtownia-okularow-przeciwslonecznych-1.png","width":512,"height":512,"caption":"Hurtownia okular\u00f3w Meridian Jerzy Myszkal"},"image":{"@id":"https:\/\/okulary-hurt.pl\/#\/schema\/logo\/image\/"},"sameAs":["https:\/\/www.facebook.com\/HurtowniaMeridian"]}]}},"_links":{"self":[{"href":"https:\/\/okulary-hurt.pl\/en\/wp-json\/wp\/v2\/product\/1874","targetHints":{"allow":["GET"]}}],"collection":[{"href":"https:\/\/okulary-hurt.pl\/en\/wp-json\/wp\/v2\/product"}],"about":[{"href":"https:\/\/okulary-hurt.pl\/en\/wp-json\/wp\/v2\/types\/product"}],"wp:featuredmedia":[{"embeddable":true,"href":"https:\/\/okulary-hurt.pl\/en\/wp-json\/wp\/v2\/media\/1873"}],"wp:attachment":[{"href":"https:\/\/okulary-hurt.pl\/en\/wp-json\/wp\/v2\/media?parent=1874"}],"wp:term":[{"taxonomy":"product_brand","embeddable":true,"href":"https:\/\/okulary-hurt.pl\/en\/wp-json\/wp\/v2\/product_brand?post=1874"},{"taxonomy":"product_cat","embeddable":true,"href":"https:\/\/okulary-hurt.pl\/en\/wp-json\/wp\/v2\/product_cat?post=1874"},{"taxonomy":"product_tag","embeddable":true,"href":"https:\/\/okulary-hurt.pl\/en\/wp-json\/wp\/v2\/product_tag?post=1874"}],"curies":[{"name":"wp","href":"https:\/\/api.w.org\/{rel}","templated":true}]}}