{"id":1812,"date":"2026-02-26T15:41:25","date_gmt":"2026-02-26T14:41:25","guid":{"rendered":"https:\/\/hurtownia.okulary-hurt.pl\/sklep\/bez-kategorii\/stojak-na-okulary-s-60\/"},"modified":"2026-02-28T10:44:47","modified_gmt":"2026-02-28T09:44:47","slug":"stojak-na-okulary-s-60","status":"publish","type":"product","link":"https:\/\/okulary-hurt.pl\/en\/hurtownia\/dodatki\/stojaki-na-okulary\/stojak-na-okulary-s-60\/","title":{"rendered":"Stojak na okulary S-60"},"content":{"rendered":"<p><strong>Stojak na okulary S-60<\/strong> to profesjonalny ekspozytor zaprojektowany z my\u015bl\u0105 o atrakcyjnej prezentacji okular\u00f3w przeciws\u0142onecznych.<\/p>\n<p>Stabilna i solidna konstrukcja umo\u017cliwia bezpieczne przechowywanie wielu modeli, jednocze\u015bnie zapewniaj\u0105c wygodny dost\u0119p dla klient\u00f3w.<\/p>\n<p>Nowoczesny design podkre\u015bla charakter kolekcji i zwi\u0119ksza widoczno\u015b\u0107 produkt\u00f3w w przestrzeni sprzeda\u017cowej.<\/p>\n<p>Idealny do salon\u00f3w optycznych, sklep\u00f3w z okularami oraz stoisk sezonowych.<\/p>\n<p><strong>Najwa\u017cniejsze cechy:<\/strong><br \/>\u2022 trwa\u0142a i stabilna konstrukcja<br \/>\u2022 estetyczna ekspozycja okular\u00f3w przeciws\u0142onecznych<br \/>\u2022 oszcz\u0119dno\u015b\u0107 miejsca<br \/>\u2022 \u0142atwa organizacja kolekcji<br \/>\u2022 profesjonalny wygl\u0105d<\/p>","protected":false},"excerpt":{"rendered":"<p><strong>Stojak na okulary S-60<\/strong> \u2013 profesjonalny ekspozytor do prezentacji kolekcji.<\/p>","protected":false},"featured_media":1811,"template":"","meta":[],"product_brand":[],"product_cat":[21,48],"product_tag":[],"class_list":{"0":"post-1812","1":"product","2":"type-product","3":"status-publish","4":"has-post-thumbnail","6":"product_cat-dodatki","7":"product_cat-stojaki-na-okulary","8":"product_shipping_class-stojaki","10":"first","11":"instock","12":"taxable","13":"shipping-taxable","14":"purchasable","15":"product-type-simple"},"yoast_head":"<!-- This site is optimized with the Yoast SEO plugin v27.3 - https:\/\/yoast.com\/product\/yoast-seo-wordpress\/ -->\n<title>Stojak na okulary S-60 - Hurtownia okular\u00f3w<\/title>\n<meta name=\"robots\" content=\"index, follow, max-snippet:-1, max-image-preview:large, max-video-preview:-1\" \/>\n<link rel=\"canonical\" href=\"https:\/\/okulary-hurt.pl\/en\/hurtownia\/dodatki\/stojaki-na-okulary\/stojak-na-okulary-s-60\/\" \/>\n<meta property=\"og:locale\" content=\"en_US\" \/>\n<meta property=\"og:type\" content=\"article\" \/>\n<meta property=\"og:title\" content=\"Stojak na okulary S-60 - Hurtownia okular\u00f3w\" \/>\n<meta property=\"og:description\" content=\"Stojak na okulary S-60 \u2013 profesjonalny ekspozytor do prezentacji kolekcji.\" \/>\n<meta property=\"og:url\" content=\"https:\/\/okulary-hurt.pl\/en\/hurtownia\/dodatki\/stojaki-na-okulary\/stojak-na-okulary-s-60\/\" \/>\n<meta property=\"og:site_name\" content=\"Hurtownia okular\u00f3w\" \/>\n<meta property=\"article:publisher\" content=\"https:\/\/www.facebook.com\/HurtowniaMeridian\" \/>\n<meta property=\"article:modified_time\" content=\"2026-02-28T09:44:47+00:00\" \/>\n<meta property=\"og:image\" content=\"https:\/\/okulary-hurt.pl\/wp-content\/uploads\/2026\/02\/2374_s-60.jpg\" \/>\n\t<meta property=\"og:image:width\" content=\"341\" \/>\n\t<meta property=\"og:image:height\" content=\"752\" \/>\n\t<meta property=\"og:image:type\" content=\"image\/jpeg\" \/>\n<meta name=\"twitter:card\" content=\"summary_large_image\" \/>\n<script type=\"application\/ld+json\" class=\"yoast-schema-graph\">{\"@context\":\"https:\\\/\\\/schema.org\",\"@graph\":[{\"@type\":\"WebPage\",\"@id\":\"https:\\\/\\\/okulary-hurt.pl\\\/hurtownia\\\/dodatki\\\/stojaki-na-okulary\\\/stojak-na-okulary-s-60\\\/\",\"url\":\"https:\\\/\\\/okulary-hurt.pl\\\/hurtownia\\\/dodatki\\\/stojaki-na-okulary\\\/stojak-na-okulary-s-60\\\/\",\"name\":\"Stojak na okulary S-60 - Hurtownia okular\u00f3w\",\"isPartOf\":{\"@id\":\"https:\\\/\\\/okulary-hurt.pl\\\/#website\"},\"primaryImageOfPage\":{\"@id\":\"https:\\\/\\\/okulary-hurt.pl\\\/hurtownia\\\/dodatki\\\/stojaki-na-okulary\\\/stojak-na-okulary-s-60\\\/#primaryimage\"},\"image\":{\"@id\":\"https:\\\/\\\/okulary-hurt.pl\\\/hurtownia\\\/dodatki\\\/stojaki-na-okulary\\\/stojak-na-okulary-s-60\\\/#primaryimage\"},\"thumbnailUrl\":\"https:\\\/\\\/okulary-hurt.pl\\\/wp-content\\\/uploads\\\/2026\\\/02\\\/2374_s-60.jpg\",\"datePublished\":\"2026-02-26T14:41:25+00:00\",\"dateModified\":\"2026-02-28T09:44:47+00:00\",\"breadcrumb\":{\"@id\":\"https:\\\/\\\/okulary-hurt.pl\\\/hurtownia\\\/dodatki\\\/stojaki-na-okulary\\\/stojak-na-okulary-s-60\\\/#breadcrumb\"},\"inLanguage\":\"en-US\",\"potentialAction\":[{\"@type\":\"ReadAction\",\"target\":[\"https:\\\/\\\/okulary-hurt.pl\\\/hurtownia\\\/dodatki\\\/stojaki-na-okulary\\\/stojak-na-okulary-s-60\\\/\"]}]},{\"@type\":\"ImageObject\",\"inLanguage\":\"en-US\",\"@id\":\"https:\\\/\\\/okulary-hurt.pl\\\/hurtownia\\\/dodatki\\\/stojaki-na-okulary\\\/stojak-na-okulary-s-60\\\/#primaryimage\",\"url\":\"https:\\\/\\\/okulary-hurt.pl\\\/wp-content\\\/uploads\\\/2026\\\/02\\\/2374_s-60.jpg\",\"contentUrl\":\"https:\\\/\\\/okulary-hurt.pl\\\/wp-content\\\/uploads\\\/2026\\\/02\\\/2374_s-60.jpg\",\"width\":341,\"height\":752},{\"@type\":\"BreadcrumbList\",\"@id\":\"https:\\\/\\\/okulary-hurt.pl\\\/hurtownia\\\/dodatki\\\/stojaki-na-okulary\\\/stojak-na-okulary-s-60\\\/#breadcrumb\",\"itemListElement\":[{\"@type\":\"ListItem\",\"position\":1,\"name\":\"Strona g\u0142\u00f3wna\",\"item\":\"https:\\\/\\\/okulary-hurt.pl\\\/\"},{\"@type\":\"ListItem\",\"position\":2,\"name\":\"Hurtownia\",\"item\":\"https:\\\/\\\/okulary-hurt.pl\\\/hurtownia\\\/\"},{\"@type\":\"ListItem\",\"position\":3,\"name\":\"Stojak na okulary S-60\"}]},{\"@type\":\"WebSite\",\"@id\":\"https:\\\/\\\/okulary-hurt.pl\\\/#website\",\"url\":\"https:\\\/\\\/okulary-hurt.pl\\\/\",\"name\":\"Hurtownia okular\u00f3w przeciws\u0142onecznych\",\"description\":\"Okulary przeciws\u0142oneczne najmodniejsze\",\"publisher\":{\"@id\":\"https:\\\/\\\/okulary-hurt.pl\\\/#organization\"},\"alternateName\":\"Hurtownia okular\u00f3w Rzesz\u00f3w\",\"potentialAction\":[{\"@type\":\"SearchAction\",\"target\":{\"@type\":\"EntryPoint\",\"urlTemplate\":\"https:\\\/\\\/okulary-hurt.pl\\\/?s={search_term_string}\"},\"query-input\":{\"@type\":\"PropertyValueSpecification\",\"valueRequired\":true,\"valueName\":\"search_term_string\"}}],\"inLanguage\":\"en-US\"},{\"@type\":\"Organization\",\"@id\":\"https:\\\/\\\/okulary-hurt.pl\\\/#organization\",\"name\":\"Hurtownia okular\u00f3w Meridian Jerzy Myszkal\",\"alternateName\":\"Meridian Jerzy Myszkal\",\"url\":\"https:\\\/\\\/okulary-hurt.pl\\\/\",\"logo\":{\"@type\":\"ImageObject\",\"inLanguage\":\"en-US\",\"@id\":\"https:\\\/\\\/okulary-hurt.pl\\\/#\\\/schema\\\/logo\\\/image\\\/\",\"url\":\"https:\\\/\\\/okulary-hurt.pl\\\/wp-content\\\/uploads\\\/2026\\\/02\\\/cropped-okulary-hurt-hurtownia-okularow-przeciwslonecznych-1.png\",\"contentUrl\":\"https:\\\/\\\/okulary-hurt.pl\\\/wp-content\\\/uploads\\\/2026\\\/02\\\/cropped-okulary-hurt-hurtownia-okularow-przeciwslonecznych-1.png\",\"width\":512,\"height\":512,\"caption\":\"Hurtownia okular\u00f3w Meridian Jerzy Myszkal\"},\"image\":{\"@id\":\"https:\\\/\\\/okulary-hurt.pl\\\/#\\\/schema\\\/logo\\\/image\\\/\"},\"sameAs\":[\"https:\\\/\\\/www.facebook.com\\\/HurtowniaMeridian\"]}]}<\/script>\n<!-- \/ Yoast SEO plugin. -->","yoast_head_json":{"title":"Stojak na okulary S-60 - Hurtownia okular\u00f3w","robots":{"index":"index","follow":"follow","max-snippet":"max-snippet:-1","max-image-preview":"max-image-preview:large","max-video-preview":"max-video-preview:-1"},"canonical":"https:\/\/okulary-hurt.pl\/en\/hurtownia\/dodatki\/stojaki-na-okulary\/stojak-na-okulary-s-60\/","og_locale":"en_US","og_type":"article","og_title":"Stojak na okulary S-60 - Hurtownia okular\u00f3w","og_description":"Stojak na okulary S-60 \u2013 profesjonalny ekspozytor do prezentacji kolekcji.","og_url":"https:\/\/okulary-hurt.pl\/en\/hurtownia\/dodatki\/stojaki-na-okulary\/stojak-na-okulary-s-60\/","og_site_name":"Hurtownia okular\u00f3w","article_publisher":"https:\/\/www.facebook.com\/HurtowniaMeridian","article_modified_time":"2026-02-28T09:44:47+00:00","og_image":[{"width":341,"height":752,"url":"https:\/\/okulary-hurt.pl\/wp-content\/uploads\/2026\/02\/2374_s-60.jpg","type":"image\/jpeg"}],"twitter_card":"summary_large_image","schema":{"@context":"https:\/\/schema.org","@graph":[{"@type":"WebPage","@id":"https:\/\/okulary-hurt.pl\/hurtownia\/dodatki\/stojaki-na-okulary\/stojak-na-okulary-s-60\/","url":"https:\/\/okulary-hurt.pl\/hurtownia\/dodatki\/stojaki-na-okulary\/stojak-na-okulary-s-60\/","name":"Stojak na okulary S-60 - Hurtownia okular\u00f3w","isPartOf":{"@id":"https:\/\/okulary-hurt.pl\/#website"},"primaryImageOfPage":{"@id":"https:\/\/okulary-hurt.pl\/hurtownia\/dodatki\/stojaki-na-okulary\/stojak-na-okulary-s-60\/#primaryimage"},"image":{"@id":"https:\/\/okulary-hurt.pl\/hurtownia\/dodatki\/stojaki-na-okulary\/stojak-na-okulary-s-60\/#primaryimage"},"thumbnailUrl":"https:\/\/okulary-hurt.pl\/wp-content\/uploads\/2026\/02\/2374_s-60.jpg","datePublished":"2026-02-26T14:41:25+00:00","dateModified":"2026-02-28T09:44:47+00:00","breadcrumb":{"@id":"https:\/\/okulary-hurt.pl\/hurtownia\/dodatki\/stojaki-na-okulary\/stojak-na-okulary-s-60\/#breadcrumb"},"inLanguage":"en-US","potentialAction":[{"@type":"ReadAction","target":["https:\/\/okulary-hurt.pl\/hurtownia\/dodatki\/stojaki-na-okulary\/stojak-na-okulary-s-60\/"]}]},{"@type":"ImageObject","inLanguage":"en-US","@id":"https:\/\/okulary-hurt.pl\/hurtownia\/dodatki\/stojaki-na-okulary\/stojak-na-okulary-s-60\/#primaryimage","url":"https:\/\/okulary-hurt.pl\/wp-content\/uploads\/2026\/02\/2374_s-60.jpg","contentUrl":"https:\/\/okulary-hurt.pl\/wp-content\/uploads\/2026\/02\/2374_s-60.jpg","width":341,"height":752},{"@type":"BreadcrumbList","@id":"https:\/\/okulary-hurt.pl\/hurtownia\/dodatki\/stojaki-na-okulary\/stojak-na-okulary-s-60\/#breadcrumb","itemListElement":[{"@type":"ListItem","position":1,"name":"Strona g\u0142\u00f3wna","item":"https:\/\/okulary-hurt.pl\/"},{"@type":"ListItem","position":2,"name":"Hurtownia","item":"https:\/\/okulary-hurt.pl\/hurtownia\/"},{"@type":"ListItem","position":3,"name":"Stojak na okulary S-60"}]},{"@type":"WebSite","@id":"https:\/\/okulary-hurt.pl\/#website","url":"https:\/\/okulary-hurt.pl\/","name":"Hurtownia okular\u00f3w przeciws\u0142onecznych","description":"Okulary przeciws\u0142oneczne najmodniejsze","publisher":{"@id":"https:\/\/okulary-hurt.pl\/#organization"},"alternateName":"Hurtownia okular\u00f3w Rzesz\u00f3w","potentialAction":[{"@type":"SearchAction","target":{"@type":"EntryPoint","urlTemplate":"https:\/\/okulary-hurt.pl\/?s={search_term_string}"},"query-input":{"@type":"PropertyValueSpecification","valueRequired":true,"valueName":"search_term_string"}}],"inLanguage":"en-US"},{"@type":"Organization","@id":"https:\/\/okulary-hurt.pl\/#organization","name":"Hurtownia okular\u00f3w Meridian Jerzy Myszkal","alternateName":"Meridian Jerzy Myszkal","url":"https:\/\/okulary-hurt.pl\/","logo":{"@type":"ImageObject","inLanguage":"en-US","@id":"https:\/\/okulary-hurt.pl\/#\/schema\/logo\/image\/","url":"https:\/\/okulary-hurt.pl\/wp-content\/uploads\/2026\/02\/cropped-okulary-hurt-hurtownia-okularow-przeciwslonecznych-1.png","contentUrl":"https:\/\/okulary-hurt.pl\/wp-content\/uploads\/2026\/02\/cropped-okulary-hurt-hurtownia-okularow-przeciwslonecznych-1.png","width":512,"height":512,"caption":"Hurtownia okular\u00f3w Meridian Jerzy Myszkal"},"image":{"@id":"https:\/\/okulary-hurt.pl\/#\/schema\/logo\/image\/"},"sameAs":["https:\/\/www.facebook.com\/HurtowniaMeridian"]}]}},"_links":{"self":[{"href":"https:\/\/okulary-hurt.pl\/en\/wp-json\/wp\/v2\/product\/1812","targetHints":{"allow":["GET"]}}],"collection":[{"href":"https:\/\/okulary-hurt.pl\/en\/wp-json\/wp\/v2\/product"}],"about":[{"href":"https:\/\/okulary-hurt.pl\/en\/wp-json\/wp\/v2\/types\/product"}],"wp:featuredmedia":[{"embeddable":true,"href":"https:\/\/okulary-hurt.pl\/en\/wp-json\/wp\/v2\/media\/1811"}],"wp:attachment":[{"href":"https:\/\/okulary-hurt.pl\/en\/wp-json\/wp\/v2\/media?parent=1812"}],"wp:term":[{"taxonomy":"product_brand","embeddable":true,"href":"https:\/\/okulary-hurt.pl\/en\/wp-json\/wp\/v2\/product_brand?post=1812"},{"taxonomy":"product_cat","embeddable":true,"href":"https:\/\/okulary-hurt.pl\/en\/wp-json\/wp\/v2\/product_cat?post=1812"},{"taxonomy":"product_tag","embeddable":true,"href":"https:\/\/okulary-hurt.pl\/en\/wp-json\/wp\/v2\/product_tag?post=1812"}],"curies":[{"name":"wp","href":"https:\/\/api.w.org\/{rel}","templated":true}]}}