{"id":1792,"date":"2026-02-26T14:27:25","date_gmt":"2026-02-26T13:27:25","guid":{"rendered":"https:\/\/hurtownia.okulary-hurt.pl\/sklep\/bez-kategorii\/okulary-polaryzacyjne-bizarre-polaryzacja-bz-128a\/"},"modified":"2026-02-26T14:55:15","modified_gmt":"2026-02-26T13:55:15","slug":"okulary-polaryzacyjne-bizarre-polaryzacja-bz-128a","status":"publish","type":"product","link":"https:\/\/okulary-hurt.pl\/en\/hurtownia\/okulary-polaryzacyjne\/bizarre-polaryzacja\/okulary-polaryzacyjne-bizarre-polaryzacja-bz-128a\/","title":{"rendered":"Okulary polaryzacyjne Bizarre polaryzacja BZ-128A"},"content":{"rendered":"<p><strong>Okulary polaryzacyjne Bizarre polaryzacja BZ-128A<\/strong> \u0142\u0105cz\u0105 ekstrawagancki styl z funkcjonalno\u015bci\u0105 okular\u00f3w polaryzacyjnych.<\/p>\n<p>Dzi\u0119ki redukcji poziomych fal \u015bwiat\u0142a odbitego oczy mniej si\u0119 m\u0119cz\u0105, a widzenie staje si\u0119 bardziej komfortowe.<\/p>\n<p>Nietuzinkowe kszta\u0142ty oprawek sprawiaj\u0105, \u017ce okulary Bizarre stanowi\u0105 mocny akcent ka\u017cdej stylizacji.<\/p>\n<p>Wszystkie modele posiadaj\u0105 filtr UV400 i spe\u0142niaj\u0105 normy CE.<\/p>\n<p><strong>Dlaczego warto?<\/strong><br \/>\u2022 redukcja odblask\u00f3w<br \/>\u2022 poprawa kontrastu<br \/>\u2022 wyrazisty charakter<br \/>\u2022 ochrona UV400<br \/>\u2022 norma CE<\/p>","protected":false},"excerpt":{"rendered":"<p><strong>Okulary polaryzacyjne Bizarre polaryzacja BZ-128A<\/strong> redukuj\u0105 odblaski i zapewniaj\u0105 ochron\u0119 UV400.<\/p>","protected":false},"featured_media":1791,"template":"","meta":[],"product_brand":[],"product_cat":[46,37],"product_tag":[],"class_list":{"0":"post-1792","1":"product","2":"type-product","3":"status-publish","4":"has-post-thumbnail","6":"product_cat-bizarre-polaryzacja","7":"product_cat-okulary-polaryzacyjne","9":"first","10":"instock","11":"sale","12":"taxable","13":"shipping-taxable","14":"purchasable","15":"product-type-simple"},"yoast_head":"<!-- This site is optimized with the Yoast SEO plugin v27.3 - https:\/\/yoast.com\/product\/yoast-seo-wordpress\/ -->\n<title>Okulary polaryzacyjne Bizarre polaryzacja BZ-128A - Hurtownia okular\u00f3w<\/title>\n<meta name=\"robots\" content=\"index, follow, max-snippet:-1, max-image-preview:large, max-video-preview:-1\" \/>\n<link rel=\"canonical\" href=\"https:\/\/okulary-hurt.pl\/en\/hurtownia\/okulary-polaryzacyjne\/bizarre-polaryzacja\/okulary-polaryzacyjne-bizarre-polaryzacja-bz-128a\/\" \/>\n<meta property=\"og:locale\" content=\"en_US\" \/>\n<meta property=\"og:type\" content=\"article\" \/>\n<meta property=\"og:title\" content=\"Okulary polaryzacyjne Bizarre polaryzacja BZ-128A - Hurtownia okular\u00f3w\" \/>\n<meta property=\"og:description\" content=\"Okulary polaryzacyjne Bizarre polaryzacja BZ-128A redukuj\u0105 odblaski i zapewniaj\u0105 ochron\u0119 UV400.\" \/>\n<meta property=\"og:url\" content=\"https:\/\/okulary-hurt.pl\/en\/hurtownia\/okulary-polaryzacyjne\/bizarre-polaryzacja\/okulary-polaryzacyjne-bizarre-polaryzacja-bz-128a\/\" \/>\n<meta property=\"og:site_name\" content=\"Hurtownia okular\u00f3w\" \/>\n<meta property=\"article:publisher\" content=\"https:\/\/www.facebook.com\/HurtowniaMeridian\" \/>\n<meta property=\"article:modified_time\" content=\"2026-02-26T13:55:15+00:00\" \/>\n<meta property=\"og:image\" content=\"https:\/\/okulary-hurt.pl\/wp-content\/uploads\/2026\/02\/2722_bz128a.jpg\" \/>\n\t<meta property=\"og:image:width\" content=\"600\" \/>\n\t<meta property=\"og:image:height\" content=\"400\" \/>\n\t<meta property=\"og:image:type\" content=\"image\/jpeg\" \/>\n<meta name=\"twitter:card\" content=\"summary_large_image\" \/>\n<script type=\"application\/ld+json\" class=\"yoast-schema-graph\">{\"@context\":\"https:\\\/\\\/schema.org\",\"@graph\":[{\"@type\":\"WebPage\",\"@id\":\"https:\\\/\\\/okulary-hurt.pl\\\/hurtownia\\\/okulary-polaryzacyjne\\\/bizarre-polaryzacja\\\/okulary-polaryzacyjne-bizarre-polaryzacja-bz-128a\\\/\",\"url\":\"https:\\\/\\\/okulary-hurt.pl\\\/hurtownia\\\/okulary-polaryzacyjne\\\/bizarre-polaryzacja\\\/okulary-polaryzacyjne-bizarre-polaryzacja-bz-128a\\\/\",\"name\":\"Okulary polaryzacyjne Bizarre polaryzacja BZ-128A - Hurtownia okular\u00f3w\",\"isPartOf\":{\"@id\":\"https:\\\/\\\/okulary-hurt.pl\\\/#website\"},\"primaryImageOfPage\":{\"@id\":\"https:\\\/\\\/okulary-hurt.pl\\\/hurtownia\\\/okulary-polaryzacyjne\\\/bizarre-polaryzacja\\\/okulary-polaryzacyjne-bizarre-polaryzacja-bz-128a\\\/#primaryimage\"},\"image\":{\"@id\":\"https:\\\/\\\/okulary-hurt.pl\\\/hurtownia\\\/okulary-polaryzacyjne\\\/bizarre-polaryzacja\\\/okulary-polaryzacyjne-bizarre-polaryzacja-bz-128a\\\/#primaryimage\"},\"thumbnailUrl\":\"https:\\\/\\\/okulary-hurt.pl\\\/wp-content\\\/uploads\\\/2026\\\/02\\\/2722_bz128a.jpg\",\"datePublished\":\"2026-02-26T13:27:25+00:00\",\"dateModified\":\"2026-02-26T13:55:15+00:00\",\"breadcrumb\":{\"@id\":\"https:\\\/\\\/okulary-hurt.pl\\\/hurtownia\\\/okulary-polaryzacyjne\\\/bizarre-polaryzacja\\\/okulary-polaryzacyjne-bizarre-polaryzacja-bz-128a\\\/#breadcrumb\"},\"inLanguage\":\"en-US\",\"potentialAction\":[{\"@type\":\"ReadAction\",\"target\":[\"https:\\\/\\\/okulary-hurt.pl\\\/hurtownia\\\/okulary-polaryzacyjne\\\/bizarre-polaryzacja\\\/okulary-polaryzacyjne-bizarre-polaryzacja-bz-128a\\\/\"]}]},{\"@type\":\"ImageObject\",\"inLanguage\":\"en-US\",\"@id\":\"https:\\\/\\\/okulary-hurt.pl\\\/hurtownia\\\/okulary-polaryzacyjne\\\/bizarre-polaryzacja\\\/okulary-polaryzacyjne-bizarre-polaryzacja-bz-128a\\\/#primaryimage\",\"url\":\"https:\\\/\\\/okulary-hurt.pl\\\/wp-content\\\/uploads\\\/2026\\\/02\\\/2722_bz128a.jpg\",\"contentUrl\":\"https:\\\/\\\/okulary-hurt.pl\\\/wp-content\\\/uploads\\\/2026\\\/02\\\/2722_bz128a.jpg\",\"width\":600,\"height\":400},{\"@type\":\"BreadcrumbList\",\"@id\":\"https:\\\/\\\/okulary-hurt.pl\\\/hurtownia\\\/okulary-polaryzacyjne\\\/bizarre-polaryzacja\\\/okulary-polaryzacyjne-bizarre-polaryzacja-bz-128a\\\/#breadcrumb\",\"itemListElement\":[{\"@type\":\"ListItem\",\"position\":1,\"name\":\"Strona g\u0142\u00f3wna\",\"item\":\"https:\\\/\\\/okulary-hurt.pl\\\/\"},{\"@type\":\"ListItem\",\"position\":2,\"name\":\"Hurtownia\",\"item\":\"https:\\\/\\\/okulary-hurt.pl\\\/hurtownia\\\/\"},{\"@type\":\"ListItem\",\"position\":3,\"name\":\"Okulary polaryzacyjne Bizarre polaryzacja BZ-128A\"}]},{\"@type\":\"WebSite\",\"@id\":\"https:\\\/\\\/okulary-hurt.pl\\\/#website\",\"url\":\"https:\\\/\\\/okulary-hurt.pl\\\/\",\"name\":\"Hurtownia okular\u00f3w przeciws\u0142onecznych\",\"description\":\"Okulary przeciws\u0142oneczne najmodniejsze\",\"publisher\":{\"@id\":\"https:\\\/\\\/okulary-hurt.pl\\\/#organization\"},\"alternateName\":\"Hurtownia okular\u00f3w Rzesz\u00f3w\",\"potentialAction\":[{\"@type\":\"SearchAction\",\"target\":{\"@type\":\"EntryPoint\",\"urlTemplate\":\"https:\\\/\\\/okulary-hurt.pl\\\/?s={search_term_string}\"},\"query-input\":{\"@type\":\"PropertyValueSpecification\",\"valueRequired\":true,\"valueName\":\"search_term_string\"}}],\"inLanguage\":\"en-US\"},{\"@type\":\"Organization\",\"@id\":\"https:\\\/\\\/okulary-hurt.pl\\\/#organization\",\"name\":\"Hurtownia okular\u00f3w Meridian Jerzy Myszkal\",\"alternateName\":\"Meridian Jerzy Myszkal\",\"url\":\"https:\\\/\\\/okulary-hurt.pl\\\/\",\"logo\":{\"@type\":\"ImageObject\",\"inLanguage\":\"en-US\",\"@id\":\"https:\\\/\\\/okulary-hurt.pl\\\/#\\\/schema\\\/logo\\\/image\\\/\",\"url\":\"https:\\\/\\\/okulary-hurt.pl\\\/wp-content\\\/uploads\\\/2026\\\/02\\\/cropped-okulary-hurt-hurtownia-okularow-przeciwslonecznych-1.png\",\"contentUrl\":\"https:\\\/\\\/okulary-hurt.pl\\\/wp-content\\\/uploads\\\/2026\\\/02\\\/cropped-okulary-hurt-hurtownia-okularow-przeciwslonecznych-1.png\",\"width\":512,\"height\":512,\"caption\":\"Hurtownia okular\u00f3w Meridian Jerzy Myszkal\"},\"image\":{\"@id\":\"https:\\\/\\\/okulary-hurt.pl\\\/#\\\/schema\\\/logo\\\/image\\\/\"},\"sameAs\":[\"https:\\\/\\\/www.facebook.com\\\/HurtowniaMeridian\"]}]}<\/script>\n<!-- \/ Yoast SEO plugin. -->","yoast_head_json":{"title":"Okulary polaryzacyjne Bizarre polaryzacja BZ-128A - Hurtownia okular\u00f3w","robots":{"index":"index","follow":"follow","max-snippet":"max-snippet:-1","max-image-preview":"max-image-preview:large","max-video-preview":"max-video-preview:-1"},"canonical":"https:\/\/okulary-hurt.pl\/en\/hurtownia\/okulary-polaryzacyjne\/bizarre-polaryzacja\/okulary-polaryzacyjne-bizarre-polaryzacja-bz-128a\/","og_locale":"en_US","og_type":"article","og_title":"Okulary polaryzacyjne Bizarre polaryzacja BZ-128A - Hurtownia okular\u00f3w","og_description":"Okulary polaryzacyjne Bizarre polaryzacja BZ-128A redukuj\u0105 odblaski i zapewniaj\u0105 ochron\u0119 UV400.","og_url":"https:\/\/okulary-hurt.pl\/en\/hurtownia\/okulary-polaryzacyjne\/bizarre-polaryzacja\/okulary-polaryzacyjne-bizarre-polaryzacja-bz-128a\/","og_site_name":"Hurtownia okular\u00f3w","article_publisher":"https:\/\/www.facebook.com\/HurtowniaMeridian","article_modified_time":"2026-02-26T13:55:15+00:00","og_image":[{"width":600,"height":400,"url":"https:\/\/okulary-hurt.pl\/wp-content\/uploads\/2026\/02\/2722_bz128a.jpg","type":"image\/jpeg"}],"twitter_card":"summary_large_image","schema":{"@context":"https:\/\/schema.org","@graph":[{"@type":"WebPage","@id":"https:\/\/okulary-hurt.pl\/hurtownia\/okulary-polaryzacyjne\/bizarre-polaryzacja\/okulary-polaryzacyjne-bizarre-polaryzacja-bz-128a\/","url":"https:\/\/okulary-hurt.pl\/hurtownia\/okulary-polaryzacyjne\/bizarre-polaryzacja\/okulary-polaryzacyjne-bizarre-polaryzacja-bz-128a\/","name":"Okulary polaryzacyjne Bizarre polaryzacja BZ-128A - Hurtownia okular\u00f3w","isPartOf":{"@id":"https:\/\/okulary-hurt.pl\/#website"},"primaryImageOfPage":{"@id":"https:\/\/okulary-hurt.pl\/hurtownia\/okulary-polaryzacyjne\/bizarre-polaryzacja\/okulary-polaryzacyjne-bizarre-polaryzacja-bz-128a\/#primaryimage"},"image":{"@id":"https:\/\/okulary-hurt.pl\/hurtownia\/okulary-polaryzacyjne\/bizarre-polaryzacja\/okulary-polaryzacyjne-bizarre-polaryzacja-bz-128a\/#primaryimage"},"thumbnailUrl":"https:\/\/okulary-hurt.pl\/wp-content\/uploads\/2026\/02\/2722_bz128a.jpg","datePublished":"2026-02-26T13:27:25+00:00","dateModified":"2026-02-26T13:55:15+00:00","breadcrumb":{"@id":"https:\/\/okulary-hurt.pl\/hurtownia\/okulary-polaryzacyjne\/bizarre-polaryzacja\/okulary-polaryzacyjne-bizarre-polaryzacja-bz-128a\/#breadcrumb"},"inLanguage":"en-US","potentialAction":[{"@type":"ReadAction","target":["https:\/\/okulary-hurt.pl\/hurtownia\/okulary-polaryzacyjne\/bizarre-polaryzacja\/okulary-polaryzacyjne-bizarre-polaryzacja-bz-128a\/"]}]},{"@type":"ImageObject","inLanguage":"en-US","@id":"https:\/\/okulary-hurt.pl\/hurtownia\/okulary-polaryzacyjne\/bizarre-polaryzacja\/okulary-polaryzacyjne-bizarre-polaryzacja-bz-128a\/#primaryimage","url":"https:\/\/okulary-hurt.pl\/wp-content\/uploads\/2026\/02\/2722_bz128a.jpg","contentUrl":"https:\/\/okulary-hurt.pl\/wp-content\/uploads\/2026\/02\/2722_bz128a.jpg","width":600,"height":400},{"@type":"BreadcrumbList","@id":"https:\/\/okulary-hurt.pl\/hurtownia\/okulary-polaryzacyjne\/bizarre-polaryzacja\/okulary-polaryzacyjne-bizarre-polaryzacja-bz-128a\/#breadcrumb","itemListElement":[{"@type":"ListItem","position":1,"name":"Strona g\u0142\u00f3wna","item":"https:\/\/okulary-hurt.pl\/"},{"@type":"ListItem","position":2,"name":"Hurtownia","item":"https:\/\/okulary-hurt.pl\/hurtownia\/"},{"@type":"ListItem","position":3,"name":"Okulary polaryzacyjne Bizarre polaryzacja BZ-128A"}]},{"@type":"WebSite","@id":"https:\/\/okulary-hurt.pl\/#website","url":"https:\/\/okulary-hurt.pl\/","name":"Hurtownia okular\u00f3w przeciws\u0142onecznych","description":"Okulary przeciws\u0142oneczne najmodniejsze","publisher":{"@id":"https:\/\/okulary-hurt.pl\/#organization"},"alternateName":"Hurtownia okular\u00f3w Rzesz\u00f3w","potentialAction":[{"@type":"SearchAction","target":{"@type":"EntryPoint","urlTemplate":"https:\/\/okulary-hurt.pl\/?s={search_term_string}"},"query-input":{"@type":"PropertyValueSpecification","valueRequired":true,"valueName":"search_term_string"}}],"inLanguage":"en-US"},{"@type":"Organization","@id":"https:\/\/okulary-hurt.pl\/#organization","name":"Hurtownia okular\u00f3w Meridian Jerzy Myszkal","alternateName":"Meridian Jerzy Myszkal","url":"https:\/\/okulary-hurt.pl\/","logo":{"@type":"ImageObject","inLanguage":"en-US","@id":"https:\/\/okulary-hurt.pl\/#\/schema\/logo\/image\/","url":"https:\/\/okulary-hurt.pl\/wp-content\/uploads\/2026\/02\/cropped-okulary-hurt-hurtownia-okularow-przeciwslonecznych-1.png","contentUrl":"https:\/\/okulary-hurt.pl\/wp-content\/uploads\/2026\/02\/cropped-okulary-hurt-hurtownia-okularow-przeciwslonecznych-1.png","width":512,"height":512,"caption":"Hurtownia okular\u00f3w Meridian Jerzy Myszkal"},"image":{"@id":"https:\/\/okulary-hurt.pl\/#\/schema\/logo\/image\/"},"sameAs":["https:\/\/www.facebook.com\/HurtowniaMeridian"]}]}},"_links":{"self":[{"href":"https:\/\/okulary-hurt.pl\/en\/wp-json\/wp\/v2\/product\/1792","targetHints":{"allow":["GET"]}}],"collection":[{"href":"https:\/\/okulary-hurt.pl\/en\/wp-json\/wp\/v2\/product"}],"about":[{"href":"https:\/\/okulary-hurt.pl\/en\/wp-json\/wp\/v2\/types\/product"}],"wp:featuredmedia":[{"embeddable":true,"href":"https:\/\/okulary-hurt.pl\/en\/wp-json\/wp\/v2\/media\/1791"}],"wp:attachment":[{"href":"https:\/\/okulary-hurt.pl\/en\/wp-json\/wp\/v2\/media?parent=1792"}],"wp:term":[{"taxonomy":"product_brand","embeddable":true,"href":"https:\/\/okulary-hurt.pl\/en\/wp-json\/wp\/v2\/product_brand?post=1792"},{"taxonomy":"product_cat","embeddable":true,"href":"https:\/\/okulary-hurt.pl\/en\/wp-json\/wp\/v2\/product_cat?post=1792"},{"taxonomy":"product_tag","embeddable":true,"href":"https:\/\/okulary-hurt.pl\/en\/wp-json\/wp\/v2\/product_tag?post=1792"}],"curies":[{"name":"wp","href":"https:\/\/api.w.org\/{rel}","templated":true}]}}