{"id":1785,"date":"2026-02-26T14:02:55","date_gmt":"2026-02-26T13:02:55","guid":{"rendered":"https:\/\/hurtownia.okulary-hurt.pl\/sklep\/bez-kategorii\/okulary-przeciwsloneczne-velo-polaryzacja-v-171-3\/"},"modified":"2026-02-26T14:19:53","modified_gmt":"2026-02-26T13:19:53","slug":"okulary-przeciwsloneczne-velo-polaryzacja-v-171-3","status":"publish","type":"product","link":"https:\/\/okulary-hurt.pl\/en\/hurtownia\/okulary-polaryzacyjne\/velo-polaryzacja\/okulary-przeciwsloneczne-velo-polaryzacja-v-171-3\/","title":{"rendered":"Okulary przeciws\u0142oneczne Velo polaryzacja V-171-3"},"content":{"rendered":"<p><strong>Okulary przeciws\u0142oneczne Velo polaryzacja V-171-3<\/strong> to nowoczesne okulary sportowe stworzone do aktywnego stylu \u017cycia.<\/p>\n<p>Soczewki polaryzacyjne eliminuj\u0105 odblaski od wody, \u015bniegu i asfaltu, poprawiaj\u0105c jako\u015b\u0107 widzenia oraz komfort oczu.<\/p>\n<p>Sportowe oprawki zapewniaj\u0105 stabilno\u015b\u0107 podczas jazdy na rowerze, spacer\u00f3w czy codziennego u\u017cytkowania.<\/p>\n<p>Modele wyposa\u017cone s\u0105 w filtr UV400 chroni\u0105cy przed promieniowaniem UVA i UVB oraz spe\u0142niaj\u0105 normy europejskie CE.<\/p>\n<p><strong>Cechy:<\/strong><br \/>\u2022 polaryzacja<br \/>\u2022 filtr UV400<br \/>\u2022 sportowy design<br \/>\u2022 wygodne oprawki<br \/>\u2022 zgodno\u015b\u0107 z CE<\/p>","protected":false},"excerpt":{"rendered":"<p><strong>Okulary przeciws\u0142oneczne Velo polaryzacja V-171-3<\/strong> \u2013 sportowa polaryzacja i filtr UV400.<\/p>","protected":false},"featured_media":1784,"template":"","meta":[],"product_brand":[],"product_cat":[37,45],"product_tag":[],"class_list":{"0":"post-1785","1":"product","2":"type-product","3":"status-publish","4":"has-post-thumbnail","6":"product_cat-okulary-polaryzacyjne","7":"product_cat-velo-polaryzacja","9":"first","10":"instock","11":"sale","12":"taxable","13":"shipping-taxable","14":"purchasable","15":"product-type-simple"},"yoast_head":"<!-- This site is optimized with the Yoast SEO plugin v27.3 - https:\/\/yoast.com\/product\/yoast-seo-wordpress\/ -->\n<title>Okulary przeciws\u0142oneczne Velo polaryzacja V-171-3 - Hurtownia okular\u00f3w<\/title>\n<meta name=\"robots\" content=\"index, follow, max-snippet:-1, max-image-preview:large, max-video-preview:-1\" \/>\n<link rel=\"canonical\" href=\"https:\/\/okulary-hurt.pl\/en\/hurtownia\/okulary-polaryzacyjne\/velo-polaryzacja\/okulary-przeciwsloneczne-velo-polaryzacja-v-171-3\/\" \/>\n<meta property=\"og:locale\" content=\"en_US\" \/>\n<meta property=\"og:type\" content=\"article\" \/>\n<meta property=\"og:title\" content=\"Okulary przeciws\u0142oneczne Velo polaryzacja V-171-3 - Hurtownia okular\u00f3w\" \/>\n<meta property=\"og:description\" content=\"Okulary przeciws\u0142oneczne Velo polaryzacja V-171-3 \u2013 sportowa polaryzacja i filtr UV400.\" \/>\n<meta property=\"og:url\" content=\"https:\/\/okulary-hurt.pl\/en\/hurtownia\/okulary-polaryzacyjne\/velo-polaryzacja\/okulary-przeciwsloneczne-velo-polaryzacja-v-171-3\/\" \/>\n<meta property=\"og:site_name\" content=\"Hurtownia okular\u00f3w\" \/>\n<meta property=\"article:publisher\" content=\"https:\/\/www.facebook.com\/HurtowniaMeridian\" \/>\n<meta property=\"article:modified_time\" content=\"2026-02-26T13:19:53+00:00\" \/>\n<meta property=\"og:image\" content=\"https:\/\/okulary-hurt.pl\/wp-content\/uploads\/2026\/02\/V-171-3-08022020.jpg\" \/>\n\t<meta property=\"og:image:width\" content=\"1029\" \/>\n\t<meta property=\"og:image:height\" content=\"683\" \/>\n\t<meta property=\"og:image:type\" content=\"image\/jpeg\" \/>\n<meta name=\"twitter:card\" content=\"summary_large_image\" \/>\n<script type=\"application\/ld+json\" class=\"yoast-schema-graph\">{\"@context\":\"https:\\\/\\\/schema.org\",\"@graph\":[{\"@type\":\"WebPage\",\"@id\":\"https:\\\/\\\/okulary-hurt.pl\\\/hurtownia\\\/okulary-polaryzacyjne\\\/velo-polaryzacja\\\/okulary-przeciwsloneczne-velo-polaryzacja-v-171-3\\\/\",\"url\":\"https:\\\/\\\/okulary-hurt.pl\\\/hurtownia\\\/okulary-polaryzacyjne\\\/velo-polaryzacja\\\/okulary-przeciwsloneczne-velo-polaryzacja-v-171-3\\\/\",\"name\":\"Okulary przeciws\u0142oneczne Velo polaryzacja V-171-3 - Hurtownia okular\u00f3w\",\"isPartOf\":{\"@id\":\"https:\\\/\\\/okulary-hurt.pl\\\/#website\"},\"primaryImageOfPage\":{\"@id\":\"https:\\\/\\\/okulary-hurt.pl\\\/hurtownia\\\/okulary-polaryzacyjne\\\/velo-polaryzacja\\\/okulary-przeciwsloneczne-velo-polaryzacja-v-171-3\\\/#primaryimage\"},\"image\":{\"@id\":\"https:\\\/\\\/okulary-hurt.pl\\\/hurtownia\\\/okulary-polaryzacyjne\\\/velo-polaryzacja\\\/okulary-przeciwsloneczne-velo-polaryzacja-v-171-3\\\/#primaryimage\"},\"thumbnailUrl\":\"https:\\\/\\\/okulary-hurt.pl\\\/wp-content\\\/uploads\\\/2026\\\/02\\\/V-171-3-08022020.jpg\",\"datePublished\":\"2026-02-26T13:02:55+00:00\",\"dateModified\":\"2026-02-26T13:19:53+00:00\",\"breadcrumb\":{\"@id\":\"https:\\\/\\\/okulary-hurt.pl\\\/hurtownia\\\/okulary-polaryzacyjne\\\/velo-polaryzacja\\\/okulary-przeciwsloneczne-velo-polaryzacja-v-171-3\\\/#breadcrumb\"},\"inLanguage\":\"en-US\",\"potentialAction\":[{\"@type\":\"ReadAction\",\"target\":[\"https:\\\/\\\/okulary-hurt.pl\\\/hurtownia\\\/okulary-polaryzacyjne\\\/velo-polaryzacja\\\/okulary-przeciwsloneczne-velo-polaryzacja-v-171-3\\\/\"]}]},{\"@type\":\"ImageObject\",\"inLanguage\":\"en-US\",\"@id\":\"https:\\\/\\\/okulary-hurt.pl\\\/hurtownia\\\/okulary-polaryzacyjne\\\/velo-polaryzacja\\\/okulary-przeciwsloneczne-velo-polaryzacja-v-171-3\\\/#primaryimage\",\"url\":\"https:\\\/\\\/okulary-hurt.pl\\\/wp-content\\\/uploads\\\/2026\\\/02\\\/V-171-3-08022020.jpg\",\"contentUrl\":\"https:\\\/\\\/okulary-hurt.pl\\\/wp-content\\\/uploads\\\/2026\\\/02\\\/V-171-3-08022020.jpg\",\"width\":1029,\"height\":683},{\"@type\":\"BreadcrumbList\",\"@id\":\"https:\\\/\\\/okulary-hurt.pl\\\/hurtownia\\\/okulary-polaryzacyjne\\\/velo-polaryzacja\\\/okulary-przeciwsloneczne-velo-polaryzacja-v-171-3\\\/#breadcrumb\",\"itemListElement\":[{\"@type\":\"ListItem\",\"position\":1,\"name\":\"Strona g\u0142\u00f3wna\",\"item\":\"https:\\\/\\\/okulary-hurt.pl\\\/\"},{\"@type\":\"ListItem\",\"position\":2,\"name\":\"Hurtownia\",\"item\":\"https:\\\/\\\/okulary-hurt.pl\\\/hurtownia\\\/\"},{\"@type\":\"ListItem\",\"position\":3,\"name\":\"Okulary przeciws\u0142oneczne Velo polaryzacja V-171-3\"}]},{\"@type\":\"WebSite\",\"@id\":\"https:\\\/\\\/okulary-hurt.pl\\\/#website\",\"url\":\"https:\\\/\\\/okulary-hurt.pl\\\/\",\"name\":\"Hurtownia okular\u00f3w przeciws\u0142onecznych\",\"description\":\"Okulary przeciws\u0142oneczne najmodniejsze\",\"publisher\":{\"@id\":\"https:\\\/\\\/okulary-hurt.pl\\\/#organization\"},\"alternateName\":\"Hurtownia okular\u00f3w Rzesz\u00f3w\",\"potentialAction\":[{\"@type\":\"SearchAction\",\"target\":{\"@type\":\"EntryPoint\",\"urlTemplate\":\"https:\\\/\\\/okulary-hurt.pl\\\/?s={search_term_string}\"},\"query-input\":{\"@type\":\"PropertyValueSpecification\",\"valueRequired\":true,\"valueName\":\"search_term_string\"}}],\"inLanguage\":\"en-US\"},{\"@type\":\"Organization\",\"@id\":\"https:\\\/\\\/okulary-hurt.pl\\\/#organization\",\"name\":\"Hurtownia okular\u00f3w Meridian Jerzy Myszkal\",\"alternateName\":\"Meridian Jerzy Myszkal\",\"url\":\"https:\\\/\\\/okulary-hurt.pl\\\/\",\"logo\":{\"@type\":\"ImageObject\",\"inLanguage\":\"en-US\",\"@id\":\"https:\\\/\\\/okulary-hurt.pl\\\/#\\\/schema\\\/logo\\\/image\\\/\",\"url\":\"https:\\\/\\\/okulary-hurt.pl\\\/wp-content\\\/uploads\\\/2026\\\/02\\\/cropped-okulary-hurt-hurtownia-okularow-przeciwslonecznych-1.png\",\"contentUrl\":\"https:\\\/\\\/okulary-hurt.pl\\\/wp-content\\\/uploads\\\/2026\\\/02\\\/cropped-okulary-hurt-hurtownia-okularow-przeciwslonecznych-1.png\",\"width\":512,\"height\":512,\"caption\":\"Hurtownia okular\u00f3w Meridian Jerzy Myszkal\"},\"image\":{\"@id\":\"https:\\\/\\\/okulary-hurt.pl\\\/#\\\/schema\\\/logo\\\/image\\\/\"},\"sameAs\":[\"https:\\\/\\\/www.facebook.com\\\/HurtowniaMeridian\"]}]}<\/script>\n<!-- \/ Yoast SEO plugin. -->","yoast_head_json":{"title":"Okulary przeciws\u0142oneczne Velo polaryzacja V-171-3 - Hurtownia okular\u00f3w","robots":{"index":"index","follow":"follow","max-snippet":"max-snippet:-1","max-image-preview":"max-image-preview:large","max-video-preview":"max-video-preview:-1"},"canonical":"https:\/\/okulary-hurt.pl\/en\/hurtownia\/okulary-polaryzacyjne\/velo-polaryzacja\/okulary-przeciwsloneczne-velo-polaryzacja-v-171-3\/","og_locale":"en_US","og_type":"article","og_title":"Okulary przeciws\u0142oneczne Velo polaryzacja V-171-3 - Hurtownia okular\u00f3w","og_description":"Okulary przeciws\u0142oneczne Velo polaryzacja V-171-3 \u2013 sportowa polaryzacja i filtr UV400.","og_url":"https:\/\/okulary-hurt.pl\/en\/hurtownia\/okulary-polaryzacyjne\/velo-polaryzacja\/okulary-przeciwsloneczne-velo-polaryzacja-v-171-3\/","og_site_name":"Hurtownia okular\u00f3w","article_publisher":"https:\/\/www.facebook.com\/HurtowniaMeridian","article_modified_time":"2026-02-26T13:19:53+00:00","og_image":[{"width":1029,"height":683,"url":"https:\/\/okulary-hurt.pl\/wp-content\/uploads\/2026\/02\/V-171-3-08022020.jpg","type":"image\/jpeg"}],"twitter_card":"summary_large_image","schema":{"@context":"https:\/\/schema.org","@graph":[{"@type":"WebPage","@id":"https:\/\/okulary-hurt.pl\/hurtownia\/okulary-polaryzacyjne\/velo-polaryzacja\/okulary-przeciwsloneczne-velo-polaryzacja-v-171-3\/","url":"https:\/\/okulary-hurt.pl\/hurtownia\/okulary-polaryzacyjne\/velo-polaryzacja\/okulary-przeciwsloneczne-velo-polaryzacja-v-171-3\/","name":"Okulary przeciws\u0142oneczne Velo polaryzacja V-171-3 - Hurtownia okular\u00f3w","isPartOf":{"@id":"https:\/\/okulary-hurt.pl\/#website"},"primaryImageOfPage":{"@id":"https:\/\/okulary-hurt.pl\/hurtownia\/okulary-polaryzacyjne\/velo-polaryzacja\/okulary-przeciwsloneczne-velo-polaryzacja-v-171-3\/#primaryimage"},"image":{"@id":"https:\/\/okulary-hurt.pl\/hurtownia\/okulary-polaryzacyjne\/velo-polaryzacja\/okulary-przeciwsloneczne-velo-polaryzacja-v-171-3\/#primaryimage"},"thumbnailUrl":"https:\/\/okulary-hurt.pl\/wp-content\/uploads\/2026\/02\/V-171-3-08022020.jpg","datePublished":"2026-02-26T13:02:55+00:00","dateModified":"2026-02-26T13:19:53+00:00","breadcrumb":{"@id":"https:\/\/okulary-hurt.pl\/hurtownia\/okulary-polaryzacyjne\/velo-polaryzacja\/okulary-przeciwsloneczne-velo-polaryzacja-v-171-3\/#breadcrumb"},"inLanguage":"en-US","potentialAction":[{"@type":"ReadAction","target":["https:\/\/okulary-hurt.pl\/hurtownia\/okulary-polaryzacyjne\/velo-polaryzacja\/okulary-przeciwsloneczne-velo-polaryzacja-v-171-3\/"]}]},{"@type":"ImageObject","inLanguage":"en-US","@id":"https:\/\/okulary-hurt.pl\/hurtownia\/okulary-polaryzacyjne\/velo-polaryzacja\/okulary-przeciwsloneczne-velo-polaryzacja-v-171-3\/#primaryimage","url":"https:\/\/okulary-hurt.pl\/wp-content\/uploads\/2026\/02\/V-171-3-08022020.jpg","contentUrl":"https:\/\/okulary-hurt.pl\/wp-content\/uploads\/2026\/02\/V-171-3-08022020.jpg","width":1029,"height":683},{"@type":"BreadcrumbList","@id":"https:\/\/okulary-hurt.pl\/hurtownia\/okulary-polaryzacyjne\/velo-polaryzacja\/okulary-przeciwsloneczne-velo-polaryzacja-v-171-3\/#breadcrumb","itemListElement":[{"@type":"ListItem","position":1,"name":"Strona g\u0142\u00f3wna","item":"https:\/\/okulary-hurt.pl\/"},{"@type":"ListItem","position":2,"name":"Hurtownia","item":"https:\/\/okulary-hurt.pl\/hurtownia\/"},{"@type":"ListItem","position":3,"name":"Okulary przeciws\u0142oneczne Velo polaryzacja V-171-3"}]},{"@type":"WebSite","@id":"https:\/\/okulary-hurt.pl\/#website","url":"https:\/\/okulary-hurt.pl\/","name":"Hurtownia okular\u00f3w przeciws\u0142onecznych","description":"Okulary przeciws\u0142oneczne najmodniejsze","publisher":{"@id":"https:\/\/okulary-hurt.pl\/#organization"},"alternateName":"Hurtownia okular\u00f3w Rzesz\u00f3w","potentialAction":[{"@type":"SearchAction","target":{"@type":"EntryPoint","urlTemplate":"https:\/\/okulary-hurt.pl\/?s={search_term_string}"},"query-input":{"@type":"PropertyValueSpecification","valueRequired":true,"valueName":"search_term_string"}}],"inLanguage":"en-US"},{"@type":"Organization","@id":"https:\/\/okulary-hurt.pl\/#organization","name":"Hurtownia okular\u00f3w Meridian Jerzy Myszkal","alternateName":"Meridian Jerzy Myszkal","url":"https:\/\/okulary-hurt.pl\/","logo":{"@type":"ImageObject","inLanguage":"en-US","@id":"https:\/\/okulary-hurt.pl\/#\/schema\/logo\/image\/","url":"https:\/\/okulary-hurt.pl\/wp-content\/uploads\/2026\/02\/cropped-okulary-hurt-hurtownia-okularow-przeciwslonecznych-1.png","contentUrl":"https:\/\/okulary-hurt.pl\/wp-content\/uploads\/2026\/02\/cropped-okulary-hurt-hurtownia-okularow-przeciwslonecznych-1.png","width":512,"height":512,"caption":"Hurtownia okular\u00f3w Meridian Jerzy Myszkal"},"image":{"@id":"https:\/\/okulary-hurt.pl\/#\/schema\/logo\/image\/"},"sameAs":["https:\/\/www.facebook.com\/HurtowniaMeridian"]}]}},"_links":{"self":[{"href":"https:\/\/okulary-hurt.pl\/en\/wp-json\/wp\/v2\/product\/1785","targetHints":{"allow":["GET"]}}],"collection":[{"href":"https:\/\/okulary-hurt.pl\/en\/wp-json\/wp\/v2\/product"}],"about":[{"href":"https:\/\/okulary-hurt.pl\/en\/wp-json\/wp\/v2\/types\/product"}],"wp:featuredmedia":[{"embeddable":true,"href":"https:\/\/okulary-hurt.pl\/en\/wp-json\/wp\/v2\/media\/1784"}],"wp:attachment":[{"href":"https:\/\/okulary-hurt.pl\/en\/wp-json\/wp\/v2\/media?parent=1785"}],"wp:term":[{"taxonomy":"product_brand","embeddable":true,"href":"https:\/\/okulary-hurt.pl\/en\/wp-json\/wp\/v2\/product_brand?post=1785"},{"taxonomy":"product_cat","embeddable":true,"href":"https:\/\/okulary-hurt.pl\/en\/wp-json\/wp\/v2\/product_cat?post=1785"},{"taxonomy":"product_tag","embeddable":true,"href":"https:\/\/okulary-hurt.pl\/en\/wp-json\/wp\/v2\/product_tag?post=1785"}],"curies":[{"name":"wp","href":"https:\/\/api.w.org\/{rel}","templated":true}]}}