{"id":1761,"date":"2026-02-26T13:53:53","date_gmt":"2026-02-26T12:53:53","guid":{"rendered":"https:\/\/hurtownia.okulary-hurt.pl\/sklep\/bez-kategorii\/okulary-przeciwsloneczne-velo-polaryzacja-v-158\/"},"modified":"2026-02-26T14:19:47","modified_gmt":"2026-02-26T13:19:47","slug":"okulary-przeciwsloneczne-velo-polaryzacja-v-158","status":"publish","type":"product","link":"https:\/\/okulary-hurt.pl\/en\/hurtownia\/okulary-polaryzacyjne\/velo-polaryzacja\/okulary-przeciwsloneczne-velo-polaryzacja-v-158\/","title":{"rendered":"Okulary przeciws\u0142oneczne Velo polaryzacja V-158"},"content":{"rendered":"<p><strong>Okulary przeciws\u0142oneczne Velo polaryzacja V-158<\/strong> zapewniaj\u0105 maksymaln\u0105 ochron\u0119 wzroku i nowoczesny wygl\u0105d.<\/p>\n<p>Soczewki polaryzacyjne poprawiaj\u0105 kontrast oraz redukuj\u0105 poziome fale \u015bwiat\u0142a odbitego.<\/p>\n<p>Stabilne oprawki dobrze przylegaj\u0105 do twarzy, gwarantuj\u0105c wygod\u0119 nawet przy dynamicznych ruchach.<\/p>\n<p>Okulary posiadaj\u0105 filtr UV400 i spe\u0142niaj\u0105 europejskie normy CE.<\/p>\n<p><strong>Najwa\u017cniejsze cechy:<\/strong><br \/>\u2022 polaryzacja<br \/>\u2022 wysoki komfort<br \/>\u2022 ergonomiczny kszta\u0142t<br \/>\u2022 filtr UV400<br \/>\u2022 norma CE<\/p>","protected":false},"excerpt":{"rendered":"<p><strong>Okulary przeciws\u0142oneczne Velo polaryzacja V-158<\/strong> to komfort i bezpiecze\u0144stwo w intensywnym s\u0142o\u0144cu.<\/p>","protected":false},"featured_media":1760,"template":"","meta":[],"product_brand":[],"product_cat":[37,45],"product_tag":[],"class_list":{"0":"post-1761","1":"product","2":"type-product","3":"status-publish","4":"has-post-thumbnail","6":"product_cat-okulary-polaryzacyjne","7":"product_cat-velo-polaryzacja","9":"first","10":"instock","11":"sale","12":"taxable","13":"shipping-taxable","14":"purchasable","15":"product-type-simple"},"yoast_head":"<!-- This site is optimized with the Yoast SEO plugin v27.3 - https:\/\/yoast.com\/product\/yoast-seo-wordpress\/ -->\n<title>Okulary przeciws\u0142oneczne Velo polaryzacja V-158 - Hurtownia okular\u00f3w<\/title>\n<meta name=\"robots\" content=\"index, follow, max-snippet:-1, max-image-preview:large, max-video-preview:-1\" \/>\n<link rel=\"canonical\" href=\"https:\/\/okulary-hurt.pl\/en\/hurtownia\/okulary-polaryzacyjne\/velo-polaryzacja\/okulary-przeciwsloneczne-velo-polaryzacja-v-158\/\" \/>\n<meta property=\"og:locale\" content=\"en_US\" \/>\n<meta property=\"og:type\" content=\"article\" \/>\n<meta property=\"og:title\" content=\"Okulary przeciws\u0142oneczne Velo polaryzacja V-158 - Hurtownia okular\u00f3w\" \/>\n<meta property=\"og:description\" content=\"Okulary przeciws\u0142oneczne Velo polaryzacja V-158 to komfort i bezpiecze\u0144stwo w intensywnym s\u0142o\u0144cu.\" \/>\n<meta property=\"og:url\" content=\"https:\/\/okulary-hurt.pl\/en\/hurtownia\/okulary-polaryzacyjne\/velo-polaryzacja\/okulary-przeciwsloneczne-velo-polaryzacja-v-158\/\" \/>\n<meta property=\"og:site_name\" content=\"Hurtownia okular\u00f3w\" \/>\n<meta property=\"article:publisher\" content=\"https:\/\/www.facebook.com\/HurtowniaMeridian\" \/>\n<meta property=\"article:modified_time\" content=\"2026-02-26T13:19:47+00:00\" \/>\n<meta property=\"og:image\" content=\"https:\/\/okulary-hurt.pl\/wp-content\/uploads\/2026\/02\/V-158-08022020.jpg\" \/>\n\t<meta property=\"og:image:width\" content=\"2100\" \/>\n\t<meta property=\"og:image:height\" content=\"1225\" \/>\n\t<meta property=\"og:image:type\" content=\"image\/jpeg\" \/>\n<meta name=\"twitter:card\" content=\"summary_large_image\" \/>\n<script type=\"application\/ld+json\" class=\"yoast-schema-graph\">{\"@context\":\"https:\\\/\\\/schema.org\",\"@graph\":[{\"@type\":\"WebPage\",\"@id\":\"https:\\\/\\\/okulary-hurt.pl\\\/hurtownia\\\/okulary-polaryzacyjne\\\/velo-polaryzacja\\\/okulary-przeciwsloneczne-velo-polaryzacja-v-158\\\/\",\"url\":\"https:\\\/\\\/okulary-hurt.pl\\\/hurtownia\\\/okulary-polaryzacyjne\\\/velo-polaryzacja\\\/okulary-przeciwsloneczne-velo-polaryzacja-v-158\\\/\",\"name\":\"Okulary przeciws\u0142oneczne Velo polaryzacja V-158 - Hurtownia okular\u00f3w\",\"isPartOf\":{\"@id\":\"https:\\\/\\\/okulary-hurt.pl\\\/#website\"},\"primaryImageOfPage\":{\"@id\":\"https:\\\/\\\/okulary-hurt.pl\\\/hurtownia\\\/okulary-polaryzacyjne\\\/velo-polaryzacja\\\/okulary-przeciwsloneczne-velo-polaryzacja-v-158\\\/#primaryimage\"},\"image\":{\"@id\":\"https:\\\/\\\/okulary-hurt.pl\\\/hurtownia\\\/okulary-polaryzacyjne\\\/velo-polaryzacja\\\/okulary-przeciwsloneczne-velo-polaryzacja-v-158\\\/#primaryimage\"},\"thumbnailUrl\":\"https:\\\/\\\/okulary-hurt.pl\\\/wp-content\\\/uploads\\\/2026\\\/02\\\/V-158-08022020.jpg\",\"datePublished\":\"2026-02-26T12:53:53+00:00\",\"dateModified\":\"2026-02-26T13:19:47+00:00\",\"breadcrumb\":{\"@id\":\"https:\\\/\\\/okulary-hurt.pl\\\/hurtownia\\\/okulary-polaryzacyjne\\\/velo-polaryzacja\\\/okulary-przeciwsloneczne-velo-polaryzacja-v-158\\\/#breadcrumb\"},\"inLanguage\":\"en-US\",\"potentialAction\":[{\"@type\":\"ReadAction\",\"target\":[\"https:\\\/\\\/okulary-hurt.pl\\\/hurtownia\\\/okulary-polaryzacyjne\\\/velo-polaryzacja\\\/okulary-przeciwsloneczne-velo-polaryzacja-v-158\\\/\"]}]},{\"@type\":\"ImageObject\",\"inLanguage\":\"en-US\",\"@id\":\"https:\\\/\\\/okulary-hurt.pl\\\/hurtownia\\\/okulary-polaryzacyjne\\\/velo-polaryzacja\\\/okulary-przeciwsloneczne-velo-polaryzacja-v-158\\\/#primaryimage\",\"url\":\"https:\\\/\\\/okulary-hurt.pl\\\/wp-content\\\/uploads\\\/2026\\\/02\\\/V-158-08022020.jpg\",\"contentUrl\":\"https:\\\/\\\/okulary-hurt.pl\\\/wp-content\\\/uploads\\\/2026\\\/02\\\/V-158-08022020.jpg\",\"width\":2100,\"height\":1225},{\"@type\":\"BreadcrumbList\",\"@id\":\"https:\\\/\\\/okulary-hurt.pl\\\/hurtownia\\\/okulary-polaryzacyjne\\\/velo-polaryzacja\\\/okulary-przeciwsloneczne-velo-polaryzacja-v-158\\\/#breadcrumb\",\"itemListElement\":[{\"@type\":\"ListItem\",\"position\":1,\"name\":\"Strona g\u0142\u00f3wna\",\"item\":\"https:\\\/\\\/okulary-hurt.pl\\\/\"},{\"@type\":\"ListItem\",\"position\":2,\"name\":\"Hurtownia\",\"item\":\"https:\\\/\\\/okulary-hurt.pl\\\/hurtownia\\\/\"},{\"@type\":\"ListItem\",\"position\":3,\"name\":\"Okulary przeciws\u0142oneczne Velo polaryzacja V-158\"}]},{\"@type\":\"WebSite\",\"@id\":\"https:\\\/\\\/okulary-hurt.pl\\\/#website\",\"url\":\"https:\\\/\\\/okulary-hurt.pl\\\/\",\"name\":\"Hurtownia okular\u00f3w przeciws\u0142onecznych\",\"description\":\"Okulary przeciws\u0142oneczne najmodniejsze\",\"publisher\":{\"@id\":\"https:\\\/\\\/okulary-hurt.pl\\\/#organization\"},\"alternateName\":\"Hurtownia okular\u00f3w Rzesz\u00f3w\",\"potentialAction\":[{\"@type\":\"SearchAction\",\"target\":{\"@type\":\"EntryPoint\",\"urlTemplate\":\"https:\\\/\\\/okulary-hurt.pl\\\/?s={search_term_string}\"},\"query-input\":{\"@type\":\"PropertyValueSpecification\",\"valueRequired\":true,\"valueName\":\"search_term_string\"}}],\"inLanguage\":\"en-US\"},{\"@type\":\"Organization\",\"@id\":\"https:\\\/\\\/okulary-hurt.pl\\\/#organization\",\"name\":\"Hurtownia okular\u00f3w Meridian Jerzy Myszkal\",\"alternateName\":\"Meridian Jerzy Myszkal\",\"url\":\"https:\\\/\\\/okulary-hurt.pl\\\/\",\"logo\":{\"@type\":\"ImageObject\",\"inLanguage\":\"en-US\",\"@id\":\"https:\\\/\\\/okulary-hurt.pl\\\/#\\\/schema\\\/logo\\\/image\\\/\",\"url\":\"https:\\\/\\\/okulary-hurt.pl\\\/wp-content\\\/uploads\\\/2026\\\/02\\\/cropped-okulary-hurt-hurtownia-okularow-przeciwslonecznych-1.png\",\"contentUrl\":\"https:\\\/\\\/okulary-hurt.pl\\\/wp-content\\\/uploads\\\/2026\\\/02\\\/cropped-okulary-hurt-hurtownia-okularow-przeciwslonecznych-1.png\",\"width\":512,\"height\":512,\"caption\":\"Hurtownia okular\u00f3w Meridian Jerzy Myszkal\"},\"image\":{\"@id\":\"https:\\\/\\\/okulary-hurt.pl\\\/#\\\/schema\\\/logo\\\/image\\\/\"},\"sameAs\":[\"https:\\\/\\\/www.facebook.com\\\/HurtowniaMeridian\"]}]}<\/script>\n<!-- \/ Yoast SEO plugin. -->","yoast_head_json":{"title":"Okulary przeciws\u0142oneczne Velo polaryzacja V-158 - Hurtownia okular\u00f3w","robots":{"index":"index","follow":"follow","max-snippet":"max-snippet:-1","max-image-preview":"max-image-preview:large","max-video-preview":"max-video-preview:-1"},"canonical":"https:\/\/okulary-hurt.pl\/en\/hurtownia\/okulary-polaryzacyjne\/velo-polaryzacja\/okulary-przeciwsloneczne-velo-polaryzacja-v-158\/","og_locale":"en_US","og_type":"article","og_title":"Okulary przeciws\u0142oneczne Velo polaryzacja V-158 - Hurtownia okular\u00f3w","og_description":"Okulary przeciws\u0142oneczne Velo polaryzacja V-158 to komfort i bezpiecze\u0144stwo w intensywnym s\u0142o\u0144cu.","og_url":"https:\/\/okulary-hurt.pl\/en\/hurtownia\/okulary-polaryzacyjne\/velo-polaryzacja\/okulary-przeciwsloneczne-velo-polaryzacja-v-158\/","og_site_name":"Hurtownia okular\u00f3w","article_publisher":"https:\/\/www.facebook.com\/HurtowniaMeridian","article_modified_time":"2026-02-26T13:19:47+00:00","og_image":[{"width":2100,"height":1225,"url":"https:\/\/okulary-hurt.pl\/wp-content\/uploads\/2026\/02\/V-158-08022020.jpg","type":"image\/jpeg"}],"twitter_card":"summary_large_image","schema":{"@context":"https:\/\/schema.org","@graph":[{"@type":"WebPage","@id":"https:\/\/okulary-hurt.pl\/hurtownia\/okulary-polaryzacyjne\/velo-polaryzacja\/okulary-przeciwsloneczne-velo-polaryzacja-v-158\/","url":"https:\/\/okulary-hurt.pl\/hurtownia\/okulary-polaryzacyjne\/velo-polaryzacja\/okulary-przeciwsloneczne-velo-polaryzacja-v-158\/","name":"Okulary przeciws\u0142oneczne Velo polaryzacja V-158 - Hurtownia okular\u00f3w","isPartOf":{"@id":"https:\/\/okulary-hurt.pl\/#website"},"primaryImageOfPage":{"@id":"https:\/\/okulary-hurt.pl\/hurtownia\/okulary-polaryzacyjne\/velo-polaryzacja\/okulary-przeciwsloneczne-velo-polaryzacja-v-158\/#primaryimage"},"image":{"@id":"https:\/\/okulary-hurt.pl\/hurtownia\/okulary-polaryzacyjne\/velo-polaryzacja\/okulary-przeciwsloneczne-velo-polaryzacja-v-158\/#primaryimage"},"thumbnailUrl":"https:\/\/okulary-hurt.pl\/wp-content\/uploads\/2026\/02\/V-158-08022020.jpg","datePublished":"2026-02-26T12:53:53+00:00","dateModified":"2026-02-26T13:19:47+00:00","breadcrumb":{"@id":"https:\/\/okulary-hurt.pl\/hurtownia\/okulary-polaryzacyjne\/velo-polaryzacja\/okulary-przeciwsloneczne-velo-polaryzacja-v-158\/#breadcrumb"},"inLanguage":"en-US","potentialAction":[{"@type":"ReadAction","target":["https:\/\/okulary-hurt.pl\/hurtownia\/okulary-polaryzacyjne\/velo-polaryzacja\/okulary-przeciwsloneczne-velo-polaryzacja-v-158\/"]}]},{"@type":"ImageObject","inLanguage":"en-US","@id":"https:\/\/okulary-hurt.pl\/hurtownia\/okulary-polaryzacyjne\/velo-polaryzacja\/okulary-przeciwsloneczne-velo-polaryzacja-v-158\/#primaryimage","url":"https:\/\/okulary-hurt.pl\/wp-content\/uploads\/2026\/02\/V-158-08022020.jpg","contentUrl":"https:\/\/okulary-hurt.pl\/wp-content\/uploads\/2026\/02\/V-158-08022020.jpg","width":2100,"height":1225},{"@type":"BreadcrumbList","@id":"https:\/\/okulary-hurt.pl\/hurtownia\/okulary-polaryzacyjne\/velo-polaryzacja\/okulary-przeciwsloneczne-velo-polaryzacja-v-158\/#breadcrumb","itemListElement":[{"@type":"ListItem","position":1,"name":"Strona g\u0142\u00f3wna","item":"https:\/\/okulary-hurt.pl\/"},{"@type":"ListItem","position":2,"name":"Hurtownia","item":"https:\/\/okulary-hurt.pl\/hurtownia\/"},{"@type":"ListItem","position":3,"name":"Okulary przeciws\u0142oneczne Velo polaryzacja V-158"}]},{"@type":"WebSite","@id":"https:\/\/okulary-hurt.pl\/#website","url":"https:\/\/okulary-hurt.pl\/","name":"Hurtownia okular\u00f3w przeciws\u0142onecznych","description":"Okulary przeciws\u0142oneczne najmodniejsze","publisher":{"@id":"https:\/\/okulary-hurt.pl\/#organization"},"alternateName":"Hurtownia okular\u00f3w Rzesz\u00f3w","potentialAction":[{"@type":"SearchAction","target":{"@type":"EntryPoint","urlTemplate":"https:\/\/okulary-hurt.pl\/?s={search_term_string}"},"query-input":{"@type":"PropertyValueSpecification","valueRequired":true,"valueName":"search_term_string"}}],"inLanguage":"en-US"},{"@type":"Organization","@id":"https:\/\/okulary-hurt.pl\/#organization","name":"Hurtownia okular\u00f3w Meridian Jerzy Myszkal","alternateName":"Meridian Jerzy Myszkal","url":"https:\/\/okulary-hurt.pl\/","logo":{"@type":"ImageObject","inLanguage":"en-US","@id":"https:\/\/okulary-hurt.pl\/#\/schema\/logo\/image\/","url":"https:\/\/okulary-hurt.pl\/wp-content\/uploads\/2026\/02\/cropped-okulary-hurt-hurtownia-okularow-przeciwslonecznych-1.png","contentUrl":"https:\/\/okulary-hurt.pl\/wp-content\/uploads\/2026\/02\/cropped-okulary-hurt-hurtownia-okularow-przeciwslonecznych-1.png","width":512,"height":512,"caption":"Hurtownia okular\u00f3w Meridian Jerzy Myszkal"},"image":{"@id":"https:\/\/okulary-hurt.pl\/#\/schema\/logo\/image\/"},"sameAs":["https:\/\/www.facebook.com\/HurtowniaMeridian"]}]}},"_links":{"self":[{"href":"https:\/\/okulary-hurt.pl\/en\/wp-json\/wp\/v2\/product\/1761","targetHints":{"allow":["GET"]}}],"collection":[{"href":"https:\/\/okulary-hurt.pl\/en\/wp-json\/wp\/v2\/product"}],"about":[{"href":"https:\/\/okulary-hurt.pl\/en\/wp-json\/wp\/v2\/types\/product"}],"wp:featuredmedia":[{"embeddable":true,"href":"https:\/\/okulary-hurt.pl\/en\/wp-json\/wp\/v2\/media\/1760"}],"wp:attachment":[{"href":"https:\/\/okulary-hurt.pl\/en\/wp-json\/wp\/v2\/media?parent=1761"}],"wp:term":[{"taxonomy":"product_brand","embeddable":true,"href":"https:\/\/okulary-hurt.pl\/en\/wp-json\/wp\/v2\/product_brand?post=1761"},{"taxonomy":"product_cat","embeddable":true,"href":"https:\/\/okulary-hurt.pl\/en\/wp-json\/wp\/v2\/product_cat?post=1761"},{"taxonomy":"product_tag","embeddable":true,"href":"https:\/\/okulary-hurt.pl\/en\/wp-json\/wp\/v2\/product_tag?post=1761"}],"curies":[{"name":"wp","href":"https:\/\/api.w.org\/{rel}","templated":true}]}}