{"id":1750,"date":"2026-02-26T11:24:44","date_gmt":"2026-02-26T10:24:44","guid":{"rendered":"https:\/\/hurtownia.okulary-hurt.pl\/sklep\/bez-kategorii\/okulary-przeciwsloneczne-matrix-polaryzacja-mp-743b\/"},"modified":"2026-02-26T13:49:01","modified_gmt":"2026-02-26T12:49:01","slug":"okulary-przeciwsloneczne-matrix-polaryzacja-mp-743b","status":"publish","type":"product","link":"https:\/\/okulary-hurt.pl\/en\/hurtownia\/okulary-polaryzacyjne\/matrix-polaryzacja\/okulary-przeciwsloneczne-matrix-polaryzacja-mp-743b\/","title":{"rendered":"Okulary przeciws\u0142oneczne Matrix polaryzacja MP-743B"},"content":{"rendered":"<p><strong>Okulary przeciws\u0142oneczne Matrix polaryzacja MP-743B<\/strong> to propozycja dla os\u00f3b ceni\u0105cych wyrazisty styl i wysok\u0105 jako\u015b\u0107 widzenia.<\/p>\n<p>Technologia polaryzacyjna ogranicza mru\u017cenie oczu i zm\u0119czenie wzroku podczas jazdy samochodem, spacer\u00f3w czy aktywno\u015bci outdoorowych.<\/p>\n<p>Charakterystyczne oprawki kolekcji Matrix wyr\u00f3\u017cniaj\u0105 si\u0119 nowoczesn\u0105 lini\u0105 i modn\u0105 kolorystyk\u0105.<\/p>\n<p>Okulary wyposa\u017cone s\u0105 w filtr UV400 oraz spe\u0142niaj\u0105 normy europejskie CE.<\/p>\n<p><strong>Dlaczego warto?<\/strong><br \/>\u2022 wyra\u017aniejszy obraz i lepszy kontrast<br \/>\u2022 redukcja odblask\u00f3w<br \/>\u2022 modny, dynamiczny wygl\u0105d<br \/>\u2022 pe\u0142na ochrona UV400<br \/>\u2022 norma CE<\/p>","protected":false},"excerpt":{"rendered":"<p><strong>Okulary przeciws\u0142oneczne Matrix polaryzacja MP-743B<\/strong> z kolekcji Matrix \u2013 wyrazisty styl i redukcja odblask\u00f3w.<\/p>","protected":false},"featured_media":1749,"template":"","meta":[],"product_brand":[],"product_cat":[44,37],"product_tag":[],"class_list":{"0":"post-1750","1":"product","2":"type-product","3":"status-publish","4":"has-post-thumbnail","6":"product_cat-matrix-polaryzacja","7":"product_cat-okulary-polaryzacyjne","9":"first","10":"instock","11":"taxable","12":"shipping-taxable","13":"purchasable","14":"product-type-simple"},"yoast_head":"<!-- This site is optimized with the Yoast SEO plugin v27.3 - https:\/\/yoast.com\/product\/yoast-seo-wordpress\/ -->\n<title>Okulary przeciws\u0142oneczne Matrix polaryzacja MP-743B - Hurtownia okular\u00f3w<\/title>\n<meta name=\"robots\" content=\"index, follow, max-snippet:-1, max-image-preview:large, max-video-preview:-1\" \/>\n<link rel=\"canonical\" href=\"https:\/\/okulary-hurt.pl\/en\/hurtownia\/okulary-polaryzacyjne\/matrix-polaryzacja\/okulary-przeciwsloneczne-matrix-polaryzacja-mp-743b\/\" \/>\n<meta property=\"og:locale\" content=\"en_US\" \/>\n<meta property=\"og:type\" content=\"article\" \/>\n<meta property=\"og:title\" content=\"Okulary przeciws\u0142oneczne Matrix polaryzacja MP-743B - Hurtownia okular\u00f3w\" \/>\n<meta property=\"og:description\" content=\"Okulary przeciws\u0142oneczne Matrix polaryzacja MP-743B z kolekcji Matrix \u2013 wyrazisty styl i redukcja odblask\u00f3w.\" \/>\n<meta property=\"og:url\" content=\"https:\/\/okulary-hurt.pl\/en\/hurtownia\/okulary-polaryzacyjne\/matrix-polaryzacja\/okulary-przeciwsloneczne-matrix-polaryzacja-mp-743b\/\" \/>\n<meta property=\"og:site_name\" content=\"Hurtownia okular\u00f3w\" \/>\n<meta property=\"article:publisher\" content=\"https:\/\/www.facebook.com\/HurtowniaMeridian\" \/>\n<meta property=\"article:modified_time\" content=\"2026-02-26T12:49:01+00:00\" \/>\n<meta property=\"og:image\" content=\"https:\/\/okulary-hurt.pl\/wp-content\/uploads\/2026\/02\/b6911cb8c9a3680b525dae83ba335c8d.jpg\" \/>\n\t<meta property=\"og:image:width\" content=\"1678\" \/>\n\t<meta property=\"og:image:height\" content=\"906\" \/>\n\t<meta property=\"og:image:type\" content=\"image\/jpeg\" \/>\n<meta name=\"twitter:card\" content=\"summary_large_image\" \/>\n<script type=\"application\/ld+json\" class=\"yoast-schema-graph\">{\"@context\":\"https:\\\/\\\/schema.org\",\"@graph\":[{\"@type\":\"WebPage\",\"@id\":\"https:\\\/\\\/okulary-hurt.pl\\\/hurtownia\\\/okulary-polaryzacyjne\\\/matrix-polaryzacja\\\/okulary-przeciwsloneczne-matrix-polaryzacja-mp-743b\\\/\",\"url\":\"https:\\\/\\\/okulary-hurt.pl\\\/hurtownia\\\/okulary-polaryzacyjne\\\/matrix-polaryzacja\\\/okulary-przeciwsloneczne-matrix-polaryzacja-mp-743b\\\/\",\"name\":\"Okulary przeciws\u0142oneczne Matrix polaryzacja MP-743B - Hurtownia okular\u00f3w\",\"isPartOf\":{\"@id\":\"https:\\\/\\\/okulary-hurt.pl\\\/#website\"},\"primaryImageOfPage\":{\"@id\":\"https:\\\/\\\/okulary-hurt.pl\\\/hurtownia\\\/okulary-polaryzacyjne\\\/matrix-polaryzacja\\\/okulary-przeciwsloneczne-matrix-polaryzacja-mp-743b\\\/#primaryimage\"},\"image\":{\"@id\":\"https:\\\/\\\/okulary-hurt.pl\\\/hurtownia\\\/okulary-polaryzacyjne\\\/matrix-polaryzacja\\\/okulary-przeciwsloneczne-matrix-polaryzacja-mp-743b\\\/#primaryimage\"},\"thumbnailUrl\":\"https:\\\/\\\/okulary-hurt.pl\\\/wp-content\\\/uploads\\\/2026\\\/02\\\/b6911cb8c9a3680b525dae83ba335c8d.jpg\",\"datePublished\":\"2026-02-26T10:24:44+00:00\",\"dateModified\":\"2026-02-26T12:49:01+00:00\",\"breadcrumb\":{\"@id\":\"https:\\\/\\\/okulary-hurt.pl\\\/hurtownia\\\/okulary-polaryzacyjne\\\/matrix-polaryzacja\\\/okulary-przeciwsloneczne-matrix-polaryzacja-mp-743b\\\/#breadcrumb\"},\"inLanguage\":\"en-US\",\"potentialAction\":[{\"@type\":\"ReadAction\",\"target\":[\"https:\\\/\\\/okulary-hurt.pl\\\/hurtownia\\\/okulary-polaryzacyjne\\\/matrix-polaryzacja\\\/okulary-przeciwsloneczne-matrix-polaryzacja-mp-743b\\\/\"]}]},{\"@type\":\"ImageObject\",\"inLanguage\":\"en-US\",\"@id\":\"https:\\\/\\\/okulary-hurt.pl\\\/hurtownia\\\/okulary-polaryzacyjne\\\/matrix-polaryzacja\\\/okulary-przeciwsloneczne-matrix-polaryzacja-mp-743b\\\/#primaryimage\",\"url\":\"https:\\\/\\\/okulary-hurt.pl\\\/wp-content\\\/uploads\\\/2026\\\/02\\\/b6911cb8c9a3680b525dae83ba335c8d.jpg\",\"contentUrl\":\"https:\\\/\\\/okulary-hurt.pl\\\/wp-content\\\/uploads\\\/2026\\\/02\\\/b6911cb8c9a3680b525dae83ba335c8d.jpg\",\"width\":1678,\"height\":906},{\"@type\":\"BreadcrumbList\",\"@id\":\"https:\\\/\\\/okulary-hurt.pl\\\/hurtownia\\\/okulary-polaryzacyjne\\\/matrix-polaryzacja\\\/okulary-przeciwsloneczne-matrix-polaryzacja-mp-743b\\\/#breadcrumb\",\"itemListElement\":[{\"@type\":\"ListItem\",\"position\":1,\"name\":\"Strona g\u0142\u00f3wna\",\"item\":\"https:\\\/\\\/okulary-hurt.pl\\\/\"},{\"@type\":\"ListItem\",\"position\":2,\"name\":\"Hurtownia\",\"item\":\"https:\\\/\\\/okulary-hurt.pl\\\/hurtownia\\\/\"},{\"@type\":\"ListItem\",\"position\":3,\"name\":\"Okulary przeciws\u0142oneczne Matrix polaryzacja MP-743B\"}]},{\"@type\":\"WebSite\",\"@id\":\"https:\\\/\\\/okulary-hurt.pl\\\/#website\",\"url\":\"https:\\\/\\\/okulary-hurt.pl\\\/\",\"name\":\"Hurtownia okular\u00f3w przeciws\u0142onecznych\",\"description\":\"Okulary przeciws\u0142oneczne najmodniejsze\",\"publisher\":{\"@id\":\"https:\\\/\\\/okulary-hurt.pl\\\/#organization\"},\"alternateName\":\"Hurtownia okular\u00f3w Rzesz\u00f3w\",\"potentialAction\":[{\"@type\":\"SearchAction\",\"target\":{\"@type\":\"EntryPoint\",\"urlTemplate\":\"https:\\\/\\\/okulary-hurt.pl\\\/?s={search_term_string}\"},\"query-input\":{\"@type\":\"PropertyValueSpecification\",\"valueRequired\":true,\"valueName\":\"search_term_string\"}}],\"inLanguage\":\"en-US\"},{\"@type\":\"Organization\",\"@id\":\"https:\\\/\\\/okulary-hurt.pl\\\/#organization\",\"name\":\"Hurtownia okular\u00f3w Meridian Jerzy Myszkal\",\"alternateName\":\"Meridian Jerzy Myszkal\",\"url\":\"https:\\\/\\\/okulary-hurt.pl\\\/\",\"logo\":{\"@type\":\"ImageObject\",\"inLanguage\":\"en-US\",\"@id\":\"https:\\\/\\\/okulary-hurt.pl\\\/#\\\/schema\\\/logo\\\/image\\\/\",\"url\":\"https:\\\/\\\/okulary-hurt.pl\\\/wp-content\\\/uploads\\\/2026\\\/02\\\/cropped-okulary-hurt-hurtownia-okularow-przeciwslonecznych-1.png\",\"contentUrl\":\"https:\\\/\\\/okulary-hurt.pl\\\/wp-content\\\/uploads\\\/2026\\\/02\\\/cropped-okulary-hurt-hurtownia-okularow-przeciwslonecznych-1.png\",\"width\":512,\"height\":512,\"caption\":\"Hurtownia okular\u00f3w Meridian Jerzy Myszkal\"},\"image\":{\"@id\":\"https:\\\/\\\/okulary-hurt.pl\\\/#\\\/schema\\\/logo\\\/image\\\/\"},\"sameAs\":[\"https:\\\/\\\/www.facebook.com\\\/HurtowniaMeridian\"]}]}<\/script>\n<!-- \/ Yoast SEO plugin. -->","yoast_head_json":{"title":"Okulary przeciws\u0142oneczne Matrix polaryzacja MP-743B - Hurtownia okular\u00f3w","robots":{"index":"index","follow":"follow","max-snippet":"max-snippet:-1","max-image-preview":"max-image-preview:large","max-video-preview":"max-video-preview:-1"},"canonical":"https:\/\/okulary-hurt.pl\/en\/hurtownia\/okulary-polaryzacyjne\/matrix-polaryzacja\/okulary-przeciwsloneczne-matrix-polaryzacja-mp-743b\/","og_locale":"en_US","og_type":"article","og_title":"Okulary przeciws\u0142oneczne Matrix polaryzacja MP-743B - Hurtownia okular\u00f3w","og_description":"Okulary przeciws\u0142oneczne Matrix polaryzacja MP-743B z kolekcji Matrix \u2013 wyrazisty styl i redukcja odblask\u00f3w.","og_url":"https:\/\/okulary-hurt.pl\/en\/hurtownia\/okulary-polaryzacyjne\/matrix-polaryzacja\/okulary-przeciwsloneczne-matrix-polaryzacja-mp-743b\/","og_site_name":"Hurtownia okular\u00f3w","article_publisher":"https:\/\/www.facebook.com\/HurtowniaMeridian","article_modified_time":"2026-02-26T12:49:01+00:00","og_image":[{"width":1678,"height":906,"url":"https:\/\/okulary-hurt.pl\/wp-content\/uploads\/2026\/02\/b6911cb8c9a3680b525dae83ba335c8d.jpg","type":"image\/jpeg"}],"twitter_card":"summary_large_image","schema":{"@context":"https:\/\/schema.org","@graph":[{"@type":"WebPage","@id":"https:\/\/okulary-hurt.pl\/hurtownia\/okulary-polaryzacyjne\/matrix-polaryzacja\/okulary-przeciwsloneczne-matrix-polaryzacja-mp-743b\/","url":"https:\/\/okulary-hurt.pl\/hurtownia\/okulary-polaryzacyjne\/matrix-polaryzacja\/okulary-przeciwsloneczne-matrix-polaryzacja-mp-743b\/","name":"Okulary przeciws\u0142oneczne Matrix polaryzacja MP-743B - Hurtownia okular\u00f3w","isPartOf":{"@id":"https:\/\/okulary-hurt.pl\/#website"},"primaryImageOfPage":{"@id":"https:\/\/okulary-hurt.pl\/hurtownia\/okulary-polaryzacyjne\/matrix-polaryzacja\/okulary-przeciwsloneczne-matrix-polaryzacja-mp-743b\/#primaryimage"},"image":{"@id":"https:\/\/okulary-hurt.pl\/hurtownia\/okulary-polaryzacyjne\/matrix-polaryzacja\/okulary-przeciwsloneczne-matrix-polaryzacja-mp-743b\/#primaryimage"},"thumbnailUrl":"https:\/\/okulary-hurt.pl\/wp-content\/uploads\/2026\/02\/b6911cb8c9a3680b525dae83ba335c8d.jpg","datePublished":"2026-02-26T10:24:44+00:00","dateModified":"2026-02-26T12:49:01+00:00","breadcrumb":{"@id":"https:\/\/okulary-hurt.pl\/hurtownia\/okulary-polaryzacyjne\/matrix-polaryzacja\/okulary-przeciwsloneczne-matrix-polaryzacja-mp-743b\/#breadcrumb"},"inLanguage":"en-US","potentialAction":[{"@type":"ReadAction","target":["https:\/\/okulary-hurt.pl\/hurtownia\/okulary-polaryzacyjne\/matrix-polaryzacja\/okulary-przeciwsloneczne-matrix-polaryzacja-mp-743b\/"]}]},{"@type":"ImageObject","inLanguage":"en-US","@id":"https:\/\/okulary-hurt.pl\/hurtownia\/okulary-polaryzacyjne\/matrix-polaryzacja\/okulary-przeciwsloneczne-matrix-polaryzacja-mp-743b\/#primaryimage","url":"https:\/\/okulary-hurt.pl\/wp-content\/uploads\/2026\/02\/b6911cb8c9a3680b525dae83ba335c8d.jpg","contentUrl":"https:\/\/okulary-hurt.pl\/wp-content\/uploads\/2026\/02\/b6911cb8c9a3680b525dae83ba335c8d.jpg","width":1678,"height":906},{"@type":"BreadcrumbList","@id":"https:\/\/okulary-hurt.pl\/hurtownia\/okulary-polaryzacyjne\/matrix-polaryzacja\/okulary-przeciwsloneczne-matrix-polaryzacja-mp-743b\/#breadcrumb","itemListElement":[{"@type":"ListItem","position":1,"name":"Strona g\u0142\u00f3wna","item":"https:\/\/okulary-hurt.pl\/"},{"@type":"ListItem","position":2,"name":"Hurtownia","item":"https:\/\/okulary-hurt.pl\/hurtownia\/"},{"@type":"ListItem","position":3,"name":"Okulary przeciws\u0142oneczne Matrix polaryzacja MP-743B"}]},{"@type":"WebSite","@id":"https:\/\/okulary-hurt.pl\/#website","url":"https:\/\/okulary-hurt.pl\/","name":"Hurtownia okular\u00f3w przeciws\u0142onecznych","description":"Okulary przeciws\u0142oneczne najmodniejsze","publisher":{"@id":"https:\/\/okulary-hurt.pl\/#organization"},"alternateName":"Hurtownia okular\u00f3w Rzesz\u00f3w","potentialAction":[{"@type":"SearchAction","target":{"@type":"EntryPoint","urlTemplate":"https:\/\/okulary-hurt.pl\/?s={search_term_string}"},"query-input":{"@type":"PropertyValueSpecification","valueRequired":true,"valueName":"search_term_string"}}],"inLanguage":"en-US"},{"@type":"Organization","@id":"https:\/\/okulary-hurt.pl\/#organization","name":"Hurtownia okular\u00f3w Meridian Jerzy Myszkal","alternateName":"Meridian Jerzy Myszkal","url":"https:\/\/okulary-hurt.pl\/","logo":{"@type":"ImageObject","inLanguage":"en-US","@id":"https:\/\/okulary-hurt.pl\/#\/schema\/logo\/image\/","url":"https:\/\/okulary-hurt.pl\/wp-content\/uploads\/2026\/02\/cropped-okulary-hurt-hurtownia-okularow-przeciwslonecznych-1.png","contentUrl":"https:\/\/okulary-hurt.pl\/wp-content\/uploads\/2026\/02\/cropped-okulary-hurt-hurtownia-okularow-przeciwslonecznych-1.png","width":512,"height":512,"caption":"Hurtownia okular\u00f3w Meridian Jerzy Myszkal"},"image":{"@id":"https:\/\/okulary-hurt.pl\/#\/schema\/logo\/image\/"},"sameAs":["https:\/\/www.facebook.com\/HurtowniaMeridian"]}]}},"_links":{"self":[{"href":"https:\/\/okulary-hurt.pl\/en\/wp-json\/wp\/v2\/product\/1750","targetHints":{"allow":["GET"]}}],"collection":[{"href":"https:\/\/okulary-hurt.pl\/en\/wp-json\/wp\/v2\/product"}],"about":[{"href":"https:\/\/okulary-hurt.pl\/en\/wp-json\/wp\/v2\/types\/product"}],"wp:featuredmedia":[{"embeddable":true,"href":"https:\/\/okulary-hurt.pl\/en\/wp-json\/wp\/v2\/media\/1749"}],"wp:attachment":[{"href":"https:\/\/okulary-hurt.pl\/en\/wp-json\/wp\/v2\/media?parent=1750"}],"wp:term":[{"taxonomy":"product_brand","embeddable":true,"href":"https:\/\/okulary-hurt.pl\/en\/wp-json\/wp\/v2\/product_brand?post=1750"},{"taxonomy":"product_cat","embeddable":true,"href":"https:\/\/okulary-hurt.pl\/en\/wp-json\/wp\/v2\/product_cat?post=1750"},{"taxonomy":"product_tag","embeddable":true,"href":"https:\/\/okulary-hurt.pl\/en\/wp-json\/wp\/v2\/product_tag?post=1750"}],"curies":[{"name":"wp","href":"https:\/\/api.w.org\/{rel}","templated":true}]}}