{"id":1547,"date":"2026-02-26T09:02:19","date_gmt":"2026-02-26T08:02:19","guid":{"rendered":"https:\/\/hurtownia.okulary-hurt.pl\/sklep\/bez-kategorii\/nakladki-polaryzacyjne-n-polaryzacja-black\/"},"modified":"2026-02-26T09:18:00","modified_gmt":"2026-02-26T08:18:00","slug":"nakladki-polaryzacyjne-n-polaryzacja-black","status":"publish","type":"product","link":"https:\/\/okulary-hurt.pl\/en\/hurtownia\/okulary-polaryzacyjne\/nakladki-polaryzacyjne\/nakladki-polaryzacyjne-n-polaryzacja-black\/","title":{"rendered":"Nak\u0142adki polaryzacyjne N-POLARYZACJA-BLACK"},"content":{"rendered":"<p><strong>Nak\u0142adki polaryzacyjne N-POLARYZACJA-BLACK<\/strong> to praktyczne rozwi\u0105zanie dla os\u00f3b nosz\u0105cych okulary korekcyjne, kt\u00f3re chc\u0105 korzysta\u0107 z zalet polaryzacji bez kupowania osobnej pary okular\u00f3w przeciws\u0142onecznych.<\/p>\n<p>Nak\u0142adki pasuj\u0105 do r\u00f3\u017cnych rodzaj\u00f3w oprawek \u2013 wystarczy na\u0142o\u017cy\u0107 je na szk\u0142a, aby w kilka sekund zamieni\u0107 tradycyjne okulary w model polaryzacyjny.<\/p>\n<p>Filtr polaryzacyjny eliminuje odblaski powstaj\u0105ce na wodzie, \u015bniegu czy asfalcie, dzi\u0119ki czemu obraz staje si\u0119 wyra\u017aniejszy, bardziej kontrastowy i naturalny.<\/p>\n<p>To idealne rozwi\u0105zanie dla kierowc\u00f3w, rowerzyst\u00f3w oraz wszystkich, kt\u00f3rzy cz\u0119sto przebywaj\u0105 na s\u0142o\u0144cu.<\/p>","protected":false},"excerpt":{"rendered":"<p><strong>Nak\u0142adki polaryzacyjne N-POLARYZACJA-BLACK<\/strong> \u2013 zamie\u0144 swoje okulary korekcyjne w polaryzacyjne przeciws\u0142oneczne w kilka chwil.<\/p>","protected":false},"featured_media":1546,"template":"","meta":[],"product_brand":[],"product_cat":[41,37],"product_tag":[],"class_list":{"0":"post-1547","1":"product","2":"type-product","3":"status-publish","4":"has-post-thumbnail","6":"product_cat-nakladki-polaryzacyjne","7":"product_cat-okulary-polaryzacyjne","9":"first","10":"instock","11":"taxable","12":"shipping-taxable","13":"purchasable","14":"product-type-simple"},"yoast_head":"<!-- This site is optimized with the Yoast SEO plugin v27.3 - https:\/\/yoast.com\/product\/yoast-seo-wordpress\/ -->\n<title>Nak\u0142adki polaryzacyjne N-POLARYZACJA-BLACK - Hurtownia okular\u00f3w<\/title>\n<meta name=\"robots\" content=\"index, follow, max-snippet:-1, max-image-preview:large, max-video-preview:-1\" \/>\n<link rel=\"canonical\" href=\"https:\/\/okulary-hurt.pl\/en\/hurtownia\/okulary-polaryzacyjne\/nakladki-polaryzacyjne\/nakladki-polaryzacyjne-n-polaryzacja-black\/\" \/>\n<meta property=\"og:locale\" content=\"en_US\" \/>\n<meta property=\"og:type\" content=\"article\" \/>\n<meta property=\"og:title\" content=\"Nak\u0142adki polaryzacyjne N-POLARYZACJA-BLACK - Hurtownia okular\u00f3w\" \/>\n<meta property=\"og:description\" content=\"Nak\u0142adki polaryzacyjne N-POLARYZACJA-BLACK \u2013 zamie\u0144 swoje okulary korekcyjne w polaryzacyjne przeciws\u0142oneczne w kilka chwil.\" \/>\n<meta property=\"og:url\" content=\"https:\/\/okulary-hurt.pl\/en\/hurtownia\/okulary-polaryzacyjne\/nakladki-polaryzacyjne\/nakladki-polaryzacyjne-n-polaryzacja-black\/\" \/>\n<meta property=\"og:site_name\" content=\"Hurtownia okular\u00f3w\" \/>\n<meta property=\"article:publisher\" content=\"https:\/\/www.facebook.com\/HurtowniaMeridian\" \/>\n<meta property=\"article:modified_time\" content=\"2026-02-26T08:18:00+00:00\" \/>\n<meta property=\"og:image\" content=\"https:\/\/okulary-hurt.pl\/wp-content\/uploads\/2026\/02\/6000_96bd3a2e3374a7d2c9b424b1e15f00df.jpg\" \/>\n\t<meta property=\"og:image:width\" content=\"727\" \/>\n\t<meta property=\"og:image:height\" content=\"408\" \/>\n\t<meta property=\"og:image:type\" content=\"image\/jpeg\" \/>\n<meta name=\"twitter:card\" content=\"summary_large_image\" \/>\n<meta name=\"twitter:label1\" content=\"Est. reading time\" \/>\n\t<meta name=\"twitter:data1\" content=\"1 minute\" \/>\n<script type=\"application\/ld+json\" class=\"yoast-schema-graph\">{\"@context\":\"https:\\\/\\\/schema.org\",\"@graph\":[{\"@type\":\"WebPage\",\"@id\":\"https:\\\/\\\/okulary-hurt.pl\\\/hurtownia\\\/okulary-polaryzacyjne\\\/nakladki-polaryzacyjne\\\/nakladki-polaryzacyjne-n-polaryzacja-black\\\/\",\"url\":\"https:\\\/\\\/okulary-hurt.pl\\\/hurtownia\\\/okulary-polaryzacyjne\\\/nakladki-polaryzacyjne\\\/nakladki-polaryzacyjne-n-polaryzacja-black\\\/\",\"name\":\"Nak\u0142adki polaryzacyjne N-POLARYZACJA-BLACK - Hurtownia okular\u00f3w\",\"isPartOf\":{\"@id\":\"https:\\\/\\\/okulary-hurt.pl\\\/#website\"},\"primaryImageOfPage\":{\"@id\":\"https:\\\/\\\/okulary-hurt.pl\\\/hurtownia\\\/okulary-polaryzacyjne\\\/nakladki-polaryzacyjne\\\/nakladki-polaryzacyjne-n-polaryzacja-black\\\/#primaryimage\"},\"image\":{\"@id\":\"https:\\\/\\\/okulary-hurt.pl\\\/hurtownia\\\/okulary-polaryzacyjne\\\/nakladki-polaryzacyjne\\\/nakladki-polaryzacyjne-n-polaryzacja-black\\\/#primaryimage\"},\"thumbnailUrl\":\"https:\\\/\\\/okulary-hurt.pl\\\/wp-content\\\/uploads\\\/2026\\\/02\\\/6000_96bd3a2e3374a7d2c9b424b1e15f00df.jpg\",\"datePublished\":\"2026-02-26T08:02:19+00:00\",\"dateModified\":\"2026-02-26T08:18:00+00:00\",\"breadcrumb\":{\"@id\":\"https:\\\/\\\/okulary-hurt.pl\\\/hurtownia\\\/okulary-polaryzacyjne\\\/nakladki-polaryzacyjne\\\/nakladki-polaryzacyjne-n-polaryzacja-black\\\/#breadcrumb\"},\"inLanguage\":\"en-US\",\"potentialAction\":[{\"@type\":\"ReadAction\",\"target\":[\"https:\\\/\\\/okulary-hurt.pl\\\/hurtownia\\\/okulary-polaryzacyjne\\\/nakladki-polaryzacyjne\\\/nakladki-polaryzacyjne-n-polaryzacja-black\\\/\"]}]},{\"@type\":\"ImageObject\",\"inLanguage\":\"en-US\",\"@id\":\"https:\\\/\\\/okulary-hurt.pl\\\/hurtownia\\\/okulary-polaryzacyjne\\\/nakladki-polaryzacyjne\\\/nakladki-polaryzacyjne-n-polaryzacja-black\\\/#primaryimage\",\"url\":\"https:\\\/\\\/okulary-hurt.pl\\\/wp-content\\\/uploads\\\/2026\\\/02\\\/6000_96bd3a2e3374a7d2c9b424b1e15f00df.jpg\",\"contentUrl\":\"https:\\\/\\\/okulary-hurt.pl\\\/wp-content\\\/uploads\\\/2026\\\/02\\\/6000_96bd3a2e3374a7d2c9b424b1e15f00df.jpg\",\"width\":727,\"height\":408},{\"@type\":\"BreadcrumbList\",\"@id\":\"https:\\\/\\\/okulary-hurt.pl\\\/hurtownia\\\/okulary-polaryzacyjne\\\/nakladki-polaryzacyjne\\\/nakladki-polaryzacyjne-n-polaryzacja-black\\\/#breadcrumb\",\"itemListElement\":[{\"@type\":\"ListItem\",\"position\":1,\"name\":\"Strona g\u0142\u00f3wna\",\"item\":\"https:\\\/\\\/okulary-hurt.pl\\\/\"},{\"@type\":\"ListItem\",\"position\":2,\"name\":\"Hurtownia\",\"item\":\"https:\\\/\\\/okulary-hurt.pl\\\/hurtownia\\\/\"},{\"@type\":\"ListItem\",\"position\":3,\"name\":\"Nak\u0142adki polaryzacyjne N-POLARYZACJA-BLACK\"}]},{\"@type\":\"WebSite\",\"@id\":\"https:\\\/\\\/okulary-hurt.pl\\\/#website\",\"url\":\"https:\\\/\\\/okulary-hurt.pl\\\/\",\"name\":\"Hurtownia okular\u00f3w przeciws\u0142onecznych\",\"description\":\"Okulary przeciws\u0142oneczne najmodniejsze\",\"publisher\":{\"@id\":\"https:\\\/\\\/okulary-hurt.pl\\\/#organization\"},\"alternateName\":\"Hurtownia okular\u00f3w Rzesz\u00f3w\",\"potentialAction\":[{\"@type\":\"SearchAction\",\"target\":{\"@type\":\"EntryPoint\",\"urlTemplate\":\"https:\\\/\\\/okulary-hurt.pl\\\/?s={search_term_string}\"},\"query-input\":{\"@type\":\"PropertyValueSpecification\",\"valueRequired\":true,\"valueName\":\"search_term_string\"}}],\"inLanguage\":\"en-US\"},{\"@type\":\"Organization\",\"@id\":\"https:\\\/\\\/okulary-hurt.pl\\\/#organization\",\"name\":\"Hurtownia okular\u00f3w Meridian Jerzy Myszkal\",\"alternateName\":\"Meridian Jerzy Myszkal\",\"url\":\"https:\\\/\\\/okulary-hurt.pl\\\/\",\"logo\":{\"@type\":\"ImageObject\",\"inLanguage\":\"en-US\",\"@id\":\"https:\\\/\\\/okulary-hurt.pl\\\/#\\\/schema\\\/logo\\\/image\\\/\",\"url\":\"https:\\\/\\\/okulary-hurt.pl\\\/wp-content\\\/uploads\\\/2026\\\/02\\\/cropped-okulary-hurt-hurtownia-okularow-przeciwslonecznych-1.png\",\"contentUrl\":\"https:\\\/\\\/okulary-hurt.pl\\\/wp-content\\\/uploads\\\/2026\\\/02\\\/cropped-okulary-hurt-hurtownia-okularow-przeciwslonecznych-1.png\",\"width\":512,\"height\":512,\"caption\":\"Hurtownia okular\u00f3w Meridian Jerzy Myszkal\"},\"image\":{\"@id\":\"https:\\\/\\\/okulary-hurt.pl\\\/#\\\/schema\\\/logo\\\/image\\\/\"},\"sameAs\":[\"https:\\\/\\\/www.facebook.com\\\/HurtowniaMeridian\"]}]}<\/script>\n<!-- \/ Yoast SEO plugin. -->","yoast_head_json":{"title":"Nak\u0142adki polaryzacyjne N-POLARYZACJA-BLACK - Hurtownia okular\u00f3w","robots":{"index":"index","follow":"follow","max-snippet":"max-snippet:-1","max-image-preview":"max-image-preview:large","max-video-preview":"max-video-preview:-1"},"canonical":"https:\/\/okulary-hurt.pl\/en\/hurtownia\/okulary-polaryzacyjne\/nakladki-polaryzacyjne\/nakladki-polaryzacyjne-n-polaryzacja-black\/","og_locale":"en_US","og_type":"article","og_title":"Nak\u0142adki polaryzacyjne N-POLARYZACJA-BLACK - Hurtownia okular\u00f3w","og_description":"Nak\u0142adki polaryzacyjne N-POLARYZACJA-BLACK \u2013 zamie\u0144 swoje okulary korekcyjne w polaryzacyjne przeciws\u0142oneczne w kilka chwil.","og_url":"https:\/\/okulary-hurt.pl\/en\/hurtownia\/okulary-polaryzacyjne\/nakladki-polaryzacyjne\/nakladki-polaryzacyjne-n-polaryzacja-black\/","og_site_name":"Hurtownia okular\u00f3w","article_publisher":"https:\/\/www.facebook.com\/HurtowniaMeridian","article_modified_time":"2026-02-26T08:18:00+00:00","og_image":[{"width":727,"height":408,"url":"https:\/\/okulary-hurt.pl\/wp-content\/uploads\/2026\/02\/6000_96bd3a2e3374a7d2c9b424b1e15f00df.jpg","type":"image\/jpeg"}],"twitter_card":"summary_large_image","twitter_misc":{"Est. reading time":"1 minute"},"schema":{"@context":"https:\/\/schema.org","@graph":[{"@type":"WebPage","@id":"https:\/\/okulary-hurt.pl\/hurtownia\/okulary-polaryzacyjne\/nakladki-polaryzacyjne\/nakladki-polaryzacyjne-n-polaryzacja-black\/","url":"https:\/\/okulary-hurt.pl\/hurtownia\/okulary-polaryzacyjne\/nakladki-polaryzacyjne\/nakladki-polaryzacyjne-n-polaryzacja-black\/","name":"Nak\u0142adki polaryzacyjne N-POLARYZACJA-BLACK - Hurtownia okular\u00f3w","isPartOf":{"@id":"https:\/\/okulary-hurt.pl\/#website"},"primaryImageOfPage":{"@id":"https:\/\/okulary-hurt.pl\/hurtownia\/okulary-polaryzacyjne\/nakladki-polaryzacyjne\/nakladki-polaryzacyjne-n-polaryzacja-black\/#primaryimage"},"image":{"@id":"https:\/\/okulary-hurt.pl\/hurtownia\/okulary-polaryzacyjne\/nakladki-polaryzacyjne\/nakladki-polaryzacyjne-n-polaryzacja-black\/#primaryimage"},"thumbnailUrl":"https:\/\/okulary-hurt.pl\/wp-content\/uploads\/2026\/02\/6000_96bd3a2e3374a7d2c9b424b1e15f00df.jpg","datePublished":"2026-02-26T08:02:19+00:00","dateModified":"2026-02-26T08:18:00+00:00","breadcrumb":{"@id":"https:\/\/okulary-hurt.pl\/hurtownia\/okulary-polaryzacyjne\/nakladki-polaryzacyjne\/nakladki-polaryzacyjne-n-polaryzacja-black\/#breadcrumb"},"inLanguage":"en-US","potentialAction":[{"@type":"ReadAction","target":["https:\/\/okulary-hurt.pl\/hurtownia\/okulary-polaryzacyjne\/nakladki-polaryzacyjne\/nakladki-polaryzacyjne-n-polaryzacja-black\/"]}]},{"@type":"ImageObject","inLanguage":"en-US","@id":"https:\/\/okulary-hurt.pl\/hurtownia\/okulary-polaryzacyjne\/nakladki-polaryzacyjne\/nakladki-polaryzacyjne-n-polaryzacja-black\/#primaryimage","url":"https:\/\/okulary-hurt.pl\/wp-content\/uploads\/2026\/02\/6000_96bd3a2e3374a7d2c9b424b1e15f00df.jpg","contentUrl":"https:\/\/okulary-hurt.pl\/wp-content\/uploads\/2026\/02\/6000_96bd3a2e3374a7d2c9b424b1e15f00df.jpg","width":727,"height":408},{"@type":"BreadcrumbList","@id":"https:\/\/okulary-hurt.pl\/hurtownia\/okulary-polaryzacyjne\/nakladki-polaryzacyjne\/nakladki-polaryzacyjne-n-polaryzacja-black\/#breadcrumb","itemListElement":[{"@type":"ListItem","position":1,"name":"Strona g\u0142\u00f3wna","item":"https:\/\/okulary-hurt.pl\/"},{"@type":"ListItem","position":2,"name":"Hurtownia","item":"https:\/\/okulary-hurt.pl\/hurtownia\/"},{"@type":"ListItem","position":3,"name":"Nak\u0142adki polaryzacyjne N-POLARYZACJA-BLACK"}]},{"@type":"WebSite","@id":"https:\/\/okulary-hurt.pl\/#website","url":"https:\/\/okulary-hurt.pl\/","name":"Hurtownia okular\u00f3w przeciws\u0142onecznych","description":"Okulary przeciws\u0142oneczne najmodniejsze","publisher":{"@id":"https:\/\/okulary-hurt.pl\/#organization"},"alternateName":"Hurtownia okular\u00f3w Rzesz\u00f3w","potentialAction":[{"@type":"SearchAction","target":{"@type":"EntryPoint","urlTemplate":"https:\/\/okulary-hurt.pl\/?s={search_term_string}"},"query-input":{"@type":"PropertyValueSpecification","valueRequired":true,"valueName":"search_term_string"}}],"inLanguage":"en-US"},{"@type":"Organization","@id":"https:\/\/okulary-hurt.pl\/#organization","name":"Hurtownia okular\u00f3w Meridian Jerzy Myszkal","alternateName":"Meridian Jerzy Myszkal","url":"https:\/\/okulary-hurt.pl\/","logo":{"@type":"ImageObject","inLanguage":"en-US","@id":"https:\/\/okulary-hurt.pl\/#\/schema\/logo\/image\/","url":"https:\/\/okulary-hurt.pl\/wp-content\/uploads\/2026\/02\/cropped-okulary-hurt-hurtownia-okularow-przeciwslonecznych-1.png","contentUrl":"https:\/\/okulary-hurt.pl\/wp-content\/uploads\/2026\/02\/cropped-okulary-hurt-hurtownia-okularow-przeciwslonecznych-1.png","width":512,"height":512,"caption":"Hurtownia okular\u00f3w Meridian Jerzy Myszkal"},"image":{"@id":"https:\/\/okulary-hurt.pl\/#\/schema\/logo\/image\/"},"sameAs":["https:\/\/www.facebook.com\/HurtowniaMeridian"]}]}},"_links":{"self":[{"href":"https:\/\/okulary-hurt.pl\/en\/wp-json\/wp\/v2\/product\/1547","targetHints":{"allow":["GET"]}}],"collection":[{"href":"https:\/\/okulary-hurt.pl\/en\/wp-json\/wp\/v2\/product"}],"about":[{"href":"https:\/\/okulary-hurt.pl\/en\/wp-json\/wp\/v2\/types\/product"}],"wp:featuredmedia":[{"embeddable":true,"href":"https:\/\/okulary-hurt.pl\/en\/wp-json\/wp\/v2\/media\/1546"}],"wp:attachment":[{"href":"https:\/\/okulary-hurt.pl\/en\/wp-json\/wp\/v2\/media?parent=1547"}],"wp:term":[{"taxonomy":"product_brand","embeddable":true,"href":"https:\/\/okulary-hurt.pl\/en\/wp-json\/wp\/v2\/product_brand?post=1547"},{"taxonomy":"product_cat","embeddable":true,"href":"https:\/\/okulary-hurt.pl\/en\/wp-json\/wp\/v2\/product_cat?post=1547"},{"taxonomy":"product_tag","embeddable":true,"href":"https:\/\/okulary-hurt.pl\/en\/wp-json\/wp\/v2\/product_tag?post=1547"}],"curies":[{"name":"wp","href":"https:\/\/api.w.org\/{rel}","templated":true}]}}