{"id":125,"date":"2026-02-24T07:57:39","date_gmt":"2026-02-24T06:57:39","guid":{"rendered":"https:\/\/hurtownia.okulary-hurt.pl\/sklep\/bez-kategorii\/okulary-przeciwsloneczne-febe-16-026-2\/"},"modified":"2026-03-10T09:22:33","modified_gmt":"2026-03-10T08:22:33","slug":"okulary-przeciwsloneczne-febe-16-026-2","status":"publish","type":"product","link":"https:\/\/okulary-hurt.pl\/en\/hurtownia\/okulary-przeciwsloneczne\/febe\/okulary-przeciwsloneczne-febe-16-026-2\/","title":{"rendered":"Okulary przeciws\u0142oneczne Febe 16-026-2"},"content":{"rendered":"<p><strong>Okulary przeciws\u0142oneczne Febe 16-026-2<\/strong> to damskie okulary przeciws\u0142oneczne dedykowane kobietom, kt\u00f3re ceni\u0105 sprawdzone rozwi\u0105zania.<\/p>\n<p>Kolekcja Febe od ponad dekady utrzymuje swoj\u0105 pozycj\u0119 na polskim rynku, zachwycaj\u0105c atrakcyjnym wzornictwem oprawek, modn\u0105 kolorystyk\u0105 oraz du\u017cymi szk\u0142ami, kt\u00f3re dodaj\u0105 stylizacjom charakteru.<\/p>\n<p>Dzi\u0119ki filtrowi UV400 i zgodno\u015bci z europejskimi normami CE okulary zapewniaj\u0105 skuteczn\u0105 ochron\u0119 wzroku podczas s\u0142onecznych dni.<\/p>\n<p><strong>Dlaczego warto?<\/strong><br \/>\u2022 ponad 10 lat obecno\u015bci kolekcji na rynku<br \/>\u2022 du\u017ce szk\u0142a podkre\u015blaj\u0105ce kobiecy styl<br \/>\u2022 pe\u0142na ochrona UV400<br \/>\u2022 spe\u0142nienie norm CE<\/p>","protected":false},"excerpt":{"rendered":"<p><strong>Okulary przeciws\u0142oneczne Febe 16-026-2<\/strong> \u2013 stylowe okulary przeciws\u0142oneczne o atrakcyjnym wzornictwie oprawek i modnej kolorystyce, z UV400 i norm\u0105 CE.<\/p>","protected":false},"featured_media":124,"template":"","meta":[],"product_brand":[33],"product_cat":[26,25],"product_tag":[32,104],"class_list":{"0":"post-125","1":"product","2":"type-product","3":"status-publish","4":"has-post-thumbnail","6":"product_brand-febe-stylowe-damskie-okulary-przeciwsloneczne","7":"product_cat-febe","8":"product_cat-okulary-przeciwsloneczne","9":"product_tag-damskie-okulary-przeciwsloneczne","10":"product_tag-produkty-w-cenie-3-99","12":"first","13":"instock","14":"sale","15":"taxable","16":"shipping-taxable","17":"purchasable","18":"product-type-simple"},"yoast_head":"<!-- This site is optimized with the Yoast SEO plugin v27.3 - https:\/\/yoast.com\/product\/yoast-seo-wordpress\/ -->\n<title>Okulary przeciws\u0142oneczne Febe 16-026-2 - Hurtownia okular\u00f3w<\/title>\n<meta name=\"robots\" content=\"index, follow, max-snippet:-1, max-image-preview:large, max-video-preview:-1\" \/>\n<link rel=\"canonical\" href=\"https:\/\/okulary-hurt.pl\/en\/hurtownia\/okulary-przeciwsloneczne\/febe\/okulary-przeciwsloneczne-febe-16-026-2\/\" \/>\n<meta property=\"og:locale\" content=\"en_US\" \/>\n<meta property=\"og:type\" content=\"article\" \/>\n<meta property=\"og:title\" content=\"Okulary przeciws\u0142oneczne Febe 16-026-2 - Hurtownia okular\u00f3w\" \/>\n<meta property=\"og:description\" content=\"Okulary przeciws\u0142oneczne Febe 16-026-2 \u2013 stylowe okulary przeciws\u0142oneczne o atrakcyjnym wzornictwie oprawek i modnej kolorystyce, z UV400 i norm\u0105 CE.\" \/>\n<meta property=\"og:url\" content=\"https:\/\/okulary-hurt.pl\/en\/hurtownia\/okulary-przeciwsloneczne\/febe\/okulary-przeciwsloneczne-febe-16-026-2\/\" \/>\n<meta property=\"og:site_name\" content=\"Hurtownia okular\u00f3w\" \/>\n<meta property=\"article:publisher\" content=\"https:\/\/www.facebook.com\/HurtowniaMeridian\" \/>\n<meta property=\"article:modified_time\" content=\"2026-03-10T08:22:33+00:00\" \/>\n<meta property=\"og:image\" content=\"https:\/\/okulary-hurt.pl\/wp-content\/uploads\/2026\/02\/4940_16-026-2-SYS-1.jpg\" \/>\n\t<meta property=\"og:image:width\" content=\"1256\" \/>\n\t<meta property=\"og:image:height\" content=\"832\" \/>\n\t<meta property=\"og:image:type\" content=\"image\/jpeg\" \/>\n<meta name=\"twitter:card\" content=\"summary_large_image\" \/>\n<script type=\"application\/ld+json\" class=\"yoast-schema-graph\">{\"@context\":\"https:\\\/\\\/schema.org\",\"@graph\":[{\"@type\":\"WebPage\",\"@id\":\"https:\\\/\\\/okulary-hurt.pl\\\/hurtownia\\\/okulary-przeciwsloneczne\\\/febe\\\/okulary-przeciwsloneczne-febe-16-026-2\\\/\",\"url\":\"https:\\\/\\\/okulary-hurt.pl\\\/hurtownia\\\/okulary-przeciwsloneczne\\\/febe\\\/okulary-przeciwsloneczne-febe-16-026-2\\\/\",\"name\":\"Okulary przeciws\u0142oneczne Febe 16-026-2 - Hurtownia okular\u00f3w\",\"isPartOf\":{\"@id\":\"https:\\\/\\\/okulary-hurt.pl\\\/#website\"},\"primaryImageOfPage\":{\"@id\":\"https:\\\/\\\/okulary-hurt.pl\\\/hurtownia\\\/okulary-przeciwsloneczne\\\/febe\\\/okulary-przeciwsloneczne-febe-16-026-2\\\/#primaryimage\"},\"image\":{\"@id\":\"https:\\\/\\\/okulary-hurt.pl\\\/hurtownia\\\/okulary-przeciwsloneczne\\\/febe\\\/okulary-przeciwsloneczne-febe-16-026-2\\\/#primaryimage\"},\"thumbnailUrl\":\"https:\\\/\\\/okulary-hurt.pl\\\/wp-content\\\/uploads\\\/2026\\\/02\\\/4940_16-026-2-SYS-1.jpg\",\"datePublished\":\"2026-02-24T06:57:39+00:00\",\"dateModified\":\"2026-03-10T08:22:33+00:00\",\"breadcrumb\":{\"@id\":\"https:\\\/\\\/okulary-hurt.pl\\\/hurtownia\\\/okulary-przeciwsloneczne\\\/febe\\\/okulary-przeciwsloneczne-febe-16-026-2\\\/#breadcrumb\"},\"inLanguage\":\"en-US\",\"potentialAction\":[{\"@type\":\"ReadAction\",\"target\":[\"https:\\\/\\\/okulary-hurt.pl\\\/hurtownia\\\/okulary-przeciwsloneczne\\\/febe\\\/okulary-przeciwsloneczne-febe-16-026-2\\\/\"]}]},{\"@type\":\"ImageObject\",\"inLanguage\":\"en-US\",\"@id\":\"https:\\\/\\\/okulary-hurt.pl\\\/hurtownia\\\/okulary-przeciwsloneczne\\\/febe\\\/okulary-przeciwsloneczne-febe-16-026-2\\\/#primaryimage\",\"url\":\"https:\\\/\\\/okulary-hurt.pl\\\/wp-content\\\/uploads\\\/2026\\\/02\\\/4940_16-026-2-SYS-1.jpg\",\"contentUrl\":\"https:\\\/\\\/okulary-hurt.pl\\\/wp-content\\\/uploads\\\/2026\\\/02\\\/4940_16-026-2-SYS-1.jpg\",\"width\":1256,\"height\":832},{\"@type\":\"BreadcrumbList\",\"@id\":\"https:\\\/\\\/okulary-hurt.pl\\\/hurtownia\\\/okulary-przeciwsloneczne\\\/febe\\\/okulary-przeciwsloneczne-febe-16-026-2\\\/#breadcrumb\",\"itemListElement\":[{\"@type\":\"ListItem\",\"position\":1,\"name\":\"Strona g\u0142\u00f3wna\",\"item\":\"https:\\\/\\\/okulary-hurt.pl\\\/\"},{\"@type\":\"ListItem\",\"position\":2,\"name\":\"Hurtownia\",\"item\":\"https:\\\/\\\/okulary-hurt.pl\\\/hurtownia\\\/\"},{\"@type\":\"ListItem\",\"position\":3,\"name\":\"Okulary przeciws\u0142oneczne Febe 16-026-2\"}]},{\"@type\":\"WebSite\",\"@id\":\"https:\\\/\\\/okulary-hurt.pl\\\/#website\",\"url\":\"https:\\\/\\\/okulary-hurt.pl\\\/\",\"name\":\"Hurtownia okular\u00f3w przeciws\u0142onecznych\",\"description\":\"Okulary przeciws\u0142oneczne najmodniejsze\",\"publisher\":{\"@id\":\"https:\\\/\\\/okulary-hurt.pl\\\/#organization\"},\"alternateName\":\"Hurtownia okular\u00f3w Rzesz\u00f3w\",\"potentialAction\":[{\"@type\":\"SearchAction\",\"target\":{\"@type\":\"EntryPoint\",\"urlTemplate\":\"https:\\\/\\\/okulary-hurt.pl\\\/?s={search_term_string}\"},\"query-input\":{\"@type\":\"PropertyValueSpecification\",\"valueRequired\":true,\"valueName\":\"search_term_string\"}}],\"inLanguage\":\"en-US\"},{\"@type\":\"Organization\",\"@id\":\"https:\\\/\\\/okulary-hurt.pl\\\/#organization\",\"name\":\"Hurtownia okular\u00f3w Meridian Jerzy Myszkal\",\"alternateName\":\"Meridian Jerzy Myszkal\",\"url\":\"https:\\\/\\\/okulary-hurt.pl\\\/\",\"logo\":{\"@type\":\"ImageObject\",\"inLanguage\":\"en-US\",\"@id\":\"https:\\\/\\\/okulary-hurt.pl\\\/#\\\/schema\\\/logo\\\/image\\\/\",\"url\":\"https:\\\/\\\/okulary-hurt.pl\\\/wp-content\\\/uploads\\\/2026\\\/02\\\/cropped-okulary-hurt-hurtownia-okularow-przeciwslonecznych-1.png\",\"contentUrl\":\"https:\\\/\\\/okulary-hurt.pl\\\/wp-content\\\/uploads\\\/2026\\\/02\\\/cropped-okulary-hurt-hurtownia-okularow-przeciwslonecznych-1.png\",\"width\":512,\"height\":512,\"caption\":\"Hurtownia okular\u00f3w Meridian Jerzy Myszkal\"},\"image\":{\"@id\":\"https:\\\/\\\/okulary-hurt.pl\\\/#\\\/schema\\\/logo\\\/image\\\/\"},\"sameAs\":[\"https:\\\/\\\/www.facebook.com\\\/HurtowniaMeridian\"]}]}<\/script>\n<!-- \/ Yoast SEO plugin. -->","yoast_head_json":{"title":"Okulary przeciws\u0142oneczne Febe 16-026-2 - Hurtownia okular\u00f3w","robots":{"index":"index","follow":"follow","max-snippet":"max-snippet:-1","max-image-preview":"max-image-preview:large","max-video-preview":"max-video-preview:-1"},"canonical":"https:\/\/okulary-hurt.pl\/en\/hurtownia\/okulary-przeciwsloneczne\/febe\/okulary-przeciwsloneczne-febe-16-026-2\/","og_locale":"en_US","og_type":"article","og_title":"Okulary przeciws\u0142oneczne Febe 16-026-2 - Hurtownia okular\u00f3w","og_description":"Okulary przeciws\u0142oneczne Febe 16-026-2 \u2013 stylowe okulary przeciws\u0142oneczne o atrakcyjnym wzornictwie oprawek i modnej kolorystyce, z UV400 i norm\u0105 CE.","og_url":"https:\/\/okulary-hurt.pl\/en\/hurtownia\/okulary-przeciwsloneczne\/febe\/okulary-przeciwsloneczne-febe-16-026-2\/","og_site_name":"Hurtownia okular\u00f3w","article_publisher":"https:\/\/www.facebook.com\/HurtowniaMeridian","article_modified_time":"2026-03-10T08:22:33+00:00","og_image":[{"width":1256,"height":832,"url":"https:\/\/okulary-hurt.pl\/wp-content\/uploads\/2026\/02\/4940_16-026-2-SYS-1.jpg","type":"image\/jpeg"}],"twitter_card":"summary_large_image","schema":{"@context":"https:\/\/schema.org","@graph":[{"@type":"WebPage","@id":"https:\/\/okulary-hurt.pl\/hurtownia\/okulary-przeciwsloneczne\/febe\/okulary-przeciwsloneczne-febe-16-026-2\/","url":"https:\/\/okulary-hurt.pl\/hurtownia\/okulary-przeciwsloneczne\/febe\/okulary-przeciwsloneczne-febe-16-026-2\/","name":"Okulary przeciws\u0142oneczne Febe 16-026-2 - Hurtownia okular\u00f3w","isPartOf":{"@id":"https:\/\/okulary-hurt.pl\/#website"},"primaryImageOfPage":{"@id":"https:\/\/okulary-hurt.pl\/hurtownia\/okulary-przeciwsloneczne\/febe\/okulary-przeciwsloneczne-febe-16-026-2\/#primaryimage"},"image":{"@id":"https:\/\/okulary-hurt.pl\/hurtownia\/okulary-przeciwsloneczne\/febe\/okulary-przeciwsloneczne-febe-16-026-2\/#primaryimage"},"thumbnailUrl":"https:\/\/okulary-hurt.pl\/wp-content\/uploads\/2026\/02\/4940_16-026-2-SYS-1.jpg","datePublished":"2026-02-24T06:57:39+00:00","dateModified":"2026-03-10T08:22:33+00:00","breadcrumb":{"@id":"https:\/\/okulary-hurt.pl\/hurtownia\/okulary-przeciwsloneczne\/febe\/okulary-przeciwsloneczne-febe-16-026-2\/#breadcrumb"},"inLanguage":"en-US","potentialAction":[{"@type":"ReadAction","target":["https:\/\/okulary-hurt.pl\/hurtownia\/okulary-przeciwsloneczne\/febe\/okulary-przeciwsloneczne-febe-16-026-2\/"]}]},{"@type":"ImageObject","inLanguage":"en-US","@id":"https:\/\/okulary-hurt.pl\/hurtownia\/okulary-przeciwsloneczne\/febe\/okulary-przeciwsloneczne-febe-16-026-2\/#primaryimage","url":"https:\/\/okulary-hurt.pl\/wp-content\/uploads\/2026\/02\/4940_16-026-2-SYS-1.jpg","contentUrl":"https:\/\/okulary-hurt.pl\/wp-content\/uploads\/2026\/02\/4940_16-026-2-SYS-1.jpg","width":1256,"height":832},{"@type":"BreadcrumbList","@id":"https:\/\/okulary-hurt.pl\/hurtownia\/okulary-przeciwsloneczne\/febe\/okulary-przeciwsloneczne-febe-16-026-2\/#breadcrumb","itemListElement":[{"@type":"ListItem","position":1,"name":"Strona g\u0142\u00f3wna","item":"https:\/\/okulary-hurt.pl\/"},{"@type":"ListItem","position":2,"name":"Hurtownia","item":"https:\/\/okulary-hurt.pl\/hurtownia\/"},{"@type":"ListItem","position":3,"name":"Okulary przeciws\u0142oneczne Febe 16-026-2"}]},{"@type":"WebSite","@id":"https:\/\/okulary-hurt.pl\/#website","url":"https:\/\/okulary-hurt.pl\/","name":"Hurtownia okular\u00f3w przeciws\u0142onecznych","description":"Okulary przeciws\u0142oneczne najmodniejsze","publisher":{"@id":"https:\/\/okulary-hurt.pl\/#organization"},"alternateName":"Hurtownia okular\u00f3w Rzesz\u00f3w","potentialAction":[{"@type":"SearchAction","target":{"@type":"EntryPoint","urlTemplate":"https:\/\/okulary-hurt.pl\/?s={search_term_string}"},"query-input":{"@type":"PropertyValueSpecification","valueRequired":true,"valueName":"search_term_string"}}],"inLanguage":"en-US"},{"@type":"Organization","@id":"https:\/\/okulary-hurt.pl\/#organization","name":"Hurtownia okular\u00f3w Meridian Jerzy Myszkal","alternateName":"Meridian Jerzy Myszkal","url":"https:\/\/okulary-hurt.pl\/","logo":{"@type":"ImageObject","inLanguage":"en-US","@id":"https:\/\/okulary-hurt.pl\/#\/schema\/logo\/image\/","url":"https:\/\/okulary-hurt.pl\/wp-content\/uploads\/2026\/02\/cropped-okulary-hurt-hurtownia-okularow-przeciwslonecznych-1.png","contentUrl":"https:\/\/okulary-hurt.pl\/wp-content\/uploads\/2026\/02\/cropped-okulary-hurt-hurtownia-okularow-przeciwslonecznych-1.png","width":512,"height":512,"caption":"Hurtownia okular\u00f3w Meridian Jerzy Myszkal"},"image":{"@id":"https:\/\/okulary-hurt.pl\/#\/schema\/logo\/image\/"},"sameAs":["https:\/\/www.facebook.com\/HurtowniaMeridian"]}]}},"_links":{"self":[{"href":"https:\/\/okulary-hurt.pl\/en\/wp-json\/wp\/v2\/product\/125","targetHints":{"allow":["GET"]}}],"collection":[{"href":"https:\/\/okulary-hurt.pl\/en\/wp-json\/wp\/v2\/product"}],"about":[{"href":"https:\/\/okulary-hurt.pl\/en\/wp-json\/wp\/v2\/types\/product"}],"wp:featuredmedia":[{"embeddable":true,"href":"https:\/\/okulary-hurt.pl\/en\/wp-json\/wp\/v2\/media\/124"}],"wp:attachment":[{"href":"https:\/\/okulary-hurt.pl\/en\/wp-json\/wp\/v2\/media?parent=125"}],"wp:term":[{"taxonomy":"product_brand","embeddable":true,"href":"https:\/\/okulary-hurt.pl\/en\/wp-json\/wp\/v2\/product_brand?post=125"},{"taxonomy":"product_cat","embeddable":true,"href":"https:\/\/okulary-hurt.pl\/en\/wp-json\/wp\/v2\/product_cat?post=125"},{"taxonomy":"product_tag","embeddable":true,"href":"https:\/\/okulary-hurt.pl\/en\/wp-json\/wp\/v2\/product_tag?post=125"}],"curies":[{"name":"wp","href":"https:\/\/api.w.org\/{rel}","templated":true}]}}