{"id":2418,"date":"2026-03-02T07:55:56","date_gmt":"2026-03-02T06:55:56","guid":{"rendered":"https:\/\/okulary-hurt.pl\/?page_id=2418"},"modified":"2026-03-02T07:55:56","modified_gmt":"2026-03-02T06:55:56","slug":"pliki-cookies","status":"publish","type":"page","link":"https:\/\/okulary-hurt.pl\/en\/hurtownia\/pliki-cookies\/","title":{"rendered":"Pliki cookies"},"content":{"rendered":"<h3 class=\"wp-block-heading\">Dzia\u0142anie plik\u00f3w cookie na naszej stronie<\/h3>\n\n\n\n<p>Cookie to ma\u0142y plik zawieraj\u0105cy okre\u015blony przez tw\u00f3rc\u0119 strony internetowej ci\u0105g znak\u00f3w, kt\u00f3ry wysy\u0142any jest do komputera osoby odwiedzaj\u0105cej stron\u0119 internetow\u0105 w momencie wej\u015bcia oraz w trakcie przemieszcza si\u0119 po podstronach.<\/p>\n\n\n\n<p>Dzi\u0119ki stosowaniu plik\u00f3w cookie istnieje mo\u017cliwo\u015b\u0107 wykonywania operacji zwi\u0105zanych z zam\u00f3wieniami, koszykiem na zakupy, logowaniem, wersj\u0105 j\u0119zykow\u0105. Strona przechowuje w plikach cookie losowy numer automatycznie nadawany osobie odwiedzaj\u0105cej, kt\u00f3ry nie jest zmieniany podczas klikania w kolejne podstrony. W plikach cookies s\u0105 zapisywane r\u00f3wnie\u017c ustawienia personalizuj\u0105ce wygl\u0105d strony (np.: zapami\u0119tanie stanu rozwini\u0119cia poszczeg\u00f3lnych menu strony) oraz dane kt\u00f3re zapisuje mechanizm Google Analytics. Pliki cookies zapisywane przez stron\u0119 w komputerze u\u017cytkownika istniej\u0105 czasowo, po czym wszystkie zapami\u0119tane w nich ustawienia zostaj\u0105 utracone. Strona u\u017cywa mechanizmu Google Analytics kt\u00f3ry zapisuje w\u0142asne pliki cookies, strona nie ma wp\u0142ywu na ich zawarto\u015b\u0107 i czas ich obecno\u015bci w komputerze u\u017cytkownika. Wszystkie informacje o plikach cookies stosowanych przez Google mog\u0105 Pa\u0144stwo przeczyta\u0107 na stronie http:\/\/www.google.com\/intl\/pl\/analytics\/privacyoverview.html<\/p>","protected":false},"excerpt":{"rendered":"<p>Dzia\u0142anie plik\u00f3w cookie na naszej stronie Cookie to ma\u0142y plik zawieraj\u0105cy okre\u015blony przez tw\u00f3rc\u0119 strony internetowej ci\u0105g znak\u00f3w, kt\u00f3ry wysy\u0142any jest do komputera osoby odwiedzaj\u0105cej stron\u0119 internetow\u0105 w momencie wej\u015bcia oraz w trakcie przemieszcza si\u0119 po podstronach. Dzi\u0119ki stosowaniu plik\u00f3w cookie istnieje mo\u017cliwo\u015b\u0107 wykonywania operacji zwi\u0105zanych z zam\u00f3wieniami, koszykiem na zakupy, logowaniem, wersj\u0105 j\u0119zykow\u0105. Strona przechowuje w plikach cookie losowy [&hellip;]<\/p>\n","protected":false},"author":1,"featured_media":0,"parent":8,"menu_order":0,"comment_status":"closed","ping_status":"closed","template":"","meta":{"footnotes":""},"class_list":["post-2418","page","type-page","status-publish","hentry"],"yoast_head":"<!-- This site is optimized with the Yoast SEO plugin v27.3 - https:\/\/yoast.com\/product\/yoast-seo-wordpress\/ -->\n<title>Pliki cookies - Hurtownia okular\u00f3w<\/title>\n<meta name=\"robots\" content=\"index, follow, max-snippet:-1, max-image-preview:large, max-video-preview:-1\" \/>\n<link rel=\"canonical\" href=\"https:\/\/okulary-hurt.pl\/en\/hurtownia\/pliki-cookies\/\" \/>\n<meta property=\"og:locale\" content=\"en_US\" \/>\n<meta property=\"og:type\" content=\"article\" \/>\n<meta property=\"og:title\" content=\"Pliki cookies - Hurtownia okular\u00f3w\" \/>\n<meta property=\"og:description\" content=\"Dzia\u0142anie plik\u00f3w cookie na naszej stronie Cookie to ma\u0142y plik zawieraj\u0105cy okre\u015blony przez tw\u00f3rc\u0119 strony internetowej ci\u0105g znak\u00f3w, kt\u00f3ry wysy\u0142any jest do komputera osoby odwiedzaj\u0105cej stron\u0119 internetow\u0105 w momencie wej\u015bcia oraz w trakcie przemieszcza si\u0119 po podstronach. Dzi\u0119ki stosowaniu plik\u00f3w cookie istnieje mo\u017cliwo\u015b\u0107 wykonywania operacji zwi\u0105zanych z zam\u00f3wieniami, koszykiem na zakupy, logowaniem, wersj\u0105 j\u0119zykow\u0105. Strona przechowuje w plikach cookie losowy [&hellip;]\" \/>\n<meta property=\"og:url\" content=\"https:\/\/okulary-hurt.pl\/en\/hurtownia\/pliki-cookies\/\" \/>\n<meta property=\"og:site_name\" content=\"Hurtownia okular\u00f3w\" \/>\n<meta property=\"article:publisher\" content=\"https:\/\/www.facebook.com\/HurtowniaMeridian\" \/>\n<meta property=\"og:image\" content=\"https:\/\/okulary-hurt.pl\/wp-content\/uploads\/2026\/03\/hurtownia-Meridian.jpg\" \/>\n\t<meta property=\"og:image:width\" content=\"960\" \/>\n\t<meta property=\"og:image:height\" content=\"334\" \/>\n\t<meta property=\"og:image:type\" content=\"image\/jpeg\" \/>\n<meta name=\"twitter:card\" content=\"summary_large_image\" \/>\n<meta name=\"twitter:label1\" content=\"Est. reading time\" \/>\n\t<meta name=\"twitter:data1\" content=\"1 minute\" \/>\n<script type=\"application\/ld+json\" class=\"yoast-schema-graph\">{\"@context\":\"https:\\\/\\\/schema.org\",\"@graph\":[{\"@type\":\"WebPage\",\"@id\":\"https:\\\/\\\/okulary-hurt.pl\\\/hurtownia\\\/pliki-cookies\\\/\",\"url\":\"https:\\\/\\\/okulary-hurt.pl\\\/hurtownia\\\/pliki-cookies\\\/\",\"name\":\"Pliki cookies - Hurtownia okular\u00f3w\",\"isPartOf\":{\"@id\":\"https:\\\/\\\/okulary-hurt.pl\\\/#website\"},\"datePublished\":\"2026-03-02T06:55:56+00:00\",\"breadcrumb\":{\"@id\":\"https:\\\/\\\/okulary-hurt.pl\\\/hurtownia\\\/pliki-cookies\\\/#breadcrumb\"},\"inLanguage\":\"en-US\",\"potentialAction\":[{\"@type\":\"ReadAction\",\"target\":[\"https:\\\/\\\/okulary-hurt.pl\\\/hurtownia\\\/pliki-cookies\\\/\"]}]},{\"@type\":\"BreadcrumbList\",\"@id\":\"https:\\\/\\\/okulary-hurt.pl\\\/hurtownia\\\/pliki-cookies\\\/#breadcrumb\",\"itemListElement\":[{\"@type\":\"ListItem\",\"position\":1,\"name\":\"Strona g\u0142\u00f3wna\",\"item\":\"https:\\\/\\\/okulary-hurt.pl\\\/\"},{\"@type\":\"ListItem\",\"position\":2,\"name\":\"Hurtownia\",\"item\":\"https:\\\/\\\/okulary-hurt.pl\\\/hurtownia\\\/\"},{\"@type\":\"ListItem\",\"position\":3,\"name\":\"Pliki cookies\"}]},{\"@type\":\"WebSite\",\"@id\":\"https:\\\/\\\/okulary-hurt.pl\\\/#website\",\"url\":\"https:\\\/\\\/okulary-hurt.pl\\\/\",\"name\":\"Hurtownia okular\u00f3w przeciws\u0142onecznych\",\"description\":\"Okulary przeciws\u0142oneczne najmodniejsze\",\"publisher\":{\"@id\":\"https:\\\/\\\/okulary-hurt.pl\\\/#organization\"},\"alternateName\":\"Hurtownia okular\u00f3w Rzesz\u00f3w\",\"potentialAction\":[{\"@type\":\"SearchAction\",\"target\":{\"@type\":\"EntryPoint\",\"urlTemplate\":\"https:\\\/\\\/okulary-hurt.pl\\\/?s={search_term_string}\"},\"query-input\":{\"@type\":\"PropertyValueSpecification\",\"valueRequired\":true,\"valueName\":\"search_term_string\"}}],\"inLanguage\":\"en-US\"},{\"@type\":\"Organization\",\"@id\":\"https:\\\/\\\/okulary-hurt.pl\\\/#organization\",\"name\":\"Hurtownia okular\u00f3w Meridian Jerzy Myszkal\",\"alternateName\":\"Meridian Jerzy Myszkal\",\"url\":\"https:\\\/\\\/okulary-hurt.pl\\\/\",\"logo\":{\"@type\":\"ImageObject\",\"inLanguage\":\"en-US\",\"@id\":\"https:\\\/\\\/okulary-hurt.pl\\\/#\\\/schema\\\/logo\\\/image\\\/\",\"url\":\"https:\\\/\\\/okulary-hurt.pl\\\/wp-content\\\/uploads\\\/2026\\\/02\\\/cropped-okulary-hurt-hurtownia-okularow-przeciwslonecznych-1.png\",\"contentUrl\":\"https:\\\/\\\/okulary-hurt.pl\\\/wp-content\\\/uploads\\\/2026\\\/02\\\/cropped-okulary-hurt-hurtownia-okularow-przeciwslonecznych-1.png\",\"width\":512,\"height\":512,\"caption\":\"Hurtownia okular\u00f3w Meridian Jerzy Myszkal\"},\"image\":{\"@id\":\"https:\\\/\\\/okulary-hurt.pl\\\/#\\\/schema\\\/logo\\\/image\\\/\"},\"sameAs\":[\"https:\\\/\\\/www.facebook.com\\\/HurtowniaMeridian\"]}]}<\/script>\n<!-- \/ Yoast SEO plugin. -->","yoast_head_json":{"title":"Pliki cookies - Hurtownia okular\u00f3w","robots":{"index":"index","follow":"follow","max-snippet":"max-snippet:-1","max-image-preview":"max-image-preview:large","max-video-preview":"max-video-preview:-1"},"canonical":"https:\/\/okulary-hurt.pl\/en\/hurtownia\/pliki-cookies\/","og_locale":"en_US","og_type":"article","og_title":"Pliki cookies - Hurtownia okular\u00f3w","og_description":"Dzia\u0142anie plik\u00f3w cookie na naszej stronie Cookie to ma\u0142y plik zawieraj\u0105cy okre\u015blony przez tw\u00f3rc\u0119 strony internetowej ci\u0105g znak\u00f3w, kt\u00f3ry wysy\u0142any jest do komputera osoby odwiedzaj\u0105cej stron\u0119 internetow\u0105 w momencie wej\u015bcia oraz w trakcie przemieszcza si\u0119 po podstronach. Dzi\u0119ki stosowaniu plik\u00f3w cookie istnieje mo\u017cliwo\u015b\u0107 wykonywania operacji zwi\u0105zanych z zam\u00f3wieniami, koszykiem na zakupy, logowaniem, wersj\u0105 j\u0119zykow\u0105. Strona przechowuje w plikach cookie losowy [&hellip;]","og_url":"https:\/\/okulary-hurt.pl\/en\/hurtownia\/pliki-cookies\/","og_site_name":"Hurtownia okular\u00f3w","article_publisher":"https:\/\/www.facebook.com\/HurtowniaMeridian","og_image":[{"width":960,"height":334,"url":"https:\/\/okulary-hurt.pl\/wp-content\/uploads\/2026\/03\/hurtownia-Meridian.jpg","type":"image\/jpeg"}],"twitter_card":"summary_large_image","twitter_misc":{"Est. reading time":"1 minute"},"schema":{"@context":"https:\/\/schema.org","@graph":[{"@type":"WebPage","@id":"https:\/\/okulary-hurt.pl\/hurtownia\/pliki-cookies\/","url":"https:\/\/okulary-hurt.pl\/hurtownia\/pliki-cookies\/","name":"Pliki cookies - Hurtownia okular\u00f3w","isPartOf":{"@id":"https:\/\/okulary-hurt.pl\/#website"},"datePublished":"2026-03-02T06:55:56+00:00","breadcrumb":{"@id":"https:\/\/okulary-hurt.pl\/hurtownia\/pliki-cookies\/#breadcrumb"},"inLanguage":"en-US","potentialAction":[{"@type":"ReadAction","target":["https:\/\/okulary-hurt.pl\/hurtownia\/pliki-cookies\/"]}]},{"@type":"BreadcrumbList","@id":"https:\/\/okulary-hurt.pl\/hurtownia\/pliki-cookies\/#breadcrumb","itemListElement":[{"@type":"ListItem","position":1,"name":"Strona g\u0142\u00f3wna","item":"https:\/\/okulary-hurt.pl\/"},{"@type":"ListItem","position":2,"name":"Hurtownia","item":"https:\/\/okulary-hurt.pl\/hurtownia\/"},{"@type":"ListItem","position":3,"name":"Pliki cookies"}]},{"@type":"WebSite","@id":"https:\/\/okulary-hurt.pl\/#website","url":"https:\/\/okulary-hurt.pl\/","name":"Hurtownia okular\u00f3w przeciws\u0142onecznych","description":"Okulary przeciws\u0142oneczne najmodniejsze","publisher":{"@id":"https:\/\/okulary-hurt.pl\/#organization"},"alternateName":"Hurtownia okular\u00f3w Rzesz\u00f3w","potentialAction":[{"@type":"SearchAction","target":{"@type":"EntryPoint","urlTemplate":"https:\/\/okulary-hurt.pl\/?s={search_term_string}"},"query-input":{"@type":"PropertyValueSpecification","valueRequired":true,"valueName":"search_term_string"}}],"inLanguage":"en-US"},{"@type":"Organization","@id":"https:\/\/okulary-hurt.pl\/#organization","name":"Hurtownia okular\u00f3w Meridian Jerzy Myszkal","alternateName":"Meridian Jerzy Myszkal","url":"https:\/\/okulary-hurt.pl\/","logo":{"@type":"ImageObject","inLanguage":"en-US","@id":"https:\/\/okulary-hurt.pl\/#\/schema\/logo\/image\/","url":"https:\/\/okulary-hurt.pl\/wp-content\/uploads\/2026\/02\/cropped-okulary-hurt-hurtownia-okularow-przeciwslonecznych-1.png","contentUrl":"https:\/\/okulary-hurt.pl\/wp-content\/uploads\/2026\/02\/cropped-okulary-hurt-hurtownia-okularow-przeciwslonecznych-1.png","width":512,"height":512,"caption":"Hurtownia okular\u00f3w Meridian Jerzy Myszkal"},"image":{"@id":"https:\/\/okulary-hurt.pl\/#\/schema\/logo\/image\/"},"sameAs":["https:\/\/www.facebook.com\/HurtowniaMeridian"]}]}},"_links":{"self":[{"href":"https:\/\/okulary-hurt.pl\/en\/wp-json\/wp\/v2\/pages\/2418","targetHints":{"allow":["GET"]}}],"collection":[{"href":"https:\/\/okulary-hurt.pl\/en\/wp-json\/wp\/v2\/pages"}],"about":[{"href":"https:\/\/okulary-hurt.pl\/en\/wp-json\/wp\/v2\/types\/page"}],"author":[{"embeddable":true,"href":"https:\/\/okulary-hurt.pl\/en\/wp-json\/wp\/v2\/users\/1"}],"replies":[{"embeddable":true,"href":"https:\/\/okulary-hurt.pl\/en\/wp-json\/wp\/v2\/comments?post=2418"}],"version-history":[{"count":1,"href":"https:\/\/okulary-hurt.pl\/en\/wp-json\/wp\/v2\/pages\/2418\/revisions"}],"predecessor-version":[{"id":2420,"href":"https:\/\/okulary-hurt.pl\/en\/wp-json\/wp\/v2\/pages\/2418\/revisions\/2420"}],"up":[{"embeddable":true,"href":"https:\/\/okulary-hurt.pl\/en\/wp-json\/wp\/v2\/pages\/8"}],"wp:attachment":[{"href":"https:\/\/okulary-hurt.pl\/en\/wp-json\/wp\/v2\/media?parent=2418"}],"curies":[{"name":"wp","href":"https:\/\/api.w.org\/{rel}","templated":true}]}}